{"id":5792,"date":"2015-10-01T11:30:32","date_gmt":"2015-10-01T11:30:32","guid":{"rendered":"http:\/\/www.dimeco.com\/?page_id=5792"},"modified":"2025-09-04T09:26:24","modified_gmt":"2025-09-04T09:26:24","slug":"sales-network","status":"publish","type":"page","link":"https:\/\/www.dimeco.com\/ru\/sales-network\/","title":{"rendered":"Sales Network"},"content":{"rendered":"<div id=\"wpgmza_map\" class=\"wpgmza_map\" data-settings='{\"id\":\"2\",\"map_title\":\"Agents\",\"map_width\":\"100\",\"map_height\":\"400\",\"map_start_lat\":\"29.883004\",\"map_start_lng\":\"144.159923\",\"map_start_location\":\"29.883003698283186,144.15992260107421\",\"map_start_zoom\":\"2\",\"default_marker\":\"0\",\"type\":\"1\",\"alignment\":\"2\",\"directions_enabled\":\"2\",\"styling_enabled\":\"0\",\"styling_json\":\"\",\"active\":\"0\",\"kml\":\"\",\"bicycle\":\"0\",\"traffic\":\"0\",\"dbox\":\"1\",\"dbox_width\":\"500\",\"listmarkers\":\"0\",\"listmarkers_advanced\":\"0\",\"filterbycat\":\"0\",\"ugm_enabled\":\"0\",\"ugm_category_enabled\":\"0\",\"fusion\":\"\",\"map_width_type\":\"\\\\%\",\"map_height_type\":\"px\",\"mass_marker_support\":\"0\",\"ugm_access\":\"0\",\"order_markers_by\":\"1\",\"order_markers_choice\":\"2\",\"show_user_location\":\"2\",\"default_to\":\"\",\"other_settings\":{\"store_locator_enabled\":2,\"store_locator_distance\":2,\"store_locator_default_radius\":10,\"store_locator_not_found_message\":\"No results found in this location. Please try again.\",\"store_locator_bounce\":1,\"store_locator_query_string\":\"ZIP \\\/ Address:\",\"store_locator_default_address\":\"\",\"wpgmza_store_locator_restrict\":\"\",\"store_locator_style\":\"legacy\",\"wpgmza_store_locator_radius_style\":\"legacy\",\"map_max_zoom\":\"1\",\"transport_layer\":0,\"wpgmza_show_points_of_interest\":0,\"wpgmza_auto_night\":0}}' data-map-id='2' Data-maps-engine='' data-shortcode-attributes='{\"id\":\"2\"}' style=\"display:block; overflow:auto; width:100%; height:400px; float:left;\"><\/div>\n<p>&nbsp;<\/p>\n<div id=\"accordion-1\" class=\"accordion no-js\">\n\n\t\t\t\t\t<p role=\"button\" id=\"accordion-1-t1\" class=\"accordion-title js-accordion-controller\" aria-controls=\"accordion-1-c1\" aria-expanded=\"false\" tabindex=\"0\">\n\t\t\t\tFrance\t\t\t<\/p>\n\t\t\n\t\t<div id=\"accordion-1-c1\" class=\"accordion-content\" aria-hidden=\"true\">\n\t\t\t\n<div class=\"row\">\n<div class=\"grid_4\">\n<p><strong>Laurent BIRKELBACH<\/strong><br \/>\n+33 6 80 36 49 24 \/ l.birkelbach@dimeco.com<br \/>\n02 &#8212; 08 \u2013 10 \u2013 51 \u2013 52 \u2013 54 \u2013 55 \u2013 57 \u2013 59 \u2013 60 \u2013 62 &#8212; 67 \u2013 68 \u2013 76 \u2013 80 \u2013 88<\/p>\n<hr \/>\n<p><strong>DIMECO<\/strong><br \/>\n+33 6 72 77 92 99 \/ s.touboul@dimeco.com<br \/>\n03 \u2013 04 \u2013 05 \u2013 06 \u2013 07 \u2013 09 \u2013 11 \u2013 12 \u2013 13 \u2013 15 \u2013 16 \u2013 17 \u2013 19 \u2013 23 \u2013 24 \u2013 26 \u2013 30 \u2013 31 \u2013 32 \u2013 33 \u2013 34 \u2013 38 \u2013 40 \u2013 42 \u2013 43 \u2013 46 \u2013 47 \u2013 48 \u2013 63 \u2013 64 \u2013 65 \u2013 66 \u2013 81 \u2013 82 \u2013 83 \u2013 84<\/p>\n<hr \/>\n<p><strong>Gr\u00e9gory MOUGIN<\/strong><\/p>\n<p>+33 6 65 19 58 98\/ g.mougin@dimeco.com<br \/>\n01 \u2013 14 &#8212; 18 \u2013 21 \u2013 22 \u2013 25 \u2013 27 \u2013 28 &#8212; 29 \u2013 35 \u2013 36 \u2013 37 \u2013 39 \u2013 41 \u2013 42 \u2013 44 \u2013 45 \u2013 49 \u2013 50 &#8212; 53 \u2013 56 \u2013 58 \u2013 61 &#8212; 69 &#8212; 70 \u2013 71 &#8212; 72 \u2013 73 &#8212; 74\u00a0 75 &#8212; 77 &#8212; 78 -79 &#8212; 85 &#8212; 86 &#8212; 87 &#8212; 89\u2013 89 \u2013 90 &#8212; 91 \u2013 92 \u2013 93- 94 &#8212; 95<\/p>\n<\/div>\n<div class=\"grid_4\"><div id=\"metaslider-id-23729\" style=\"width: 100%; margin: 0 auto;\" class=\"ml-slider-3-27-7 metaslider metaslider-flex metaslider-23729 ml-slider ml-slider-lightbox-1-12-0 responsive-lightbox-gallery-2-4-1\">\n    <div id=\"metaslider_container_23729\">\n        <div id=\"metaslider_23729\">\n            <ul aria-live=\"polite\" class=\"slides\">\n                <li style=\"display: block; width: 100%;\" class=\"slide-23730 ms-image\"><a href=\"https:\/\/www.dimeco.com\/wp-content\/uploads\/2024\/07\/Carte-france-ATC-2024-2.png\" target=\"_blank\" rel=\"lightbox[23729]\" data-rel=\"lightbox-image-0\" data-magnific_type=\"image\" data-rl_title=\"\" data-rl_caption=\"\"><img width=\"2519\" height=\"2480\" src=\"https:\/\/www.dimeco.com\/wp-content\/uploads\/2024\/07\/Carte-france-ATC-2024-2.png\" class=\"slider-23729 slide-23730\" alt=\"\" loading=\"lazy\" rel=\"\" title=\"\" style=\"margin: 0 auto; width: 64.971799986244%\" srcset=\"https:\/\/www.dimeco.com\/wp-content\/uploads\/2024\/07\/Carte-france-ATC-2024-2.png 2519w, https:\/\/www.dimeco.com\/wp-content\/uploads\/2024\/07\/Carte-france-ATC-2024-2-300x295.png 300w, https:\/\/www.dimeco.com\/wp-content\/uploads\/2024\/07\/Carte-france-ATC-2024-2-1024x1008.png 1024w, https:\/\/www.dimeco.com\/wp-content\/uploads\/2024\/07\/Carte-france-ATC-2024-2-768x756.png 768w, https:\/\/www.dimeco.com\/wp-content\/uploads\/2024\/07\/Carte-france-ATC-2024-2-1536x1512.png 1536w, https:\/\/www.dimeco.com\/wp-content\/uploads\/2024\/07\/Carte-france-ATC-2024-2-2048x2016.png 2048w, https:\/\/www.dimeco.com\/wp-content\/uploads\/2024\/07\/Carte-france-ATC-2024-2-928x914.png 928w\" sizes=\"(max-width: 2519px) 100vw, 2519px\" \/><\/a><\/li>\n            <\/ul>\n        <\/div>\n        \n    <\/div>\n<\/div>\n<\/div>\n<\/div>\n\t\t<\/div>\n\n\t\t\n\n\t\t\t\t\t<p role=\"button\" id=\"accordion-1-t2\" class=\"accordion-title js-accordion-controller\" aria-controls=\"accordion-1-c2\" aria-expanded=\"false\" tabindex=\"0\">\n\t\t\t\tEurope\t\t\t<\/p>\n\t\t\n\t\t<div id=\"accordion-1-c2\" class=\"accordion-content\" aria-hidden=\"true\">\n\t\t\t\n<div class=\"row\">\n<div class=\"grid_4\"><\/div>\n<p><strong>Austria<\/strong><\/p>\n<p><strong>Coil-fed fabricating lines<\/strong><br \/>\nBRINK Moulds &amp; Dies<br \/>\nAmbachtsstraat 41, NL &#8212; 7102 DW Winterswijk<br \/>\nErik Ten Dolle<br \/>\n+31 6 2040 6564<br \/>\ne.ten.dolle@brinkbv.com<\/p>\n<p><strong>Press feeding lines &amp; ROTOBLOC solutions<\/strong><br \/>\nDIMECO<br \/>\n2, Rue du Ch\u00eane &#8212; ZI. La Louvi\u00e8re &#8212; 25480 Pirey<br \/>\n+33 3 81 48 38 00<br \/>\ncontact@dimeco.com<\/p>\n<hr \/>\n<p><strong>Belgium (Flemish)<\/strong><br \/>\nHOFFMANN-METALCARE BV<br \/>\nSEDUMWEG 6, 3343 LL HENDRIK-IDO-AMBACHT<br \/>\nMarciano LIEFTINK<br \/>\n+31(0)786102388<br \/>\nm.lieftink@hoffmann-metalcare.nl<\/p>\n<hr \/>\n<p><strong>Belgium (Waloon)<\/strong><br \/>\nDIMECO<br \/>\n2, Rue du Ch\u00eane &#8212; ZI. La Louvi\u00e8re &#8212; 25480 Pirey<br \/>\n<strong>Laurent BIRKELBACH<\/strong><br \/>\n+33 6 80 36 49 24 \/ l.birkelbach@dimeco.com<\/p>\n<hr \/>\n<p><strong>Bulgaria<\/strong><br \/>\nMachineTech Ltd.<br \/>\n4 Tzar Ivan Shishman Street BG &#8212; 1000 SOFIA<br \/>\n+33 3 81 48 38 00<br \/>\ncontact@dimeco.com<\/p>\n<hr \/>\n<p><strong>Czech Republic<br \/>\n<\/strong>INTECH INC., s.r.o.<br \/>\nDonlni Libchavy 352 Libchavy 56116<br \/>\nPavel \u017daloudek<br \/>\n+420 (603) 837333<br \/>\npavel@intech.cz<\/p>\n<hr \/>\n<p><strong>Denmark<\/strong><br \/>\nPOVL M\u00d8LLERS MASKINFABRIK A\/S<br \/>\nKimmerslevvej 3 DK &#8212; 4140 BORUP<br \/>\nPalle SIVERTSEN<br \/>\n+45 23 61 51 31<br \/>\nps@pmborup.dk<\/p>\n<hr \/>\n<p><strong>Eire<\/strong><br \/>\nLISTER MACHINE TOOLS Ltd<br \/>\nBluebell Industrial Estate &#8212; Dublin 12 &#8212; D12 W6DV<br \/>\nNoel Phillips<br \/>\n+353 872583269<br \/>\nnoel.phillips@listermachinetools.com<\/p>\n<hr \/>\n<p><strong>Finland<\/strong><br \/>\nFREDKO Oy Ab<br \/>\nHiekkam\u00e4entie 8 PL 48, FI &#8212; 01150 S\u00d6DERKULLA<br \/>\nPasi Pitk\u00e4nen<br \/>\n+358 400 956828<br \/>\npasi.pitkanen@fredko.com<\/p>\n<hr \/>\n<p><strong>Germany\u00a0<\/strong><\/p>\n<p>FLEXILINE<\/p>\n<p>BRINK Moulds &amp; Dies<br \/>\nAmbachtsstraat 41, NL &#8212; 7102 DW Winterswijk<br \/>\nErik ten Dolle<br \/>\n+31 6 2040 6564<br \/>\ne.ten.dolle@brinkbv.com<\/p>\n<hr \/>\n<p><strong>Great Britain<\/strong><br \/>\nPress Form Machinery Ltd.<br \/>\n162 Netherton Lane, Netherton, Wakefield, West Yorkshire, WF4 4HH<br \/>\nAndrew Meachen<br \/>\n+44 (0) 1924 271540<br \/>\ninfo@press-form.co.uk<\/p>\n<hr \/>\n<p><strong>Greece<\/strong><br \/>\nVIES-ADECA\u00a0 S.A. &#8212; Consulting and Engineering Company<br \/>\n56, Alexandras Avenue, GR &#8212; 114 73 ATHENS<br \/>\nChristos PAPAS<br \/>\n+30 210 822 8503<br \/>\nsales@vies-adeca.gr<\/p>\n<hr \/>\n<p><strong>Hungary<\/strong><br \/>\nPRESSEMATIC Kft.<br \/>\nPf.219 &#8212; 1391 BUDAPEST<br \/>\nCsaba GAAL<br \/>\n+36 21 200 50 94<br \/>\niroda@pressematic.hu<\/p>\n<hr \/>\n<p><strong>Netherlands<\/strong><br \/>\nHOFFMANN-METALCARE BV<br \/>\nSEDUMWEG 6, 3343 LL HENDRIK-IDO-AMBACHT<br \/>\nMarciano LIEFTINK<br \/>\n+31(0)786102388<br \/>\nm.lieftink@hoffmann-metalcare.nl<\/p>\n<hr \/>\n<p><strong>Northern Ireland<\/strong><br \/>\nLISTER MACHINE TOOLS N.I. Ltd<br \/>\n4 Ferguson Way,\u00a0Kilbegs Business Park, Antrim,\u00a0Co. Antrim,\u00a0BT41 4LZ<br \/>\nNoel Phillips<br \/>\n+353 872583269<br \/>\nnoel.phillips@listermachinetools.com<\/p>\n<hr \/>\n<p><strong>Norway<\/strong><br \/>\nDIN MASKIN AS<br \/>\nIlebergveien 3, N-3011 DRAMMEN<br \/>\nTommy FOSS<br \/>\n+47 416 72 160<br \/>\ntommy@dinmaskin.no<\/p>\n<hr \/>\n<p><strong>Poland<\/strong><br \/>\nDIMECO<br \/>\n2 rue du Ch\u00eane<br \/>\nZI La Louvi\u00e8re<br \/>\n25480 PIREY<br \/>\n+33 3 81 48 38 00<br \/>\ncontact@dimeco.com<\/p>\n<hr \/>\n<p><strong>Portugal<\/strong><br \/>\nMAPROC<br \/>\nAvenida Louren\u00e7o Peixinho, N\u00ba6 , Sala 13, Piso 3, 3800-159 Aveiro<br \/>\nHelder Ramires<br \/>\n+351 (0) 234 096 465\/ +351 (0) 919 847 589<br \/>\nhramires@maproc.pt<\/p>\n<hr \/>\n<p><strong>Romania<\/strong><br \/>\nDIMECO<br \/>\n2, Rue du Ch\u00eane &#8212; ZI. La Louvi\u00e8re &#8212; 25480 Pirey &#8212;\u00a0 France<br \/>\n+33 3 81 48 38 00<br \/>\ncontact@dimeco.com<\/p>\n<hr \/>\n<p><strong>Russia<br \/>\n<\/strong>DIMECO<br \/>\n2, Rue du Ch\u00eane &#8212; ZI. La Louvi\u00e8re &#8212; 25480 Pirey &#8212;\u00a0 France<br \/>\n+33 3 81 48 38 00<br \/>\ncontact@dimeco.com<\/p>\n<hr \/>\n<p><strong>Slovakia<\/strong><br \/>\nINTECH INC., s.r.o.<br \/>\nDolni Libchavy 352\u00a0 Libchavy 56116<br \/>\nPavel \u017daloudek<br \/>\n+420 (603) 837333<br \/>\npavel@intech.cz<\/p>\n<hr \/>\n<p><strong>Spain<\/strong><br \/>\nDISENO MECANICA Y CONSTRUCCION<br \/>\nAra\u00f1aburu 4 &#8212; Pol\u00edgono Lanbarren E &#8212; 20180 OIARTZUN<br \/>\n+34 943 63 90 04<br \/>\ndimeco@dimeco.es<\/p>\n<hr \/>\n<p><strong>Sweden<\/strong><br \/>\nDIN MASKIN<br \/>\nSilkesv\u00e4gen 22 Box 742, S -33127 V\u00c4RNAMO<br \/>\nAdem BUKARIC<br \/>\n+46 370 69 34 22<br \/>\nadem.bukaric@dinmaskin.se<\/p>\n<hr \/>\n<p><strong>Swiss<\/strong><br \/>\nSOPREM AUTOMATION AG<br \/>\nIndustrie Ost,\u00a0 Postfach l 1127, Schlettstadtstrasse 4 CH -2540 GRENCHEN<br \/>\nG\u00e9rard STOLZ<br \/>\n+41 32 644 35 35<br \/>\nstolz@soprem.ch<\/p>\n<hr \/>\n<p><strong>Turkey<\/strong><br \/>\nPROMAK PRES OTOMASYON MAK. SAN. T\u0130C.LTD.\u015eT\u0130.<br \/>\nPerpa Ticaret Merkezi B Blok K11 No:1987 TR &#8212; OKMEYDANI ISTANBUL<br \/>\nMustafa Akg\u00f6l<br \/>\n+\u00a090 212 320 85 10<br \/>\nmakgol@promakmakina.com<\/p>\n<\/div>\n\t\t<\/div>\n\n\t\t\n\n\t\t\t\t\t<p role=\"button\" id=\"accordion-1-t3\" class=\"accordion-title js-accordion-controller\" aria-controls=\"accordion-1-c3\" aria-expanded=\"false\" tabindex=\"0\">\n\t\t\t\tNorth America\t\t\t<\/p>\n\t\t\n\t\t<div id=\"accordion-1-c3\" class=\"accordion-content\" aria-hidden=\"true\">\n\t\t\t\n<div class=\"row\">\n<div class=\"grid_4\">\n<p><strong>Canada<\/strong><br \/>\nFerric Machinery Inc.<br \/>\n10 Natura Way &#8212;\u00a0Cambridge, ON\u00a0N3C 0G7<br \/>\nKoen Verschingel<br \/>\n+1\u00a0519 220 1429 \/ +1\u00a0519 220 1522<br \/>\nsales@ferricmachinery.com<\/p>\n<hr \/>\n<p><strong>Canada &#8212;\u00a0Qu\u00e9bec<\/strong><br \/>\nMachineries BV<br \/>\n5555 St-Roch Sud \u2013 Drummondville, QC J2B 6V4<br \/>\nAlain Fortier<br \/>\n+ 1 819-474-4444<br \/>\noffice@machineriesbv.com<\/p>\n<hr \/>\n<p><strong>USA<br \/>\n<\/strong>DIMECO Coil Technologies, Inc.<br \/>\ncontact.usa@dimeco.com<\/p>\n<hr \/>\n<p><strong>USA<\/strong><br \/>\nP\/A INDUSTRIES INC<br \/>\nP\/A Technology Park 522 Cottage Grove Road, USA &#8212; BLOOMFIELD CT 06662-3191<br \/>\nEdward MORRIS<br \/>\n+186 02 438 306 \/ +18602424870<br \/>\nmorris@pa.com<\/p>\n<hr \/>\n<p><strong>USA<\/strong><br \/>\nCAMPBELL INDUSTRIAL SALE INC.<br \/>\n4402 West 12e street, USA &#8212; HOUSTON TX 77055<br \/>\nTrent CAMPBELL<br \/>\n+17136816147 \/ +17136810917<br \/>\ntrent@campbellisi.com<\/p>\n<hr \/>\n<p><strong>USA<\/strong><br \/>\nWeller Machinery Company<br \/>\nN114 W18621 Clinton Dr. USA &#8212; Germantown, WI\u00a0 53022<br \/>\n+1262 251 1500<br \/>\nmike@wellerusa.com<\/p>\n<\/div>\n<\/div>\n\t\t<\/div>\n\n\t\t\n\n\t\t\t\t\t<p role=\"button\" id=\"accordion-1-t4\" class=\"accordion-title js-accordion-controller\" aria-controls=\"accordion-1-c4\" aria-expanded=\"false\" tabindex=\"0\">\n\t\t\t\tCentral &amp; South America\t\t\t<\/p>\n\t\t\n\t\t<div id=\"accordion-1-c4\" class=\"accordion-content\" aria-hidden=\"true\">\n\t\t\t\n<div class=\"row\">\n<div class=\"grid_4\">\n<p><strong>Argentina<\/strong><br \/>\nSENNO HNOS. S. R. L.<br \/>\nCalle 22 &#8212; N\u00ba4258 (Rodr\u00edguez Pe\u00f1a) &#8212; Villa Lynch, BUENOS AIRES<br \/>\nAlejandro Senno, Gustavo Senno<br \/>\n+541 147 53 7076 \/ +541 147 534 674<br \/>\ninfo@sennohnos.com.ar<\/p>\n<hr \/>\n<p><strong>Brazil<\/strong><br \/>\nP\/A Brasil Ltda<br \/>\nRua Katia, 134 &#8212; Parque S\u00e3o George, R &#8212; 06708-130 COTIA<br \/>\nClelia Campello<br \/>\n+55 11 4617 5497 \/ +55 11 4612 6186<br \/>\nccampello@pa.com<\/p>\n<hr \/>\n<p><strong>Chile<\/strong><br \/>\nPROINGAS S.A.<br \/>\nLos Olivos 1253 Parque Ind. Enea Pudahuel CL &#8212; SANTIAGO<br \/>\nPedro Iturriaga<br \/>\n+56 2 24375280 \/ +56 2 554 55 54<br \/>\npedro.iturriaga@proingas.cl<\/p>\n<hr \/>\n<p><strong>Colombia<\/strong><br \/>\nGEMINI COLOMBIA S.A.S.<br \/>\nCalle 70\u00a0 &#8212;\u00a073A &#8212; 61, CO &#8212;\u00a0Bogota D.C.<br \/>\nGabriel Garavito<br \/>\n+57 1 277 86 88 \/ +57 1 277 86 30<br \/>\ng.garavito@gemini.com.co<\/p>\n<\/div>\n<\/div>\n\t\t<\/div>\n\n\t\t\n\n\t\t\t\t\t<p role=\"button\" id=\"accordion-1-t5\" class=\"accordion-title js-accordion-controller\" aria-controls=\"accordion-1-c5\" aria-expanded=\"false\" tabindex=\"0\">\n\t\t\t\tAfrica\t\t\t<\/p>\n\t\t\n\t\t<div id=\"accordion-1-c5\" class=\"accordion-content\" aria-hidden=\"true\">\n\t\t\t\n<div class=\"row\">\n<div class=\"grid_4\">\n<p><strong>Algeria<\/strong><br \/>\nSUMINISTROS HOMS CP 67 Poste Annane<br \/>\nBOUCHEMA Hocine<br \/>\n+213 21 77 96 86<br \/>\nhocinebouchema@hotmail.fr<\/p>\n<hr \/>\n<p><strong>Morocco<\/strong><br \/>\nA2CIM<br \/>\nLot N\u00b020, Parc industriel &#8212; CFCIM &#8212; Ouled Salah, 27182 Bouskoura, Casablanca<br \/>\nBruno Borias<br \/>\n+212 661 22 99 30<br \/>\na2cim@a2cim.net<\/p>\n<hr \/>\n<p><strong>Tunisia<\/strong><br \/>\nA2CIM<br \/>\nLot N\u00b020, Parc industriel &#8212; CFCIM &#8212; Ouled Salah, 27182 Bouskoura, Casablanca<br \/>\nBruno Borias<br \/>\n+212 661 22 99 30<br \/>\na2cim@a2cim.net<\/p>\n<hr \/>\n<p><strong>Egypt<\/strong><br \/>\nKPRO Farid Khoury Industrial Machinery &amp; Projects<br \/>\n9A Shafik Ghorbal St. &#8212; Heliopolis 11341 Cairo &#8212; Egypt<br \/>\nKarim Khoury<br \/>\n+ 20 224536190\/3 \/ + 20 222584544<br \/>\nSales@kpro.com.eg<\/p>\n<hr \/>\n<p><strong>Israel<\/strong><br \/>\nGREENBERG MACHINE TOOLS<br \/>\n18, Hahashmal Street IL &#8212; 65117 TEL AVIV<br \/>\nGREENBERG<br \/>\n+972 3 5600 631 \/ +972 3 5660 373<br \/>\nsales@gmtweb.co.il<\/p>\n<\/div>\n<\/div>\n\t\t<\/div>\n\n\t\t\n\n\t\t\t\t\t<p role=\"button\" id=\"accordion-1-t6\" class=\"accordion-title js-accordion-controller\" aria-controls=\"accordion-1-c6\" aria-expanded=\"false\" tabindex=\"0\">\n\t\t\t\tAsia &amp; Oceania\t\t\t<\/p>\n\t\t\n\t\t<div id=\"accordion-1-c6\" class=\"accordion-content\" aria-hidden=\"true\">\n\t\t\t\n<div class=\"row\">\n<div class=\"grid_4\">\n<p><strong>Australia<\/strong><br \/>\nBRUDERER AUSTRALIA<br \/>\nUnit 5\/12 Tarlington Plc<br \/>\nSmithfield 2164 NSW Australia<br \/>\nScott Bailey<br \/>\n+61 417 681 800<br \/>\nbrudereraust@optusnet.com.au<\/p>\n<hr \/>\n<p><strong>Azerbaidjan<\/strong><br \/>\nPROMAK PRES OTOMASYON MAK SAN. TIC. LTD. STI.<br \/>\nPerpa I\u015f Merkezi B Blok Kat 11 N\u00b0 2032, TR &#8212; OKMEYDANI ISTANBUL<br \/>\nMustafa AKGOL<br \/>\n+90 532 315 1921 \/ +90 212 320 85 44<br \/>\npromakltd@yahoo.com<\/p>\n<hr \/>\n<p><strong>China<\/strong><br \/>\nDIMECO<br \/>\n2, Rue du Ch\u00eane &#8212; ZI. La Louvi\u00e8re &#8212; 25480 Pirey &#8212;\u00a0 France<br \/>\n+33 3 81 48 38 00<br \/>\ncontact@dimeco.com<\/p>\n<hr \/>\n<p><strong>India<\/strong><br \/>\nDIMECO<br \/>\n2, Rue du Ch\u00eane &#8212; ZI. La Louvi\u00e8re &#8212; 25480 Pirey &#8212;\u00a0 France<br \/>\n+33 3 81 48 38 00<br \/>\ncontact@dimeco.com<\/p>\n<\/div>\n<\/div>\n\t\t<\/div>\n\n\t\t\n<\/div>\n<p><strong>Other countries<\/strong><br \/>\nDIMECO<br \/>\n2 rue du Ch\u00eane<br \/>\nZI La Louvi\u00e8re<br \/>\n25480 PIREY<br \/>\n+33 3 81 48 38 00<br \/>\ncontact@dimeco.com<\/p>\n","protected":false},"excerpt":{"rendered":"<p>&nbsp; Other countries DIMECO 2 rue du Ch\u00eane ZI La Louvi\u00e8re 25480 PIREY +33 3 81 48 38 00 contact@dimeco.com<\/p>\n","protected":false},"author":1,"featured_media":0,"parent":0,"menu_order":0,"comment_status":"closed","ping_status":"closed","template":"page-no_header.php","meta":{"extendify_custom_stylesheet":""},"acf":[],"yoast_head":"<!-- This site is optimized with the Yoast SEO plugin v19.3 - https:\/\/yoast.com\/wordpress\/plugins\/seo\/ -->\n<title>Sales Network - Dimeco<\/title>\n<meta name=\"robots\" content=\"index, follow, max-snippet:-1, max-image-preview:large, max-video-preview:-1\" \/>\n<link rel=\"canonical\" href=\"https:\/\/www.dimeco.com\/ru\/sales-network\/\" \/>\n<meta property=\"og:locale\" content=\"ru_RU\" \/>\n<meta property=\"og:type\" content=\"article\" \/>\n<meta property=\"og:title\" content=\"Sales Network - Dimeco\" \/>\n<meta property=\"og:description\" content=\"&nbsp; Other countries DIMECO 2 rue du Ch\u00eane ZI La Louvi\u00e8re 25480 PIREY +33 3 81 48 38 00 contact@dimeco.com\" \/>\n<meta property=\"og:url\" content=\"https:\/\/www.dimeco.com\/ru\/sales-network\/\" \/>\n<meta property=\"og:site_name\" content=\"Dimeco\" \/>\n<meta property=\"article:modified_time\" content=\"2025-09-04T09:26:24+00:00\" \/>\n<meta name=\"twitter:card\" content=\"summary\" \/>\n<meta name=\"twitter:label1\" content=\"\u041f\u0440\u0438\u043c\u0435\u0440\u043d\u043e\u0435 \u0432\u0440\u0435\u043c\u044f \u0434\u043b\u044f \u0447\u0442\u0435\u043d\u0438\u044f\" \/>\n\t<meta name=\"twitter:data1\" content=\"5 \u043c\u0438\u043d\u0443\u0442\" \/>\n<script type=\"application\/ld+json\" class=\"yoast-schema-graph\">{\"@context\":\"https:\/\/schema.org\",\"@graph\":[{\"@type\":\"WebSite\",\"@id\":\"https:\/\/www.dimeco.com\/es\/#website\",\"url\":\"https:\/\/www.dimeco.com\/es\/\",\"name\":\"Dimeco\",\"description\":\"FLEXIBLE SHEET METAL PUNCHING CUTTING &amp; FORMING PROCESSES\",\"potentialAction\":[{\"@type\":\"SearchAction\",\"target\":{\"@type\":\"EntryPoint\",\"urlTemplate\":\"https:\/\/www.dimeco.com\/es\/?s={search_term_string}\"},\"query-input\":\"required name=search_term_string\"}],\"inLanguage\":\"ru-RU\"},{\"@type\":\"WebPage\",\"@id\":\"https:\/\/www.dimeco.com\/ru\/sales-network\/\",\"url\":\"https:\/\/www.dimeco.com\/ru\/sales-network\/\",\"name\":\"Sales Network - Dimeco\",\"isPartOf\":{\"@id\":\"https:\/\/www.dimeco.com\/es\/#website\"},\"datePublished\":\"2015-10-01T11:30:32+00:00\",\"dateModified\":\"2025-09-04T09:26:24+00:00\",\"breadcrumb\":{\"@id\":\"https:\/\/www.dimeco.com\/ru\/sales-network\/#breadcrumb\"},\"inLanguage\":\"ru-RU\",\"potentialAction\":[{\"@type\":\"ReadAction\",\"target\":[\"https:\/\/www.dimeco.com\/ru\/sales-network\/\"]}]},{\"@type\":\"BreadcrumbList\",\"@id\":\"https:\/\/www.dimeco.com\/ru\/sales-network\/#breadcrumb\",\"itemListElement\":[{\"@type\":\"ListItem\",\"position\":1,\"name\":\"Home\",\"item\":\"https:\/\/www.dimeco.com\/ru\/\"},{\"@type\":\"ListItem\",\"position\":2,\"name\":\"Sales Network\"}]}]}<\/script>\n<!-- \/ Yoast SEO plugin. -->","yoast_head_json":{"title":"Sales Network - Dimeco","robots":{"index":"index","follow":"follow","max-snippet":"max-snippet:-1","max-image-preview":"max-image-preview:large","max-video-preview":"max-video-preview:-1"},"canonical":"https:\/\/www.dimeco.com\/ru\/sales-network\/","og_locale":"ru_RU","og_type":"article","og_title":"Sales Network - Dimeco","og_description":"&nbsp; Other countries DIMECO 2 rue du Ch\u00eane ZI La Louvi\u00e8re 25480 PIREY +33 3 81 48 38 00 contact@dimeco.com","og_url":"https:\/\/www.dimeco.com\/ru\/sales-network\/","og_site_name":"Dimeco","article_modified_time":"2025-09-04T09:26:24+00:00","twitter_card":"summary","twitter_misc":{"\u041f\u0440\u0438\u043c\u0435\u0440\u043d\u043e\u0435 \u0432\u0440\u0435\u043c\u044f \u0434\u043b\u044f \u0447\u0442\u0435\u043d\u0438\u044f":"5 \u043c\u0438\u043d\u0443\u0442"},"schema":{"@context":"https:\/\/schema.org","@graph":[{"@type":"WebSite","@id":"https:\/\/www.dimeco.com\/es\/#website","url":"https:\/\/www.dimeco.com\/es\/","name":"Dimeco","description":"FLEXIBLE SHEET METAL PUNCHING CUTTING &amp; FORMING PROCESSES","potentialAction":[{"@type":"SearchAction","target":{"@type":"EntryPoint","urlTemplate":"https:\/\/www.dimeco.com\/es\/?s={search_term_string}"},"query-input":"required name=search_term_string"}],"inLanguage":"ru-RU"},{"@type":"WebPage","@id":"https:\/\/www.dimeco.com\/ru\/sales-network\/","url":"https:\/\/www.dimeco.com\/ru\/sales-network\/","name":"Sales Network - Dimeco","isPartOf":{"@id":"https:\/\/www.dimeco.com\/es\/#website"},"datePublished":"2015-10-01T11:30:32+00:00","dateModified":"2025-09-04T09:26:24+00:00","breadcrumb":{"@id":"https:\/\/www.dimeco.com\/ru\/sales-network\/#breadcrumb"},"inLanguage":"ru-RU","potentialAction":[{"@type":"ReadAction","target":["https:\/\/www.dimeco.com\/ru\/sales-network\/"]}]},{"@type":"BreadcrumbList","@id":"https:\/\/www.dimeco.com\/ru\/sales-network\/#breadcrumb","itemListElement":[{"@type":"ListItem","position":1,"name":"Home","item":"https:\/\/www.dimeco.com\/ru\/"},{"@type":"ListItem","position":2,"name":"Sales Network"}]}]}},"_links":{"self":[{"href":"https:\/\/www.dimeco.com\/ru\/wp-json\/wp\/v2\/pages\/5792\/"}],"collection":[{"href":"https:\/\/www.dimeco.com\/ru\/wp-json\/wp\/v2\/pages\/"}],"about":[{"href":"https:\/\/www.dimeco.com\/ru\/wp-json\/wp\/v2\/types\/page\/"}],"author":[{"embeddable":true,"href":"https:\/\/www.dimeco.com\/ru\/wp-json\/wp\/v2\/users\/1\/"}],"replies":[{"embeddable":true,"href":"https:\/\/www.dimeco.com\/ru\/wp-json\/wp\/v2\/comments\/?post=5792"}],"version-history":[{"count":5,"href":"https:\/\/www.dimeco.com\/ru\/wp-json\/wp\/v2\/pages\/5792\/revisions\/"}],"predecessor-version":[{"id":23932,"href":"https:\/\/www.dimeco.com\/ru\/wp-json\/wp\/v2\/pages\/5792\/revisions\/23932\/"}],"wp:attachment":[{"href":"https:\/\/www.dimeco.com\/ru\/wp-json\/wp\/v2\/media\/?parent=5792"}],"curies":[{"name":"wp","href":"https:\/\/api.w.org\/{rel}","templated":true}]}}