{"id":6996,"date":"2018-03-05T15:51:54","date_gmt":"2018-03-05T15:51:54","guid":{"rendered":"http:\/\/www.dimeco.com\/?page_id=6996"},"modified":"2018-03-05T15:51:54","modified_gmt":"2018-03-05T15:51:54","slug":"dimeco-60-ans-ca-se-fete-source-tolerie-magzine-n238","status":"publish","type":"page","link":"https:\/\/www.dimeco.com\/fr\/dimeco-60-ans-ca-se-fete-source-tolerie-magzine-n238\/","title":{"rendered":"DIMECO : 60 ans, \u00e7a se f\u00eate! Source : T\u00f4lerie Magzine N\u00b0238"},"content":{"rendered":"","protected":false},"excerpt":{"rendered":"","protected":false},"author":3,"featured_media":0,"parent":0,"menu_order":0,"comment_status":"closed","ping_status":"closed","template":"","meta":{"extendify_custom_stylesheet":""},"acf":[],"yoast_head":"<!-- This site is optimized with the Yoast SEO plugin v19.3 - https:\/\/yoast.com\/wordpress\/plugins\/seo\/ -->\n<title>DIMECO : 60 ans, \u00e7a se f\u00eate! Source : T\u00f4lerie Magzine N\u00b0238 - Dimeco<\/title>\n<meta name=\"robots\" content=\"index, follow, max-snippet:-1, max-image-preview:large, max-video-preview:-1\" \/>\n<link rel=\"canonical\" href=\"https:\/\/www.dimeco.com\/fr\/dimeco-60-ans-ca-se-fete-source-tolerie-magzine-n238\/\" \/>\n<meta property=\"og:locale\" content=\"fr_FR\" \/>\n<meta property=\"og:type\" content=\"article\" \/>\n<meta property=\"og:title\" content=\"DIMECO : 60 ans, \u00e7a se f\u00eate! Source : T\u00f4lerie Magzine N\u00b0238 - Dimeco\" \/>\n<meta property=\"og:url\" content=\"https:\/\/www.dimeco.com\/fr\/dimeco-60-ans-ca-se-fete-source-tolerie-magzine-n238\/\" \/>\n<meta property=\"og:site_name\" content=\"Dimeco\" \/>\n<meta name=\"twitter:card\" content=\"summary\" \/>\n<script type=\"application\/ld+json\" class=\"yoast-schema-graph\">{\"@context\":\"https:\/\/schema.org\",\"@graph\":[{\"@type\":\"WebSite\",\"@id\":\"https:\/\/www.dimeco.com\/es\/#website\",\"url\":\"https:\/\/www.dimeco.com\/es\/\",\"name\":\"Dimeco\",\"description\":\"FLEXIBLE SHEET METAL PUNCHING CUTTING &amp; FORMING PROCESSES\",\"potentialAction\":[{\"@type\":\"SearchAction\",\"target\":{\"@type\":\"EntryPoint\",\"urlTemplate\":\"https:\/\/www.dimeco.com\/es\/?s={search_term_string}\"},\"query-input\":\"required name=search_term_string\"}],\"inLanguage\":\"fr-FR\"},{\"@type\":\"WebPage\",\"@id\":\"https:\/\/www.dimeco.com\/fr\/dimeco-60-ans-ca-se-fete-source-tolerie-magzine-n238\/\",\"url\":\"https:\/\/www.dimeco.com\/fr\/dimeco-60-ans-ca-se-fete-source-tolerie-magzine-n238\/\",\"name\":\"DIMECO : 60 ans, \u00e7a se f\u00eate! Source : T\u00f4lerie Magzine N\u00b0238 - Dimeco\",\"isPartOf\":{\"@id\":\"https:\/\/www.dimeco.com\/es\/#website\"},\"datePublished\":\"2018-03-05T15:51:54+00:00\",\"dateModified\":\"2018-03-05T15:51:54+00:00\",\"breadcrumb\":{\"@id\":\"https:\/\/www.dimeco.com\/fr\/dimeco-60-ans-ca-se-fete-source-tolerie-magzine-n238\/#breadcrumb\"},\"inLanguage\":\"fr-FR\",\"potentialAction\":[{\"@type\":\"ReadAction\",\"target\":[\"https:\/\/www.dimeco.com\/fr\/dimeco-60-ans-ca-se-fete-source-tolerie-magzine-n238\/\"]}]},{\"@type\":\"BreadcrumbList\",\"@id\":\"https:\/\/www.dimeco.com\/fr\/dimeco-60-ans-ca-se-fete-source-tolerie-magzine-n238\/#breadcrumb\",\"itemListElement\":[{\"@type\":\"ListItem\",\"position\":1,\"name\":\"Home\",\"item\":\"https:\/\/www.dimeco.com\/fr\/\"},{\"@type\":\"ListItem\",\"position\":2,\"name\":\"DIMECO : 60 ans, \u00e7a se f\u00eate! Source : T\u00f4lerie Magzine N\u00b0238\"}]}]}<\/script>\n<!-- \/ Yoast SEO plugin. -->","yoast_head_json":{"title":"DIMECO : 60 ans, \u00e7a se f\u00eate! Source : T\u00f4lerie Magzine N\u00b0238 - Dimeco","robots":{"index":"index","follow":"follow","max-snippet":"max-snippet:-1","max-image-preview":"max-image-preview:large","max-video-preview":"max-video-preview:-1"},"canonical":"https:\/\/www.dimeco.com\/fr\/dimeco-60-ans-ca-se-fete-source-tolerie-magzine-n238\/","og_locale":"fr_FR","og_type":"article","og_title":"DIMECO : 60 ans, \u00e7a se f\u00eate! Source : T\u00f4lerie Magzine N\u00b0238 - Dimeco","og_url":"https:\/\/www.dimeco.com\/fr\/dimeco-60-ans-ca-se-fete-source-tolerie-magzine-n238\/","og_site_name":"Dimeco","twitter_card":"summary","schema":{"@context":"https:\/\/schema.org","@graph":[{"@type":"WebSite","@id":"https:\/\/www.dimeco.com\/es\/#website","url":"https:\/\/www.dimeco.com\/es\/","name":"Dimeco","description":"FLEXIBLE SHEET METAL PUNCHING CUTTING &amp; FORMING PROCESSES","potentialAction":[{"@type":"SearchAction","target":{"@type":"EntryPoint","urlTemplate":"https:\/\/www.dimeco.com\/es\/?s={search_term_string}"},"query-input":"required name=search_term_string"}],"inLanguage":"fr-FR"},{"@type":"WebPage","@id":"https:\/\/www.dimeco.com\/fr\/dimeco-60-ans-ca-se-fete-source-tolerie-magzine-n238\/","url":"https:\/\/www.dimeco.com\/fr\/dimeco-60-ans-ca-se-fete-source-tolerie-magzine-n238\/","name":"DIMECO : 60 ans, \u00e7a se f\u00eate! Source : T\u00f4lerie Magzine N\u00b0238 - Dimeco","isPartOf":{"@id":"https:\/\/www.dimeco.com\/es\/#website"},"datePublished":"2018-03-05T15:51:54+00:00","dateModified":"2018-03-05T15:51:54+00:00","breadcrumb":{"@id":"https:\/\/www.dimeco.com\/fr\/dimeco-60-ans-ca-se-fete-source-tolerie-magzine-n238\/#breadcrumb"},"inLanguage":"fr-FR","potentialAction":[{"@type":"ReadAction","target":["https:\/\/www.dimeco.com\/fr\/dimeco-60-ans-ca-se-fete-source-tolerie-magzine-n238\/"]}]},{"@type":"BreadcrumbList","@id":"https:\/\/www.dimeco.com\/fr\/dimeco-60-ans-ca-se-fete-source-tolerie-magzine-n238\/#breadcrumb","itemListElement":[{"@type":"ListItem","position":1,"name":"Home","item":"https:\/\/www.dimeco.com\/fr\/"},{"@type":"ListItem","position":2,"name":"DIMECO : 60 ans, \u00e7a se f\u00eate! Source : T\u00f4lerie Magzine N\u00b0238"}]}]}},"_links":{"self":[{"href":"https:\/\/www.dimeco.com\/fr\/wp-json\/wp\/v2\/pages\/6996\/"}],"collection":[{"href":"https:\/\/www.dimeco.com\/fr\/wp-json\/wp\/v2\/pages\/"}],"about":[{"href":"https:\/\/www.dimeco.com\/fr\/wp-json\/wp\/v2\/types\/page\/"}],"author":[{"embeddable":true,"href":"https:\/\/www.dimeco.com\/fr\/wp-json\/wp\/v2\/users\/3\/"}],"replies":[{"embeddable":true,"href":"https:\/\/www.dimeco.com\/fr\/wp-json\/wp\/v2\/comments\/?post=6996"}],"version-history":[{"count":1,"href":"https:\/\/www.dimeco.com\/fr\/wp-json\/wp\/v2\/pages\/6996\/revisions\/"}],"predecessor-version":[{"id":6997,"href":"https:\/\/www.dimeco.com\/fr\/wp-json\/wp\/v2\/pages\/6996\/revisions\/6997\/"}],"wp:attachment":[{"href":"https:\/\/www.dimeco.com\/fr\/wp-json\/wp\/v2\/media\/?parent=6996"}],"curies":[{"name":"wp","href":"https:\/\/api.w.org\/{rel}","templated":true}]}}