{"id":57,"date":"2015-02-05T16:06:50","date_gmt":"2015-02-05T16:06:50","guid":{"rendered":"http:\/\/www.dimeco.com\/?page_id=57"},"modified":"2017-03-21T11:14:40","modified_gmt":"2017-03-21T11:14:40","slug":"lentreprise","status":"publish","type":"page","link":"https:\/\/www.dimeco.com\/fr\/lentreprise\/","title":{"rendered":"L\u2019entreprise"},"content":{"rendered":"<p>Soci\u00e9t\u00e9 familiale fond\u00e9e en 1957, Dimeco est devenu l\u2019un des leaders mondiaux pour la fourniture des syst\u00e8mes de production \u00e0 partir de t\u00f4les en bobines.<br \/>\nGeorges Jeanney, son fondateur, a tr\u00e8s vite compris que le march\u00e9 \u00e9tait mondial et il a amen\u00e9 Dimeco \u00e0 son niveau actuel de 75 % d\u2019export.<br \/>\nLa croissance rapide du travail en bobine a justifi\u00e9 dans les ann\u00e9es 1962 la construction d\u2019une usine flambant neuve dans les environs de Besan\u00e7on, capitale fran\u00e7aise du d\u00e9coupage.<br \/>\nElle est devenue une usine moderne, occupant une superficie de 8000 m2, organis\u00e9e suivant les principes du lean engineering de mani\u00e8re \u00e0 obtenir le meilleur de son personnel hautement qualifi\u00e9.<br \/>\nPour apporter son support au d\u00e9veloppement durable, le toit est couvert de panneaux photovolta\u00efques produisant plus de 110.000 kWh chaque ann\u00e9e.<br \/>\nApr\u00e8s la disparition de Georges Jeanney, sa fille Christine a pris la pr\u00e9sidence du groupe et impulse une tr\u00e8s forte action pour continuer le d\u00e9veloppement international.<\/p>\n<ul>\n<li>Au si\u00e8ge fran\u00e7ais du groupe sont \u00e9labor\u00e9s et construits les syst\u00e8mes d\u2019alimentation de presse qui sont en service partout dans le monde, les lignes de coupe \u00e0 longueur ainsi que les \u00ab\u00a0Flexilines\u00a0\u00bb, syst\u00e8mes flexibles de poin\u00e7onnage Linapunch ou de d\u00e9coupe laser Linacut. Y sont \u00e9galement r\u00e9alis\u00e9s les \u00e9quipements n\u00e9cessaires au contr\u00f4le et \u00e0 la s\u00e9curit\u00e9 des presses ainsi qu\u2019au changement rapide des bobines et des outils.<\/li>\n<li>La filiale espagnole s\u2019est install\u00e9e r\u00e9cemment dans une toute nouvelle usine \u00e0 Oyartzun (\u00e0 c\u00f4t\u00e9 de San Sebastian) o\u00f9 sont \u00e9labor\u00e9es et construites des lignes flexible de poin\u00e7onnage et profilage \u00e0 haute productivit\u00e9<\/li>\n<li>La Joint-Venture DKMFS, r\u00e9cemment install\u00e9e \u00e0 Pune (Inde) fabrique des alimentations de presses et des lignes de coupe \u00e0 longueur pour le march\u00e9 indien.<\/li>\n<\/ul>\n<p>Le bureau R &amp; D de Dimeco d\u00e9veloppe tous les produits aussi bien sur le plan m\u00e9canique que pour les syst\u00e8mes et logiciels de contr\u00f4le, permettant une tr\u00e8s large adaptation aux sp\u00e9cificit\u00e9s de chaque client.<br \/>\nLe groupe Dimeco emploie 100 personnes \u00e0 Pirey (France), 35 \u00e0 Oyartzun (Espagne), 26 chez Mib Hydro \u00e0 St Etienne (France) et 8 \u00e0 Pune (Inde).<\/p>\n<h2>Le mot de la Pr\u00e9sidente<\/h2>\n<p>Mon objectif est une progression significative du chiffre d\u2019affaires et des parts de march\u00e9 de Dimeco\u2026Nous augmentons notre pr\u00e9sence dans le monde en revitalisant le r\u00e9seau existant, en trouvant de nouveaux agents et en finalisant la cr\u00e9ation de notre filiale am\u00e9ricaine Dimeco Technologies inc. Cette progression inclue bien entendu la mise en place de solutions de service dans le monde entier.<br \/>\nCette strat\u00e9gie ne peut \u00eatre bas\u00e9e que sur la satisfaction du client, c\u2019est pour cela que nous axons nos efforts \u00e0 am\u00e9liorer constamment la qualit\u00e9 des produits et du service client.<br \/>\nL\u2019avantage d\u2019une soci\u00e9t\u00e9 familiale comme Dimeco est de pouvoir mettre en \u0153uvre une strat\u00e9gie \u00e0 long terme sans \u00eatre interrompue par les fluctuations des march\u00e9s et de la finance mondiale.<\/p>\n<p><strong>Christine Jeanney<\/strong><\/p>\n<h2>\u00a0150 personnes sur 3 sites\u00a0:<\/h2>\n<div class=\"row\">\n<div class=\"grid_4\">\n<ul>\n<li>Besan\u00e7on \u2013 France 8000\u00a0m\u00b2<\/li>\n<li>Oiartzun \u2013 Spain 5000 m\u00b2<\/li>\n<li>Pune \u2013 India \u00a01000 m\u00b2<\/li>\n<\/ul>\n<\/div>\n<div class=\"grid_4\">\n<div id=\"metaslider-id-1289\" style=\"width: 100%; margin: 0 auto;\" class=\"ml-slider-3-27-7 metaslider metaslider-flex metaslider-1289 ml-slider ml-slider-lightbox-1-12-0 responsive-lightbox-gallery-2-4-1 nav-hidden\">\n    <div id=\"metaslider_container_1289\">\n        <div id=\"metaslider_1289\">\n            <ul aria-live=\"polite\" class=\"slides\">\n                <li style=\"display: block; width: 100%;\" class=\"slide-1299 ms-image\"><a href=\"https:\/\/www.dimeco.com\/wp-content\/uploads\/2015\/10\/Dimeco-LANBARREN.jpg\" target=\"_self\" rel=\"lightbox[1289]\" data-rel=\"lightbox-image-0\" data-magnific_type=\"image\" data-rl_title=\"\" data-rl_caption=\"\"><img width=\"960\" height=\"740\" src=\"https:\/\/www.dimeco.com\/wp-content\/uploads\/2015\/10\/Dimeco-LANBARREN.jpg\" class=\"slider-1289 slide-1299\" alt=\"\" loading=\"lazy\" rel=\"\" title=\"\" style=\"margin: 0 auto; width: 82.982769549934%\" srcset=\"https:\/\/www.dimeco.com\/wp-content\/uploads\/2015\/10\/Dimeco-LANBARREN.jpg 960w, https:\/\/www.dimeco.com\/wp-content\/uploads\/2015\/10\/Dimeco-LANBARREN-300x231.jpg 300w, https:\/\/www.dimeco.com\/wp-content\/uploads\/2015\/10\/Dimeco-LANBARREN-928x715.jpg 928w\" sizes=\"(max-width: 960px) 100vw, 960px\" \/><\/a><\/li>\n                <li style=\"display: none; width: 100%;\" class=\"slide-1297 ms-image\"><a href=\"https:\/\/www.dimeco.com\/wp-content\/uploads\/2015\/10\/Batiment-Dimeco-Pirey.jpg\" target=\"_self\" rel=\"lightbox[1289]\" data-rel=\"lightbox-image-1\" data-magnific_type=\"image\" data-rl_title=\"\" data-rl_caption=\"\"><img width=\"960\" height=\"545\" src=\"https:\/\/www.dimeco.com\/wp-content\/uploads\/2015\/10\/Batiment-Dimeco-Pirey.jpg\" class=\"slider-1289 slide-1297\" alt=\"\" loading=\"lazy\" rel=\"\" title=\"\" style=\"margin-top: 3.597525764037%\" srcset=\"https:\/\/www.dimeco.com\/wp-content\/uploads\/2015\/10\/Batiment-Dimeco-Pirey.jpg 960w, https:\/\/www.dimeco.com\/wp-content\/uploads\/2015\/10\/Batiment-Dimeco-Pirey-300x170.jpg 300w, https:\/\/www.dimeco.com\/wp-content\/uploads\/2015\/10\/Batiment-Dimeco-Pirey-928x527.jpg 928w\" sizes=\"(max-width: 960px) 100vw, 960px\" \/><\/a><\/li>\n                <li style=\"display: none; width: 100%;\" class=\"slide-1300 ms-image\"><a href=\"https:\/\/www.dimeco.com\/wp-content\/uploads\/2015\/10\/Locaux-Kirpekar.jpg\" target=\"_self\" rel=\"lightbox[1289]\" data-rel=\"lightbox-image-2\" data-magnific_type=\"image\" data-rl_title=\"\" data-rl_caption=\"\"><img width=\"960\" height=\"699\" src=\"https:\/\/www.dimeco.com\/wp-content\/uploads\/2015\/10\/Locaux-Kirpekar.jpg\" class=\"slider-1289 slide-1300\" alt=\"\" loading=\"lazy\" rel=\"\" title=\"\" style=\"margin: 0 auto; width: 87.850142298928%\" srcset=\"https:\/\/www.dimeco.com\/wp-content\/uploads\/2015\/10\/Locaux-Kirpekar.jpg 960w, https:\/\/www.dimeco.com\/wp-content\/uploads\/2015\/10\/Locaux-Kirpekar-300x218.jpg 300w, https:\/\/www.dimeco.com\/wp-content\/uploads\/2015\/10\/Locaux-Kirpekar-928x676.jpg 928w\" sizes=\"(max-width: 960px) 100vw, 960px\" \/><\/a><\/li>\n                <li style=\"display: none; width: 100%;\" class=\"slide-6586 ms-image\"><a href=\"https:\/\/www.dimeco.com\/wp-content\/uploads\/2018\/01\/20180104_091005.jpg\" target=\"_self\" rel=\"lightbox[1289]\" data-rel=\"lightbox-image-3\" data-magnific_type=\"image\" data-rl_title=\"\" data-rl_caption=\"\"><img width=\"1600\" height=\"960\" src=\"https:\/\/www.dimeco.com\/wp-content\/uploads\/2018\/01\/20180104_091005.jpg\" class=\"slider-1289 slide-6586\" alt=\"\" loading=\"lazy\" rel=\"\" title=\"\" style=\"margin-top: 1.9829424307036%\" srcset=\"https:\/\/www.dimeco.com\/wp-content\/uploads\/2018\/01\/20180104_091005.jpg 1600w, https:\/\/www.dimeco.com\/wp-content\/uploads\/2018\/01\/20180104_091005-300x180.jpg 300w, https:\/\/www.dimeco.com\/wp-content\/uploads\/2018\/01\/20180104_091005-768x461.jpg 768w, https:\/\/www.dimeco.com\/wp-content\/uploads\/2018\/01\/20180104_091005-1024x614.jpg 1024w, https:\/\/www.dimeco.com\/wp-content\/uploads\/2018\/01\/20180104_091005-928x557.jpg 928w\" sizes=\"(max-width: 1600px) 100vw, 1600px\" \/><\/a><\/li>\n            <\/ul>\n        <\/div>\n        \n    <\/div>\n<\/div>\n<\/div>\n<\/div>\n<div class=\"row\">\n<div class=\"grid_4\">\n<p><a href=\"http:\/\/www.dimeco.com\/wp-content\/uploads\/2015\/11\/41.jpg\" data-rel=\"lightbox-image-4\" data-magnific_type=\"image\" data-rl_title=\"\" data-rl_caption=\"\" title=\"\"><img loading=\"lazy\" class=\"alignnone size-medium wp-image-1339\" src=\"http:\/\/www.dimeco.com\/wp-content\/uploads\/2015\/11\/41-300x188.jpg\" alt=\"Dimeco Pirey photovoltaic roof\" width=\"300\" height=\"188\" srcset=\"https:\/\/www.dimeco.com\/wp-content\/uploads\/2015\/11\/41-300x188.jpg 300w, https:\/\/www.dimeco.com\/wp-content\/uploads\/2015\/11\/41-928x582.jpg 928w, https:\/\/www.dimeco.com\/wp-content\/uploads\/2015\/11\/41.jpg 960w\" sizes=\"(max-width: 300px) 100vw, 300px\" \/><\/a><\/p>\n<p>&nbsp;<\/p>\n<p>Depuis 2009, le toit photovolta\u00efque de l\u2019usine de Pirey produit 110.000 kWh par an<\/p>\n<\/div>\n<div class=\"grid_4\">\n<p><a href=\"http:\/\/www.dimeco.com\/wp-content\/uploads\/2015\/10\/Routine2.jpg\" data-rel=\"lightbox-image-5\" data-magnific_type=\"image\" data-rl_title=\"\" data-rl_caption=\"\" title=\"\"><img loading=\"lazy\" class=\"alignnone size-medium wp-image-1295\" src=\"http:\/\/www.dimeco.com\/wp-content\/uploads\/2015\/10\/Routine2-300x188.jpg\" alt=\"Lean engineering\" width=\"300\" height=\"188\" srcset=\"https:\/\/www.dimeco.com\/wp-content\/uploads\/2015\/10\/Routine2-300x188.jpg 300w, https:\/\/www.dimeco.com\/wp-content\/uploads\/2015\/10\/Routine2-928x583.jpg 928w, https:\/\/www.dimeco.com\/wp-content\/uploads\/2015\/10\/Routine2.jpg 960w\" sizes=\"(max-width: 300px) 100vw, 300px\" \/><\/a><\/p>\n<p>&nbsp;<\/p>\n<p>Pour am\u00e9liorer notre qualit\u00e9 nous mettons en oeuvre depuis deux ans le lean manufacturing et le lean engineering dans tous les secteurs de l\u2019entreprise<br \/>\nTous les projets et tous les services sont manag\u00e9s en visuel sur des tableaux de proximit\u00e9<br \/>\n<\/div>\n<\/div>\n<h2>Histoire<\/h2>\n<ul>\n<li>1957 &#8211; Cr\u00e9ation de la SARL A. CHANARD ET Cie Pour d\u00e9velopper le march\u00e9 de la machine-outil \u00e0 Besan\u00e7on.<\/li>\n<li>1965 &#8211; Fondation de DIMECO SA signifiant\u00a0: \u00abLa DIffusion MEcanique COmtoise.<\/li>\n<li>1967 &#8211; Fondation de Dimeco Alipresse pour le d\u00e9veloppement des lignes de presse.<\/li>\n<li>1973 &#8211; Construction de l\u2019usine de Pirey, pour Alipresse (surface aujourd\u2019hui 8000 m\u00b2).<\/li>\n<li>1975 &#8211; Premi\u00e8re foire internationale EMO Paris<\/li>\n<li>1988 &#8211; Fondation de DIMECO Espagne\u00a0: Diseno Mecanica Y Construccion.<\/li>\n<li>1998 &#8211; Achat de la soci\u00e9t\u00e9 MIB HYDRO (constructeur de presses hydrauliques).<\/li>\n<li>2004 &#8211; Ouverture d\u2019un bureau de vente \u00e0 Moscou Russie.<\/li>\n<li>2009 &#8211; Christine Jeanney devient la pr\u00e9sidente de Dimeco.<\/li>\n<li>2011 &#8211; Ouverture de notre joint-venture Dimeco-Kirpekar Metal Forming Solutions Pvt. Ltd. \u00e0 Pune (Inde).<\/li>\n<li>2016 \u2013 Ouverture de notre filiale US, DIMECO COIL TECHNOLOGIES Inc.<\/li>\n<\/ul>\n","protected":false},"excerpt":{"rendered":"<p>Soci\u00e9t\u00e9 familiale fond\u00e9e en 1957, Dimeco est devenu l\u2019un des leaders mondiaux pour la fourniture des syst\u00e8mes de production \u00e0 partir de t\u00f4les en bobines. Georges Jeanney, son fondateur, a tr\u00e8s vite compris que le march\u00e9 \u00e9tait mondial et il a amen\u00e9 Dimeco \u00e0 son niveau actuel de 75 % d\u2019export. La croissance rapide du [&hellip;]<\/p>\n","protected":false},"author":1,"featured_media":0,"parent":0,"menu_order":0,"comment_status":"closed","ping_status":"open","template":"page-normal.php","meta":{"extendify_custom_stylesheet":""},"acf":[],"yoast_head":"<!-- This site is optimized with the Yoast SEO plugin v19.3 - https:\/\/yoast.com\/wordpress\/plugins\/seo\/ -->\n<title>L\u2019entreprise - Dimeco<\/title>\n<meta name=\"robots\" content=\"index, follow, max-snippet:-1, max-image-preview:large, max-video-preview:-1\" \/>\n<link rel=\"canonical\" href=\"https:\/\/www.dimeco.com\/fr\/lentreprise\/\" \/>\n<meta property=\"og:locale\" content=\"fr_FR\" \/>\n<meta property=\"og:type\" content=\"article\" \/>\n<meta property=\"og:title\" content=\"L\u2019entreprise - Dimeco\" \/>\n<meta property=\"og:description\" content=\"Soci\u00e9t\u00e9 familiale fond\u00e9e en 1957, Dimeco est devenu l\u2019un des leaders mondiaux pour la fourniture des syst\u00e8mes de production \u00e0 partir de t\u00f4les en bobines. Georges Jeanney, son fondateur, a tr\u00e8s vite compris que le march\u00e9 \u00e9tait mondial et il a amen\u00e9 Dimeco \u00e0 son niveau actuel de 75 % d\u2019export. La croissance rapide du [&hellip;]\" \/>\n<meta property=\"og:url\" content=\"https:\/\/www.dimeco.com\/fr\/lentreprise\/\" \/>\n<meta property=\"og:site_name\" content=\"Dimeco\" \/>\n<meta property=\"article:modified_time\" content=\"2017-03-21T11:14:40+00:00\" \/>\n<meta property=\"og:image\" content=\"http:\/\/www.dimeco.com\/wp-content\/uploads\/2015\/11\/41-300x188.jpg\" \/>\n<meta name=\"twitter:card\" content=\"summary\" \/>\n<meta name=\"twitter:label1\" content=\"Dur\u00e9e de lecture estim\u00e9e\" \/>\n\t<meta name=\"twitter:data1\" content=\"4 minutes\" \/>\n<script type=\"application\/ld+json\" class=\"yoast-schema-graph\">{\"@context\":\"https:\/\/schema.org\",\"@graph\":[{\"@type\":\"WebSite\",\"@id\":\"https:\/\/www.dimeco.com\/es\/#website\",\"url\":\"https:\/\/www.dimeco.com\/es\/\",\"name\":\"Dimeco\",\"description\":\"FLEXIBLE SHEET METAL PUNCHING CUTTING &amp; FORMING PROCESSES\",\"potentialAction\":[{\"@type\":\"SearchAction\",\"target\":{\"@type\":\"EntryPoint\",\"urlTemplate\":\"https:\/\/www.dimeco.com\/es\/?s={search_term_string}\"},\"query-input\":\"required name=search_term_string\"}],\"inLanguage\":\"fr-FR\"},{\"@type\":\"ImageObject\",\"inLanguage\":\"fr-FR\",\"@id\":\"https:\/\/www.dimeco.com\/fr\/lentreprise\/#primaryimage\",\"url\":\"http:\/\/www.dimeco.com\/wp-content\/uploads\/2015\/11\/41-300x188.jpg\",\"contentUrl\":\"http:\/\/www.dimeco.com\/wp-content\/uploads\/2015\/11\/41-300x188.jpg\"},{\"@type\":\"WebPage\",\"@id\":\"https:\/\/www.dimeco.com\/fr\/lentreprise\/\",\"url\":\"https:\/\/www.dimeco.com\/fr\/lentreprise\/\",\"name\":\"L\u2019entreprise - Dimeco\",\"isPartOf\":{\"@id\":\"https:\/\/www.dimeco.com\/es\/#website\"},\"primaryImageOfPage\":{\"@id\":\"https:\/\/www.dimeco.com\/fr\/lentreprise\/#primaryimage\"},\"datePublished\":\"2015-02-05T16:06:50+00:00\",\"dateModified\":\"2017-03-21T11:14:40+00:00\",\"breadcrumb\":{\"@id\":\"https:\/\/www.dimeco.com\/fr\/lentreprise\/#breadcrumb\"},\"inLanguage\":\"fr-FR\",\"potentialAction\":[{\"@type\":\"ReadAction\",\"target\":[\"https:\/\/www.dimeco.com\/fr\/lentreprise\/\"]}]},{\"@type\":\"BreadcrumbList\",\"@id\":\"https:\/\/www.dimeco.com\/fr\/lentreprise\/#breadcrumb\",\"itemListElement\":[{\"@type\":\"ListItem\",\"position\":1,\"name\":\"Home\",\"item\":\"https:\/\/www.dimeco.com\/fr\/\"},{\"@type\":\"ListItem\",\"position\":2,\"name\":\"L\u2019entreprise\"}]}]}<\/script>\n<!-- \/ Yoast SEO plugin. -->","yoast_head_json":{"title":"L\u2019entreprise - Dimeco","robots":{"index":"index","follow":"follow","max-snippet":"max-snippet:-1","max-image-preview":"max-image-preview:large","max-video-preview":"max-video-preview:-1"},"canonical":"https:\/\/www.dimeco.com\/fr\/lentreprise\/","og_locale":"fr_FR","og_type":"article","og_title":"L\u2019entreprise - Dimeco","og_description":"Soci\u00e9t\u00e9 familiale fond\u00e9e en 1957, Dimeco est devenu l\u2019un des leaders mondiaux pour la fourniture des syst\u00e8mes de production \u00e0 partir de t\u00f4les en bobines. Georges Jeanney, son fondateur, a tr\u00e8s vite compris que le march\u00e9 \u00e9tait mondial et il a amen\u00e9 Dimeco \u00e0 son niveau actuel de 75 % d\u2019export. La croissance rapide du [&hellip;]","og_url":"https:\/\/www.dimeco.com\/fr\/lentreprise\/","og_site_name":"Dimeco","article_modified_time":"2017-03-21T11:14:40+00:00","og_image":[{"url":"http:\/\/www.dimeco.com\/wp-content\/uploads\/2015\/11\/41-300x188.jpg"}],"twitter_card":"summary","twitter_misc":{"Dur\u00e9e de lecture estim\u00e9e":"4 minutes"},"schema":{"@context":"https:\/\/schema.org","@graph":[{"@type":"WebSite","@id":"https:\/\/www.dimeco.com\/es\/#website","url":"https:\/\/www.dimeco.com\/es\/","name":"Dimeco","description":"FLEXIBLE SHEET METAL PUNCHING CUTTING &amp; FORMING PROCESSES","potentialAction":[{"@type":"SearchAction","target":{"@type":"EntryPoint","urlTemplate":"https:\/\/www.dimeco.com\/es\/?s={search_term_string}"},"query-input":"required name=search_term_string"}],"inLanguage":"fr-FR"},{"@type":"ImageObject","inLanguage":"fr-FR","@id":"https:\/\/www.dimeco.com\/fr\/lentreprise\/#primaryimage","url":"http:\/\/www.dimeco.com\/wp-content\/uploads\/2015\/11\/41-300x188.jpg","contentUrl":"http:\/\/www.dimeco.com\/wp-content\/uploads\/2015\/11\/41-300x188.jpg"},{"@type":"WebPage","@id":"https:\/\/www.dimeco.com\/fr\/lentreprise\/","url":"https:\/\/www.dimeco.com\/fr\/lentreprise\/","name":"L\u2019entreprise - Dimeco","isPartOf":{"@id":"https:\/\/www.dimeco.com\/es\/#website"},"primaryImageOfPage":{"@id":"https:\/\/www.dimeco.com\/fr\/lentreprise\/#primaryimage"},"datePublished":"2015-02-05T16:06:50+00:00","dateModified":"2017-03-21T11:14:40+00:00","breadcrumb":{"@id":"https:\/\/www.dimeco.com\/fr\/lentreprise\/#breadcrumb"},"inLanguage":"fr-FR","potentialAction":[{"@type":"ReadAction","target":["https:\/\/www.dimeco.com\/fr\/lentreprise\/"]}]},{"@type":"BreadcrumbList","@id":"https:\/\/www.dimeco.com\/fr\/lentreprise\/#breadcrumb","itemListElement":[{"@type":"ListItem","position":1,"name":"Home","item":"https:\/\/www.dimeco.com\/fr\/"},{"@type":"ListItem","position":2,"name":"L\u2019entreprise"}]}]}},"_links":{"self":[{"href":"https:\/\/www.dimeco.com\/fr\/wp-json\/wp\/v2\/pages\/57\/"}],"collection":[{"href":"https:\/\/www.dimeco.com\/fr\/wp-json\/wp\/v2\/pages\/"}],"about":[{"href":"https:\/\/www.dimeco.com\/fr\/wp-json\/wp\/v2\/types\/page\/"}],"author":[{"embeddable":true,"href":"https:\/\/www.dimeco.com\/fr\/wp-json\/wp\/v2\/users\/1\/"}],"replies":[{"embeddable":true,"href":"https:\/\/www.dimeco.com\/fr\/wp-json\/wp\/v2\/comments\/?post=57"}],"version-history":[{"count":4,"href":"https:\/\/www.dimeco.com\/fr\/wp-json\/wp\/v2\/pages\/57\/revisions\/"}],"predecessor-version":[{"id":18712,"href":"https:\/\/www.dimeco.com\/fr\/wp-json\/wp\/v2\/pages\/57\/revisions\/18712\/"}],"wp:attachment":[{"href":"https:\/\/www.dimeco.com\/fr\/wp-json\/wp\/v2\/media\/?parent=57"}],"curies":[{"name":"wp","href":"https:\/\/api.w.org\/{rel}","templated":true}]}}