{"id":5594,"date":"2017-06-30T11:26:56","date_gmt":"2017-06-30T11:26:56","guid":{"rendered":"http:\/\/www.dimeco.com\/?page_id=5594\/"},"modified":"2019-01-15T14:15:57","modified_gmt":"2019-01-15T14:15:57","slug":"bolster-extension","status":"publish","type":"page","link":"https:\/\/www.dimeco.com\/fr\/bolster-extension\/","title":{"rendered":"Bolster extension"},"content":{"rendered":"<h3>DES MOYENS ADAPT\u00c9S POUR MIEUX MANIPULER DES CHARGES DE PLUSIEURS TONNES EN TOUTE FACILIT\u00c9<\/h3>\n<div class=\"row\">\n<div class=\"grid_4\">\n<p>Le chargement d&rsquo;un outil au moyen d&rsquo;un chariot \u00e9l\u00e9vateur directement sur une table est tr\u00e8s dangereux. Au moyen d&rsquo;un pont, cela est simplement<br \/>\nimpossible. Les consoles permettent le chargement d&rsquo;un outil au pont ou avec un chariot \u00e9l\u00e9vateur en toute s\u00e9curit\u00e9.<\/p>\n<p>Outre le gain de s\u00e9curit\u00e9, l&rsquo;utilisation d&rsquo;un moyen adapt\u00e9 permet un gain de temps certain. Les consoles sont \u00e9quip\u00e9es de rouleaux pour<br \/>\nde fortes charges.<br \/>\n<\/div>\n<div class=\"grid_5\">\n<div id=\"metaslider-id-5648\" style=\"max-width: 937px;\" class=\"ml-slider-3-27-7 metaslider metaslider-flex metaslider-5648 ml-slider ml-slider-lightbox-1-12-0 responsive-lightbox-gallery-2-4-1\">\n    <div id=\"metaslider_container_5648\">\n        <div id=\"metaslider_5648\">\n            <ul aria-live=\"polite\" class=\"slides\">\n                <li style=\"display: block; width: 100%;\" class=\"slide-5653 ms-image\"><a href=\"https:\/\/www.dimeco.com\/wp-content\/uploads\/2017\/07\/Consoles-Presse-Sangiacomo1.jpg\" target=\"_self\" rel=\"lightbox[5648]\" data-rel=\"lightbox-image-0\" data-magnific_type=\"image\" data-rl_title=\"\" data-rl_caption=\"\" title=\"\"><img src=\"https:\/\/www.dimeco.com\/wp-content\/uploads\/2017\/07\/Consoles-Presse-Sangiacomo1-780x500.jpg\" height=\"600\" width=\"937\" alt=\"\" class=\"slider-5648 slide-5653\" \/><\/a><\/li>\n                <li style=\"display: none; width: 100%;\" class=\"slide-5654 ms-image\"><a href=\"https:\/\/www.dimeco.com\/wp-content\/uploads\/2017\/07\/Consoles-sur-presse-SANGIACOMO2.jpg\" target=\"_self\" rel=\"lightbox[5648]\" data-rel=\"lightbox-image-1\" data-magnific_type=\"image\" data-rl_title=\"\" data-rl_caption=\"\" title=\"\"><img src=\"https:\/\/www.dimeco.com\/wp-content\/uploads\/2017\/07\/Consoles-sur-presse-SANGIACOMO2-937x600.jpg\" height=\"600\" width=\"937\" alt=\"\" class=\"slider-5648 slide-5654\" \/><\/a><\/li>\n                <li style=\"display: none; width: 100%;\" class=\"slide-5698 ms-image\"><a href=\"https:\/\/www.dimeco.com\/wp-content\/uploads\/2017\/07\/Consoles-rabattables-TCRF.jpg\" target=\"_self\" rel=\"lightbox[5648]\" data-rel=\"lightbox-image-2\" data-magnific_type=\"image\" data-rl_title=\"\" data-rl_caption=\"\" title=\"\"><img src=\"https:\/\/www.dimeco.com\/wp-content\/uploads\/2017\/07\/Consoles-rabattables-TCRF-937x600.jpg\" height=\"600\" width=\"937\" alt=\"\" class=\"slider-5648 slide-5698\" \/><\/a><\/li>\n                <li style=\"display: none; width: 100%;\" class=\"slide-5699 ms-image\"><a href=\"https:\/\/www.dimeco.com\/wp-content\/uploads\/2017\/07\/Console-amovible-TCF2bis.jpg\" target=\"_self\" rel=\"lightbox[5648]\" data-rel=\"lightbox-image-3\" data-magnific_type=\"image\" data-rl_title=\"\" data-rl_caption=\"\" title=\"\"><img src=\"https:\/\/www.dimeco.com\/wp-content\/uploads\/2017\/07\/Console-amovible-TCF2bis-937x600.jpg\" height=\"600\" width=\"937\" alt=\"\" class=\"slider-5648 slide-5699\" \/><\/a><\/li>\n                <li style=\"display: none; width: 100%;\" class=\"slide-5707 ms-image\"><a href=\"https:\/\/www.dimeco.com\/wp-content\/uploads\/2017\/07\/Chargement-outil-presse-operateur1.jpg\" target=\"_self\" rel=\"lightbox[5648]\" data-rel=\"lightbox-image-4\" data-magnific_type=\"image\" data-rl_title=\"\" data-rl_caption=\"\" title=\"\"><img src=\"https:\/\/www.dimeco.com\/wp-content\/uploads\/2017\/07\/Chargement-outil-presse-operateur1-937x600.jpg\" height=\"600\" width=\"937\" alt=\"\" class=\"slider-5648 slide-5707\" \/><\/a><\/li>\n                <li style=\"display: none; width: 100%;\" class=\"slide-5709 ms-image\"><a href=\"https:\/\/www.dimeco.com\/wp-content\/uploads\/2017\/07\/Console-TCRDF1bis.jpg\" target=\"_self\" rel=\"lightbox[5648]\" data-rel=\"lightbox-image-5\" data-magnific_type=\"image\" data-rl_title=\"\" data-rl_caption=\"\" title=\"\"><img src=\"https:\/\/www.dimeco.com\/wp-content\/uploads\/2017\/07\/Console-TCRDF1bis-937x600.jpg\" height=\"600\" width=\"937\" alt=\"\" class=\"slider-5648 slide-5709\" \/><\/a><\/li>\n            <\/ul>\n        <\/div>\n        \n    <\/div>\n<\/div>\n<\/div>\n<\/div>\n<p>L\u00c9GER ET ROBUSTE : Le profil\u00e9 aluminium extrud\u00e9 est un compromis id\u00e9al entre l\u00e9g\u00e8ret\u00e9 et robustesse. Le profil\u00e9 est beaucoup plus maniable pour l\u2019op\u00e9rateur. Sa conception robuste convient aux charges importantes..<\/p>\n<p>RAPIDIT\u00c9 DE MISE EN SERVICE :\u00a0Les attaches outils permettent de monter tr\u00e8s rapidement des consoles sur presse, dans des configurations de diff\u00e9rentes<br \/>\nlargeurs d&rsquo;outils et d\u2019utiliser une m\u00eame paire de consoles entre plusieurs presses.<\/p>\n<p>S\u00c9CURIT\u00c9 : Les consoles sont \u00e9quip\u00e9es de but\u00e9es escamotables pour des outils de faible tonnage et d\u2019une but\u00e9e progressive pour les outils de fort tonnage.<br \/>\n&nbsp;<\/p>\n<p>&nbsp;<\/p>\n<div id=\"accordion-1\" class=\"accordion no-js\">\n\n\t\t\t\t\t<p role=\"button\" id=\"accordion-1-t1\" class=\"accordion-title js-accordion-controller\" aria-controls=\"accordion-1-c1\" aria-expanded=\"false\" tabindex=\"0\">\n\t\t\t\tCONSOLES AMOVIBLES : s\u00e9ries l\u00e9g\u00e8res\t\t\t<\/p>\n\t\t\n\t\t<div id=\"accordion-1-c1\" class=\"accordion-content\" aria-hidden=\"true\">\n\t\t\t\n<div class=\"row\">\n<div class=\"grid_4\">\n<ul>\n<li><strong>Consoles amovibles : TCF<\/strong><\/li>\n<li><strong>Consoles \u00e0 pieds : TCP<\/strong><\/li>\n<li><strong>Consoles rotatives : TCRF<\/strong><\/li>\n<li><strong>Consoles articul\u00e9es : TCAF<\/strong><\/li>\n<\/ul>\n<\/div>\n<div class=\"grid_4\">\n<div id=\"metaslider-id-5631\" style=\"max-width: 938px;\" class=\"ml-slider-3-27-7 metaslider metaslider-flex metaslider-5631 ml-slider ml-slider-lightbox-1-12-0 responsive-lightbox-gallery-2-4-1\">\n    <div id=\"metaslider_container_5631\">\n        <div id=\"metaslider_5631\">\n            <ul aria-live=\"polite\" class=\"slides\">\n                <li style=\"display: block; width: 100%;\" class=\"slide-5637 ms-image\"><a href=\"https:\/\/www.dimeco.com\/wp-content\/uploads\/2017\/07\/Console-amovible-TCF2bis.jpg\" target=\"_self\" rel=\"lightbox[5631]\" data-rel=\"lightbox-image-6\" data-magnific_type=\"image\" data-rl_title=\"\" data-rl_caption=\"\" title=\"\"><img src=\"https:\/\/www.dimeco.com\/wp-content\/uploads\/2017\/07\/Console-amovible-TCF2bis-938x600.jpg\" height=\"600\" width=\"938\" alt=\"\" class=\"slider-5631 slide-5637\" \/><\/a><\/li>\n                <li style=\"display: none; width: 100%;\" class=\"slide-5638 ms-image\"><a href=\"https:\/\/www.dimeco.com\/wp-content\/uploads\/2017\/07\/Dessin-TCF-et-TCP.jpg\" target=\"_self\" rel=\"lightbox[5631]\" data-rel=\"lightbox-image-7\" data-magnific_type=\"image\" data-rl_title=\"\" data-rl_caption=\"\" title=\"\"><img src=\"https:\/\/www.dimeco.com\/wp-content\/uploads\/2017\/07\/Dessin-TCF-et-TCP-768x491.jpg\" height=\"600\" width=\"938\" alt=\"\" class=\"slider-5631 slide-5638\" \/><\/a><\/li>\n                <li style=\"display: none; width: 100%;\" class=\"slide-5645 ms-image\"><a href=\"https:\/\/www.dimeco.com\/wp-content\/uploads\/2017\/07\/TCF_schema_00.jpg\" target=\"_self\" rel=\"lightbox[5631]\" data-rel=\"lightbox-image-8\" data-magnific_type=\"image\" data-rl_title=\"\" data-rl_caption=\"\" title=\"\"><img src=\"https:\/\/www.dimeco.com\/wp-content\/uploads\/2017\/07\/TCF_schema_00-763x488.jpg\" height=\"600\" width=\"938\" alt=\"\" class=\"slider-5631 slide-5645\" \/><\/a><\/li>\n                <li style=\"display: none; width: 100%;\" class=\"slide-5647 ms-image\"><a href=\"https:\/\/www.dimeco.com\/wp-content\/uploads\/2017\/07\/Consoles-tcf-1-en-place-lautre-enlev\u00e9e.jpg\" target=\"_self\" rel=\"lightbox[5631]\" data-rel=\"lightbox-image-9\" data-magnific_type=\"image\" data-rl_title=\"\" data-rl_caption=\"\" title=\"\"><img src=\"https:\/\/www.dimeco.com\/wp-content\/uploads\/2017\/07\/Consoles-tcf-1-en-place-lautre-enlev\u00e9e-938x600.jpg\" height=\"600\" width=\"938\" alt=\"\" class=\"slider-5631 slide-5647\" \/><\/a><\/li>\n            <\/ul>\n        <\/div>\n        \n    <\/div>\n<\/div>\n<\/div>\n<\/div>\n\t\t<\/div>\n\n\t\t\n<\/div>\n<div id=\"accordion-2\" class=\"accordion no-js\">\n\n\t\t\t\t\t<p role=\"button\" id=\"accordion-2-t1\" class=\"accordion-title js-accordion-controller\" aria-controls=\"accordion-2-c1\" aria-expanded=\"false\" tabindex=\"0\">\n\t\t\t\tCONSOLES: s\u00e9ries lourdes\t\t\t<\/p>\n\t\t\n\t\t<div id=\"accordion-2-c1\" class=\"accordion-content\" aria-hidden=\"true\">\n\t\t\t\n<div class=\"row\">\n<div class=\"grid_4\">\n<ul>\n<li><strong>Consoles rotatives : TCRSF\/TCRDF<\/strong><\/li>\n<li><strong>Consoles articul\u00e9es: TCAF<\/strong><\/li>\n<li><strong>Consoles \u00e0 pieds: TCPP<\/strong><\/li>\n<li><strong>Consoles \u00e0 pieds pour outils de 12 tonnes<\/strong><\/li>\n<\/ul>\n<\/div>\n<div class=\"grid_4\">\n<div id=\"metaslider-id-14628\" style=\"max-width: 938px;\" class=\"ml-slider-3-27-7 metaslider metaslider-flex metaslider-14628 ml-slider ml-slider-lightbox-1-12-0 responsive-lightbox-gallery-2-4-1\">\n    <div id=\"metaslider_container_14628\">\n        <div id=\"metaslider_14628\">\n            <ul aria-live=\"polite\" class=\"slides\">\n                <li style=\"display: block; width: 100%;\" class=\"slide-14634 ms-image\"><a href=\"https:\/\/www.dimeco.com\/wp-content\/uploads\/2019\/01\/TCRSF_TCRDF.jpg\" target=\"_self\" rel=\"lightbox[14628]\" data-rel=\"lightbox-image-10\" data-magnific_type=\"image\" data-rl_title=\"\" data-rl_caption=\"\"><img src=\"https:\/\/www.dimeco.com\/wp-content\/uploads\/2019\/01\/TCRSF_TCRDF-278x178.jpg\" height=\"600\" width=\"938\" alt=\"\" class=\"slider-14628 slide-14634\" title=\"\" \/><\/a><\/li>\n                <li style=\"display: none; width: 100%;\" class=\"slide-14647 ms-image\"><a href=\"https:\/\/www.dimeco.com\/wp-content\/uploads\/2019\/01\/TCRSF_TCRDF.jpg\" target=\"_self\" rel=\"lightbox[14628]\" data-rel=\"lightbox-image-11\" data-magnific_type=\"image\" data-rl_title=\"\" data-rl_caption=\"\"><img src=\"https:\/\/www.dimeco.com\/wp-content\/uploads\/2019\/01\/TCRSF_TCRDF-278x178.jpg\" height=\"600\" width=\"938\" alt=\"\" class=\"slider-14628 slide-14647\" title=\"\" \/><\/a><\/li>\n                <li style=\"display: none; width: 100%;\" class=\"slide-14641 ms-image\"><a href=\"https:\/\/www.dimeco.com\/wp-content\/uploads\/2019\/01\/tcpp.jpg\" target=\"_self\" rel=\"lightbox[14628]\" data-rel=\"lightbox-image-12\" data-magnific_type=\"image\" data-rl_title=\"\" data-rl_caption=\"\"><img src=\"https:\/\/www.dimeco.com\/wp-content\/uploads\/2019\/01\/tcpp-279x179.jpg\" height=\"600\" width=\"938\" alt=\"\" class=\"slider-14628 slide-14641\" title=\"\" \/><\/a><\/li>\n            <\/ul>\n        <\/div>\n        \n    <\/div>\n<\/div>\n<\/div>\n<\/div>\n\t\t<\/div>\n\n\t\t\n<\/div>\n<div id=\"accordion-3\" class=\"accordion no-js\">\n\n\t\t\t\t\t<p role=\"button\" id=\"accordion-3-t1\" class=\"accordion-title js-accordion-controller\" aria-controls=\"accordion-3-c1\" aria-expanded=\"false\" tabindex=\"0\">\n\t\t\t\tCONSOLES MOTORISEES\t\t\t<\/p>\n\t\t\n\t\t<div id=\"accordion-3-c1\" class=\"accordion-content\" aria-hidden=\"true\">\n\t\t\t\n<div class=\"row\">\n<div class=\"grid_4\">\n<ul>\n<li><strong>Consoles motoris\u00e9es pour outils de 16 tonnes<\/strong><\/li>\n<li><strong>Consoles motoris\u00e9es amovibles<\/strong><\/li>\n<li><strong>Table de chargement amovible><\/li>\n<\/ul>\n<\/div>\n<div class=\"grid_4\">\n\n<\/div>\n<\/div>\n\t\t<\/div>\n\n\t\t\n<\/div>\n<div id=\"accordion-4\" class=\"accordion no-js\">\n\n\t\t\t\t\t<p role=\"button\" id=\"accordion-4-t1\" class=\"accordion-title js-accordion-controller\" aria-controls=\"accordion-4-c1\" aria-expanded=\"false\" tabindex=\"0\">\n\t\t\t\tUNIT\u00c9 TIRE-POUSSE : ILU\t\t\t<\/p>\n\t\t\n\t\t<div id=\"accordion-4-c1\" class=\"accordion-content\" aria-hidden=\"true\">\n\t\t\t\n<div class=\"row\">\n<div class=\"grid_4\">\n<ul>\n<li><strong>L&rsquo;unit\u00e9 tire-pousse \u201cILU\u201d a \u00e9t\u00e9 concue afin de supprimer tout effort physique de la part de l&rsquo;op\u00e9rateur.<br \/>\nLe transfert de l&rsquo;outil sur la table de presse s&rsquo;effectue de mani\u00e8re ma\u00eetris\u00e9e \u00e0 une allure constante. Le contr\u00f4le du mouvement est r\u00e9alis\u00e9 par l&rsquo;op\u00e9rateur.<\/strong><\/li>\n<li><strong>L&rsquo;unit\u00e9 tire-pousse s&rsquo;int\u00e8gre compl\u00e8tement dans la table de presse. Seule la traverse de pouss\u00e9e se d\u00e9place au dessus de la table et sans contact avec cette derni\u00e8re. L&rsquo;unit\u00e9 est compatible avec des consoles et des rails de translation existants.<\/strong><\/li>\n<\/ul>\n<\/div>\n<div class=\"grid_4\">\n\n<\/div>\n<\/div>\n\t\t<\/div>\n\n\t\t\n<\/div>\n<div id=\"accordion-5\" class=\"accordion no-js\"><\/div>\n","protected":false},"excerpt":{"rendered":"<p>DES MOYENS ADAPT\u00c9S POUR MIEUX MANIPULER DES CHARGES DE PLUSIEURS TONNES EN TOUTE FACILIT\u00c9 L\u00c9GER ET ROBUSTE : Le profil\u00e9 aluminium extrud\u00e9 est un compromis id\u00e9al entre l\u00e9g\u00e8ret\u00e9 et robustesse. Le profil\u00e9 est beaucoup plus maniable pour l\u2019op\u00e9rateur. Sa conception robuste convient aux charges importantes.. RAPIDIT\u00c9 DE MISE EN SERVICE :\u00a0Les attaches outils permettent de [&hellip;]<\/p>\n","protected":false},"author":2,"featured_media":0,"parent":0,"menu_order":0,"comment_status":"closed","ping_status":"closed","template":"","meta":{"extendify_custom_stylesheet":""},"acf":[],"yoast_head":"<!-- This site is optimized with the Yoast SEO plugin v19.3 - https:\/\/yoast.com\/wordpress\/plugins\/seo\/ -->\n<title>Bolster extension - Dimeco<\/title>\n<meta name=\"robots\" content=\"index, follow, max-snippet:-1, max-image-preview:large, max-video-preview:-1\" \/>\n<link rel=\"canonical\" href=\"https:\/\/www.dimeco.com\/fr\/bolster-extension\/\" \/>\n<meta property=\"og:locale\" content=\"fr_FR\" \/>\n<meta property=\"og:type\" content=\"article\" \/>\n<meta property=\"og:title\" content=\"Bolster extension - Dimeco\" \/>\n<meta property=\"og:description\" content=\"DES MOYENS ADAPT\u00c9S POUR MIEUX MANIPULER DES CHARGES DE PLUSIEURS TONNES EN TOUTE FACILIT\u00c9 L\u00c9GER ET ROBUSTE : Le profil\u00e9 aluminium extrud\u00e9 est un compromis id\u00e9al entre l\u00e9g\u00e8ret\u00e9 et robustesse. Le profil\u00e9 est beaucoup plus maniable pour l\u2019op\u00e9rateur. Sa conception robuste convient aux charges importantes.. RAPIDIT\u00c9 DE MISE EN SERVICE :\u00a0Les attaches outils permettent de [&hellip;]\" \/>\n<meta property=\"og:url\" content=\"https:\/\/www.dimeco.com\/fr\/bolster-extension\/\" \/>\n<meta property=\"og:site_name\" content=\"Dimeco\" \/>\n<meta property=\"article:modified_time\" content=\"2019-01-15T14:15:57+00:00\" \/>\n<meta name=\"twitter:card\" content=\"summary\" \/>\n<meta name=\"twitter:label1\" content=\"Dur\u00e9e de lecture estim\u00e9e\" \/>\n\t<meta name=\"twitter:data1\" content=\"2 minutes\" \/>\n<script type=\"application\/ld+json\" class=\"yoast-schema-graph\">{\"@context\":\"https:\/\/schema.org\",\"@graph\":[{\"@type\":\"WebSite\",\"@id\":\"https:\/\/www.dimeco.com\/es\/#website\",\"url\":\"https:\/\/www.dimeco.com\/es\/\",\"name\":\"Dimeco\",\"description\":\"FLEXIBLE SHEET METAL PUNCHING CUTTING &amp; FORMING PROCESSES\",\"potentialAction\":[{\"@type\":\"SearchAction\",\"target\":{\"@type\":\"EntryPoint\",\"urlTemplate\":\"https:\/\/www.dimeco.com\/es\/?s={search_term_string}\"},\"query-input\":\"required name=search_term_string\"}],\"inLanguage\":\"fr-FR\"},{\"@type\":\"WebPage\",\"@id\":\"https:\/\/www.dimeco.com\/fr\/bolster-extension\/\",\"url\":\"https:\/\/www.dimeco.com\/fr\/bolster-extension\/\",\"name\":\"Bolster extension - Dimeco\",\"isPartOf\":{\"@id\":\"https:\/\/www.dimeco.com\/es\/#website\"},\"datePublished\":\"2017-06-30T11:26:56+00:00\",\"dateModified\":\"2019-01-15T14:15:57+00:00\",\"breadcrumb\":{\"@id\":\"https:\/\/www.dimeco.com\/fr\/bolster-extension\/#breadcrumb\"},\"inLanguage\":\"fr-FR\",\"potentialAction\":[{\"@type\":\"ReadAction\",\"target\":[\"https:\/\/www.dimeco.com\/fr\/bolster-extension\/\"]}]},{\"@type\":\"BreadcrumbList\",\"@id\":\"https:\/\/www.dimeco.com\/fr\/bolster-extension\/#breadcrumb\",\"itemListElement\":[{\"@type\":\"ListItem\",\"position\":1,\"name\":\"Home\",\"item\":\"https:\/\/www.dimeco.com\/fr\/\"},{\"@type\":\"ListItem\",\"position\":2,\"name\":\"Bolster extension\"}]}]}<\/script>\n<!-- \/ Yoast SEO plugin. -->","yoast_head_json":{"title":"Bolster extension - Dimeco","robots":{"index":"index","follow":"follow","max-snippet":"max-snippet:-1","max-image-preview":"max-image-preview:large","max-video-preview":"max-video-preview:-1"},"canonical":"https:\/\/www.dimeco.com\/fr\/bolster-extension\/","og_locale":"fr_FR","og_type":"article","og_title":"Bolster extension - Dimeco","og_description":"DES MOYENS ADAPT\u00c9S POUR MIEUX MANIPULER DES CHARGES DE PLUSIEURS TONNES EN TOUTE FACILIT\u00c9 L\u00c9GER ET ROBUSTE : Le profil\u00e9 aluminium extrud\u00e9 est un compromis id\u00e9al entre l\u00e9g\u00e8ret\u00e9 et robustesse. Le profil\u00e9 est beaucoup plus maniable pour l\u2019op\u00e9rateur. Sa conception robuste convient aux charges importantes.. RAPIDIT\u00c9 DE MISE EN SERVICE :\u00a0Les attaches outils permettent de [&hellip;]","og_url":"https:\/\/www.dimeco.com\/fr\/bolster-extension\/","og_site_name":"Dimeco","article_modified_time":"2019-01-15T14:15:57+00:00","twitter_card":"summary","twitter_misc":{"Dur\u00e9e de lecture estim\u00e9e":"2 minutes"},"schema":{"@context":"https:\/\/schema.org","@graph":[{"@type":"WebSite","@id":"https:\/\/www.dimeco.com\/es\/#website","url":"https:\/\/www.dimeco.com\/es\/","name":"Dimeco","description":"FLEXIBLE SHEET METAL PUNCHING CUTTING &amp; FORMING PROCESSES","potentialAction":[{"@type":"SearchAction","target":{"@type":"EntryPoint","urlTemplate":"https:\/\/www.dimeco.com\/es\/?s={search_term_string}"},"query-input":"required name=search_term_string"}],"inLanguage":"fr-FR"},{"@type":"WebPage","@id":"https:\/\/www.dimeco.com\/fr\/bolster-extension\/","url":"https:\/\/www.dimeco.com\/fr\/bolster-extension\/","name":"Bolster extension - Dimeco","isPartOf":{"@id":"https:\/\/www.dimeco.com\/es\/#website"},"datePublished":"2017-06-30T11:26:56+00:00","dateModified":"2019-01-15T14:15:57+00:00","breadcrumb":{"@id":"https:\/\/www.dimeco.com\/fr\/bolster-extension\/#breadcrumb"},"inLanguage":"fr-FR","potentialAction":[{"@type":"ReadAction","target":["https:\/\/www.dimeco.com\/fr\/bolster-extension\/"]}]},{"@type":"BreadcrumbList","@id":"https:\/\/www.dimeco.com\/fr\/bolster-extension\/#breadcrumb","itemListElement":[{"@type":"ListItem","position":1,"name":"Home","item":"https:\/\/www.dimeco.com\/fr\/"},{"@type":"ListItem","position":2,"name":"Bolster extension"}]}]}},"_links":{"self":[{"href":"https:\/\/www.dimeco.com\/fr\/wp-json\/wp\/v2\/pages\/5594\/"}],"collection":[{"href":"https:\/\/www.dimeco.com\/fr\/wp-json\/wp\/v2\/pages\/"}],"about":[{"href":"https:\/\/www.dimeco.com\/fr\/wp-json\/wp\/v2\/types\/page\/"}],"author":[{"embeddable":true,"href":"https:\/\/www.dimeco.com\/fr\/wp-json\/wp\/v2\/users\/2\/"}],"replies":[{"embeddable":true,"href":"https:\/\/www.dimeco.com\/fr\/wp-json\/wp\/v2\/comments\/?post=5594"}],"version-history":[{"count":3,"href":"https:\/\/www.dimeco.com\/fr\/wp-json\/wp\/v2\/pages\/5594\/revisions\/"}],"predecessor-version":[{"id":14648,"href":"https:\/\/www.dimeco.com\/fr\/wp-json\/wp\/v2\/pages\/5594\/revisions\/14648\/"}],"wp:attachment":[{"href":"https:\/\/www.dimeco.com\/fr\/wp-json\/wp\/v2\/media\/?parent=5594"}],"curies":[{"name":"wp","href":"https:\/\/api.w.org\/{rel}","templated":true}]}}