{"id":49,"date":"2015-02-05T16:04:57","date_gmt":"2015-02-05T16:04:57","guid":{"rendered":"http:\/\/www.dimeco.com\/?page_id=49"},"modified":"2016-09-07T09:50:32","modified_gmt":"2016-09-07T09:50:32","slug":"mentions-legales","status":"publish","type":"page","link":"https:\/\/www.dimeco.com\/fr\/mentions-legales\/","title":{"rendered":"Mentions L\u00e9gales"},"content":{"rendered":"<p>L\u2019objectif principal des pages Web du groupe Dimeco est de promouvoir leurs produits et services et offrir aux internautes les \u00e9l\u00e9ments de contact n\u00e9cessaires pour entrer en relation avec le groupe Dimeco.<\/p>\n<p>Le groupe DIMECO est le propri\u00e9taire l\u00e9gitime des droits de propri\u00e9t\u00e9 intellectuelle des images, logos, textes, dessins ou tout autre contenu ou \u00e9l\u00e9ments dans cette page Web ou a obtenu l\u2019autorisation pour leur utilisation. Leur reproduction, la distribution, la commercialisation et la modification sans l\u2019autorisation \u00e9crite du groupe Dimeco et\/ou de leurs repr\u00e9sentants est strictement interdite.<\/p>\n<p>Le groupe DIMECO ne pourra \u00eatre tenu responsable pour l\u2019utilisation inappropri\u00e9e de ces contenus et se r\u00e9serve le droit de les modifier (supprimer ou restreindre partiellement\/enti\u00e8rement leur acc\u00e8s) sans avis pr\u00e9alable.<\/p>\n<p>Le groupe DIMECO d\u00e9cline toute responsabilit\u00e9 quant au contenu offert par le biais de liens vers des pages de tiers ou par toute r\u00e9f\u00e9rence \u00e0 des pages d\u2019information de tiers. Ceux-ci sont indiqu\u00e9s \u00e0 titre purement informatif.<\/p>\n<p>Le groupe DIMECO ne sera pas tenu responsable des dommages ou pr\u00e9judices caus\u00e9s par une \u00e9ventuelle inexactitude du contenu de ces pages Web.<\/p>\n<p>Le groupe DIMECO garantit que toutes les donn\u00e9es fournies dans le formulaire de contact seront utilis\u00e9es selon les limitations et droits \u00e9nonc\u00e9s par la Loi.<\/p>\n<p>L\u2019utilisateur sera en mesure de faire valoir les droits d\u2019acc\u00e8s, annulation, modification et opposition contenues dans la Loi sur la Protection des donn\u00e9es susmentionn\u00e9es.<\/p>\n<p>Afin de faire valoir ses\u00a0droits, l&rsquo;utilisateur doit envoyer une communication par \u00e9crit \u00e0\u00a0Dimeco,\u00a0Usine de Besan\u00e7on-Pirey (25),\u00a02, rue du Ch\u00eane \u2013 ZI la Louvi\u00e8re,\u00a025480 PIREY \u2013 FRANCE, mentionnant les informations suivantes : nom et pr\u00e9nom, adresse, termes de la demande, date et signature.<\/p>\n","protected":false},"excerpt":{"rendered":"<p>L\u2019objectif principal des pages Web du groupe Dimeco est de promouvoir leurs produits et services et offrir aux internautes les \u00e9l\u00e9ments de contact n\u00e9cessaires pour entrer en relation avec le groupe Dimeco. Le groupe DIMECO est le propri\u00e9taire l\u00e9gitime des droits de propri\u00e9t\u00e9 intellectuelle des images, logos, textes, dessins ou tout autre contenu ou \u00e9l\u00e9ments [&hellip;]<\/p>\n","protected":false},"author":1,"featured_media":0,"parent":0,"menu_order":0,"comment_status":"closed","ping_status":"open","template":"page-normal.php","meta":{"extendify_custom_stylesheet":""},"acf":[],"yoast_head":"<!-- This site is optimized with the Yoast SEO plugin v19.3 - https:\/\/yoast.com\/wordpress\/plugins\/seo\/ -->\n<title>Mentions L\u00e9gales - Dimeco<\/title>\n<meta name=\"robots\" content=\"index, follow, max-snippet:-1, max-image-preview:large, max-video-preview:-1\" \/>\n<link rel=\"canonical\" href=\"https:\/\/www.dimeco.com\/fr\/mentions-legales\/\" \/>\n<meta property=\"og:locale\" content=\"fr_FR\" \/>\n<meta property=\"og:type\" content=\"article\" \/>\n<meta property=\"og:title\" content=\"Mentions L\u00e9gales - Dimeco\" \/>\n<meta property=\"og:description\" content=\"L\u2019objectif principal des pages Web du groupe Dimeco est de promouvoir leurs produits et services et offrir aux internautes les \u00e9l\u00e9ments de contact n\u00e9cessaires pour entrer en relation avec le groupe Dimeco. Le groupe DIMECO est le propri\u00e9taire l\u00e9gitime des droits de propri\u00e9t\u00e9 intellectuelle des images, logos, textes, dessins ou tout autre contenu ou \u00e9l\u00e9ments [&hellip;]\" \/>\n<meta property=\"og:url\" content=\"https:\/\/www.dimeco.com\/fr\/mentions-legales\/\" \/>\n<meta property=\"og:site_name\" content=\"Dimeco\" \/>\n<meta property=\"article:modified_time\" content=\"2016-09-07T09:50:32+00:00\" \/>\n<meta name=\"twitter:card\" content=\"summary\" \/>\n<meta name=\"twitter:label1\" content=\"Dur\u00e9e de lecture estim\u00e9e\" \/>\n\t<meta name=\"twitter:data1\" content=\"2 minutes\" \/>\n<script type=\"application\/ld+json\" class=\"yoast-schema-graph\">{\"@context\":\"https:\/\/schema.org\",\"@graph\":[{\"@type\":\"WebSite\",\"@id\":\"https:\/\/www.dimeco.com\/es\/#website\",\"url\":\"https:\/\/www.dimeco.com\/es\/\",\"name\":\"Dimeco\",\"description\":\"FLEXIBLE SHEET METAL PUNCHING CUTTING &amp; FORMING PROCESSES\",\"potentialAction\":[{\"@type\":\"SearchAction\",\"target\":{\"@type\":\"EntryPoint\",\"urlTemplate\":\"https:\/\/www.dimeco.com\/es\/?s={search_term_string}\"},\"query-input\":\"required name=search_term_string\"}],\"inLanguage\":\"fr-FR\"},{\"@type\":\"WebPage\",\"@id\":\"https:\/\/www.dimeco.com\/fr\/mentions-legales\/\",\"url\":\"https:\/\/www.dimeco.com\/fr\/mentions-legales\/\",\"name\":\"Mentions L\u00e9gales - Dimeco\",\"isPartOf\":{\"@id\":\"https:\/\/www.dimeco.com\/es\/#website\"},\"datePublished\":\"2015-02-05T16:04:57+00:00\",\"dateModified\":\"2016-09-07T09:50:32+00:00\",\"breadcrumb\":{\"@id\":\"https:\/\/www.dimeco.com\/fr\/mentions-legales\/#breadcrumb\"},\"inLanguage\":\"fr-FR\",\"potentialAction\":[{\"@type\":\"ReadAction\",\"target\":[\"https:\/\/www.dimeco.com\/fr\/mentions-legales\/\"]}]},{\"@type\":\"BreadcrumbList\",\"@id\":\"https:\/\/www.dimeco.com\/fr\/mentions-legales\/#breadcrumb\",\"itemListElement\":[{\"@type\":\"ListItem\",\"position\":1,\"name\":\"Home\",\"item\":\"https:\/\/www.dimeco.com\/fr\/\"},{\"@type\":\"ListItem\",\"position\":2,\"name\":\"Mentions L\u00e9gales\"}]}]}<\/script>\n<!-- \/ Yoast SEO plugin. -->","yoast_head_json":{"title":"Mentions L\u00e9gales - Dimeco","robots":{"index":"index","follow":"follow","max-snippet":"max-snippet:-1","max-image-preview":"max-image-preview:large","max-video-preview":"max-video-preview:-1"},"canonical":"https:\/\/www.dimeco.com\/fr\/mentions-legales\/","og_locale":"fr_FR","og_type":"article","og_title":"Mentions L\u00e9gales - Dimeco","og_description":"L\u2019objectif principal des pages Web du groupe Dimeco est de promouvoir leurs produits et services et offrir aux internautes les \u00e9l\u00e9ments de contact n\u00e9cessaires pour entrer en relation avec le groupe Dimeco. Le groupe DIMECO est le propri\u00e9taire l\u00e9gitime des droits de propri\u00e9t\u00e9 intellectuelle des images, logos, textes, dessins ou tout autre contenu ou \u00e9l\u00e9ments [&hellip;]","og_url":"https:\/\/www.dimeco.com\/fr\/mentions-legales\/","og_site_name":"Dimeco","article_modified_time":"2016-09-07T09:50:32+00:00","twitter_card":"summary","twitter_misc":{"Dur\u00e9e de lecture estim\u00e9e":"2 minutes"},"schema":{"@context":"https:\/\/schema.org","@graph":[{"@type":"WebSite","@id":"https:\/\/www.dimeco.com\/es\/#website","url":"https:\/\/www.dimeco.com\/es\/","name":"Dimeco","description":"FLEXIBLE SHEET METAL PUNCHING CUTTING &amp; FORMING PROCESSES","potentialAction":[{"@type":"SearchAction","target":{"@type":"EntryPoint","urlTemplate":"https:\/\/www.dimeco.com\/es\/?s={search_term_string}"},"query-input":"required name=search_term_string"}],"inLanguage":"fr-FR"},{"@type":"WebPage","@id":"https:\/\/www.dimeco.com\/fr\/mentions-legales\/","url":"https:\/\/www.dimeco.com\/fr\/mentions-legales\/","name":"Mentions L\u00e9gales - Dimeco","isPartOf":{"@id":"https:\/\/www.dimeco.com\/es\/#website"},"datePublished":"2015-02-05T16:04:57+00:00","dateModified":"2016-09-07T09:50:32+00:00","breadcrumb":{"@id":"https:\/\/www.dimeco.com\/fr\/mentions-legales\/#breadcrumb"},"inLanguage":"fr-FR","potentialAction":[{"@type":"ReadAction","target":["https:\/\/www.dimeco.com\/fr\/mentions-legales\/"]}]},{"@type":"BreadcrumbList","@id":"https:\/\/www.dimeco.com\/fr\/mentions-legales\/#breadcrumb","itemListElement":[{"@type":"ListItem","position":1,"name":"Home","item":"https:\/\/www.dimeco.com\/fr\/"},{"@type":"ListItem","position":2,"name":"Mentions L\u00e9gales"}]}]}},"_links":{"self":[{"href":"https:\/\/www.dimeco.com\/fr\/wp-json\/wp\/v2\/pages\/49\/"}],"collection":[{"href":"https:\/\/www.dimeco.com\/fr\/wp-json\/wp\/v2\/pages\/"}],"about":[{"href":"https:\/\/www.dimeco.com\/fr\/wp-json\/wp\/v2\/types\/page\/"}],"author":[{"embeddable":true,"href":"https:\/\/www.dimeco.com\/fr\/wp-json\/wp\/v2\/users\/1\/"}],"replies":[{"embeddable":true,"href":"https:\/\/www.dimeco.com\/fr\/wp-json\/wp\/v2\/comments\/?post=49"}],"version-history":[{"count":0,"href":"https:\/\/www.dimeco.com\/fr\/wp-json\/wp\/v2\/pages\/49\/revisions\/"}],"wp:attachment":[{"href":"https:\/\/www.dimeco.com\/fr\/wp-json\/wp\/v2\/media\/?parent=49"}],"curies":[{"name":"wp","href":"https:\/\/api.w.org\/{rel}","templated":true}]}}