{"id":3129,"date":"2016-05-20T09:10:05","date_gmt":"2016-05-20T09:10:05","guid":{"rendered":"http:\/\/www.dimeco.com\/fr\/?page_id=3129"},"modified":"2019-10-10T16:54:16","modified_gmt":"2019-10-10T16:54:16","slug":"fireproof-doors","status":"publish","type":"page","link":"https:\/\/www.dimeco.com\/fr\/applications\/electromenager-et-mobilier-metallique\/fireproof-doors\/","title":{"rendered":"Fireproof doors"},"content":{"rendered":"<h2>Pi\u00e8ces et profils<\/h2>\n<div class=\"row\">\n<div class=\"grid_4\">\n&nbsp;<br \/>\n<\/div>\n<div class=\"grid_5\">\n<div id=\"metaslider-id-3098\" style=\"max-width: 938px;\" class=\"ml-slider-3-27-7 metaslider metaslider-flex metaslider-3098 ml-slider ml-slider-lightbox-1-12-0 responsive-lightbox-gallery-2-4-1 nav-hidden\">\n    <div id=\"metaslider_container_3098\">\n        <div id=\"metaslider_3098\">\n            <ul aria-live=\"polite\" class=\"slides\">\n                <li style=\"display: block; width: 100%;\" class=\"slide-3094 ms-image\"><a href=\"https:\/\/www.dimeco.com\/wp-content\/uploads\/2016\/05\/fireproof-doors.jpg\" target=\"_self\" rel=\"lightbox[3098]\" data-rel=\"lightbox-image-0\" data-magnific_type=\"image\" data-rl_title=\"\" data-rl_caption=\"\" title=\"\"><img src=\"https:\/\/www.dimeco.com\/wp-content\/uploads\/2016\/05\/fireproof-doors-938x600.jpg\" height=\"600\" width=\"938\" alt=\"\" class=\"slider-3098 slide-3094\" \/><\/a><\/li>\n                <li style=\"display: none; width: 100%;\" class=\"slide-3101 ms-image\"><a href=\"https:\/\/www.dimeco.com\/wp-content\/uploads\/2016\/05\/fireproof-doors-main-1.jpg\" target=\"_self\" rel=\"lightbox[3098]\" data-rel=\"lightbox-image-1\" data-magnific_type=\"image\" data-rl_title=\"\" data-rl_caption=\"\" title=\"\"><img src=\"https:\/\/www.dimeco.com\/wp-content\/uploads\/2016\/05\/fireproof-doors-main-1-938x600.jpg\" height=\"600\" width=\"938\" alt=\"\" class=\"slider-3098 slide-3101\" \/><\/a><\/li>\n                <li style=\"display: none; width: 100%;\" class=\"slide-3102 ms-image\"><a href=\"https:\/\/www.dimeco.com\/wp-content\/uploads\/2016\/05\/fireproof-doors-main-2.jpg\" target=\"_self\" rel=\"lightbox[3098]\" data-rel=\"lightbox-image-2\" data-magnific_type=\"image\" data-rl_title=\"\" data-rl_caption=\"\" title=\"\"><img src=\"https:\/\/www.dimeco.com\/wp-content\/uploads\/2016\/05\/fireproof-doors-main-2-938x600.jpg\" height=\"600\" width=\"938\" alt=\"\" class=\"slider-3098 slide-3102\" \/><\/a><\/li>\n                <li style=\"display: none; width: 100%;\" class=\"slide-3103 ms-image\"><a href=\"https:\/\/www.dimeco.com\/wp-content\/uploads\/2016\/05\/fireproof-doors-main-3.jpg\" target=\"_self\" rel=\"lightbox[3098]\" data-rel=\"lightbox-image-3\" data-magnific_type=\"image\" data-rl_title=\"\" data-rl_caption=\"\" title=\"\"><img src=\"https:\/\/www.dimeco.com\/wp-content\/uploads\/2016\/05\/fireproof-doors-main-3-938x600.jpg\" height=\"600\" width=\"938\" alt=\"\" class=\"slider-3098 slide-3103\" \/><\/a><\/li>\n                <li style=\"display: none; width: 100%;\" class=\"slide-3104 ms-image\"><a href=\"https:\/\/www.dimeco.com\/wp-content\/uploads\/2016\/05\/fireproof-doors-main-4.jpg\" target=\"_self\" rel=\"lightbox[3098]\" data-rel=\"lightbox-image-4\" data-magnific_type=\"image\" data-rl_title=\"\" data-rl_caption=\"\" title=\"\"><img src=\"https:\/\/www.dimeco.com\/wp-content\/uploads\/2016\/05\/fireproof-doors-main-4-938x600.jpg\" height=\"600\" width=\"938\" alt=\"\" class=\"slider-3098 slide-3104\" \/><\/a><\/li>\n                <li style=\"display: none; width: 100%;\" class=\"slide-3105 ms-image\"><a href=\"https:\/\/www.dimeco.com\/wp-content\/uploads\/2016\/05\/fireproof-doors-main-5.jpg\" target=\"_self\" rel=\"lightbox[3098]\" data-rel=\"lightbox-image-5\" data-magnific_type=\"image\" data-rl_title=\"\" data-rl_caption=\"\" title=\"\"><img src=\"https:\/\/www.dimeco.com\/wp-content\/uploads\/2016\/05\/fireproof-doors-main-5-938x600.jpg\" height=\"600\" width=\"938\" alt=\"\" class=\"slider-3098 slide-3105\" \/><\/a><\/li>\n                <li style=\"display: none; width: 100%;\" class=\"slide-3106 ms-image\"><a href=\"https:\/\/www.dimeco.com\/wp-content\/uploads\/2016\/05\/fireproof-doors-main-6.jpg\" target=\"_self\" rel=\"lightbox[3098]\" data-rel=\"lightbox-image-6\" data-magnific_type=\"image\" data-rl_title=\"\" data-rl_caption=\"\" title=\"\"><img src=\"https:\/\/www.dimeco.com\/wp-content\/uploads\/2016\/05\/fireproof-doors-main-6-938x600.jpg\" height=\"600\" width=\"938\" alt=\"\" class=\"slider-3098 slide-3106\" \/><\/a><\/li>\n                <li style=\"display: none; width: 100%;\" class=\"slide-3099 ms-image\"><a href=\"https:\/\/www.dimeco.com\/wp-content\/uploads\/2016\/05\/fireproof-doors-main-7.jpg\" target=\"_self\" rel=\"lightbox[3098]\" data-rel=\"lightbox-image-7\" data-magnific_type=\"image\" data-rl_title=\"\" data-rl_caption=\"\" title=\"\"><img src=\"https:\/\/www.dimeco.com\/wp-content\/uploads\/2016\/05\/fireproof-doors-main-7-938x600.jpg\" height=\"600\" width=\"938\" alt=\"\" class=\"slider-3098 slide-3099\" \/><\/a><\/li>\n                <li style=\"display: none; width: 100%;\" class=\"slide-3100 ms-image\"><a href=\"https:\/\/www.dimeco.com\/wp-content\/uploads\/2016\/05\/fireproof-doors-main-8.jpg\" target=\"_self\" rel=\"lightbox[3098]\" data-rel=\"lightbox-image-8\" data-magnific_type=\"image\" data-rl_title=\"\" data-rl_caption=\"\" title=\"\"><img src=\"https:\/\/www.dimeco.com\/wp-content\/uploads\/2016\/05\/fireproof-doors-main-8-938x600.jpg\" height=\"600\" width=\"938\" alt=\"\" class=\"slider-3098 slide-3100\" \/><\/a><\/li>\n            <\/ul>\n        <\/div>\n        \n    <\/div>\n<\/div>\n<\/div>\n<\/div>\n<div class=\"row\">\n<div class=\"grid_6\">\n<h2>Vid\u00e9os de lignes<\/h2>\n<p><a class=\"popup_video\" href=\"https:\/\/www.youtube.com\/watch?v=yEQjkutPOJY\" data-rel=\"lightbox-video-0\" data-magnific_type=\"video\"><img loading=\"lazy\" src=\"http:\/\/www.dimeco.com\/wp-content\/uploads\/2016\/05\/fireproof-vid.jpg\" alt=\"\" width=\"641\" height=\"360\" class=\"max-img alignnone size-full wp-image-3121\" srcset=\"https:\/\/www.dimeco.com\/wp-content\/uploads\/2016\/05\/fireproof-vid.jpg 641w, https:\/\/www.dimeco.com\/wp-content\/uploads\/2016\/05\/fireproof-vid-300x168.jpg 300w\" sizes=\"(max-width: 641px) 100vw, 641px\" \/><\/a><\/p>\n<p style=\"font-size: 11px;\">If you can\u00b4t view the videos <a href=\"http:\/\/www.dimeco.com\/fr\/\/applications\/electromenager-et-mobilier-metallique\/fireproof-doors\/fireproof-doors-video\/\">click here<\/a>.<\/p>\n<\/div>\n<div class=\"grid_3\">\n<\/div>\n<\/div>\n<h2>Line Structure<\/h2>\n<div id=\"accordion-1\" class=\"accordion no-js\">\n\n\t\t\t\t\t<p role=\"button\" id=\"accordion-1-t1\" class=\"accordion-title js-accordion-controller\" aria-controls=\"accordion-1-c1\" aria-expanded=\"false\" tabindex=\"0\">\n\t\t\t\tRollforming\t\t\t<\/p>\n\t\t\n\t\t<div id=\"accordion-1-c1\" class=\"accordion-content\" aria-hidden=\"true\">\n\t\t\t\n<div class=\"row\">\n<div class=\"grid_4\">\n&nbsp;<br \/>\n<\/div>\n<div class=\"grid_4\">\n<div id=\"metaslider-id-3108\" style=\"max-width: 938px;\" class=\"ml-slider-3-27-7 metaslider metaslider-flex metaslider-3108 ml-slider ml-slider-lightbox-1-12-0 responsive-lightbox-gallery-2-4-1 nav-hidden nav-hidden\">\n    <div id=\"metaslider_container_3108\">\n        <div id=\"metaslider_3108\">\n            <ul aria-live=\"polite\" class=\"slides\">\n                <li style=\"display: block; width: 100%;\" class=\"slide-3110 ms-image\"><a href=\"https:\/\/www.dimeco.com\/wp-content\/uploads\/2016\/05\/fireproof-doors-rollforming-1.jpg\" target=\"_self\" rel=\"lightbox[3108]\" data-rel=\"lightbox-image-9\" data-magnific_type=\"image\" data-rl_title=\"\" data-rl_caption=\"\" title=\"\"><img src=\"https:\/\/www.dimeco.com\/wp-content\/uploads\/2016\/05\/fireproof-doors-rollforming-1-938x600.jpg\" height=\"600\" width=\"938\" alt=\"\" class=\"slider-3108 slide-3110\" \/><\/a><\/li>\n                <li style=\"display: none; width: 100%;\" class=\"slide-3111 ms-image\"><a href=\"https:\/\/www.dimeco.com\/wp-content\/uploads\/2016\/05\/fireproof-doors-rollforming-2.jpg\" target=\"_self\" rel=\"lightbox[3108]\" data-rel=\"lightbox-image-10\" data-magnific_type=\"image\" data-rl_title=\"\" data-rl_caption=\"\" title=\"\"><img src=\"https:\/\/www.dimeco.com\/wp-content\/uploads\/2016\/05\/fireproof-doors-rollforming-2-938x600.jpg\" height=\"600\" width=\"938\" alt=\"\" class=\"slider-3108 slide-3111\" \/><\/a><\/li>\n                <li style=\"display: none; width: 100%;\" class=\"slide-3112 ms-image\"><a href=\"https:\/\/www.dimeco.com\/wp-content\/uploads\/2016\/05\/fireproof-doors-rollforming-3.jpg\" target=\"_self\" rel=\"lightbox[3108]\" data-rel=\"lightbox-image-11\" data-magnific_type=\"image\" data-rl_title=\"\" data-rl_caption=\"\" title=\"\"><img src=\"https:\/\/www.dimeco.com\/wp-content\/uploads\/2016\/05\/fireproof-doors-rollforming-3-938x600.jpg\" height=\"600\" width=\"938\" alt=\"\" class=\"slider-3108 slide-3112\" \/><\/a><\/li>\n                <li style=\"display: none; width: 100%;\" class=\"slide-3113 ms-image\"><a href=\"https:\/\/www.dimeco.com\/wp-content\/uploads\/2016\/05\/fireproof-doors-rollforming-4.jpg\" target=\"_self\" rel=\"lightbox[3108]\" data-rel=\"lightbox-image-12\" data-magnific_type=\"image\" data-rl_title=\"\" data-rl_caption=\"\" title=\"\"><img src=\"https:\/\/www.dimeco.com\/wp-content\/uploads\/2016\/05\/fireproof-doors-rollforming-4-938x600.jpg\" height=\"600\" width=\"938\" alt=\"\" class=\"slider-3108 slide-3113\" \/><\/a><\/li>\n                <li style=\"display: none; width: 100%;\" class=\"slide-3114 ms-image\"><a href=\"https:\/\/www.dimeco.com\/wp-content\/uploads\/2016\/05\/fireproof-doors-rollforming-5.jpg\" target=\"_self\" rel=\"lightbox[3108]\" data-rel=\"lightbox-image-13\" data-magnific_type=\"image\" data-rl_title=\"\" data-rl_caption=\"\" title=\"\"><img src=\"https:\/\/www.dimeco.com\/wp-content\/uploads\/2016\/05\/fireproof-doors-rollforming-5-938x600.jpg\" height=\"600\" width=\"938\" alt=\"\" class=\"slider-3108 slide-3114\" \/><\/a><\/li>\n                <li style=\"display: none; width: 100%;\" class=\"slide-3115 ms-image\"><a href=\"https:\/\/www.dimeco.com\/wp-content\/uploads\/2016\/05\/fireproof-doors-rollforming-6.jpg\" target=\"_self\" rel=\"lightbox[3108]\" data-rel=\"lightbox-image-14\" data-magnific_type=\"image\" data-rl_title=\"\" data-rl_caption=\"\" title=\"\"><img src=\"https:\/\/www.dimeco.com\/wp-content\/uploads\/2016\/05\/fireproof-doors-rollforming-6-938x600.jpg\" height=\"600\" width=\"938\" alt=\"\" class=\"slider-3108 slide-3115\" \/><\/a><\/li>\n                <li style=\"display: none; width: 100%;\" class=\"slide-3116 ms-image\"><a href=\"https:\/\/www.dimeco.com\/wp-content\/uploads\/2016\/05\/fireproof-doors-rollforming-7.jpg\" target=\"_self\" rel=\"lightbox[3108]\" data-rel=\"lightbox-image-15\" data-magnific_type=\"image\" data-rl_title=\"\" data-rl_caption=\"\" title=\"\"><img src=\"https:\/\/www.dimeco.com\/wp-content\/uploads\/2016\/05\/fireproof-doors-rollforming-7-938x600.jpg\" height=\"600\" width=\"938\" alt=\"\" class=\"slider-3108 slide-3116\" \/><\/a><\/li>\n                <li style=\"display: none; width: 100%;\" class=\"slide-3117 ms-image\"><a href=\"https:\/\/www.dimeco.com\/wp-content\/uploads\/2016\/05\/fireproof-doors-rollforming-8.jpg\" target=\"_self\" rel=\"lightbox[3108]\" data-rel=\"lightbox-image-16\" data-magnific_type=\"image\" data-rl_title=\"\" data-rl_caption=\"\" title=\"\"><img src=\"https:\/\/www.dimeco.com\/wp-content\/uploads\/2016\/05\/fireproof-doors-rollforming-8-938x600.jpg\" height=\"600\" width=\"938\" alt=\"\" class=\"slider-3108 slide-3117\" \/><\/a><\/li>\n                <li style=\"display: none; width: 100%;\" class=\"slide-3118 ms-image\"><a href=\"https:\/\/www.dimeco.com\/wp-content\/uploads\/2016\/05\/fireproof-doors-rollforming-9.jpg\" target=\"_self\" rel=\"lightbox[3108]\" data-rel=\"lightbox-image-17\" data-magnific_type=\"image\" data-rl_title=\"\" data-rl_caption=\"\" title=\"\"><img src=\"https:\/\/www.dimeco.com\/wp-content\/uploads\/2016\/05\/fireproof-doors-rollforming-9-938x600.jpg\" height=\"600\" width=\"938\" alt=\"\" class=\"slider-3108 slide-3118\" \/><\/a><\/li>\n                <li style=\"display: none; width: 100%;\" class=\"slide-3109 ms-image\"><a href=\"https:\/\/www.dimeco.com\/wp-content\/uploads\/2016\/05\/fireproof-doors-rollforming-10.jpg\" target=\"_self\" rel=\"lightbox[3108]\" data-rel=\"lightbox-image-18\" data-magnific_type=\"image\" data-rl_title=\"\" data-rl_caption=\"\" title=\"\"><img src=\"https:\/\/www.dimeco.com\/wp-content\/uploads\/2016\/05\/fireproof-doors-rollforming-10-938x600.jpg\" height=\"600\" width=\"938\" alt=\"\" class=\"slider-3108 slide-3109\" \/><\/a><\/li>\n            <\/ul>\n        <\/div>\n        \n    <\/div>\n<\/div>\n<\/div>\n<\/div>\n\t\t<\/div>\n\n\t\t\n<\/div>\n","protected":false},"excerpt":{"rendered":"<p>Pi\u00e8ces et profils Line Structure<\/p>\n","protected":false},"author":1,"featured_media":3094,"parent":2564,"menu_order":0,"comment_status":"closed","ping_status":"closed","template":"","meta":{"extendify_custom_stylesheet":""},"acf":[],"yoast_head":"<!-- This site is optimized with the Yoast SEO plugin v19.3 - https:\/\/yoast.com\/wordpress\/plugins\/seo\/ -->\n<title>Fireproof doors - Dimeco<\/title>\n<meta name=\"robots\" content=\"index, follow, max-snippet:-1, max-image-preview:large, max-video-preview:-1\" \/>\n<link rel=\"canonical\" href=\"https:\/\/www.dimeco.com\/fr\/applications\/electromenager-et-mobilier-metallique\/fireproof-doors\/\" \/>\n<meta property=\"og:locale\" content=\"fr_FR\" \/>\n<meta property=\"og:type\" content=\"article\" \/>\n<meta property=\"og:title\" content=\"Fireproof doors - Dimeco\" \/>\n<meta property=\"og:description\" content=\"Pi\u00e8ces et profils Line Structure\" \/>\n<meta property=\"og:url\" content=\"https:\/\/www.dimeco.com\/fr\/applications\/electromenager-et-mobilier-metallique\/fireproof-doors\/\" \/>\n<meta property=\"og:site_name\" content=\"Dimeco\" \/>\n<meta property=\"article:modified_time\" content=\"2019-10-10T16:54:16+00:00\" \/>\n<meta property=\"og:image\" content=\"https:\/\/www.dimeco.com\/wp-content\/uploads\/2016\/05\/fireproof-doors.jpg\" \/>\n\t<meta property=\"og:image:width\" content=\"1920\" \/>\n\t<meta property=\"og:image:height\" content=\"1681\" \/>\n\t<meta property=\"og:image:type\" content=\"image\/jpeg\" \/>\n<meta name=\"twitter:card\" content=\"summary\" \/>\n<script type=\"application\/ld+json\" class=\"yoast-schema-graph\">{\"@context\":\"https:\/\/schema.org\",\"@graph\":[{\"@type\":\"WebSite\",\"@id\":\"https:\/\/www.dimeco.com\/es\/#website\",\"url\":\"https:\/\/www.dimeco.com\/es\/\",\"name\":\"Dimeco\",\"description\":\"FLEXIBLE SHEET METAL PUNCHING CUTTING &amp; FORMING PROCESSES\",\"potentialAction\":[{\"@type\":\"SearchAction\",\"target\":{\"@type\":\"EntryPoint\",\"urlTemplate\":\"https:\/\/www.dimeco.com\/es\/?s={search_term_string}\"},\"query-input\":\"required name=search_term_string\"}],\"inLanguage\":\"fr-FR\"},{\"@type\":\"ImageObject\",\"inLanguage\":\"fr-FR\",\"@id\":\"https:\/\/www.dimeco.com\/fr\/applications\/electromenager-et-mobilier-metallique\/fireproof-doors\/#primaryimage\",\"url\":\"https:\/\/www.dimeco.com\/wp-content\/uploads\/2016\/05\/fireproof-doors.jpg\",\"contentUrl\":\"https:\/\/www.dimeco.com\/wp-content\/uploads\/2016\/05\/fireproof-doors.jpg\",\"width\":1920,\"height\":1681},{\"@type\":\"WebPage\",\"@id\":\"https:\/\/www.dimeco.com\/fr\/applications\/electromenager-et-mobilier-metallique\/fireproof-doors\/\",\"url\":\"https:\/\/www.dimeco.com\/fr\/applications\/electromenager-et-mobilier-metallique\/fireproof-doors\/\",\"name\":\"Fireproof doors - Dimeco\",\"isPartOf\":{\"@id\":\"https:\/\/www.dimeco.com\/es\/#website\"},\"primaryImageOfPage\":{\"@id\":\"https:\/\/www.dimeco.com\/fr\/applications\/electromenager-et-mobilier-metallique\/fireproof-doors\/#primaryimage\"},\"datePublished\":\"2016-05-20T09:10:05+00:00\",\"dateModified\":\"2019-10-10T16:54:16+00:00\",\"breadcrumb\":{\"@id\":\"https:\/\/www.dimeco.com\/fr\/applications\/electromenager-et-mobilier-metallique\/fireproof-doors\/#breadcrumb\"},\"inLanguage\":\"fr-FR\",\"potentialAction\":[{\"@type\":\"ReadAction\",\"target\":[\"https:\/\/www.dimeco.com\/fr\/applications\/electromenager-et-mobilier-metallique\/fireproof-doors\/\"]}]},{\"@type\":\"BreadcrumbList\",\"@id\":\"https:\/\/www.dimeco.com\/fr\/applications\/electromenager-et-mobilier-metallique\/fireproof-doors\/#breadcrumb\",\"itemListElement\":[{\"@type\":\"ListItem\",\"position\":1,\"name\":\"Home\",\"item\":\"https:\/\/www.dimeco.com\/fr\/\"},{\"@type\":\"ListItem\",\"position\":2,\"name\":\"Applications\",\"item\":\"https:\/\/www.dimeco.com\/fr\/applications\/\"},{\"@type\":\"ListItem\",\"position\":3,\"name\":\"\u00c9lectrom\u00e9nager et mobilier m\u00e9tallique\",\"item\":\"https:\/\/www.dimeco.com\/fr\/applications\/electromenager-et-mobilier-metallique\/\"},{\"@type\":\"ListItem\",\"position\":4,\"name\":\"Fireproof doors\"}]}]}<\/script>\n<!-- \/ Yoast SEO plugin. -->","yoast_head_json":{"title":"Fireproof doors - Dimeco","robots":{"index":"index","follow":"follow","max-snippet":"max-snippet:-1","max-image-preview":"max-image-preview:large","max-video-preview":"max-video-preview:-1"},"canonical":"https:\/\/www.dimeco.com\/fr\/applications\/electromenager-et-mobilier-metallique\/fireproof-doors\/","og_locale":"fr_FR","og_type":"article","og_title":"Fireproof doors - Dimeco","og_description":"Pi\u00e8ces et profils Line Structure","og_url":"https:\/\/www.dimeco.com\/fr\/applications\/electromenager-et-mobilier-metallique\/fireproof-doors\/","og_site_name":"Dimeco","article_modified_time":"2019-10-10T16:54:16+00:00","og_image":[{"width":1920,"height":1681,"url":"https:\/\/www.dimeco.com\/wp-content\/uploads\/2016\/05\/fireproof-doors.jpg","type":"image\/jpeg"}],"twitter_card":"summary","schema":{"@context":"https:\/\/schema.org","@graph":[{"@type":"WebSite","@id":"https:\/\/www.dimeco.com\/es\/#website","url":"https:\/\/www.dimeco.com\/es\/","name":"Dimeco","description":"FLEXIBLE SHEET METAL PUNCHING CUTTING &amp; FORMING PROCESSES","potentialAction":[{"@type":"SearchAction","target":{"@type":"EntryPoint","urlTemplate":"https:\/\/www.dimeco.com\/es\/?s={search_term_string}"},"query-input":"required name=search_term_string"}],"inLanguage":"fr-FR"},{"@type":"ImageObject","inLanguage":"fr-FR","@id":"https:\/\/www.dimeco.com\/fr\/applications\/electromenager-et-mobilier-metallique\/fireproof-doors\/#primaryimage","url":"https:\/\/www.dimeco.com\/wp-content\/uploads\/2016\/05\/fireproof-doors.jpg","contentUrl":"https:\/\/www.dimeco.com\/wp-content\/uploads\/2016\/05\/fireproof-doors.jpg","width":1920,"height":1681},{"@type":"WebPage","@id":"https:\/\/www.dimeco.com\/fr\/applications\/electromenager-et-mobilier-metallique\/fireproof-doors\/","url":"https:\/\/www.dimeco.com\/fr\/applications\/electromenager-et-mobilier-metallique\/fireproof-doors\/","name":"Fireproof doors - Dimeco","isPartOf":{"@id":"https:\/\/www.dimeco.com\/es\/#website"},"primaryImageOfPage":{"@id":"https:\/\/www.dimeco.com\/fr\/applications\/electromenager-et-mobilier-metallique\/fireproof-doors\/#primaryimage"},"datePublished":"2016-05-20T09:10:05+00:00","dateModified":"2019-10-10T16:54:16+00:00","breadcrumb":{"@id":"https:\/\/www.dimeco.com\/fr\/applications\/electromenager-et-mobilier-metallique\/fireproof-doors\/#breadcrumb"},"inLanguage":"fr-FR","potentialAction":[{"@type":"ReadAction","target":["https:\/\/www.dimeco.com\/fr\/applications\/electromenager-et-mobilier-metallique\/fireproof-doors\/"]}]},{"@type":"BreadcrumbList","@id":"https:\/\/www.dimeco.com\/fr\/applications\/electromenager-et-mobilier-metallique\/fireproof-doors\/#breadcrumb","itemListElement":[{"@type":"ListItem","position":1,"name":"Home","item":"https:\/\/www.dimeco.com\/fr\/"},{"@type":"ListItem","position":2,"name":"Applications","item":"https:\/\/www.dimeco.com\/fr\/applications\/"},{"@type":"ListItem","position":3,"name":"\u00c9lectrom\u00e9nager et mobilier m\u00e9tallique","item":"https:\/\/www.dimeco.com\/fr\/applications\/electromenager-et-mobilier-metallique\/"},{"@type":"ListItem","position":4,"name":"Fireproof doors"}]}]}},"_links":{"self":[{"href":"https:\/\/www.dimeco.com\/fr\/wp-json\/wp\/v2\/pages\/3129\/"}],"collection":[{"href":"https:\/\/www.dimeco.com\/fr\/wp-json\/wp\/v2\/pages\/"}],"about":[{"href":"https:\/\/www.dimeco.com\/fr\/wp-json\/wp\/v2\/types\/page\/"}],"author":[{"embeddable":true,"href":"https:\/\/www.dimeco.com\/fr\/wp-json\/wp\/v2\/users\/1\/"}],"replies":[{"embeddable":true,"href":"https:\/\/www.dimeco.com\/fr\/wp-json\/wp\/v2\/comments\/?post=3129"}],"version-history":[{"count":1,"href":"https:\/\/www.dimeco.com\/fr\/wp-json\/wp\/v2\/pages\/3129\/revisions\/"}],"predecessor-version":[{"id":16176,"href":"https:\/\/www.dimeco.com\/fr\/wp-json\/wp\/v2\/pages\/3129\/revisions\/16176\/"}],"up":[{"embeddable":true,"href":"https:\/\/www.dimeco.com\/fr\/wp-json\/wp\/v2\/pages\/2564\/"}],"wp:featuredmedia":[{"embeddable":true,"href":"https:\/\/www.dimeco.com\/fr\/wp-json\/wp\/v2\/media\/3094\/"}],"wp:attachment":[{"href":"https:\/\/www.dimeco.com\/fr\/wp-json\/wp\/v2\/media\/?parent=3129"}],"curies":[{"name":"wp","href":"https:\/\/api.w.org\/{rel}","templated":true}]}}