{"id":2755,"date":"2016-04-04T15:40:02","date_gmt":"2016-04-04T15:40:02","guid":{"rendered":"http:\/\/www.dimeco.com\/fr\/?page_id=2755"},"modified":"2019-10-10T16:54:55","modified_gmt":"2019-10-10T16:54:55","slug":"cooking-ware","status":"publish","type":"page","link":"https:\/\/www.dimeco.com\/fr\/applications\/electromenager-et-mobilier-metallique\/cooking-ware\/","title":{"rendered":"Casseroles"},"content":{"rendered":"<div class=\"row\">\n<div class=\"grid_5\">\n<h2>Parts &#8211; Profiles<\/h2>\n<div id=\"metaslider-id-5497\" style=\"max-width: 938px;\" class=\"ml-slider-3-27-7 metaslider metaslider-flex metaslider-5497 ml-slider ml-slider-lightbox-1-12-0 responsive-lightbox-gallery-2-4-1\">\n    <div id=\"metaslider_container_5497\">\n        <div id=\"metaslider_5497\">\n            <ul aria-live=\"polite\" class=\"slides\">\n                <li style=\"display: block; width: 100%;\" class=\"slide-5503 ms-image\"><a href=\"https:\/\/www.dimeco.com\/wp-content\/uploads\/2017\/05\/cooking-ware-main-1.jpg\" target=\"_self\" rel=\"lightbox[5497]\" data-rel=\"lightbox-image-0\" data-magnific_type=\"image\" data-rl_title=\"\" data-rl_caption=\"\" title=\"\"><img src=\"https:\/\/www.dimeco.com\/wp-content\/uploads\/2017\/05\/cooking-ware-main-1-625x400.jpg\" height=\"600\" width=\"938\" alt=\"\" class=\"slider-5497 slide-5503\" \/><\/a><\/li>\n                <li style=\"display: none; width: 100%;\" class=\"slide-5504 ms-image\"><a href=\"https:\/\/www.dimeco.com\/wp-content\/uploads\/2017\/05\/cooking-ware-main-2.jpg\" target=\"_self\" rel=\"lightbox[5497]\" data-rel=\"lightbox-image-1\" data-magnific_type=\"image\" data-rl_title=\"\" data-rl_caption=\"\" title=\"\"><img src=\"https:\/\/www.dimeco.com\/wp-content\/uploads\/2017\/05\/cooking-ware-main-2-625x400.jpg\" height=\"600\" width=\"938\" alt=\"\" class=\"slider-5497 slide-5504\" \/><\/a><\/li>\n                <li style=\"display: none; width: 100%;\" class=\"slide-5502 ms-image\"><a href=\"https:\/\/www.dimeco.com\/wp-content\/uploads\/2017\/05\/cooking-ware-main-4.jpg\" target=\"_self\" rel=\"lightbox[5497]\" data-rel=\"lightbox-image-2\" data-magnific_type=\"image\" data-rl_title=\"\" data-rl_caption=\"\" title=\"\"><img src=\"https:\/\/www.dimeco.com\/wp-content\/uploads\/2017\/05\/cooking-ware-main-4-860x550.jpg\" height=\"600\" width=\"938\" alt=\"\" class=\"slider-5497 slide-5502\" \/><\/a><\/li>\n                <li style=\"display: none; width: 100%;\" class=\"slide-5505 ms-image\"><a href=\"https:\/\/www.dimeco.com\/wp-content\/uploads\/2017\/05\/cooking-ware-main-3.jpg\" target=\"_self\" rel=\"lightbox[5497]\" data-rel=\"lightbox-image-3\" data-magnific_type=\"image\" data-rl_title=\"\" data-rl_caption=\"\" title=\"\"><img src=\"https:\/\/www.dimeco.com\/wp-content\/uploads\/2017\/05\/cooking-ware-main-3-938x600.jpg\" height=\"600\" width=\"938\" alt=\"\" class=\"slider-5497 slide-5505\" \/><\/a><\/li>\n            <\/ul>\n        <\/div>\n        \n    <\/div>\n<\/div>\n<\/div>\n<div class=\"grid_4\">\n<h2>Vid\u00e9os de lignes<\/h2>\n<p><a class=\"popup_video\" href=\"https:\/\/www.youtube.com\/watch?v=zIan6zKo3pQ\" data-rel=\"lightbox-video-0\" data-magnific_type=\"video\"><img loading=\"lazy\" class=\"max-img alignnone size-full wp-image-2095\" src=\"http:\/\/www.dimeco.com\/wp-content\/uploads\/2016\/02\/cookware-vid.jpg\" alt=\"cookware-vid\" width=\"641\" height=\"360\" srcset=\"https:\/\/www.dimeco.com\/wp-content\/uploads\/2016\/02\/cookware-vid.jpg 641w, https:\/\/www.dimeco.com\/wp-content\/uploads\/2016\/02\/cookware-vid-300x168.jpg 300w\" sizes=\"(max-width: 641px) 100vw, 641px\" \/><\/a><\/p>\n<p style=\"font-size: 11px;\">Si vous ne visualisez pas ces vid\u00e9os <a href=\"http:\/\/www.dimeco.com\/fr\/applications\/electromenager-et-mobilier-metallique\/cooking-ware\/cooking-ware-video\/\">cliquez ici<\/a>.<\/p>\n<\/div>\n<\/div>\n<div class=\"row\">\n<h2>Structure de ligne<\/h2>\n<div id=\"accordion-1\" class=\"accordion no-js\"><\/div>\n\n\t\t\t\t\t<p role=\"button\" id=\"accordion-1-t1\" class=\"accordion-title js-accordion-controller\" aria-controls=\"accordion-1-c1\" aria-expanded=\"false\" tabindex=\"0\">\n\t\t\t\tPoin\u00e7onnage\t\t\t<\/p>\n\t\t\n\t\t<div id=\"accordion-1-c1\" class=\"accordion-content\" aria-hidden=\"true\">\n\t\t\t\t\t<\/div>\n\n\t\t\n<div class=\"row\"><\/div>\n<div class=\"grid_4\">\n&nbsp;<br \/>\n<\/div>\n<div class=\"grid_4\">\n<div id=\"metaslider-id-5507\" style=\"max-width: 938px;\" class=\"ml-slider-3-27-7 metaslider metaslider-flex metaslider-5507 ml-slider ml-slider-lightbox-1-12-0 responsive-lightbox-gallery-2-4-1\">\n    <div id=\"metaslider_container_5507\">\n        <div id=\"metaslider_5507\">\n            <ul aria-live=\"polite\" class=\"slides\">\n                <li style=\"display: block; width: 100%;\" class=\"slide-5512 ms-image\"><a href=\"https:\/\/www.dimeco.com\/wp-content\/uploads\/2017\/05\/cooking-ware-punching-3.jpg\" target=\"_self\" rel=\"lightbox[5507]\" data-rel=\"lightbox-image-4\" data-magnific_type=\"image\" data-rl_title=\"\" data-rl_caption=\"\" title=\"\"><img src=\"https:\/\/www.dimeco.com\/wp-content\/uploads\/2017\/05\/cooking-ware-punching-3-938x600.jpg\" height=\"600\" width=\"938\" alt=\"\" class=\"slider-5507 slide-5512\" \/><\/a><\/li>\n                <li style=\"display: none; width: 100%;\" class=\"slide-5513 ms-image\"><a href=\"https:\/\/www.dimeco.com\/wp-content\/uploads\/2017\/05\/cooking-ware-punching-4.jpg\" target=\"_self\" rel=\"lightbox[5507]\" data-rel=\"lightbox-image-5\" data-magnific_type=\"image\" data-rl_title=\"\" data-rl_caption=\"\" title=\"\"><img src=\"https:\/\/www.dimeco.com\/wp-content\/uploads\/2017\/05\/cooking-ware-punching-4-938x600.jpg\" height=\"600\" width=\"938\" alt=\"\" class=\"slider-5507 slide-5513\" \/><\/a><\/li>\n                <li style=\"display: none; width: 100%;\" class=\"slide-5514 ms-image\"><a href=\"https:\/\/www.dimeco.com\/wp-content\/uploads\/2017\/05\/cooking-ware-punching-1.jpg\" target=\"_self\" rel=\"lightbox[5507]\" data-rel=\"lightbox-image-6\" data-magnific_type=\"image\" data-rl_title=\"\" data-rl_caption=\"\" title=\"\"><img src=\"https:\/\/www.dimeco.com\/wp-content\/uploads\/2017\/05\/cooking-ware-punching-1-938x600.jpg\" height=\"600\" width=\"938\" alt=\"\" class=\"slider-5507 slide-5514\" \/><\/a><\/li>\n                <li style=\"display: none; width: 100%;\" class=\"slide-5515 ms-image\"><a href=\"https:\/\/www.dimeco.com\/wp-content\/uploads\/2017\/05\/cooking-ware-punching-2.jpg\" target=\"_self\" rel=\"lightbox[5507]\" data-rel=\"lightbox-image-7\" data-magnific_type=\"image\" data-rl_title=\"\" data-rl_caption=\"\" title=\"\"><img src=\"https:\/\/www.dimeco.com\/wp-content\/uploads\/2017\/05\/cooking-ware-punching-2-938x600.jpg\" height=\"600\" width=\"938\" alt=\"\" class=\"slider-5507 slide-5515\" \/><\/a><\/li>\n            <\/ul>\n        <\/div>\n        \n    <\/div>\n<\/div>\n<\/div>\n<\/div>\n[\/accordion-item]\n[\/accordion]\n","protected":false},"excerpt":{"rendered":"<p>[\/accordion-item] [\/accordion]<\/p>\n","protected":false},"author":1,"featured_media":3090,"parent":2564,"menu_order":11,"comment_status":"closed","ping_status":"closed","template":"","meta":{"extendify_custom_stylesheet":""},"acf":[],"yoast_head":"<!-- This site is optimized with the Yoast SEO plugin v19.3 - https:\/\/yoast.com\/wordpress\/plugins\/seo\/ -->\n<title>Casseroles - Dimeco<\/title>\n<meta name=\"robots\" content=\"index, follow, max-snippet:-1, max-image-preview:large, max-video-preview:-1\" \/>\n<link rel=\"canonical\" href=\"https:\/\/www.dimeco.com\/fr\/applications\/electromenager-et-mobilier-metallique\/cooking-ware\/\" \/>\n<meta property=\"og:locale\" content=\"fr_FR\" \/>\n<meta property=\"og:type\" content=\"article\" \/>\n<meta property=\"og:title\" content=\"Casseroles - Dimeco\" \/>\n<meta property=\"og:description\" content=\"[\/accordion-item] [\/accordion]\" \/>\n<meta property=\"og:url\" content=\"https:\/\/www.dimeco.com\/fr\/applications\/electromenager-et-mobilier-metallique\/cooking-ware\/\" \/>\n<meta property=\"og:site_name\" content=\"Dimeco\" \/>\n<meta property=\"article:modified_time\" content=\"2019-10-10T16:54:55+00:00\" \/>\n<meta property=\"og:image\" content=\"https:\/\/www.dimeco.com\/wp-content\/uploads\/2016\/02\/cooking-ware.jpg\" \/>\n\t<meta property=\"og:image:width\" content=\"700\" \/>\n\t<meta property=\"og:image:height\" content=\"400\" \/>\n\t<meta property=\"og:image:type\" content=\"image\/jpeg\" \/>\n<meta name=\"twitter:card\" content=\"summary\" \/>\n<script type=\"application\/ld+json\" class=\"yoast-schema-graph\">{\"@context\":\"https:\/\/schema.org\",\"@graph\":[{\"@type\":\"WebSite\",\"@id\":\"https:\/\/www.dimeco.com\/es\/#website\",\"url\":\"https:\/\/www.dimeco.com\/es\/\",\"name\":\"Dimeco\",\"description\":\"FLEXIBLE SHEET METAL PUNCHING CUTTING &amp; FORMING PROCESSES\",\"potentialAction\":[{\"@type\":\"SearchAction\",\"target\":{\"@type\":\"EntryPoint\",\"urlTemplate\":\"https:\/\/www.dimeco.com\/es\/?s={search_term_string}\"},\"query-input\":\"required name=search_term_string\"}],\"inLanguage\":\"fr-FR\"},{\"@type\":\"ImageObject\",\"inLanguage\":\"fr-FR\",\"@id\":\"https:\/\/www.dimeco.com\/fr\/applications\/electromenager-et-mobilier-metallique\/cooking-ware\/#primaryimage\",\"url\":\"https:\/\/www.dimeco.com\/wp-content\/uploads\/2016\/02\/cooking-ware.jpg\",\"contentUrl\":\"https:\/\/www.dimeco.com\/wp-content\/uploads\/2016\/02\/cooking-ware.jpg\",\"width\":700,\"height\":400},{\"@type\":\"WebPage\",\"@id\":\"https:\/\/www.dimeco.com\/fr\/applications\/electromenager-et-mobilier-metallique\/cooking-ware\/\",\"url\":\"https:\/\/www.dimeco.com\/fr\/applications\/electromenager-et-mobilier-metallique\/cooking-ware\/\",\"name\":\"Casseroles - Dimeco\",\"isPartOf\":{\"@id\":\"https:\/\/www.dimeco.com\/es\/#website\"},\"primaryImageOfPage\":{\"@id\":\"https:\/\/www.dimeco.com\/fr\/applications\/electromenager-et-mobilier-metallique\/cooking-ware\/#primaryimage\"},\"datePublished\":\"2016-04-04T15:40:02+00:00\",\"dateModified\":\"2019-10-10T16:54:55+00:00\",\"breadcrumb\":{\"@id\":\"https:\/\/www.dimeco.com\/fr\/applications\/electromenager-et-mobilier-metallique\/cooking-ware\/#breadcrumb\"},\"inLanguage\":\"fr-FR\",\"potentialAction\":[{\"@type\":\"ReadAction\",\"target\":[\"https:\/\/www.dimeco.com\/fr\/applications\/electromenager-et-mobilier-metallique\/cooking-ware\/\"]}]},{\"@type\":\"BreadcrumbList\",\"@id\":\"https:\/\/www.dimeco.com\/fr\/applications\/electromenager-et-mobilier-metallique\/cooking-ware\/#breadcrumb\",\"itemListElement\":[{\"@type\":\"ListItem\",\"position\":1,\"name\":\"Home\",\"item\":\"https:\/\/www.dimeco.com\/fr\/\"},{\"@type\":\"ListItem\",\"position\":2,\"name\":\"Applications\",\"item\":\"https:\/\/www.dimeco.com\/fr\/applications\/\"},{\"@type\":\"ListItem\",\"position\":3,\"name\":\"\u00c9lectrom\u00e9nager et mobilier m\u00e9tallique\",\"item\":\"https:\/\/www.dimeco.com\/fr\/applications\/electromenager-et-mobilier-metallique\/\"},{\"@type\":\"ListItem\",\"position\":4,\"name\":\"Casseroles\"}]}]}<\/script>\n<!-- \/ Yoast SEO plugin. -->","yoast_head_json":{"title":"Casseroles - Dimeco","robots":{"index":"index","follow":"follow","max-snippet":"max-snippet:-1","max-image-preview":"max-image-preview:large","max-video-preview":"max-video-preview:-1"},"canonical":"https:\/\/www.dimeco.com\/fr\/applications\/electromenager-et-mobilier-metallique\/cooking-ware\/","og_locale":"fr_FR","og_type":"article","og_title":"Casseroles - Dimeco","og_description":"[\/accordion-item] [\/accordion]","og_url":"https:\/\/www.dimeco.com\/fr\/applications\/electromenager-et-mobilier-metallique\/cooking-ware\/","og_site_name":"Dimeco","article_modified_time":"2019-10-10T16:54:55+00:00","og_image":[{"width":700,"height":400,"url":"https:\/\/www.dimeco.com\/wp-content\/uploads\/2016\/02\/cooking-ware.jpg","type":"image\/jpeg"}],"twitter_card":"summary","schema":{"@context":"https:\/\/schema.org","@graph":[{"@type":"WebSite","@id":"https:\/\/www.dimeco.com\/es\/#website","url":"https:\/\/www.dimeco.com\/es\/","name":"Dimeco","description":"FLEXIBLE SHEET METAL PUNCHING CUTTING &amp; FORMING PROCESSES","potentialAction":[{"@type":"SearchAction","target":{"@type":"EntryPoint","urlTemplate":"https:\/\/www.dimeco.com\/es\/?s={search_term_string}"},"query-input":"required name=search_term_string"}],"inLanguage":"fr-FR"},{"@type":"ImageObject","inLanguage":"fr-FR","@id":"https:\/\/www.dimeco.com\/fr\/applications\/electromenager-et-mobilier-metallique\/cooking-ware\/#primaryimage","url":"https:\/\/www.dimeco.com\/wp-content\/uploads\/2016\/02\/cooking-ware.jpg","contentUrl":"https:\/\/www.dimeco.com\/wp-content\/uploads\/2016\/02\/cooking-ware.jpg","width":700,"height":400},{"@type":"WebPage","@id":"https:\/\/www.dimeco.com\/fr\/applications\/electromenager-et-mobilier-metallique\/cooking-ware\/","url":"https:\/\/www.dimeco.com\/fr\/applications\/electromenager-et-mobilier-metallique\/cooking-ware\/","name":"Casseroles - Dimeco","isPartOf":{"@id":"https:\/\/www.dimeco.com\/es\/#website"},"primaryImageOfPage":{"@id":"https:\/\/www.dimeco.com\/fr\/applications\/electromenager-et-mobilier-metallique\/cooking-ware\/#primaryimage"},"datePublished":"2016-04-04T15:40:02+00:00","dateModified":"2019-10-10T16:54:55+00:00","breadcrumb":{"@id":"https:\/\/www.dimeco.com\/fr\/applications\/electromenager-et-mobilier-metallique\/cooking-ware\/#breadcrumb"},"inLanguage":"fr-FR","potentialAction":[{"@type":"ReadAction","target":["https:\/\/www.dimeco.com\/fr\/applications\/electromenager-et-mobilier-metallique\/cooking-ware\/"]}]},{"@type":"BreadcrumbList","@id":"https:\/\/www.dimeco.com\/fr\/applications\/electromenager-et-mobilier-metallique\/cooking-ware\/#breadcrumb","itemListElement":[{"@type":"ListItem","position":1,"name":"Home","item":"https:\/\/www.dimeco.com\/fr\/"},{"@type":"ListItem","position":2,"name":"Applications","item":"https:\/\/www.dimeco.com\/fr\/applications\/"},{"@type":"ListItem","position":3,"name":"\u00c9lectrom\u00e9nager et mobilier m\u00e9tallique","item":"https:\/\/www.dimeco.com\/fr\/applications\/electromenager-et-mobilier-metallique\/"},{"@type":"ListItem","position":4,"name":"Casseroles"}]}]}},"_links":{"self":[{"href":"https:\/\/www.dimeco.com\/fr\/wp-json\/wp\/v2\/pages\/2755\/"}],"collection":[{"href":"https:\/\/www.dimeco.com\/fr\/wp-json\/wp\/v2\/pages\/"}],"about":[{"href":"https:\/\/www.dimeco.com\/fr\/wp-json\/wp\/v2\/types\/page\/"}],"author":[{"embeddable":true,"href":"https:\/\/www.dimeco.com\/fr\/wp-json\/wp\/v2\/users\/1\/"}],"replies":[{"embeddable":true,"href":"https:\/\/www.dimeco.com\/fr\/wp-json\/wp\/v2\/comments\/?post=2755"}],"version-history":[{"count":4,"href":"https:\/\/www.dimeco.com\/fr\/wp-json\/wp\/v2\/pages\/2755\/revisions\/"}],"predecessor-version":[{"id":16179,"href":"https:\/\/www.dimeco.com\/fr\/wp-json\/wp\/v2\/pages\/2755\/revisions\/16179\/"}],"up":[{"embeddable":true,"href":"https:\/\/www.dimeco.com\/fr\/wp-json\/wp\/v2\/pages\/2564\/"}],"wp:featuredmedia":[{"embeddable":true,"href":"https:\/\/www.dimeco.com\/fr\/wp-json\/wp\/v2\/media\/3090\/"}],"wp:attachment":[{"href":"https:\/\/www.dimeco.com\/fr\/wp-json\/wp\/v2\/media\/?parent=2755"}],"curies":[{"name":"wp","href":"https:\/\/api.w.org\/{rel}","templated":true}]}}