{"id":2745,"date":"2016-04-04T15:37:42","date_gmt":"2016-04-04T15:37:42","guid":{"rendered":"http:\/\/www.dimeco.com\/fr\/?page_id=2745"},"modified":"2019-10-10T16:54:47","modified_gmt":"2019-10-10T16:54:47","slug":"knives","status":"publish","type":"page","link":"https:\/\/www.dimeco.com\/fr\/applications\/electromenager-et-mobilier-metallique\/knives\/","title":{"rendered":"Couteaux"},"content":{"rendered":"<div class=\"row\">\n<div class=\"grid_5\">\n<h2>Pi\u00e8ces et profils<\/h2>\n<div id=\"metaslider-id-2178\" style=\"width: 100%; margin: 0 auto;\" class=\"ml-slider-3-27-7 metaslider metaslider-flex metaslider-2178 ml-slider ml-slider-lightbox-1-12-0 responsive-lightbox-gallery-2-4-1 nav-hidden\">\n    <div id=\"metaslider_container_2178\">\n        <div id=\"metaslider_2178\">\n            <ul aria-live=\"polite\" class=\"slides\">\n                <li style=\"display: block; width: 100%;\" class=\"slide-2185 ms-image\"><a href=\"https:\/\/www.dimeco.com\/wp-content\/uploads\/2016\/03\/knives-main-2.jpg\" target=\"_self\" rel=\"lightbox[2178]\" data-rel=\"lightbox-image-0\" data-magnific_type=\"image\" data-rl_title=\"\" data-rl_caption=\"\" title=\"\"><img src=\"https:\/\/www.dimeco.com\/wp-content\/uploads\/2016\/03\/knives-main-2-938x600.jpg\" height=\"600\" width=\"938\" alt=\"\" class=\"slider-2178 slide-2185\" \/><\/a><\/li>\n                <li style=\"display: none; width: 100%;\" class=\"slide-2184 ms-image\"><a href=\"https:\/\/www.dimeco.com\/wp-content\/uploads\/2016\/03\/knives-main-1.jpg\" target=\"_self\" rel=\"lightbox[2178]\" data-rel=\"lightbox-image-1\" data-magnific_type=\"image\" data-rl_title=\"\" data-rl_caption=\"\" title=\"\"><img src=\"https:\/\/www.dimeco.com\/wp-content\/uploads\/2016\/03\/knives-main-1-938x600.jpg\" height=\"600\" width=\"938\" alt=\"\" class=\"slider-2178 slide-2184\" \/><\/a><\/li>\n                <li style=\"display: none; width: 100%;\" class=\"slide-2183 ms-image\"><a href=\"https:\/\/www.dimeco.com\/wp-content\/uploads\/2016\/03\/knives-main-4.jpg\" target=\"_self\" rel=\"lightbox[2178]\" data-rel=\"lightbox-image-2\" data-magnific_type=\"image\" data-rl_title=\"\" data-rl_caption=\"\" title=\"\"><img src=\"https:\/\/www.dimeco.com\/wp-content\/uploads\/2016\/03\/knives-main-4-938x600.jpg\" height=\"600\" width=\"938\" alt=\"\" class=\"slider-2178 slide-2183\" \/><\/a><\/li>\n                <li style=\"display: none; width: 100%;\" class=\"slide-2186 ms-image\"><a href=\"https:\/\/www.dimeco.com\/wp-content\/uploads\/2016\/03\/knives-main-3.jpg\" target=\"_self\" rel=\"lightbox[2178]\" data-rel=\"lightbox-image-3\" data-magnific_type=\"image\" data-rl_title=\"\" data-rl_caption=\"\" title=\"\"><img src=\"https:\/\/www.dimeco.com\/wp-content\/uploads\/2016\/03\/knives-main-3-938x600.jpg\" height=\"600\" width=\"938\" alt=\"\" class=\"slider-2178 slide-2186\" \/><\/a><\/li>\n            <\/ul>\n        <\/div>\n        \n    <\/div>\n<\/div>\n<\/div>\n<div class=\"grid_4\">\n<h2>Vid\u00e9os de lignes<\/h2>\n<p><a class=\"popup_video\" href=\"https:\/\/www.youtube.com\/watch?v=YTlWdDYembI\" data-rel=\"lightbox-video-0\" data-magnific_type=\"video\"><img loading=\"lazy\" class=\"max-img alignnone size-full wp-image-1631\" src=\"http:\/\/www.dimeco.com\/wp-content\/uploads\/2015\/10\/knives-video.jpg\" alt=\"knives-video\" width=\"641\" height=\"360\" srcset=\"https:\/\/www.dimeco.com\/wp-content\/uploads\/2015\/10\/knives-video.jpg 641w, https:\/\/www.dimeco.com\/wp-content\/uploads\/2015\/10\/knives-video-300x168.jpg 300w\" sizes=\"(max-width: 641px) 100vw, 641px\" \/><\/a><\/p>\n<p style=\"font-size: 11px;\">Si vous ne visualisez pas ces vid\u00e9os <a href=\"http:\/\/www.dimeco.com\/fr\/applications\/electromenager-et-mobilier-metallique\/knives\/knives-video\/\">cliquez ici<\/a>.<\/p>\n<\/div>\n<\/div>\n<h2>Structure de ligne<\/h2>\n<div id=\"accordion-1\" class=\"accordion no-js\">\n\n\t\t\t\t\t<p role=\"button\" id=\"accordion-1-t1\" class=\"accordion-title js-accordion-controller\" aria-controls=\"accordion-1-c1\" aria-expanded=\"false\" tabindex=\"0\">\n\t\t\t\tPoints principaux\t\t\t<\/p>\n\t\t\n\t\t<div id=\"accordion-1-c1\" class=\"accordion-content\" aria-hidden=\"true\">\n\t\t\t\n<div class=\"row\">\n<div class=\"grid_4\">\n<\/div>\n<div class=\"grid_4\">\n<div id=\"metaslider-id-2187\" style=\"width: 100%; margin: 0 auto;\" class=\"ml-slider-3-27-7 metaslider metaslider-flex metaslider-2187 ml-slider ml-slider-lightbox-1-12-0 responsive-lightbox-gallery-2-4-1 nav-hidden nav-hidden\">\n    <div id=\"metaslider_container_2187\">\n        <div id=\"metaslider_2187\">\n            <ul aria-live=\"polite\" class=\"slides\">\n                <li style=\"display: block; width: 100%;\" class=\"slide-2188 ms-image\"><a href=\"https:\/\/www.dimeco.com\/wp-content\/uploads\/2016\/03\/knives-highlights-1.jpg\" target=\"_self\" rel=\"lightbox[2187]\" data-rel=\"lightbox-image-4\" data-magnific_type=\"image\" data-rl_title=\"\" data-rl_caption=\"\" title=\"\"><img src=\"https:\/\/www.dimeco.com\/wp-content\/uploads\/2016\/03\/knives-highlights-1-938x600.jpg\" height=\"600\" width=\"938\" alt=\"\" class=\"slider-2187 slide-2188\" \/><\/a><\/li>\n            <\/ul>\n        <\/div>\n        \n    <\/div>\n<\/div>\n<\/div>\n<\/div>\n\t\t<\/div>\n\n\t\t\n\n\t\t\t\t\t<p role=\"button\" id=\"accordion-1-t2\" class=\"accordion-title js-accordion-controller\" aria-controls=\"accordion-1-c2\" aria-expanded=\"false\" tabindex=\"0\">\n\t\t\t\tAlimentation de presse\t\t\t<\/p>\n\t\t\n\t\t<div id=\"accordion-1-c2\" class=\"accordion-content\" aria-hidden=\"true\">\n\t\t\t\n<div class=\"row\">\n<div class=\"grid_4\">\n<\/div>\n<div class=\"grid_4\">\n<div id=\"metaslider-id-2189\" style=\"width: 100%; margin: 0 auto;\" class=\"ml-slider-3-27-7 metaslider metaslider-flex metaslider-2189 ml-slider ml-slider-lightbox-1-12-0 responsive-lightbox-gallery-2-4-1 nav-hidden nav-hidden nav-hidden\">\n    <div id=\"metaslider_container_2189\">\n        <div id=\"metaslider_2189\">\n            <ul aria-live=\"polite\" class=\"slides\">\n                <li style=\"display: block; width: 100%;\" class=\"slide-2191 ms-image\"><a href=\"https:\/\/www.dimeco.com\/wp-content\/uploads\/2016\/03\/knives-feeding-1.jpg\" target=\"_self\" rel=\"lightbox[2189]\" data-rel=\"lightbox-image-5\" data-magnific_type=\"image\" data-rl_title=\"\" data-rl_caption=\"\" title=\"\"><img src=\"https:\/\/www.dimeco.com\/wp-content\/uploads\/2016\/03\/knives-feeding-1-938x600.jpg\" height=\"600\" width=\"938\" alt=\"\" class=\"slider-2189 slide-2191\" \/><\/a><\/li>\n                <li style=\"display: none; width: 100%;\" class=\"slide-2190 ms-image\"><a href=\"https:\/\/www.dimeco.com\/wp-content\/uploads\/2016\/03\/knives-feeding-2.jpg\" target=\"_self\" rel=\"lightbox[2189]\" data-rel=\"lightbox-image-6\" data-magnific_type=\"image\" data-rl_title=\"\" data-rl_caption=\"\" title=\"\"><img src=\"https:\/\/www.dimeco.com\/wp-content\/uploads\/2016\/03\/knives-feeding-2-938x600.jpg\" height=\"600\" width=\"938\" alt=\"\" class=\"slider-2189 slide-2190\" \/><\/a><\/li>\n            <\/ul>\n        <\/div>\n        \n    <\/div>\n<\/div>\n<\/div>\n<\/div>\n\t\t<\/div>\n\n\t\t\n\n\t\t\t\t\t<p role=\"button\" id=\"accordion-1-t3\" class=\"accordion-title js-accordion-controller\" aria-controls=\"accordion-1-c3\" aria-expanded=\"false\" tabindex=\"0\">\n\t\t\t\tpoin\u00e7onnage\t\t\t<\/p>\n\t\t\n\t\t<div id=\"accordion-1-c3\" class=\"accordion-content\" aria-hidden=\"true\">\n\t\t\t\n<div class=\"row\">\n<div class=\"grid_4\">\n<\/div>\n<div class=\"grid_4\">\n<div id=\"metaslider-id-2192\" style=\"width: 100%; margin: 0 auto;\" class=\"ml-slider-3-27-7 metaslider metaslider-flex metaslider-2192 ml-slider ml-slider-lightbox-1-12-0 responsive-lightbox-gallery-2-4-1 nav-hidden nav-hidden nav-hidden nav-hidden\">\n    <div id=\"metaslider_container_2192\">\n        <div id=\"metaslider_2192\">\n            <ul aria-live=\"polite\" class=\"slides\">\n                <li style=\"display: block; width: 100%;\" class=\"slide-2195 ms-image\"><a href=\"https:\/\/www.dimeco.com\/wp-content\/uploads\/2016\/03\/knives-punching-1.jpg\" target=\"_self\" rel=\"lightbox[2192]\" data-rel=\"lightbox-image-7\" data-magnific_type=\"image\" data-rl_title=\"\" data-rl_caption=\"\" title=\"\"><img src=\"https:\/\/www.dimeco.com\/wp-content\/uploads\/2016\/03\/knives-punching-1-938x600.jpg\" height=\"600\" width=\"938\" alt=\"\" class=\"slider-2192 slide-2195\" \/><\/a><\/li>\n                <li style=\"display: none; width: 100%;\" class=\"slide-2193 ms-image\"><a href=\"https:\/\/www.dimeco.com\/wp-content\/uploads\/2016\/03\/knives-punching-2.jpg\" target=\"_self\" rel=\"lightbox[2192]\" data-rel=\"lightbox-image-8\" data-magnific_type=\"image\" data-rl_title=\"\" data-rl_caption=\"\" title=\"\"><img src=\"https:\/\/www.dimeco.com\/wp-content\/uploads\/2016\/03\/knives-punching-2-938x600.jpg\" height=\"600\" width=\"938\" alt=\"\" class=\"slider-2192 slide-2193\" \/><\/a><\/li>\n                <li style=\"display: none; width: 100%;\" class=\"slide-2194 ms-image\"><a href=\"https:\/\/www.dimeco.com\/wp-content\/uploads\/2016\/03\/knives-punching-3.jpg\" target=\"_self\" rel=\"lightbox[2192]\" data-rel=\"lightbox-image-9\" data-magnific_type=\"image\" data-rl_title=\"\" data-rl_caption=\"\" title=\"\"><img src=\"https:\/\/www.dimeco.com\/wp-content\/uploads\/2016\/03\/knives-punching-3-938x600.jpg\" height=\"600\" width=\"938\" alt=\"\" class=\"slider-2192 slide-2194\" \/><\/a><\/li>\n            <\/ul>\n        <\/div>\n        \n    <\/div>\n<\/div>\n<\/div>\n<\/div>\n\t\t<\/div>\n\n\t\t\n\n\t\t\t\t\t<p role=\"button\" id=\"accordion-1-t4\" class=\"accordion-title js-accordion-controller\" aria-controls=\"accordion-1-c4\" aria-expanded=\"false\" tabindex=\"0\">\n\t\t\t\tRedressage\t\t\t<\/p>\n\t\t\n\t\t<div id=\"accordion-1-c4\" class=\"accordion-content\" aria-hidden=\"true\">\n\t\t\t\n<div class=\"row\">\n<div class=\"grid_4\">\n<\/div>\n<div class=\"grid_4\">\n<div id=\"metaslider-id-2196\" style=\"width: 100%; margin: 0 auto;\" class=\"ml-slider-3-27-7 metaslider metaslider-flex metaslider-2196 ml-slider ml-slider-lightbox-1-12-0 responsive-lightbox-gallery-2-4-1 nav-hidden nav-hidden nav-hidden nav-hidden nav-hidden\">\n    <div id=\"metaslider_container_2196\">\n        <div id=\"metaslider_2196\">\n            <ul aria-live=\"polite\" class=\"slides\">\n                <li style=\"display: block; width: 100%;\" class=\"slide-2202 ms-image\"><a href=\"https:\/\/www.dimeco.com\/wp-content\/uploads\/2016\/03\/knives-strtaightening-1.jpg\" target=\"_self\" rel=\"lightbox[2196]\" data-rel=\"lightbox-image-10\" data-magnific_type=\"image\" data-rl_title=\"\" data-rl_caption=\"\" title=\"\"><img src=\"https:\/\/www.dimeco.com\/wp-content\/uploads\/2016\/03\/knives-strtaightening-1-938x600.jpg\" height=\"600\" width=\"938\" alt=\"\" class=\"slider-2196 slide-2202\" \/><\/a><\/li>\n                <li style=\"display: none; width: 100%;\" class=\"slide-2197 ms-image\"><a href=\"https:\/\/www.dimeco.com\/wp-content\/uploads\/2016\/03\/knives-strtaightening-2.jpg\" target=\"_self\" rel=\"lightbox[2196]\" data-rel=\"lightbox-image-11\" data-magnific_type=\"image\" data-rl_title=\"\" data-rl_caption=\"\" title=\"\"><img src=\"https:\/\/www.dimeco.com\/wp-content\/uploads\/2016\/03\/knives-strtaightening-2-938x600.jpg\" height=\"600\" width=\"938\" alt=\"\" class=\"slider-2196 slide-2197\" \/><\/a><\/li>\n                <li style=\"display: none; width: 100%;\" class=\"slide-2198 ms-image\"><a href=\"https:\/\/www.dimeco.com\/wp-content\/uploads\/2016\/03\/knives-strtaightening-3.jpg\" target=\"_self\" rel=\"lightbox[2196]\" data-rel=\"lightbox-image-12\" data-magnific_type=\"image\" data-rl_title=\"\" data-rl_caption=\"\" title=\"\"><img src=\"https:\/\/www.dimeco.com\/wp-content\/uploads\/2016\/03\/knives-strtaightening-3-938x600.jpg\" height=\"600\" width=\"938\" alt=\"\" class=\"slider-2196 slide-2198\" \/><\/a><\/li>\n                <li style=\"display: none; width: 100%;\" class=\"slide-2199 ms-image\"><a href=\"https:\/\/www.dimeco.com\/wp-content\/uploads\/2016\/03\/knives-strtaightening-4.jpg\" target=\"_self\" rel=\"lightbox[2196]\" data-rel=\"lightbox-image-13\" data-magnific_type=\"image\" data-rl_title=\"\" data-rl_caption=\"\" title=\"\"><img src=\"https:\/\/www.dimeco.com\/wp-content\/uploads\/2016\/03\/knives-strtaightening-4-938x600.jpg\" height=\"600\" width=\"938\" alt=\"\" class=\"slider-2196 slide-2199\" \/><\/a><\/li>\n                <li style=\"display: none; width: 100%;\" class=\"slide-2200 ms-image\"><a href=\"https:\/\/www.dimeco.com\/wp-content\/uploads\/2016\/03\/knives-strtaightening-5.jpg\" target=\"_self\" rel=\"lightbox[2196]\" data-rel=\"lightbox-image-14\" data-magnific_type=\"image\" data-rl_title=\"\" data-rl_caption=\"\" title=\"\"><img src=\"https:\/\/www.dimeco.com\/wp-content\/uploads\/2016\/03\/knives-strtaightening-5-938x600.jpg\" height=\"600\" width=\"938\" alt=\"\" class=\"slider-2196 slide-2200\" \/><\/a><\/li>\n                <li style=\"display: none; width: 100%;\" class=\"slide-2201 ms-image\"><a href=\"https:\/\/www.dimeco.com\/wp-content\/uploads\/2016\/03\/knives-strtaightening-6.jpg\" target=\"_self\" rel=\"lightbox[2196]\" data-rel=\"lightbox-image-15\" data-magnific_type=\"image\" data-rl_title=\"\" data-rl_caption=\"\" title=\"\"><img src=\"https:\/\/www.dimeco.com\/wp-content\/uploads\/2016\/03\/knives-strtaightening-6-938x600.jpg\" height=\"600\" width=\"938\" alt=\"\" class=\"slider-2196 slide-2201\" \/><\/a><\/li>\n            <\/ul>\n        <\/div>\n        \n    <\/div>\n<\/div>\n<\/div>\n<\/div>\n\t\t<\/div>\n\n\t\t\n<\/div>\n","protected":false},"excerpt":{"rendered":"<p>Structure de ligne<\/p>\n","protected":false},"author":1,"featured_media":681,"parent":2564,"menu_order":8,"comment_status":"closed","ping_status":"closed","template":"","meta":{"extendify_custom_stylesheet":""},"acf":[],"yoast_head":"<!-- This site is optimized with the Yoast SEO plugin v19.3 - https:\/\/yoast.com\/wordpress\/plugins\/seo\/ -->\n<title>Couteaux - Dimeco<\/title>\n<meta name=\"robots\" content=\"index, follow, max-snippet:-1, max-image-preview:large, max-video-preview:-1\" \/>\n<link rel=\"canonical\" href=\"https:\/\/www.dimeco.com\/fr\/applications\/electromenager-et-mobilier-metallique\/knives\/\" \/>\n<meta property=\"og:locale\" content=\"fr_FR\" \/>\n<meta property=\"og:type\" content=\"article\" \/>\n<meta property=\"og:title\" content=\"Couteaux - Dimeco\" \/>\n<meta property=\"og:description\" content=\"Structure de ligne\" \/>\n<meta property=\"og:url\" content=\"https:\/\/www.dimeco.com\/fr\/applications\/electromenager-et-mobilier-metallique\/knives\/\" \/>\n<meta property=\"og:site_name\" content=\"Dimeco\" \/>\n<meta property=\"article:modified_time\" content=\"2019-10-10T16:54:47+00:00\" \/>\n<meta property=\"og:image\" content=\"https:\/\/www.dimeco.com\/wp-content\/uploads\/2015\/10\/8.Knives.jpg\" \/>\n\t<meta property=\"og:image:width\" content=\"960\" \/>\n\t<meta property=\"og:image:height\" content=\"619\" \/>\n\t<meta property=\"og:image:type\" content=\"image\/jpeg\" \/>\n<meta name=\"twitter:card\" content=\"summary\" \/>\n<script type=\"application\/ld+json\" class=\"yoast-schema-graph\">{\"@context\":\"https:\/\/schema.org\",\"@graph\":[{\"@type\":\"WebSite\",\"@id\":\"https:\/\/www.dimeco.com\/es\/#website\",\"url\":\"https:\/\/www.dimeco.com\/es\/\",\"name\":\"Dimeco\",\"description\":\"FLEXIBLE SHEET METAL PUNCHING CUTTING &amp; FORMING PROCESSES\",\"potentialAction\":[{\"@type\":\"SearchAction\",\"target\":{\"@type\":\"EntryPoint\",\"urlTemplate\":\"https:\/\/www.dimeco.com\/es\/?s={search_term_string}\"},\"query-input\":\"required name=search_term_string\"}],\"inLanguage\":\"fr-FR\"},{\"@type\":\"ImageObject\",\"inLanguage\":\"fr-FR\",\"@id\":\"https:\/\/www.dimeco.com\/fr\/applications\/electromenager-et-mobilier-metallique\/knives\/#primaryimage\",\"url\":\"https:\/\/www.dimeco.com\/wp-content\/uploads\/2015\/10\/8.Knives.jpg\",\"contentUrl\":\"https:\/\/www.dimeco.com\/wp-content\/uploads\/2015\/10\/8.Knives.jpg\",\"width\":960,\"height\":619},{\"@type\":\"WebPage\",\"@id\":\"https:\/\/www.dimeco.com\/fr\/applications\/electromenager-et-mobilier-metallique\/knives\/\",\"url\":\"https:\/\/www.dimeco.com\/fr\/applications\/electromenager-et-mobilier-metallique\/knives\/\",\"name\":\"Couteaux - Dimeco\",\"isPartOf\":{\"@id\":\"https:\/\/www.dimeco.com\/es\/#website\"},\"primaryImageOfPage\":{\"@id\":\"https:\/\/www.dimeco.com\/fr\/applications\/electromenager-et-mobilier-metallique\/knives\/#primaryimage\"},\"datePublished\":\"2016-04-04T15:37:42+00:00\",\"dateModified\":\"2019-10-10T16:54:47+00:00\",\"breadcrumb\":{\"@id\":\"https:\/\/www.dimeco.com\/fr\/applications\/electromenager-et-mobilier-metallique\/knives\/#breadcrumb\"},\"inLanguage\":\"fr-FR\",\"potentialAction\":[{\"@type\":\"ReadAction\",\"target\":[\"https:\/\/www.dimeco.com\/fr\/applications\/electromenager-et-mobilier-metallique\/knives\/\"]}]},{\"@type\":\"BreadcrumbList\",\"@id\":\"https:\/\/www.dimeco.com\/fr\/applications\/electromenager-et-mobilier-metallique\/knives\/#breadcrumb\",\"itemListElement\":[{\"@type\":\"ListItem\",\"position\":1,\"name\":\"Home\",\"item\":\"https:\/\/www.dimeco.com\/fr\/\"},{\"@type\":\"ListItem\",\"position\":2,\"name\":\"Applications\",\"item\":\"https:\/\/www.dimeco.com\/fr\/applications\/\"},{\"@type\":\"ListItem\",\"position\":3,\"name\":\"\u00c9lectrom\u00e9nager et mobilier m\u00e9tallique\",\"item\":\"https:\/\/www.dimeco.com\/fr\/applications\/electromenager-et-mobilier-metallique\/\"},{\"@type\":\"ListItem\",\"position\":4,\"name\":\"Couteaux\"}]}]}<\/script>\n<!-- \/ Yoast SEO plugin. -->","yoast_head_json":{"title":"Couteaux - Dimeco","robots":{"index":"index","follow":"follow","max-snippet":"max-snippet:-1","max-image-preview":"max-image-preview:large","max-video-preview":"max-video-preview:-1"},"canonical":"https:\/\/www.dimeco.com\/fr\/applications\/electromenager-et-mobilier-metallique\/knives\/","og_locale":"fr_FR","og_type":"article","og_title":"Couteaux - Dimeco","og_description":"Structure de ligne","og_url":"https:\/\/www.dimeco.com\/fr\/applications\/electromenager-et-mobilier-metallique\/knives\/","og_site_name":"Dimeco","article_modified_time":"2019-10-10T16:54:47+00:00","og_image":[{"width":960,"height":619,"url":"https:\/\/www.dimeco.com\/wp-content\/uploads\/2015\/10\/8.Knives.jpg","type":"image\/jpeg"}],"twitter_card":"summary","schema":{"@context":"https:\/\/schema.org","@graph":[{"@type":"WebSite","@id":"https:\/\/www.dimeco.com\/es\/#website","url":"https:\/\/www.dimeco.com\/es\/","name":"Dimeco","description":"FLEXIBLE SHEET METAL PUNCHING CUTTING &amp; FORMING PROCESSES","potentialAction":[{"@type":"SearchAction","target":{"@type":"EntryPoint","urlTemplate":"https:\/\/www.dimeco.com\/es\/?s={search_term_string}"},"query-input":"required name=search_term_string"}],"inLanguage":"fr-FR"},{"@type":"ImageObject","inLanguage":"fr-FR","@id":"https:\/\/www.dimeco.com\/fr\/applications\/electromenager-et-mobilier-metallique\/knives\/#primaryimage","url":"https:\/\/www.dimeco.com\/wp-content\/uploads\/2015\/10\/8.Knives.jpg","contentUrl":"https:\/\/www.dimeco.com\/wp-content\/uploads\/2015\/10\/8.Knives.jpg","width":960,"height":619},{"@type":"WebPage","@id":"https:\/\/www.dimeco.com\/fr\/applications\/electromenager-et-mobilier-metallique\/knives\/","url":"https:\/\/www.dimeco.com\/fr\/applications\/electromenager-et-mobilier-metallique\/knives\/","name":"Couteaux - Dimeco","isPartOf":{"@id":"https:\/\/www.dimeco.com\/es\/#website"},"primaryImageOfPage":{"@id":"https:\/\/www.dimeco.com\/fr\/applications\/electromenager-et-mobilier-metallique\/knives\/#primaryimage"},"datePublished":"2016-04-04T15:37:42+00:00","dateModified":"2019-10-10T16:54:47+00:00","breadcrumb":{"@id":"https:\/\/www.dimeco.com\/fr\/applications\/electromenager-et-mobilier-metallique\/knives\/#breadcrumb"},"inLanguage":"fr-FR","potentialAction":[{"@type":"ReadAction","target":["https:\/\/www.dimeco.com\/fr\/applications\/electromenager-et-mobilier-metallique\/knives\/"]}]},{"@type":"BreadcrumbList","@id":"https:\/\/www.dimeco.com\/fr\/applications\/electromenager-et-mobilier-metallique\/knives\/#breadcrumb","itemListElement":[{"@type":"ListItem","position":1,"name":"Home","item":"https:\/\/www.dimeco.com\/fr\/"},{"@type":"ListItem","position":2,"name":"Applications","item":"https:\/\/www.dimeco.com\/fr\/applications\/"},{"@type":"ListItem","position":3,"name":"\u00c9lectrom\u00e9nager et mobilier m\u00e9tallique","item":"https:\/\/www.dimeco.com\/fr\/applications\/electromenager-et-mobilier-metallique\/"},{"@type":"ListItem","position":4,"name":"Couteaux"}]}]}},"_links":{"self":[{"href":"https:\/\/www.dimeco.com\/fr\/wp-json\/wp\/v2\/pages\/2745\/"}],"collection":[{"href":"https:\/\/www.dimeco.com\/fr\/wp-json\/wp\/v2\/pages\/"}],"about":[{"href":"https:\/\/www.dimeco.com\/fr\/wp-json\/wp\/v2\/types\/page\/"}],"author":[{"embeddable":true,"href":"https:\/\/www.dimeco.com\/fr\/wp-json\/wp\/v2\/users\/1\/"}],"replies":[{"embeddable":true,"href":"https:\/\/www.dimeco.com\/fr\/wp-json\/wp\/v2\/comments\/?post=2745"}],"version-history":[{"count":2,"href":"https:\/\/www.dimeco.com\/fr\/wp-json\/wp\/v2\/pages\/2745\/revisions\/"}],"predecessor-version":[{"id":16178,"href":"https:\/\/www.dimeco.com\/fr\/wp-json\/wp\/v2\/pages\/2745\/revisions\/16178\/"}],"up":[{"embeddable":true,"href":"https:\/\/www.dimeco.com\/fr\/wp-json\/wp\/v2\/pages\/2564\/"}],"wp:featuredmedia":[{"embeddable":true,"href":"https:\/\/www.dimeco.com\/fr\/wp-json\/wp\/v2\/media\/681\/"}],"wp:attachment":[{"href":"https:\/\/www.dimeco.com\/fr\/wp-json\/wp\/v2\/media\/?parent=2745"}],"curies":[{"name":"wp","href":"https:\/\/api.w.org\/{rel}","templated":true}]}}