{"id":2733,"date":"2016-04-04T15:32:34","date_gmt":"2016-04-04T15:32:34","guid":{"rendered":"http:\/\/www.dimeco.com\/fr\/?page_id=2733"},"modified":"2019-07-16T14:53:42","modified_gmt":"2019-07-16T14:53:42","slug":"upper-rail","status":"publish","type":"page","link":"https:\/\/www.dimeco.com\/fr\/applications\/electromenager-et-mobilier-metallique\/upper-rail\/","title":{"rendered":"Rails sup\u00e9rieurs"},"content":{"rendered":"<div class=\"row\">\n<div class=\"grid_5\">\n<h2>Pi\u00e8ces et profils<\/h2>\n<div id=\"metaslider-id-2076\" style=\"width: 100%; margin: 0 auto;\" class=\"ml-slider-3-27-7 metaslider metaslider-flex metaslider-2076 ml-slider ml-slider-lightbox-1-12-0 responsive-lightbox-gallery-2-4-1\">\n    <div id=\"metaslider_container_2076\">\n        <div id=\"metaslider_2076\">\n            <ul aria-live=\"polite\" class=\"slides\">\n                <li style=\"display: block; width: 100%;\" class=\"slide-2077 ms-image\"><a href=\"https:\/\/www.dimeco.com\/wp-content\/uploads\/2016\/03\/upper-rails-1.jpg\" target=\"_self\" rel=\"lightbox[2076]\" data-rel=\"lightbox-image-0\" data-magnific_type=\"image\" data-rl_title=\"\" data-rl_caption=\"\" title=\"\"><img src=\"https:\/\/www.dimeco.com\/wp-content\/uploads\/2016\/03\/upper-rails-1-938x600.jpg\" height=\"600\" width=\"938\" alt=\"\" class=\"slider-2076 slide-2077\" \/><\/a><\/li>\n                <li style=\"display: none; width: 100%;\" class=\"slide-2078 ms-image\"><a href=\"https:\/\/www.dimeco.com\/wp-content\/uploads\/2016\/03\/upper-rails-2.jpg\" target=\"_self\" rel=\"lightbox[2076]\" data-rel=\"lightbox-image-1\" data-magnific_type=\"image\" data-rl_title=\"\" data-rl_caption=\"\" title=\"\"><img src=\"https:\/\/www.dimeco.com\/wp-content\/uploads\/2016\/03\/upper-rails-2-938x600.jpg\" height=\"600\" width=\"938\" alt=\"\" class=\"slider-2076 slide-2078\" \/><\/a><\/li>\n                <li style=\"display: none; width: 100%;\" class=\"slide-2079 ms-image\"><a href=\"https:\/\/www.dimeco.com\/wp-content\/uploads\/2016\/03\/upper-rails-3.jpg\" target=\"_self\" rel=\"lightbox[2076]\" data-rel=\"lightbox-image-2\" data-magnific_type=\"image\" data-rl_title=\"\" data-rl_caption=\"\" title=\"\"><img src=\"https:\/\/www.dimeco.com\/wp-content\/uploads\/2016\/03\/upper-rails-3-938x600.jpg\" height=\"600\" width=\"938\" alt=\"\" class=\"slider-2076 slide-2079\" \/><\/a><\/li>\n            <\/ul>\n        <\/div>\n        \n    <\/div>\n<\/div>\n<\/div>\n<div class=\"grid_4\">\n<h2>Vid\u00e9os de lignes<\/h2>\n<p><a class=\"popup_video\" href=\"https:\/\/www.youtube.com\/watch?v=WVwjfYZpgQg\" data-rel=\"lightbox-video-0\" data-magnific_type=\"video\"><img loading=\"lazy\" class=\"max-img alignnone size-full wp-image-2080\" src=\"http:\/\/www.dimeco.com\/wp-content\/uploads\/2016\/02\/upper-rail-vid.jpg\" alt=\"upper-rail-vid\" width=\"641\" height=\"360\" srcset=\"https:\/\/www.dimeco.com\/wp-content\/uploads\/2016\/02\/upper-rail-vid.jpg 641w, https:\/\/www.dimeco.com\/wp-content\/uploads\/2016\/02\/upper-rail-vid-300x168.jpg 300w\" sizes=\"(max-width: 641px) 100vw, 641px\" \/><\/a><\/p>\n<p style=\"font-size: 11px;\">Si vous ne visualisez pas ces vid\u00e9os <a href=\"http:\/\/www.dimeco.com\/fr\/applications\/electromenager-et-mobilier-metallique\/upper-rail\/upper-rail-video\/\">cliquez ici<\/a>.<\/p>\n<\/div>\n<\/div>\n","protected":false},"excerpt":{"rendered":"","protected":false},"author":1,"featured_media":1654,"parent":2564,"menu_order":4,"comment_status":"closed","ping_status":"closed","template":"","meta":{"extendify_custom_stylesheet":""},"acf":[],"yoast_head":"<!-- This site is optimized with the Yoast SEO plugin v19.3 - https:\/\/yoast.com\/wordpress\/plugins\/seo\/ -->\n<title>Rails sup\u00e9rieurs - Dimeco<\/title>\n<meta name=\"robots\" content=\"index, follow, max-snippet:-1, max-image-preview:large, max-video-preview:-1\" \/>\n<link rel=\"canonical\" href=\"https:\/\/www.dimeco.com\/fr\/applications\/electromenager-et-mobilier-metallique\/upper-rail\/\" \/>\n<meta property=\"og:locale\" content=\"fr_FR\" \/>\n<meta property=\"og:type\" content=\"article\" \/>\n<meta property=\"og:title\" content=\"Rails sup\u00e9rieurs - Dimeco\" \/>\n<meta property=\"og:url\" content=\"https:\/\/www.dimeco.com\/fr\/applications\/electromenager-et-mobilier-metallique\/upper-rail\/\" \/>\n<meta property=\"og:site_name\" content=\"Dimeco\" \/>\n<meta property=\"article:modified_time\" content=\"2019-07-16T14:53:42+00:00\" \/>\n<meta property=\"og:image\" content=\"https:\/\/www.dimeco.com\/wp-content\/uploads\/2016\/02\/Upper-rails.jpg\" \/>\n\t<meta property=\"og:image:width\" content=\"2560\" \/>\n\t<meta property=\"og:image:height\" content=\"1536\" \/>\n\t<meta property=\"og:image:type\" content=\"image\/jpeg\" \/>\n<meta name=\"twitter:card\" content=\"summary\" \/>\n<script type=\"application\/ld+json\" class=\"yoast-schema-graph\">{\"@context\":\"https:\/\/schema.org\",\"@graph\":[{\"@type\":\"WebSite\",\"@id\":\"https:\/\/www.dimeco.com\/es\/#website\",\"url\":\"https:\/\/www.dimeco.com\/es\/\",\"name\":\"Dimeco\",\"description\":\"FLEXIBLE SHEET METAL PUNCHING CUTTING &amp; FORMING PROCESSES\",\"potentialAction\":[{\"@type\":\"SearchAction\",\"target\":{\"@type\":\"EntryPoint\",\"urlTemplate\":\"https:\/\/www.dimeco.com\/es\/?s={search_term_string}\"},\"query-input\":\"required name=search_term_string\"}],\"inLanguage\":\"fr-FR\"},{\"@type\":\"ImageObject\",\"inLanguage\":\"fr-FR\",\"@id\":\"https:\/\/www.dimeco.com\/fr\/applications\/electromenager-et-mobilier-metallique\/upper-rail\/#primaryimage\",\"url\":\"https:\/\/www.dimeco.com\/wp-content\/uploads\/2016\/02\/Upper-rails.jpg\",\"contentUrl\":\"https:\/\/www.dimeco.com\/wp-content\/uploads\/2016\/02\/Upper-rails.jpg\",\"width\":2560,\"height\":1536},{\"@type\":\"WebPage\",\"@id\":\"https:\/\/www.dimeco.com\/fr\/applications\/electromenager-et-mobilier-metallique\/upper-rail\/\",\"url\":\"https:\/\/www.dimeco.com\/fr\/applications\/electromenager-et-mobilier-metallique\/upper-rail\/\",\"name\":\"Rails sup\u00e9rieurs - Dimeco\",\"isPartOf\":{\"@id\":\"https:\/\/www.dimeco.com\/es\/#website\"},\"primaryImageOfPage\":{\"@id\":\"https:\/\/www.dimeco.com\/fr\/applications\/electromenager-et-mobilier-metallique\/upper-rail\/#primaryimage\"},\"datePublished\":\"2016-04-04T15:32:34+00:00\",\"dateModified\":\"2019-07-16T14:53:42+00:00\",\"breadcrumb\":{\"@id\":\"https:\/\/www.dimeco.com\/fr\/applications\/electromenager-et-mobilier-metallique\/upper-rail\/#breadcrumb\"},\"inLanguage\":\"fr-FR\",\"potentialAction\":[{\"@type\":\"ReadAction\",\"target\":[\"https:\/\/www.dimeco.com\/fr\/applications\/electromenager-et-mobilier-metallique\/upper-rail\/\"]}]},{\"@type\":\"BreadcrumbList\",\"@id\":\"https:\/\/www.dimeco.com\/fr\/applications\/electromenager-et-mobilier-metallique\/upper-rail\/#breadcrumb\",\"itemListElement\":[{\"@type\":\"ListItem\",\"position\":1,\"name\":\"Home\",\"item\":\"https:\/\/www.dimeco.com\/fr\/\"},{\"@type\":\"ListItem\",\"position\":2,\"name\":\"Applications\",\"item\":\"https:\/\/www.dimeco.com\/fr\/applications\/\"},{\"@type\":\"ListItem\",\"position\":3,\"name\":\"\u00c9lectrom\u00e9nager et mobilier m\u00e9tallique\",\"item\":\"https:\/\/www.dimeco.com\/fr\/applications\/electromenager-et-mobilier-metallique\/\"},{\"@type\":\"ListItem\",\"position\":4,\"name\":\"Rails sup\u00e9rieurs\"}]}]}<\/script>\n<!-- \/ Yoast SEO plugin. -->","yoast_head_json":{"title":"Rails sup\u00e9rieurs - Dimeco","robots":{"index":"index","follow":"follow","max-snippet":"max-snippet:-1","max-image-preview":"max-image-preview:large","max-video-preview":"max-video-preview:-1"},"canonical":"https:\/\/www.dimeco.com\/fr\/applications\/electromenager-et-mobilier-metallique\/upper-rail\/","og_locale":"fr_FR","og_type":"article","og_title":"Rails sup\u00e9rieurs - Dimeco","og_url":"https:\/\/www.dimeco.com\/fr\/applications\/electromenager-et-mobilier-metallique\/upper-rail\/","og_site_name":"Dimeco","article_modified_time":"2019-07-16T14:53:42+00:00","og_image":[{"width":2560,"height":1536,"url":"https:\/\/www.dimeco.com\/wp-content\/uploads\/2016\/02\/Upper-rails.jpg","type":"image\/jpeg"}],"twitter_card":"summary","schema":{"@context":"https:\/\/schema.org","@graph":[{"@type":"WebSite","@id":"https:\/\/www.dimeco.com\/es\/#website","url":"https:\/\/www.dimeco.com\/es\/","name":"Dimeco","description":"FLEXIBLE SHEET METAL PUNCHING CUTTING &amp; FORMING PROCESSES","potentialAction":[{"@type":"SearchAction","target":{"@type":"EntryPoint","urlTemplate":"https:\/\/www.dimeco.com\/es\/?s={search_term_string}"},"query-input":"required name=search_term_string"}],"inLanguage":"fr-FR"},{"@type":"ImageObject","inLanguage":"fr-FR","@id":"https:\/\/www.dimeco.com\/fr\/applications\/electromenager-et-mobilier-metallique\/upper-rail\/#primaryimage","url":"https:\/\/www.dimeco.com\/wp-content\/uploads\/2016\/02\/Upper-rails.jpg","contentUrl":"https:\/\/www.dimeco.com\/wp-content\/uploads\/2016\/02\/Upper-rails.jpg","width":2560,"height":1536},{"@type":"WebPage","@id":"https:\/\/www.dimeco.com\/fr\/applications\/electromenager-et-mobilier-metallique\/upper-rail\/","url":"https:\/\/www.dimeco.com\/fr\/applications\/electromenager-et-mobilier-metallique\/upper-rail\/","name":"Rails sup\u00e9rieurs - Dimeco","isPartOf":{"@id":"https:\/\/www.dimeco.com\/es\/#website"},"primaryImageOfPage":{"@id":"https:\/\/www.dimeco.com\/fr\/applications\/electromenager-et-mobilier-metallique\/upper-rail\/#primaryimage"},"datePublished":"2016-04-04T15:32:34+00:00","dateModified":"2019-07-16T14:53:42+00:00","breadcrumb":{"@id":"https:\/\/www.dimeco.com\/fr\/applications\/electromenager-et-mobilier-metallique\/upper-rail\/#breadcrumb"},"inLanguage":"fr-FR","potentialAction":[{"@type":"ReadAction","target":["https:\/\/www.dimeco.com\/fr\/applications\/electromenager-et-mobilier-metallique\/upper-rail\/"]}]},{"@type":"BreadcrumbList","@id":"https:\/\/www.dimeco.com\/fr\/applications\/electromenager-et-mobilier-metallique\/upper-rail\/#breadcrumb","itemListElement":[{"@type":"ListItem","position":1,"name":"Home","item":"https:\/\/www.dimeco.com\/fr\/"},{"@type":"ListItem","position":2,"name":"Applications","item":"https:\/\/www.dimeco.com\/fr\/applications\/"},{"@type":"ListItem","position":3,"name":"\u00c9lectrom\u00e9nager et mobilier m\u00e9tallique","item":"https:\/\/www.dimeco.com\/fr\/applications\/electromenager-et-mobilier-metallique\/"},{"@type":"ListItem","position":4,"name":"Rails sup\u00e9rieurs"}]}]}},"_links":{"self":[{"href":"https:\/\/www.dimeco.com\/fr\/wp-json\/wp\/v2\/pages\/2733\/"}],"collection":[{"href":"https:\/\/www.dimeco.com\/fr\/wp-json\/wp\/v2\/pages\/"}],"about":[{"href":"https:\/\/www.dimeco.com\/fr\/wp-json\/wp\/v2\/types\/page\/"}],"author":[{"embeddable":true,"href":"https:\/\/www.dimeco.com\/fr\/wp-json\/wp\/v2\/users\/1\/"}],"replies":[{"embeddable":true,"href":"https:\/\/www.dimeco.com\/fr\/wp-json\/wp\/v2\/comments\/?post=2733"}],"version-history":[{"count":1,"href":"https:\/\/www.dimeco.com\/fr\/wp-json\/wp\/v2\/pages\/2733\/revisions\/"}],"predecessor-version":[{"id":15777,"href":"https:\/\/www.dimeco.com\/fr\/wp-json\/wp\/v2\/pages\/2733\/revisions\/15777\/"}],"up":[{"embeddable":true,"href":"https:\/\/www.dimeco.com\/fr\/wp-json\/wp\/v2\/pages\/2564\/"}],"wp:featuredmedia":[{"embeddable":true,"href":"https:\/\/www.dimeco.com\/fr\/wp-json\/wp\/v2\/media\/1654\/"}],"wp:attachment":[{"href":"https:\/\/www.dimeco.com\/fr\/wp-json\/wp\/v2\/media\/?parent=2733"}],"curies":[{"name":"wp","href":"https:\/\/api.w.org\/{rel}","templated":true}]}}