{"id":2731,"date":"2016-04-04T15:31:59","date_gmt":"2016-04-04T15:31:59","guid":{"rendered":"http:\/\/www.dimeco.com\/fr\/?page_id=2731"},"modified":"2018-12-20T12:36:58","modified_gmt":"2018-12-20T12:36:58","slug":"door-rails","status":"publish","type":"page","link":"https:\/\/www.dimeco.com\/fr\/applications\/electromenager-et-mobilier-metallique\/door-rails\/","title":{"rendered":"Rails de portes coulissantes"},"content":{"rendered":"<h2>Parts &#8211; Profiles<\/h2>\n<div class=\"row\">\n<div class=\"grid_4\">\n&nbsp;<\/p>\n<\/div>\n<div class=\"grid_5\">\n<div id=\"metaslider-id-14317\" style=\"max-width: 938px;\" class=\"ml-slider-3-27-7 metaslider metaslider-flex metaslider-14317 ml-slider ml-slider-lightbox-1-12-0 responsive-lightbox-gallery-2-4-1\">\n    <div id=\"metaslider_container_14317\">\n        <div id=\"metaslider_14317\">\n            <ul aria-live=\"polite\" class=\"slides\">\n                <li style=\"display: block; width: 100%;\" class=\"slide-14334 ms-image\"><a href=\"https:\/\/www.dimeco.com\/wp-content\/uploads\/2018\/12\/door-rails-main1.jpg\" target=\"_self\" rel=\"lightbox[14317]\" data-rel=\"lightbox-image-0\" data-magnific_type=\"image\" data-rl_title=\"\" data-rl_caption=\"\"><img src=\"https:\/\/www.dimeco.com\/wp-content\/uploads\/2018\/12\/door-rails-main1-938x600.jpg\" height=\"600\" width=\"938\" alt=\"\" class=\"slider-14317 slide-14334\" title=\"\" \/><\/a><\/li>\n                <li style=\"display: none; width: 100%;\" class=\"slide-14335 ms-image\"><a href=\"https:\/\/www.dimeco.com\/wp-content\/uploads\/2018\/12\/door-rails-main2.jpg\" target=\"_self\" rel=\"lightbox[14317]\" data-rel=\"lightbox-image-1\" data-magnific_type=\"image\" data-rl_title=\"\" data-rl_caption=\"\"><img src=\"https:\/\/www.dimeco.com\/wp-content\/uploads\/2018\/12\/door-rails-main2-938x600.jpg\" height=\"600\" width=\"938\" alt=\"\" class=\"slider-14317 slide-14335\" title=\"\" \/><\/a><\/li>\n                <li style=\"display: none; width: 100%;\" class=\"slide-14336 ms-image\"><a href=\"https:\/\/www.dimeco.com\/wp-content\/uploads\/2018\/12\/door-rails-main3.jpg\" target=\"_self\" rel=\"lightbox[14317]\" data-rel=\"lightbox-image-2\" data-magnific_type=\"image\" data-rl_title=\"\" data-rl_caption=\"\"><img src=\"https:\/\/www.dimeco.com\/wp-content\/uploads\/2018\/12\/door-rails-main3-938x600.jpg\" height=\"600\" width=\"938\" alt=\"\" class=\"slider-14317 slide-14336\" title=\"\" \/><\/a><\/li>\n            <\/ul>\n        <\/div>\n        \n    <\/div>\n<\/div>\n<\/div>\n<\/div>\n<h2>Line Structure<\/h2>\n<div id=\"accordion-1\" class=\"accordion no-js\">\n\n\t\t\t\t\t<p role=\"button\" id=\"accordion-1-t1\" class=\"accordion-title js-accordion-controller\" aria-controls=\"accordion-1-c1\" aria-expanded=\"false\" tabindex=\"0\">\n\t\t\t\tHighlights\t\t\t<\/p>\n\t\t\n\t\t<div id=\"accordion-1-c1\" class=\"accordion-content\" aria-hidden=\"true\">\n\t\t\t\n<div class=\"row\">\n<div class=\"grid_4\">\n<\/div>\n<div class=\"grid_4\">\n<div id=\"metaslider-id-14343\" style=\"max-width: 938px;\" class=\"ml-slider-3-27-7 metaslider metaslider-flex metaslider-14343 ml-slider ml-slider-lightbox-1-12-0 responsive-lightbox-gallery-2-4-1\">\n    <div id=\"metaslider_container_14343\">\n        <div id=\"metaslider_14343\">\n            <ul aria-live=\"polite\" class=\"slides\">\n                <li style=\"display: block; width: 100%;\" class=\"slide-14369 ms-image\"><a href=\"https:\/\/www.dimeco.com\/wp-content\/uploads\/2018\/12\/door-rails-highlights-1.jpg\" target=\"_self\" rel=\"lightbox[14343]\" data-rel=\"lightbox-image-3\" data-magnific_type=\"image\" data-rl_title=\"\" data-rl_caption=\"\"><img src=\"https:\/\/www.dimeco.com\/wp-content\/uploads\/2018\/12\/door-rails-highlights-1-938x600.jpg\" height=\"600\" width=\"938\" alt=\"\" class=\"slider-14343 slide-14369\" title=\"\" \/><\/a><\/li>\n                <li style=\"display: none; width: 100%;\" class=\"slide-14370 ms-image\"><a href=\"https:\/\/www.dimeco.com\/wp-content\/uploads\/2018\/12\/door-rails-highlights-2.jpg\" target=\"_self\" rel=\"lightbox[14343]\" data-rel=\"lightbox-image-4\" data-magnific_type=\"image\" data-rl_title=\"\" data-rl_caption=\"\"><img src=\"https:\/\/www.dimeco.com\/wp-content\/uploads\/2018\/12\/door-rails-highlights-2-938x600.jpg\" height=\"600\" width=\"938\" alt=\"\" class=\"slider-14343 slide-14370\" title=\"\" \/><\/a><\/li>\n                <li style=\"display: none; width: 100%;\" class=\"slide-14371 ms-image\"><a href=\"https:\/\/www.dimeco.com\/wp-content\/uploads\/2018\/12\/door-rails-highlights-3.jpg\" target=\"_self\" rel=\"lightbox[14343]\" data-rel=\"lightbox-image-5\" data-magnific_type=\"image\" data-rl_title=\"\" data-rl_caption=\"\"><img src=\"https:\/\/www.dimeco.com\/wp-content\/uploads\/2018\/12\/door-rails-highlights-3-938x600.jpg\" height=\"600\" width=\"938\" alt=\"\" class=\"slider-14343 slide-14371\" title=\"\" \/><\/a><\/li>\n                <li style=\"display: none; width: 100%;\" class=\"slide-14372 ms-image\"><a href=\"https:\/\/www.dimeco.com\/wp-content\/uploads\/2018\/12\/door-rails-highlights-4.jpg\" target=\"_self\" rel=\"lightbox[14343]\" data-rel=\"lightbox-image-6\" data-magnific_type=\"image\" data-rl_title=\"\" data-rl_caption=\"\"><img src=\"https:\/\/www.dimeco.com\/wp-content\/uploads\/2018\/12\/door-rails-highlights-4-938x600.jpg\" height=\"600\" width=\"938\" alt=\"\" class=\"slider-14343 slide-14372\" title=\"\" \/><\/a><\/li>\n                <li style=\"display: none; width: 100%;\" class=\"slide-14373 ms-image\"><a href=\"https:\/\/www.dimeco.com\/wp-content\/uploads\/2018\/12\/door-rails-highlights-5.jpg\" target=\"_self\" rel=\"lightbox[14343]\" data-rel=\"lightbox-image-7\" data-magnific_type=\"image\" data-rl_title=\"\" data-rl_caption=\"\"><img src=\"https:\/\/www.dimeco.com\/wp-content\/uploads\/2018\/12\/door-rails-highlights-5-938x600.jpg\" height=\"600\" width=\"938\" alt=\"\" class=\"slider-14343 slide-14373\" title=\"\" \/><\/a><\/li>\n            <\/ul>\n        <\/div>\n        \n    <\/div>\n<\/div>\n<\/div>\n<\/div>\n\t\t<\/div>\n\n\t\t\n<\/div>\n","protected":false},"excerpt":{"rendered":"<p>Parts &#8211; Profiles Line Structure<\/p>\n","protected":false},"author":1,"featured_media":933,"parent":2564,"menu_order":3,"comment_status":"closed","ping_status":"closed","template":"","meta":{"extendify_custom_stylesheet":""},"acf":[],"yoast_head":"<!-- This site is optimized with the Yoast SEO plugin v19.3 - https:\/\/yoast.com\/wordpress\/plugins\/seo\/ -->\n<title>Rails de portes coulissantes - Dimeco<\/title>\n<meta name=\"robots\" content=\"index, follow, max-snippet:-1, max-image-preview:large, max-video-preview:-1\" \/>\n<link rel=\"canonical\" href=\"https:\/\/www.dimeco.com\/fr\/applications\/electromenager-et-mobilier-metallique\/door-rails\/\" \/>\n<meta property=\"og:locale\" content=\"fr_FR\" \/>\n<meta property=\"og:type\" content=\"article\" \/>\n<meta property=\"og:title\" content=\"Rails de portes coulissantes - Dimeco\" \/>\n<meta property=\"og:description\" content=\"Parts &#8211; Profiles Line Structure\" \/>\n<meta property=\"og:url\" content=\"https:\/\/www.dimeco.com\/fr\/applications\/electromenager-et-mobilier-metallique\/door-rails\/\" \/>\n<meta property=\"og:site_name\" content=\"Dimeco\" \/>\n<meta property=\"article:modified_time\" content=\"2018-12-20T12:36:58+00:00\" \/>\n<meta property=\"og:image\" content=\"https:\/\/www.dimeco.com\/wp-content\/uploads\/2015\/10\/3.Door-rails.jpg\" \/>\n\t<meta property=\"og:image:width\" content=\"960\" \/>\n\t<meta property=\"og:image:height\" content=\"640\" \/>\n\t<meta property=\"og:image:type\" content=\"image\/jpeg\" \/>\n<meta name=\"twitter:card\" content=\"summary\" \/>\n<script type=\"application\/ld+json\" class=\"yoast-schema-graph\">{\"@context\":\"https:\/\/schema.org\",\"@graph\":[{\"@type\":\"WebSite\",\"@id\":\"https:\/\/www.dimeco.com\/es\/#website\",\"url\":\"https:\/\/www.dimeco.com\/es\/\",\"name\":\"Dimeco\",\"description\":\"FLEXIBLE SHEET METAL PUNCHING CUTTING &amp; FORMING PROCESSES\",\"potentialAction\":[{\"@type\":\"SearchAction\",\"target\":{\"@type\":\"EntryPoint\",\"urlTemplate\":\"https:\/\/www.dimeco.com\/es\/?s={search_term_string}\"},\"query-input\":\"required name=search_term_string\"}],\"inLanguage\":\"fr-FR\"},{\"@type\":\"ImageObject\",\"inLanguage\":\"fr-FR\",\"@id\":\"https:\/\/www.dimeco.com\/fr\/applications\/electromenager-et-mobilier-metallique\/door-rails\/#primaryimage\",\"url\":\"https:\/\/www.dimeco.com\/wp-content\/uploads\/2015\/10\/3.Door-rails.jpg\",\"contentUrl\":\"https:\/\/www.dimeco.com\/wp-content\/uploads\/2015\/10\/3.Door-rails.jpg\",\"width\":960,\"height\":640},{\"@type\":\"WebPage\",\"@id\":\"https:\/\/www.dimeco.com\/fr\/applications\/electromenager-et-mobilier-metallique\/door-rails\/\",\"url\":\"https:\/\/www.dimeco.com\/fr\/applications\/electromenager-et-mobilier-metallique\/door-rails\/\",\"name\":\"Rails de portes coulissantes - Dimeco\",\"isPartOf\":{\"@id\":\"https:\/\/www.dimeco.com\/es\/#website\"},\"primaryImageOfPage\":{\"@id\":\"https:\/\/www.dimeco.com\/fr\/applications\/electromenager-et-mobilier-metallique\/door-rails\/#primaryimage\"},\"datePublished\":\"2016-04-04T15:31:59+00:00\",\"dateModified\":\"2018-12-20T12:36:58+00:00\",\"breadcrumb\":{\"@id\":\"https:\/\/www.dimeco.com\/fr\/applications\/electromenager-et-mobilier-metallique\/door-rails\/#breadcrumb\"},\"inLanguage\":\"fr-FR\",\"potentialAction\":[{\"@type\":\"ReadAction\",\"target\":[\"https:\/\/www.dimeco.com\/fr\/applications\/electromenager-et-mobilier-metallique\/door-rails\/\"]}]},{\"@type\":\"BreadcrumbList\",\"@id\":\"https:\/\/www.dimeco.com\/fr\/applications\/electromenager-et-mobilier-metallique\/door-rails\/#breadcrumb\",\"itemListElement\":[{\"@type\":\"ListItem\",\"position\":1,\"name\":\"Home\",\"item\":\"https:\/\/www.dimeco.com\/fr\/\"},{\"@type\":\"ListItem\",\"position\":2,\"name\":\"Applications\",\"item\":\"https:\/\/www.dimeco.com\/fr\/applications\/\"},{\"@type\":\"ListItem\",\"position\":3,\"name\":\"\u00c9lectrom\u00e9nager et mobilier m\u00e9tallique\",\"item\":\"https:\/\/www.dimeco.com\/fr\/applications\/electromenager-et-mobilier-metallique\/\"},{\"@type\":\"ListItem\",\"position\":4,\"name\":\"Rails de portes coulissantes\"}]}]}<\/script>\n<!-- \/ Yoast SEO plugin. -->","yoast_head_json":{"title":"Rails de portes coulissantes - Dimeco","robots":{"index":"index","follow":"follow","max-snippet":"max-snippet:-1","max-image-preview":"max-image-preview:large","max-video-preview":"max-video-preview:-1"},"canonical":"https:\/\/www.dimeco.com\/fr\/applications\/electromenager-et-mobilier-metallique\/door-rails\/","og_locale":"fr_FR","og_type":"article","og_title":"Rails de portes coulissantes - Dimeco","og_description":"Parts &#8211; Profiles Line Structure","og_url":"https:\/\/www.dimeco.com\/fr\/applications\/electromenager-et-mobilier-metallique\/door-rails\/","og_site_name":"Dimeco","article_modified_time":"2018-12-20T12:36:58+00:00","og_image":[{"width":960,"height":640,"url":"https:\/\/www.dimeco.com\/wp-content\/uploads\/2015\/10\/3.Door-rails.jpg","type":"image\/jpeg"}],"twitter_card":"summary","schema":{"@context":"https:\/\/schema.org","@graph":[{"@type":"WebSite","@id":"https:\/\/www.dimeco.com\/es\/#website","url":"https:\/\/www.dimeco.com\/es\/","name":"Dimeco","description":"FLEXIBLE SHEET METAL PUNCHING CUTTING &amp; FORMING PROCESSES","potentialAction":[{"@type":"SearchAction","target":{"@type":"EntryPoint","urlTemplate":"https:\/\/www.dimeco.com\/es\/?s={search_term_string}"},"query-input":"required name=search_term_string"}],"inLanguage":"fr-FR"},{"@type":"ImageObject","inLanguage":"fr-FR","@id":"https:\/\/www.dimeco.com\/fr\/applications\/electromenager-et-mobilier-metallique\/door-rails\/#primaryimage","url":"https:\/\/www.dimeco.com\/wp-content\/uploads\/2015\/10\/3.Door-rails.jpg","contentUrl":"https:\/\/www.dimeco.com\/wp-content\/uploads\/2015\/10\/3.Door-rails.jpg","width":960,"height":640},{"@type":"WebPage","@id":"https:\/\/www.dimeco.com\/fr\/applications\/electromenager-et-mobilier-metallique\/door-rails\/","url":"https:\/\/www.dimeco.com\/fr\/applications\/electromenager-et-mobilier-metallique\/door-rails\/","name":"Rails de portes coulissantes - Dimeco","isPartOf":{"@id":"https:\/\/www.dimeco.com\/es\/#website"},"primaryImageOfPage":{"@id":"https:\/\/www.dimeco.com\/fr\/applications\/electromenager-et-mobilier-metallique\/door-rails\/#primaryimage"},"datePublished":"2016-04-04T15:31:59+00:00","dateModified":"2018-12-20T12:36:58+00:00","breadcrumb":{"@id":"https:\/\/www.dimeco.com\/fr\/applications\/electromenager-et-mobilier-metallique\/door-rails\/#breadcrumb"},"inLanguage":"fr-FR","potentialAction":[{"@type":"ReadAction","target":["https:\/\/www.dimeco.com\/fr\/applications\/electromenager-et-mobilier-metallique\/door-rails\/"]}]},{"@type":"BreadcrumbList","@id":"https:\/\/www.dimeco.com\/fr\/applications\/electromenager-et-mobilier-metallique\/door-rails\/#breadcrumb","itemListElement":[{"@type":"ListItem","position":1,"name":"Home","item":"https:\/\/www.dimeco.com\/fr\/"},{"@type":"ListItem","position":2,"name":"Applications","item":"https:\/\/www.dimeco.com\/fr\/applications\/"},{"@type":"ListItem","position":3,"name":"\u00c9lectrom\u00e9nager et mobilier m\u00e9tallique","item":"https:\/\/www.dimeco.com\/fr\/applications\/electromenager-et-mobilier-metallique\/"},{"@type":"ListItem","position":4,"name":"Rails de portes coulissantes"}]}]}},"_links":{"self":[{"href":"https:\/\/www.dimeco.com\/fr\/wp-json\/wp\/v2\/pages\/2731\/"}],"collection":[{"href":"https:\/\/www.dimeco.com\/fr\/wp-json\/wp\/v2\/pages\/"}],"about":[{"href":"https:\/\/www.dimeco.com\/fr\/wp-json\/wp\/v2\/types\/page\/"}],"author":[{"embeddable":true,"href":"https:\/\/www.dimeco.com\/fr\/wp-json\/wp\/v2\/users\/1\/"}],"replies":[{"embeddable":true,"href":"https:\/\/www.dimeco.com\/fr\/wp-json\/wp\/v2\/comments\/?post=2731"}],"version-history":[{"count":3,"href":"https:\/\/www.dimeco.com\/fr\/wp-json\/wp\/v2\/pages\/2731\/revisions\/"}],"predecessor-version":[{"id":14467,"href":"https:\/\/www.dimeco.com\/fr\/wp-json\/wp\/v2\/pages\/2731\/revisions\/14467\/"}],"up":[{"embeddable":true,"href":"https:\/\/www.dimeco.com\/fr\/wp-json\/wp\/v2\/pages\/2564\/"}],"wp:featuredmedia":[{"embeddable":true,"href":"https:\/\/www.dimeco.com\/fr\/wp-json\/wp\/v2\/media\/933\/"}],"wp:attachment":[{"href":"https:\/\/www.dimeco.com\/fr\/wp-json\/wp\/v2\/media\/?parent=2731"}],"curies":[{"name":"wp","href":"https:\/\/api.w.org\/{rel}","templated":true}]}}