{"id":2710,"date":"2016-04-04T15:11:09","date_gmt":"2016-04-04T15:11:09","guid":{"rendered":"http:\/\/www.dimeco.com\/fr\/?page_id=2710"},"modified":"2019-10-10T16:55:25","modified_gmt":"2019-10-10T16:55:25","slug":"coils-pallets-protectors","status":"publish","type":"page","link":"https:\/\/www.dimeco.com\/fr\/applications\/autres\/coils-pallets-protectors\/","title":{"rendered":"Protection de bobines de t\u00f4le"},"content":{"rendered":"<p>Ligne de fabrication des protections interne et externe des bobines de t\u00f4le et des piles de t\u00f4le.<\/p>\n<div class=\"row\">\n<div class=\"grid_5\">\n<h2>Pi\u00e8ces et profils<\/h2>\n<div id=\"metaslider-id-2206\" style=\"width: 100%; margin: 0 auto;\" class=\"ml-slider-3-27-7 metaslider metaslider-flex metaslider-2206 ml-slider ml-slider-lightbox-1-12-0 responsive-lightbox-gallery-2-4-1 nav-hidden\">\n    <div id=\"metaslider_container_2206\">\n        <div id=\"metaslider_2206\">\n            <ul aria-live=\"polite\" class=\"slides\">\n                <li style=\"display: block; width: 100%;\" class=\"slide-2214 ms-image\"><a href=\"https:\/\/www.dimeco.com\/wp-content\/uploads\/2016\/03\/coils-pallets-protector-main-1.jpg\" target=\"_self\" rel=\"lightbox[2206]\" data-rel=\"lightbox-image-0\" data-magnific_type=\"image\" data-rl_title=\"\" data-rl_caption=\"\" title=\"\"><img src=\"https:\/\/www.dimeco.com\/wp-content\/uploads\/2016\/03\/coils-pallets-protector-main-1-938x600.jpg\" height=\"600\" width=\"938\" alt=\"\" class=\"slider-2206 slide-2214\" \/><\/a><\/li>\n                <li style=\"display: none; width: 100%;\" class=\"slide-2215 ms-image\"><a href=\"https:\/\/www.dimeco.com\/wp-content\/uploads\/2016\/03\/coils-pallets-protector-main-2.jpg\" target=\"_self\" rel=\"lightbox[2206]\" data-rel=\"lightbox-image-1\" data-magnific_type=\"image\" data-rl_title=\"\" data-rl_caption=\"\" title=\"\"><img src=\"https:\/\/www.dimeco.com\/wp-content\/uploads\/2016\/03\/coils-pallets-protector-main-2-938x600.jpg\" height=\"600\" width=\"938\" alt=\"\" class=\"slider-2206 slide-2215\" \/><\/a><\/li>\n                <li style=\"display: none; width: 100%;\" class=\"slide-2216 ms-image\"><a href=\"https:\/\/www.dimeco.com\/wp-content\/uploads\/2016\/03\/coils-pallets-protector-main-3.jpg\" target=\"_self\" rel=\"lightbox[2206]\" data-rel=\"lightbox-image-2\" data-magnific_type=\"image\" data-rl_title=\"\" data-rl_caption=\"\" title=\"\"><img src=\"https:\/\/www.dimeco.com\/wp-content\/uploads\/2016\/03\/coils-pallets-protector-main-3-938x600.jpg\" height=\"600\" width=\"938\" alt=\"\" class=\"slider-2206 slide-2216\" \/><\/a><\/li>\n                <li style=\"display: none; width: 100%;\" class=\"slide-2207 ms-image\"><a href=\"https:\/\/www.dimeco.com\/wp-content\/uploads\/2016\/03\/coils-pallets-protector-main-4.jpg\" target=\"_self\" rel=\"lightbox[2206]\" data-rel=\"lightbox-image-3\" data-magnific_type=\"image\" data-rl_title=\"\" data-rl_caption=\"\" title=\"\"><img src=\"https:\/\/www.dimeco.com\/wp-content\/uploads\/2016\/03\/coils-pallets-protector-main-4-938x600.jpg\" height=\"600\" width=\"938\" alt=\"\" class=\"slider-2206 slide-2207\" \/><\/a><\/li>\n                <li style=\"display: none; width: 100%;\" class=\"slide-2208 ms-image\"><a href=\"https:\/\/www.dimeco.com\/wp-content\/uploads\/2016\/03\/coils-pallets-protector-main-5.jpg\" target=\"_self\" rel=\"lightbox[2206]\" data-rel=\"lightbox-image-4\" data-magnific_type=\"image\" data-rl_title=\"\" data-rl_caption=\"\" title=\"\"><img src=\"https:\/\/www.dimeco.com\/wp-content\/uploads\/2016\/03\/coils-pallets-protector-main-5-938x600.jpg\" height=\"600\" width=\"938\" alt=\"\" class=\"slider-2206 slide-2208\" \/><\/a><\/li>\n                <li style=\"display: none; width: 100%;\" class=\"slide-2209 ms-image\"><a href=\"https:\/\/www.dimeco.com\/wp-content\/uploads\/2016\/03\/coils-pallets-protector-main-6.jpg\" target=\"_self\" rel=\"lightbox[2206]\" data-rel=\"lightbox-image-5\" data-magnific_type=\"image\" data-rl_title=\"\" data-rl_caption=\"\" title=\"\"><img src=\"https:\/\/www.dimeco.com\/wp-content\/uploads\/2016\/03\/coils-pallets-protector-main-6-938x600.jpg\" height=\"600\" width=\"938\" alt=\"\" class=\"slider-2206 slide-2209\" \/><\/a><\/li>\n                <li style=\"display: none; width: 100%;\" class=\"slide-2210 ms-image\"><a href=\"https:\/\/www.dimeco.com\/wp-content\/uploads\/2016\/03\/coils-pallets-protector-main-7.jpg\" target=\"_self\" rel=\"lightbox[2206]\" data-rel=\"lightbox-image-6\" data-magnific_type=\"image\" data-rl_title=\"\" data-rl_caption=\"\" title=\"\"><img src=\"https:\/\/www.dimeco.com\/wp-content\/uploads\/2016\/03\/coils-pallets-protector-main-7-938x600.jpg\" height=\"600\" width=\"938\" alt=\"\" class=\"slider-2206 slide-2210\" \/><\/a><\/li>\n                <li style=\"display: none; width: 100%;\" class=\"slide-2211 ms-image\"><a href=\"https:\/\/www.dimeco.com\/wp-content\/uploads\/2016\/03\/coils-pallets-protector-main-8.jpg\" target=\"_self\" rel=\"lightbox[2206]\" data-rel=\"lightbox-image-7\" data-magnific_type=\"image\" data-rl_title=\"\" data-rl_caption=\"\" title=\"\"><img src=\"https:\/\/www.dimeco.com\/wp-content\/uploads\/2016\/03\/coils-pallets-protector-main-8-938x600.jpg\" height=\"600\" width=\"938\" alt=\"\" class=\"slider-2206 slide-2211\" \/><\/a><\/li>\n                <li style=\"display: none; width: 100%;\" class=\"slide-2212 ms-image\"><a href=\"https:\/\/www.dimeco.com\/wp-content\/uploads\/2016\/03\/coils-pallets-protector-main-9.jpg\" target=\"_self\" rel=\"lightbox[2206]\" data-rel=\"lightbox-image-8\" data-magnific_type=\"image\" data-rl_title=\"\" data-rl_caption=\"\" title=\"\"><img src=\"https:\/\/www.dimeco.com\/wp-content\/uploads\/2016\/03\/coils-pallets-protector-main-9-938x600.jpg\" height=\"600\" width=\"938\" alt=\"\" class=\"slider-2206 slide-2212\" \/><\/a><\/li>\n                <li style=\"display: none; width: 100%;\" class=\"slide-2213 ms-image\"><a href=\"https:\/\/www.dimeco.com\/wp-content\/uploads\/2016\/03\/coils-pallets-protector-main-10.jpg\" target=\"_self\" rel=\"lightbox[2206]\" data-rel=\"lightbox-image-9\" data-magnific_type=\"image\" data-rl_title=\"\" data-rl_caption=\"\" title=\"\"><img src=\"https:\/\/www.dimeco.com\/wp-content\/uploads\/2016\/03\/coils-pallets-protector-main-10-938x600.jpg\" height=\"600\" width=\"938\" alt=\"\" class=\"slider-2206 slide-2213\" \/><\/a><\/li>\n            <\/ul>\n        <\/div>\n        \n    <\/div>\n<\/div>\n<\/div>\n<div class=\"grid_4\">\n<h2>Vid\u00e9os de lignes<\/h2>\n<p><a class=\"popup_video\" href=\"https:\/\/www.youtube.com\/watch?v=pSr1V02KeaI\" data-rel=\"lightbox-video-0\" data-magnific_type=\"video\"><img loading=\"lazy\" class=\"max-img alignnone size-full wp-image-1626\" src=\"http:\/\/www.dimeco.com\/wp-content\/uploads\/2015\/10\/coils-protectors.jpg\" alt=\"coils-protectors\" width=\"641\" height=\"360\" srcset=\"https:\/\/www.dimeco.com\/wp-content\/uploads\/2015\/10\/coils-protectors.jpg 641w, https:\/\/www.dimeco.com\/wp-content\/uploads\/2015\/10\/coils-protectors-300x168.jpg 300w\" sizes=\"(max-width: 641px) 100vw, 641px\" \/><\/a><\/p>\n<p style=\"font-size: 11px;\">Si vous n&rsquo;arrivez pas \u00e0 lire cette vid\u00e9o <a href=\"http:\/\/www.dimeco.com\/fr\/applications\/autres\/coils-pallets-protectors\/coils-pallets-protectors-video\/\">cliquez ici<\/a>.<\/p>\n<\/div>\n<\/div>\n<h2>Structure de ligne<\/h2>\n<div id=\"accordion-1\" class=\"accordion no-js\">\n\n\t\t\t\t\t<p role=\"button\" id=\"accordion-1-t1\" class=\"accordion-title js-accordion-controller\" aria-controls=\"accordion-1-c1\" aria-expanded=\"false\" tabindex=\"0\">\n\t\t\t\tPoints importants\t\t\t<\/p>\n\t\t\n\t\t<div id=\"accordion-1-c1\" class=\"accordion-content\" aria-hidden=\"true\">\n\t\t\t\n<div class=\"row\">\n<div class=\"grid_4\">\nD\u00e9vidoir horizontal, poin\u00e7onnage\u00a0vertical \u00a0et profilage vertical.<br \/>\n<\/div>\n<div class=\"grid_4\">\n<div id=\"metaslider-id-2217\" style=\"width: 100%; margin: 0 auto;\" class=\"ml-slider-3-27-7 metaslider metaslider-flex metaslider-2217 ml-slider ml-slider-lightbox-1-12-0 responsive-lightbox-gallery-2-4-1 nav-hidden nav-hidden\">\n    <div id=\"metaslider_container_2217\">\n        <div id=\"metaslider_2217\">\n            <ul aria-live=\"polite\" class=\"slides\">\n                <li style=\"display: block; width: 100%;\" class=\"slide-2218 ms-image\"><a href=\"https:\/\/www.dimeco.com\/wp-content\/uploads\/2016\/03\/coils-pallets-protector-highlights-2.jpg\" target=\"_self\" rel=\"lightbox[2217]\" data-rel=\"lightbox-image-10\" data-magnific_type=\"image\" data-rl_title=\"\" data-rl_caption=\"\" title=\"\"><img src=\"https:\/\/www.dimeco.com\/wp-content\/uploads\/2016\/03\/coils-pallets-protector-highlights-2-938x600.jpg\" height=\"600\" width=\"938\" alt=\"\" class=\"slider-2217 slide-2218\" \/><\/a><\/li>\n                <li style=\"display: none; width: 100%;\" class=\"slide-2219 ms-image\"><a href=\"https:\/\/www.dimeco.com\/wp-content\/uploads\/2016\/03\/coils-pallets-protector-highlights-1.jpg\" target=\"_self\" rel=\"lightbox[2217]\" data-rel=\"lightbox-image-11\" data-magnific_type=\"image\" data-rl_title=\"\" data-rl_caption=\"\" title=\"\"><img src=\"https:\/\/www.dimeco.com\/wp-content\/uploads\/2016\/03\/coils-pallets-protector-highlights-1-938x600.jpg\" height=\"600\" width=\"938\" alt=\"\" class=\"slider-2217 slide-2219\" \/><\/a><\/li>\n            <\/ul>\n        <\/div>\n        \n    <\/div>\n<\/div>\n<\/div>\n<\/div>\n\t\t<\/div>\n\n\t\t\n\n\t\t\t\t\t<p role=\"button\" id=\"accordion-1-t2\" class=\"accordion-title js-accordion-controller\" aria-controls=\"accordion-1-c2\" aria-expanded=\"false\" tabindex=\"0\">\n\t\t\t\tD\u00e9vidoir\t\t\t<\/p>\n\t\t\n\t\t<div id=\"accordion-1-c2\" class=\"accordion-content\" aria-hidden=\"true\">\n\t\t\t\n<div class=\"row\">\n<div class=\"grid_4\">\n<\/div>\n<div class=\"grid_4\">\n<div id=\"metaslider-id-2220\" style=\"width: 100%; margin: 0 auto;\" class=\"ml-slider-3-27-7 metaslider metaslider-flex metaslider-2220 ml-slider ml-slider-lightbox-1-12-0 responsive-lightbox-gallery-2-4-1 nav-hidden nav-hidden nav-hidden\">\n    <div id=\"metaslider_container_2220\">\n        <div id=\"metaslider_2220\">\n            <ul aria-live=\"polite\" class=\"slides\">\n                <li style=\"display: block; width: 100%;\" class=\"slide-2221 ms-image\"><a href=\"https:\/\/www.dimeco.com\/wp-content\/uploads\/2016\/03\/coils-pallets-protector-deoiler-1.jpg\" target=\"_self\" rel=\"lightbox[2220]\" data-rel=\"lightbox-image-12\" data-magnific_type=\"image\" data-rl_title=\"\" data-rl_caption=\"\" title=\"\"><img src=\"https:\/\/www.dimeco.com\/wp-content\/uploads\/2016\/03\/coils-pallets-protector-deoiler-1-938x600.jpg\" height=\"600\" width=\"938\" alt=\"\" class=\"slider-2220 slide-2221\" \/><\/a><\/li>\n            <\/ul>\n        <\/div>\n        \n    <\/div>\n<\/div>\n<\/div>\n<\/div>\n\t\t<\/div>\n\n\t\t\n\n\t\t\t\t\t<p role=\"button\" id=\"accordion-1-t3\" class=\"accordion-title js-accordion-controller\" aria-controls=\"accordion-1-c3\" aria-expanded=\"false\" tabindex=\"0\">\n\t\t\t\tProfilage\t\t\t<\/p>\n\t\t\n\t\t<div id=\"accordion-1-c3\" class=\"accordion-content\" aria-hidden=\"true\">\n\t\t\t\n<div class=\"row\">\n<div class=\"grid_4\">\n<\/div>\n<div class=\"grid_4\">\n<div id=\"metaslider-id-2222\" style=\"width: 100%; margin: 0 auto;\" class=\"ml-slider-3-27-7 metaslider metaslider-flex metaslider-2222 ml-slider ml-slider-lightbox-1-12-0 responsive-lightbox-gallery-2-4-1 nav-hidden nav-hidden nav-hidden nav-hidden\">\n    <div id=\"metaslider_container_2222\">\n        <div id=\"metaslider_2222\">\n            <ul aria-live=\"polite\" class=\"slides\">\n                <li style=\"display: block; width: 100%;\" class=\"slide-2224 ms-image\"><a href=\"https:\/\/www.dimeco.com\/wp-content\/uploads\/2016\/03\/coils-pallets-protector-rollforming-1.jpg\" target=\"_self\" rel=\"lightbox[2222]\" data-rel=\"lightbox-image-13\" data-magnific_type=\"image\" data-rl_title=\"\" data-rl_caption=\"\" title=\"\"><img src=\"https:\/\/www.dimeco.com\/wp-content\/uploads\/2016\/03\/coils-pallets-protector-rollforming-1-938x600.jpg\" height=\"600\" width=\"938\" alt=\"\" class=\"slider-2222 slide-2224\" \/><\/a><\/li>\n                <li style=\"display: none; width: 100%;\" class=\"slide-2225 ms-image\"><a href=\"https:\/\/www.dimeco.com\/wp-content\/uploads\/2016\/03\/coils-pallets-protector-rollforming-2.jpg\" target=\"_self\" rel=\"lightbox[2222]\" data-rel=\"lightbox-image-14\" data-magnific_type=\"image\" data-rl_title=\"\" data-rl_caption=\"\" title=\"\"><img src=\"https:\/\/www.dimeco.com\/wp-content\/uploads\/2016\/03\/coils-pallets-protector-rollforming-2-938x600.jpg\" height=\"600\" width=\"938\" alt=\"\" class=\"slider-2222 slide-2225\" \/><\/a><\/li>\n                <li style=\"display: none; width: 100%;\" class=\"slide-2226 ms-image\"><a href=\"https:\/\/www.dimeco.com\/wp-content\/uploads\/2016\/03\/coils-pallets-protector-rollforming-3.jpg\" target=\"_self\" rel=\"lightbox[2222]\" data-rel=\"lightbox-image-15\" data-magnific_type=\"image\" data-rl_title=\"\" data-rl_caption=\"\" title=\"\"><img src=\"https:\/\/www.dimeco.com\/wp-content\/uploads\/2016\/03\/coils-pallets-protector-rollforming-3-938x600.jpg\" height=\"600\" width=\"938\" alt=\"\" class=\"slider-2222 slide-2226\" \/><\/a><\/li>\n                <li style=\"display: none; width: 100%;\" class=\"slide-2227 ms-image\"><a href=\"https:\/\/www.dimeco.com\/wp-content\/uploads\/2016\/03\/coils-pallets-protector-rollforming-4.jpg\" target=\"_self\" rel=\"lightbox[2222]\" data-rel=\"lightbox-image-16\" data-magnific_type=\"image\" data-rl_title=\"\" data-rl_caption=\"\" title=\"\"><img src=\"https:\/\/www.dimeco.com\/wp-content\/uploads\/2016\/03\/coils-pallets-protector-rollforming-4-938x600.jpg\" height=\"600\" width=\"938\" alt=\"\" class=\"slider-2222 slide-2227\" \/><\/a><\/li>\n                <li style=\"display: none; width: 100%;\" class=\"slide-2223 ms-image\"><a href=\"https:\/\/www.dimeco.com\/wp-content\/uploads\/2016\/03\/coils-pallets-protector-rollforming-5.jpg\" target=\"_self\" rel=\"lightbox[2222]\" data-rel=\"lightbox-image-17\" data-magnific_type=\"image\" data-rl_title=\"\" data-rl_caption=\"\" title=\"\"><img src=\"https:\/\/www.dimeco.com\/wp-content\/uploads\/2016\/03\/coils-pallets-protector-rollforming-5-938x600.jpg\" height=\"600\" width=\"938\" alt=\"\" class=\"slider-2222 slide-2223\" \/><\/a><\/li>\n            <\/ul>\n        <\/div>\n        \n    <\/div>\n<\/div>\n<\/div>\n<\/div>\n\t\t<\/div>\n\n\t\t\n\n\t\t\t\t\t<p role=\"button\" id=\"accordion-1-t4\" class=\"accordion-title js-accordion-controller\" aria-controls=\"accordion-1-c4\" aria-expanded=\"false\" tabindex=\"0\">\n\t\t\t\tCoupe\t\t\t<\/p>\n\t\t\n\t\t<div id=\"accordion-1-c4\" class=\"accordion-content\" aria-hidden=\"true\">\n\t\t\t\n<div class=\"row\">\n<div class=\"grid_4\">\n<\/div>\n<div class=\"grid_4\">\n<div id=\"metaslider-id-2228\" style=\"width: 100%; margin: 0 auto;\" class=\"ml-slider-3-27-7 metaslider metaslider-flex metaslider-2228 ml-slider ml-slider-lightbox-1-12-0 responsive-lightbox-gallery-2-4-1 nav-hidden nav-hidden nav-hidden nav-hidden nav-hidden\">\n    <div id=\"metaslider_container_2228\">\n        <div id=\"metaslider_2228\">\n            <ul aria-live=\"polite\" class=\"slides\">\n                <li style=\"display: block; width: 100%;\" class=\"slide-2229 ms-image\"><a href=\"https:\/\/www.dimeco.com\/wp-content\/uploads\/2016\/03\/coils-pallets-protector-rollforming-6.jpg\" target=\"_self\" rel=\"lightbox[2228]\" data-rel=\"lightbox-image-18\" data-magnific_type=\"image\" data-rl_title=\"\" data-rl_caption=\"\" title=\"\"><img src=\"https:\/\/www.dimeco.com\/wp-content\/uploads\/2016\/03\/coils-pallets-protector-rollforming-6-938x600.jpg\" height=\"600\" width=\"938\" alt=\"\" class=\"slider-2228 slide-2229\" \/><\/a><\/li>\n                <li style=\"display: none; width: 100%;\" class=\"slide-2230 ms-image\"><a href=\"https:\/\/www.dimeco.com\/wp-content\/uploads\/2016\/03\/coils-pallets-protector-rollforming-7.jpg\" target=\"_self\" rel=\"lightbox[2228]\" data-rel=\"lightbox-image-19\" data-magnific_type=\"image\" data-rl_title=\"\" data-rl_caption=\"\" title=\"\"><img src=\"https:\/\/www.dimeco.com\/wp-content\/uploads\/2016\/03\/coils-pallets-protector-rollforming-7-938x600.jpg\" height=\"600\" width=\"938\" alt=\"\" class=\"slider-2228 slide-2230\" \/><\/a><\/li>\n            <\/ul>\n        <\/div>\n        \n    <\/div>\n<\/div>\n<\/div>\n<\/div>\n\t\t<\/div>\n\n\t\t\n<\/div>\n","protected":false},"excerpt":{"rendered":"<p>Ligne de fabrication des protections interne et externe des bobines de t\u00f4le et des piles de t\u00f4le. Structure de ligne<\/p>\n","protected":false},"author":1,"featured_media":2214,"parent":2568,"menu_order":7,"comment_status":"closed","ping_status":"closed","template":"","meta":{"extendify_custom_stylesheet":""},"acf":[],"yoast_head":"<!-- This site is optimized with the Yoast SEO plugin v19.3 - https:\/\/yoast.com\/wordpress\/plugins\/seo\/ -->\n<title>Protection de bobines de t\u00f4le - Dimeco<\/title>\n<meta name=\"robots\" content=\"index, follow, max-snippet:-1, max-image-preview:large, max-video-preview:-1\" \/>\n<link rel=\"canonical\" href=\"https:\/\/www.dimeco.com\/fr\/applications\/autres\/coils-pallets-protectors\/\" \/>\n<meta property=\"og:locale\" content=\"fr_FR\" \/>\n<meta property=\"og:type\" content=\"article\" \/>\n<meta property=\"og:title\" content=\"Protection de bobines de t\u00f4le - Dimeco\" \/>\n<meta property=\"og:description\" content=\"Ligne de fabrication des protections interne et externe des bobines de t\u00f4le et des piles de t\u00f4le. Structure de ligne\" \/>\n<meta property=\"og:url\" content=\"https:\/\/www.dimeco.com\/fr\/applications\/autres\/coils-pallets-protectors\/\" \/>\n<meta property=\"og:site_name\" content=\"Dimeco\" \/>\n<meta property=\"article:modified_time\" content=\"2019-10-10T16:55:25+00:00\" \/>\n<meta property=\"og:image\" content=\"https:\/\/www.dimeco.com\/wp-content\/uploads\/2016\/03\/coils-pallets-protector-main-1.jpg\" \/>\n\t<meta property=\"og:image:width\" content=\"1685\" \/>\n\t<meta property=\"og:image:height\" content=\"1123\" \/>\n\t<meta property=\"og:image:type\" content=\"image\/jpeg\" \/>\n<meta name=\"twitter:card\" content=\"summary\" \/>\n<meta name=\"twitter:label1\" content=\"Dur\u00e9e de lecture estim\u00e9e\" \/>\n\t<meta name=\"twitter:data1\" content=\"1 minute\" \/>\n<script type=\"application\/ld+json\" class=\"yoast-schema-graph\">{\"@context\":\"https:\/\/schema.org\",\"@graph\":[{\"@type\":\"WebSite\",\"@id\":\"https:\/\/www.dimeco.com\/es\/#website\",\"url\":\"https:\/\/www.dimeco.com\/es\/\",\"name\":\"Dimeco\",\"description\":\"FLEXIBLE SHEET METAL PUNCHING CUTTING &amp; FORMING PROCESSES\",\"potentialAction\":[{\"@type\":\"SearchAction\",\"target\":{\"@type\":\"EntryPoint\",\"urlTemplate\":\"https:\/\/www.dimeco.com\/es\/?s={search_term_string}\"},\"query-input\":\"required name=search_term_string\"}],\"inLanguage\":\"fr-FR\"},{\"@type\":\"ImageObject\",\"inLanguage\":\"fr-FR\",\"@id\":\"https:\/\/www.dimeco.com\/fr\/applications\/autres\/coils-pallets-protectors\/#primaryimage\",\"url\":\"https:\/\/www.dimeco.com\/wp-content\/uploads\/2016\/03\/coils-pallets-protector-main-1.jpg\",\"contentUrl\":\"https:\/\/www.dimeco.com\/wp-content\/uploads\/2016\/03\/coils-pallets-protector-main-1.jpg\",\"width\":1685,\"height\":1123},{\"@type\":\"WebPage\",\"@id\":\"https:\/\/www.dimeco.com\/fr\/applications\/autres\/coils-pallets-protectors\/\",\"url\":\"https:\/\/www.dimeco.com\/fr\/applications\/autres\/coils-pallets-protectors\/\",\"name\":\"Protection de bobines de t\u00f4le - Dimeco\",\"isPartOf\":{\"@id\":\"https:\/\/www.dimeco.com\/es\/#website\"},\"primaryImageOfPage\":{\"@id\":\"https:\/\/www.dimeco.com\/fr\/applications\/autres\/coils-pallets-protectors\/#primaryimage\"},\"datePublished\":\"2016-04-04T15:11:09+00:00\",\"dateModified\":\"2019-10-10T16:55:25+00:00\",\"breadcrumb\":{\"@id\":\"https:\/\/www.dimeco.com\/fr\/applications\/autres\/coils-pallets-protectors\/#breadcrumb\"},\"inLanguage\":\"fr-FR\",\"potentialAction\":[{\"@type\":\"ReadAction\",\"target\":[\"https:\/\/www.dimeco.com\/fr\/applications\/autres\/coils-pallets-protectors\/\"]}]},{\"@type\":\"BreadcrumbList\",\"@id\":\"https:\/\/www.dimeco.com\/fr\/applications\/autres\/coils-pallets-protectors\/#breadcrumb\",\"itemListElement\":[{\"@type\":\"ListItem\",\"position\":1,\"name\":\"Home\",\"item\":\"https:\/\/www.dimeco.com\/fr\/\"},{\"@type\":\"ListItem\",\"position\":2,\"name\":\"Applications\",\"item\":\"https:\/\/www.dimeco.com\/fr\/applications\/\"},{\"@type\":\"ListItem\",\"position\":3,\"name\":\"Autres\",\"item\":\"https:\/\/www.dimeco.com\/fr\/applications\/autres\/\"},{\"@type\":\"ListItem\",\"position\":4,\"name\":\"Protection de bobines de t\u00f4le\"}]}]}<\/script>\n<!-- \/ Yoast SEO plugin. -->","yoast_head_json":{"title":"Protection de bobines de t\u00f4le - Dimeco","robots":{"index":"index","follow":"follow","max-snippet":"max-snippet:-1","max-image-preview":"max-image-preview:large","max-video-preview":"max-video-preview:-1"},"canonical":"https:\/\/www.dimeco.com\/fr\/applications\/autres\/coils-pallets-protectors\/","og_locale":"fr_FR","og_type":"article","og_title":"Protection de bobines de t\u00f4le - Dimeco","og_description":"Ligne de fabrication des protections interne et externe des bobines de t\u00f4le et des piles de t\u00f4le. Structure de ligne","og_url":"https:\/\/www.dimeco.com\/fr\/applications\/autres\/coils-pallets-protectors\/","og_site_name":"Dimeco","article_modified_time":"2019-10-10T16:55:25+00:00","og_image":[{"width":1685,"height":1123,"url":"https:\/\/www.dimeco.com\/wp-content\/uploads\/2016\/03\/coils-pallets-protector-main-1.jpg","type":"image\/jpeg"}],"twitter_card":"summary","twitter_misc":{"Dur\u00e9e de lecture estim\u00e9e":"1 minute"},"schema":{"@context":"https:\/\/schema.org","@graph":[{"@type":"WebSite","@id":"https:\/\/www.dimeco.com\/es\/#website","url":"https:\/\/www.dimeco.com\/es\/","name":"Dimeco","description":"FLEXIBLE SHEET METAL PUNCHING CUTTING &amp; FORMING PROCESSES","potentialAction":[{"@type":"SearchAction","target":{"@type":"EntryPoint","urlTemplate":"https:\/\/www.dimeco.com\/es\/?s={search_term_string}"},"query-input":"required name=search_term_string"}],"inLanguage":"fr-FR"},{"@type":"ImageObject","inLanguage":"fr-FR","@id":"https:\/\/www.dimeco.com\/fr\/applications\/autres\/coils-pallets-protectors\/#primaryimage","url":"https:\/\/www.dimeco.com\/wp-content\/uploads\/2016\/03\/coils-pallets-protector-main-1.jpg","contentUrl":"https:\/\/www.dimeco.com\/wp-content\/uploads\/2016\/03\/coils-pallets-protector-main-1.jpg","width":1685,"height":1123},{"@type":"WebPage","@id":"https:\/\/www.dimeco.com\/fr\/applications\/autres\/coils-pallets-protectors\/","url":"https:\/\/www.dimeco.com\/fr\/applications\/autres\/coils-pallets-protectors\/","name":"Protection de bobines de t\u00f4le - Dimeco","isPartOf":{"@id":"https:\/\/www.dimeco.com\/es\/#website"},"primaryImageOfPage":{"@id":"https:\/\/www.dimeco.com\/fr\/applications\/autres\/coils-pallets-protectors\/#primaryimage"},"datePublished":"2016-04-04T15:11:09+00:00","dateModified":"2019-10-10T16:55:25+00:00","breadcrumb":{"@id":"https:\/\/www.dimeco.com\/fr\/applications\/autres\/coils-pallets-protectors\/#breadcrumb"},"inLanguage":"fr-FR","potentialAction":[{"@type":"ReadAction","target":["https:\/\/www.dimeco.com\/fr\/applications\/autres\/coils-pallets-protectors\/"]}]},{"@type":"BreadcrumbList","@id":"https:\/\/www.dimeco.com\/fr\/applications\/autres\/coils-pallets-protectors\/#breadcrumb","itemListElement":[{"@type":"ListItem","position":1,"name":"Home","item":"https:\/\/www.dimeco.com\/fr\/"},{"@type":"ListItem","position":2,"name":"Applications","item":"https:\/\/www.dimeco.com\/fr\/applications\/"},{"@type":"ListItem","position":3,"name":"Autres","item":"https:\/\/www.dimeco.com\/fr\/applications\/autres\/"},{"@type":"ListItem","position":4,"name":"Protection de bobines de t\u00f4le"}]}]}},"_links":{"self":[{"href":"https:\/\/www.dimeco.com\/fr\/wp-json\/wp\/v2\/pages\/2710\/"}],"collection":[{"href":"https:\/\/www.dimeco.com\/fr\/wp-json\/wp\/v2\/pages\/"}],"about":[{"href":"https:\/\/www.dimeco.com\/fr\/wp-json\/wp\/v2\/types\/page\/"}],"author":[{"embeddable":true,"href":"https:\/\/www.dimeco.com\/fr\/wp-json\/wp\/v2\/users\/1\/"}],"replies":[{"embeddable":true,"href":"https:\/\/www.dimeco.com\/fr\/wp-json\/wp\/v2\/comments\/?post=2710"}],"version-history":[{"count":3,"href":"https:\/\/www.dimeco.com\/fr\/wp-json\/wp\/v2\/pages\/2710\/revisions\/"}],"predecessor-version":[{"id":16182,"href":"https:\/\/www.dimeco.com\/fr\/wp-json\/wp\/v2\/pages\/2710\/revisions\/16182\/"}],"up":[{"embeddable":true,"href":"https:\/\/www.dimeco.com\/fr\/wp-json\/wp\/v2\/pages\/2568\/"}],"wp:featuredmedia":[{"embeddable":true,"href":"https:\/\/www.dimeco.com\/fr\/wp-json\/wp\/v2\/media\/2214\/"}],"wp:attachment":[{"href":"https:\/\/www.dimeco.com\/fr\/wp-json\/wp\/v2\/media\/?parent=2710"}],"curies":[{"name":"wp","href":"https:\/\/api.w.org\/{rel}","templated":true}]}}