{"id":2609,"date":"2016-04-04T14:11:09","date_gmt":"2016-04-04T14:11:09","guid":{"rendered":"http:\/\/www.dimeco.com\/fr\/?page_id=2609"},"modified":"2019-10-10T16:52:18","modified_gmt":"2019-10-10T16:52:18","slug":"grating","status":"publish","type":"page","link":"https:\/\/www.dimeco.com\/fr\/applications\/batiments-et-construction\/grating\/","title":{"rendered":"Caillebotis"},"content":{"rendered":"<p>Les \u00e9l\u00e9ments de caillebotis sont fabriqu\u00e9s \u00e0 20 m\u00e8tre minutes \u00e0 partir de bobines.<\/p>\n<p>Des longueurs diff\u00e9rentes peuvent \u00eatre encha\u00een\u00e9es sans arr\u00eat de production. Les barres sont grug\u00e9es, pr\u00eates pour \u00eatre assembl\u00e9es et soud\u00e9es.<br \/>\n<div class=\"row\">\n<div class=\"grid_5\">\n<h2><strong>Pi\u00e8ces et profils<\/strong><\/h2>\n<div id=\"metaslider-id-469\" style=\"width: 100%; margin: 0 auto;\" class=\"ml-slider-3-27-7 metaslider metaslider-flex metaslider-469 ml-slider ml-slider-lightbox-1-12-0 responsive-lightbox-gallery-2-4-1\">\n    <div id=\"metaslider_container_469\">\n        <div id=\"metaslider_469\">\n            <ul aria-live=\"polite\" class=\"slides\">\n                <li style=\"display: block; width: 100%;\" class=\"slide-493 ms-image\"><a href=\"https:\/\/www.dimeco.com\/wp-content\/uploads\/2015\/06\/cma.jpg\" target=\"_self\" rel=\"lightbox[469]\" data-rel=\"lightbox-image-0\" data-magnific_type=\"image\" data-rl_title=\"\" data-rl_caption=\"\" title=\"\"><img src=\"https:\/\/www.dimeco.com\/wp-content\/uploads\/2015\/06\/cma-938x600.jpg\" height=\"600\" width=\"938\" alt=\"\" class=\"slider-469 slide-493\" \/><\/a><\/li>\n                <li style=\"display: none; width: 100%;\" class=\"slide-472 ms-image\"><a href=\"https:\/\/www.dimeco.com\/wp-content\/uploads\/2015\/06\/5514_CMA_16.jpg\" target=\"_self\" rel=\"lightbox[469]\" data-rel=\"lightbox-image-1\" data-magnific_type=\"image\" data-rl_title=\"\" data-rl_caption=\"\" title=\"\"><img src=\"https:\/\/www.dimeco.com\/wp-content\/uploads\/2015\/06\/5514_CMA_16-938x600.jpg\" height=\"600\" width=\"938\" alt=\"\" class=\"slider-469 slide-472\" \/><\/a><\/li>\n                <li style=\"display: none; width: 100%;\" class=\"slide-471 ms-image\"><a href=\"https:\/\/www.dimeco.com\/wp-content\/uploads\/2015\/06\/5514_CMA_15.jpg\" target=\"_self\" rel=\"lightbox[469]\" data-rel=\"lightbox-image-2\" data-magnific_type=\"image\" data-rl_title=\"\" data-rl_caption=\"\" title=\"\"><img src=\"https:\/\/www.dimeco.com\/wp-content\/uploads\/2015\/06\/5514_CMA_15-938x600.jpg\" height=\"600\" width=\"938\" alt=\"\" class=\"slider-469 slide-471\" \/><\/a><\/li>\n                <li style=\"display: none; width: 100%;\" class=\"slide-470 ms-image\"><a href=\"https:\/\/www.dimeco.com\/wp-content\/uploads\/2015\/06\/5514_CMA_14.jpg\" target=\"_self\" rel=\"lightbox[469]\" data-rel=\"lightbox-image-3\" data-magnific_type=\"image\" data-rl_title=\"\" data-rl_caption=\"\" title=\"\"><img src=\"https:\/\/www.dimeco.com\/wp-content\/uploads\/2015\/06\/5514_CMA_14-938x600.jpg\" height=\"600\" width=\"938\" alt=\"\" class=\"slider-469 slide-470\" \/><\/a><\/li>\n                <li style=\"display: none; width: 100%;\" class=\"slide-479 ms-image\"><a href=\"https:\/\/www.dimeco.com\/wp-content\/uploads\/2015\/06\/5514_CMA_23.jpg\" target=\"_self\" rel=\"lightbox[469]\" data-rel=\"lightbox-image-4\" data-magnific_type=\"image\" data-rl_title=\"\" data-rl_caption=\"\" title=\"\"><img src=\"https:\/\/www.dimeco.com\/wp-content\/uploads\/2015\/06\/5514_CMA_23-938x600.jpg\" height=\"600\" width=\"938\" alt=\"\" class=\"slider-469 slide-479\" \/><\/a><\/li>\n                <li style=\"display: none; width: 100%;\" class=\"slide-478 ms-image\"><a href=\"https:\/\/www.dimeco.com\/wp-content\/uploads\/2015\/06\/5514_CMA_22.jpg\" target=\"_self\" rel=\"lightbox[469]\" data-rel=\"lightbox-image-5\" data-magnific_type=\"image\" data-rl_title=\"\" data-rl_caption=\"\" title=\"\"><img src=\"https:\/\/www.dimeco.com\/wp-content\/uploads\/2015\/06\/5514_CMA_22-938x600.jpg\" height=\"600\" width=\"938\" alt=\"\" class=\"slider-469 slide-478\" \/><\/a><\/li>\n                <li style=\"display: none; width: 100%;\" class=\"slide-477 ms-image\"><a href=\"https:\/\/www.dimeco.com\/wp-content\/uploads\/2015\/06\/5514_CMA_21.jpg\" target=\"_self\" rel=\"lightbox[469]\" data-rel=\"lightbox-image-6\" data-magnific_type=\"image\" data-rl_title=\"\" data-rl_caption=\"\" title=\"\"><img src=\"https:\/\/www.dimeco.com\/wp-content\/uploads\/2015\/06\/5514_CMA_21-938x600.jpg\" height=\"600\" width=\"938\" alt=\"\" class=\"slider-469 slide-477\" \/><\/a><\/li>\n                <li style=\"display: none; width: 100%;\" class=\"slide-473 ms-image\"><a href=\"https:\/\/www.dimeco.com\/wp-content\/uploads\/2015\/06\/5514_CMA_17.jpg\" target=\"_self\" rel=\"lightbox[469]\" data-rel=\"lightbox-image-7\" data-magnific_type=\"image\" data-rl_title=\"\" data-rl_caption=\"\" title=\"\"><img src=\"https:\/\/www.dimeco.com\/wp-content\/uploads\/2015\/06\/5514_CMA_17-938x600.jpg\" height=\"600\" width=\"938\" alt=\"\" class=\"slider-469 slide-473\" \/><\/a><\/li>\n                <li style=\"display: none; width: 100%;\" class=\"slide-476 ms-image\"><a href=\"https:\/\/www.dimeco.com\/wp-content\/uploads\/2015\/06\/5514_CMA_20.jpg\" target=\"_self\" rel=\"lightbox[469]\" data-rel=\"lightbox-image-8\" data-magnific_type=\"image\" data-rl_title=\"\" data-rl_caption=\"\" title=\"\"><img src=\"https:\/\/www.dimeco.com\/wp-content\/uploads\/2015\/06\/5514_CMA_20-938x600.jpg\" height=\"600\" width=\"938\" alt=\"\" class=\"slider-469 slide-476\" \/><\/a><\/li>\n                <li style=\"display: none; width: 100%;\" class=\"slide-474 ms-image\"><a href=\"https:\/\/www.dimeco.com\/wp-content\/uploads\/2015\/06\/5514_CMA_18.jpg\" target=\"_self\" rel=\"lightbox[469]\" data-rel=\"lightbox-image-9\" data-magnific_type=\"image\" data-rl_title=\"\" data-rl_caption=\"\" title=\"\"><img src=\"https:\/\/www.dimeco.com\/wp-content\/uploads\/2015\/06\/5514_CMA_18-938x600.jpg\" height=\"600\" width=\"938\" alt=\"\" class=\"slider-469 slide-474\" \/><\/a><\/li>\n                <li style=\"display: none; width: 100%;\" class=\"slide-475 ms-image\"><a href=\"https:\/\/www.dimeco.com\/wp-content\/uploads\/2015\/06\/5514_CMA_19.jpg\" target=\"_self\" rel=\"lightbox[469]\" data-rel=\"lightbox-image-10\" data-magnific_type=\"image\" data-rl_title=\"\" data-rl_caption=\"\" title=\"\"><img src=\"https:\/\/www.dimeco.com\/wp-content\/uploads\/2015\/06\/5514_CMA_19-938x600.jpg\" height=\"600\" width=\"938\" alt=\"\" class=\"slider-469 slide-475\" \/><\/a><\/li>\n            <\/ul>\n        <\/div>\n        \n    <\/div>\n<\/div>\n<\/div>\n<div class=\"grid_4\">\n<h2>Vid\u00e9os de lignes<\/h2>\n<p><a class=\"popup_video\" href=\"https:\/\/www.youtube.com\/watch?v=_7FaM7n0xZw\" data-rel=\"lightbox-video-0\" data-magnific_type=\"video\"><img loading=\"lazy\" class=\"max-img alignnone size-full wp-image-3006\" src=\"http:\/\/www.dimeco.com\/wp-content\/uploads\/2015\/09\/grating-vid.jpg\" alt=\"grating-vid\" width=\"641\" height=\"360\" srcset=\"https:\/\/www.dimeco.com\/wp-content\/uploads\/2015\/09\/grating-vid.jpg 641w, https:\/\/www.dimeco.com\/wp-content\/uploads\/2015\/09\/grating-vid-300x168.jpg 300w\" sizes=\"(max-width: 641px) 100vw, 641px\" \/><\/a><\/p>\n<p style=\"font-size: 11px;\">Si vous n&rsquo;arrivez pas \u00e0 lire cette vid\u00e9o <a href=\"http:\/\/www.dimeco.com\/fr\/applications\/batiments-et-construction\/grating\/grating-video\/\">cliquez ici<\/a>.<\/p>\n<\/div>\n<\/div>\n<h2><strong>Structure de ligne<\/strong><\/h2>\n<div id=\"accordion-1\" class=\"accordion no-js\">\n\n\t\t\t\t\t<p role=\"button\" id=\"accordion-1-t1\" class=\"accordion-title js-accordion-controller\" aria-controls=\"accordion-1-c1\" aria-expanded=\"false\" tabindex=\"0\">\n\t\t\t\tPoints principaux\t\t\t<\/p>\n\t\t\n\t\t<div id=\"accordion-1-c1\" class=\"accordion-content\" aria-hidden=\"true\">\n\t\t\t\n<div class=\"row\">\n<div class=\"grid_4\">\n<ul>\n<li>Amenage \u00e9lectronique<\/li>\n<li>Flexipress\u00ae (vitesse variable 75 a 150 Rpm)<\/li>\n<li>Coupe int\u00e9gr\u00e9e \u00e0 la presse.<\/li>\n<li>Dimensions approximatives 15 x 3 m<\/li>\n<\/ul>\n<\/div>\n<div class=\"grid_4\">\n<div id=\"metaslider-id-482\" style=\"width: 100%; margin: 0 auto;\" class=\"ml-slider-3-27-7 metaslider metaslider-flex metaslider-482 ml-slider ml-slider-lightbox-1-12-0 responsive-lightbox-gallery-2-4-1\">\n    <div id=\"metaslider_container_482\">\n        <div id=\"metaslider_482\">\n            <ul aria-live=\"polite\" class=\"slides\">\n                <li style=\"display: block; width: 100%;\" class=\"slide-481 ms-image\"><a href=\"https:\/\/www.dimeco.com\/wp-content\/uploads\/2015\/06\/5514_CMA_01.jpg\" target=\"_self\" rel=\"lightbox[482]\" data-rel=\"lightbox-image-11\" data-magnific_type=\"image\" data-rl_title=\"\" data-rl_caption=\"\" title=\"\"><img src=\"https:\/\/www.dimeco.com\/wp-content\/uploads\/2015\/06\/5514_CMA_01-938x600.jpg\" height=\"600\" width=\"938\" alt=\"\" class=\"slider-482 slide-481\" \/><\/a><\/li>\n            <\/ul>\n        <\/div>\n        \n    <\/div>\n<\/div>\n<\/div>\n<\/div>\n\t\t<\/div>\n\n\t\t\n\n\t\t\t\t\t<p role=\"button\" id=\"accordion-1-t2\" class=\"accordion-title js-accordion-controller\" aria-controls=\"accordion-1-c2\" aria-expanded=\"false\" tabindex=\"0\">\n\t\t\t\tAlimentation de presse\t\t\t<\/p>\n\t\t\n\t\t<div id=\"accordion-1-c2\" class=\"accordion-content\" aria-hidden=\"true\">\n\t\t\t\n<div class=\"row\">\n<div class=\"grid_4\">\n<ul>\n<li>D\u00e9vidoir<\/li>\n<li>Redresseur horizontal et vertical<\/li>\n<li>Amenage<\/li>\n<\/ul>\n<\/div>\n<div class=\"grid_4\">\n<div id=\"metaslider-id-483\" style=\"width: 100%; margin: 0 auto;\" class=\"ml-slider-3-27-7 metaslider metaslider-flex metaslider-483 ml-slider ml-slider-lightbox-1-12-0 responsive-lightbox-gallery-2-4-1\">\n    <div id=\"metaslider_container_483\">\n        <div id=\"metaslider_483\">\n            <ul aria-live=\"polite\" class=\"slides\">\n                <li style=\"display: block; width: 100%;\" class=\"slide-484 ms-image\"><a href=\"https:\/\/www.dimeco.com\/wp-content\/uploads\/2015\/06\/5514_CMA_10.jpg\" target=\"_self\" rel=\"lightbox[483]\" data-rel=\"lightbox-image-12\" data-magnific_type=\"image\" data-rl_title=\"\" data-rl_caption=\"\" title=\"\"><img src=\"https:\/\/www.dimeco.com\/wp-content\/uploads\/2015\/06\/5514_CMA_10-938x600.jpg\" height=\"600\" width=\"938\" alt=\"\" class=\"slider-483 slide-484\" \/><\/a><\/li>\n            <\/ul>\n        <\/div>\n        \n    <\/div>\n<\/div>\n<\/div>\n<\/div>\n\t\t<\/div>\n\n\t\t\n\n\t\t\t\t\t<p role=\"button\" id=\"accordion-1-t3\" class=\"accordion-title js-accordion-controller\" aria-controls=\"accordion-1-c3\" aria-expanded=\"false\" tabindex=\"0\">\n\t\t\t\tPoin\u00e7onnage\t\t\t<\/p>\n\t\t\n\t\t<div id=\"accordion-1-c3\" class=\"accordion-content\" aria-hidden=\"true\">\n\t\t\t\n<div class=\"row\">\n<div class=\"grid_4\">\n<ul>\n<li>Flexipress \u00ae DIMECO<\/li>\n<li>Poin\u00e7onnage NC haute vitesse.<\/li>\n<li>La cadence de frappe est facilement adaptable.<\/li>\n<li>Tous les outils n\u00e9cessaires a la production d\u2019une famille de pi\u00e8ces sont en place sur la machine.<\/li>\n<li>Chaque outil peut \u00eatre actionn\u00e9 individuellement\u00a0 en fonction du programme par un s\u00e9lecteur.<\/li>\n<li>Synchronisation avec l\u2019amenage.<\/li>\n<\/ul>\n<\/div>\n<div class=\"grid_4\">\n<div id=\"metaslider-id-485\" style=\"width: 100%; margin: 0 auto;\" class=\"ml-slider-3-27-7 metaslider metaslider-flex metaslider-485 ml-slider ml-slider-lightbox-1-12-0 responsive-lightbox-gallery-2-4-1\">\n    <div id=\"metaslider_container_485\">\n        <div id=\"metaslider_485\">\n            <ul aria-live=\"polite\" class=\"slides\">\n                <li style=\"display: block; width: 100%;\" class=\"slide-486 ms-image\"><a href=\"https:\/\/www.dimeco.com\/wp-content\/uploads\/2015\/06\/5514_CMA_02.jpg\" target=\"_self\" rel=\"lightbox[485]\" data-rel=\"lightbox-image-13\" data-magnific_type=\"image\" data-rl_title=\"\" data-rl_caption=\"\" title=\"\"><img src=\"https:\/\/www.dimeco.com\/wp-content\/uploads\/2015\/06\/5514_CMA_02-938x600.jpg\" height=\"600\" width=\"938\" alt=\"\" class=\"slider-485 slide-486\" \/><\/a><\/li>\n                <li style=\"display: none; width: 100%;\" class=\"slide-491 ms-image\"><a href=\"https:\/\/www.dimeco.com\/wp-content\/uploads\/2015\/06\/5514_CMA_08.jpg\" target=\"_self\" rel=\"lightbox[485]\" data-rel=\"lightbox-image-14\" data-magnific_type=\"image\" data-rl_title=\"\" data-rl_caption=\"\" title=\"\"><img src=\"https:\/\/www.dimeco.com\/wp-content\/uploads\/2015\/06\/5514_CMA_08-938x600.jpg\" height=\"600\" width=\"938\" alt=\"\" class=\"slider-485 slide-491\" \/><\/a><\/li>\n                <li style=\"display: none; width: 100%;\" class=\"slide-490 ms-image\"><a href=\"https:\/\/www.dimeco.com\/wp-content\/uploads\/2015\/06\/5514_CMA_07.jpg\" target=\"_self\" rel=\"lightbox[485]\" data-rel=\"lightbox-image-15\" data-magnific_type=\"image\" data-rl_title=\"\" data-rl_caption=\"\" title=\"\"><img src=\"https:\/\/www.dimeco.com\/wp-content\/uploads\/2015\/06\/5514_CMA_07-938x600.jpg\" height=\"600\" width=\"938\" alt=\"\" class=\"slider-485 slide-490\" \/><\/a><\/li>\n                <li style=\"display: none; width: 100%;\" class=\"slide-489 ms-image\"><a href=\"https:\/\/www.dimeco.com\/wp-content\/uploads\/2015\/06\/5514_CMA_06.jpg\" target=\"_self\" rel=\"lightbox[485]\" data-rel=\"lightbox-image-16\" data-magnific_type=\"image\" data-rl_title=\"\" data-rl_caption=\"\" title=\"\"><img src=\"https:\/\/www.dimeco.com\/wp-content\/uploads\/2015\/06\/5514_CMA_06-938x600.jpg\" height=\"600\" width=\"938\" alt=\"\" class=\"slider-485 slide-489\" \/><\/a><\/li>\n                <li style=\"display: none; width: 100%;\" class=\"slide-488 ms-image\"><a href=\"https:\/\/www.dimeco.com\/wp-content\/uploads\/2015\/06\/5514_CMA_05.jpg\" target=\"_self\" rel=\"lightbox[485]\" data-rel=\"lightbox-image-17\" data-magnific_type=\"image\" data-rl_title=\"\" data-rl_caption=\"\" title=\"\"><img src=\"https:\/\/www.dimeco.com\/wp-content\/uploads\/2015\/06\/5514_CMA_05-938x600.jpg\" height=\"600\" width=\"938\" alt=\"\" class=\"slider-485 slide-488\" \/><\/a><\/li>\n                <li style=\"display: none; width: 100%;\" class=\"slide-487 ms-image\"><a href=\"https:\/\/www.dimeco.com\/wp-content\/uploads\/2015\/06\/5514_CMA_04.jpg\" target=\"_self\" rel=\"lightbox[485]\" data-rel=\"lightbox-image-18\" data-magnific_type=\"image\" data-rl_title=\"\" data-rl_caption=\"\" title=\"\"><img src=\"https:\/\/www.dimeco.com\/wp-content\/uploads\/2015\/06\/5514_CMA_04-938x600.jpg\" height=\"600\" width=\"938\" alt=\"\" class=\"slider-485 slide-487\" \/><\/a><\/li>\n            <\/ul>\n        <\/div>\n        \n    <\/div>\n<\/div>\n<\/div>\n<\/div>\n\t\t<\/div>\n\n\t\t\n<\/div>\n","protected":false},"excerpt":{"rendered":"<p>Les \u00e9l\u00e9ments de caillebotis sont fabriqu\u00e9s \u00e0 20 m\u00e8tre minutes \u00e0 partir de bobines. Des longueurs diff\u00e9rentes peuvent \u00eatre encha\u00een\u00e9es sans arr\u00eat de production. Les barres sont grug\u00e9es, pr\u00eates pour \u00eatre assembl\u00e9es et soud\u00e9es. Structure de ligne<\/p>\n","protected":false},"author":1,"featured_media":696,"parent":2559,"menu_order":5,"comment_status":"closed","ping_status":"closed","template":"","meta":{"extendify_custom_stylesheet":""},"acf":[],"yoast_head":"<!-- This site is optimized with the Yoast SEO plugin v19.3 - https:\/\/yoast.com\/wordpress\/plugins\/seo\/ -->\n<title>Caillebotis - Dimeco<\/title>\n<meta name=\"robots\" content=\"index, follow, max-snippet:-1, max-image-preview:large, max-video-preview:-1\" \/>\n<link rel=\"canonical\" href=\"https:\/\/www.dimeco.com\/fr\/applications\/batiments-et-construction\/grating\/\" \/>\n<meta property=\"og:locale\" content=\"fr_FR\" \/>\n<meta property=\"og:type\" content=\"article\" \/>\n<meta property=\"og:title\" content=\"Caillebotis - Dimeco\" \/>\n<meta property=\"og:description\" content=\"Les \u00e9l\u00e9ments de caillebotis sont fabriqu\u00e9s \u00e0 20 m\u00e8tre minutes \u00e0 partir de bobines. Des longueurs diff\u00e9rentes peuvent \u00eatre encha\u00een\u00e9es sans arr\u00eat de production. Les barres sont grug\u00e9es, pr\u00eates pour \u00eatre assembl\u00e9es et soud\u00e9es. Structure de ligne\" \/>\n<meta property=\"og:url\" content=\"https:\/\/www.dimeco.com\/fr\/applications\/batiments-et-construction\/grating\/\" \/>\n<meta property=\"og:site_name\" content=\"Dimeco\" \/>\n<meta property=\"article:modified_time\" content=\"2019-10-10T16:52:18+00:00\" \/>\n<meta property=\"og:image\" content=\"https:\/\/www.dimeco.com\/wp-content\/uploads\/2015\/10\/5.Grating.jpg\" \/>\n\t<meta property=\"og:image:width\" content=\"960\" \/>\n\t<meta property=\"og:image:height\" content=\"723\" \/>\n\t<meta property=\"og:image:type\" content=\"image\/jpeg\" \/>\n<meta name=\"twitter:card\" content=\"summary\" \/>\n<meta name=\"twitter:label1\" content=\"Dur\u00e9e de lecture estim\u00e9e\" \/>\n\t<meta name=\"twitter:data1\" content=\"1 minute\" \/>\n<script type=\"application\/ld+json\" class=\"yoast-schema-graph\">{\"@context\":\"https:\/\/schema.org\",\"@graph\":[{\"@type\":\"WebSite\",\"@id\":\"https:\/\/www.dimeco.com\/es\/#website\",\"url\":\"https:\/\/www.dimeco.com\/es\/\",\"name\":\"Dimeco\",\"description\":\"FLEXIBLE SHEET METAL PUNCHING CUTTING &amp; FORMING PROCESSES\",\"potentialAction\":[{\"@type\":\"SearchAction\",\"target\":{\"@type\":\"EntryPoint\",\"urlTemplate\":\"https:\/\/www.dimeco.com\/es\/?s={search_term_string}\"},\"query-input\":\"required name=search_term_string\"}],\"inLanguage\":\"fr-FR\"},{\"@type\":\"ImageObject\",\"inLanguage\":\"fr-FR\",\"@id\":\"https:\/\/www.dimeco.com\/fr\/applications\/batiments-et-construction\/grating\/#primaryimage\",\"url\":\"https:\/\/www.dimeco.com\/wp-content\/uploads\/2015\/10\/5.Grating.jpg\",\"contentUrl\":\"https:\/\/www.dimeco.com\/wp-content\/uploads\/2015\/10\/5.Grating.jpg\",\"width\":960,\"height\":723},{\"@type\":\"WebPage\",\"@id\":\"https:\/\/www.dimeco.com\/fr\/applications\/batiments-et-construction\/grating\/\",\"url\":\"https:\/\/www.dimeco.com\/fr\/applications\/batiments-et-construction\/grating\/\",\"name\":\"Caillebotis - Dimeco\",\"isPartOf\":{\"@id\":\"https:\/\/www.dimeco.com\/es\/#website\"},\"primaryImageOfPage\":{\"@id\":\"https:\/\/www.dimeco.com\/fr\/applications\/batiments-et-construction\/grating\/#primaryimage\"},\"datePublished\":\"2016-04-04T14:11:09+00:00\",\"dateModified\":\"2019-10-10T16:52:18+00:00\",\"breadcrumb\":{\"@id\":\"https:\/\/www.dimeco.com\/fr\/applications\/batiments-et-construction\/grating\/#breadcrumb\"},\"inLanguage\":\"fr-FR\",\"potentialAction\":[{\"@type\":\"ReadAction\",\"target\":[\"https:\/\/www.dimeco.com\/fr\/applications\/batiments-et-construction\/grating\/\"]}]},{\"@type\":\"BreadcrumbList\",\"@id\":\"https:\/\/www.dimeco.com\/fr\/applications\/batiments-et-construction\/grating\/#breadcrumb\",\"itemListElement\":[{\"@type\":\"ListItem\",\"position\":1,\"name\":\"Home\",\"item\":\"https:\/\/www.dimeco.com\/fr\/\"},{\"@type\":\"ListItem\",\"position\":2,\"name\":\"Applications\",\"item\":\"https:\/\/www.dimeco.com\/fr\/applications\/\"},{\"@type\":\"ListItem\",\"position\":3,\"name\":\"B\u00e2timents et construction\",\"item\":\"https:\/\/www.dimeco.com\/fr\/applications\/batiments-et-construction\/\"},{\"@type\":\"ListItem\",\"position\":4,\"name\":\"Caillebotis\"}]}]}<\/script>\n<!-- \/ Yoast SEO plugin. -->","yoast_head_json":{"title":"Caillebotis - Dimeco","robots":{"index":"index","follow":"follow","max-snippet":"max-snippet:-1","max-image-preview":"max-image-preview:large","max-video-preview":"max-video-preview:-1"},"canonical":"https:\/\/www.dimeco.com\/fr\/applications\/batiments-et-construction\/grating\/","og_locale":"fr_FR","og_type":"article","og_title":"Caillebotis - Dimeco","og_description":"Les \u00e9l\u00e9ments de caillebotis sont fabriqu\u00e9s \u00e0 20 m\u00e8tre minutes \u00e0 partir de bobines. Des longueurs diff\u00e9rentes peuvent \u00eatre encha\u00een\u00e9es sans arr\u00eat de production. Les barres sont grug\u00e9es, pr\u00eates pour \u00eatre assembl\u00e9es et soud\u00e9es. Structure de ligne","og_url":"https:\/\/www.dimeco.com\/fr\/applications\/batiments-et-construction\/grating\/","og_site_name":"Dimeco","article_modified_time":"2019-10-10T16:52:18+00:00","og_image":[{"width":960,"height":723,"url":"https:\/\/www.dimeco.com\/wp-content\/uploads\/2015\/10\/5.Grating.jpg","type":"image\/jpeg"}],"twitter_card":"summary","twitter_misc":{"Dur\u00e9e de lecture estim\u00e9e":"1 minute"},"schema":{"@context":"https:\/\/schema.org","@graph":[{"@type":"WebSite","@id":"https:\/\/www.dimeco.com\/es\/#website","url":"https:\/\/www.dimeco.com\/es\/","name":"Dimeco","description":"FLEXIBLE SHEET METAL PUNCHING CUTTING &amp; FORMING PROCESSES","potentialAction":[{"@type":"SearchAction","target":{"@type":"EntryPoint","urlTemplate":"https:\/\/www.dimeco.com\/es\/?s={search_term_string}"},"query-input":"required name=search_term_string"}],"inLanguage":"fr-FR"},{"@type":"ImageObject","inLanguage":"fr-FR","@id":"https:\/\/www.dimeco.com\/fr\/applications\/batiments-et-construction\/grating\/#primaryimage","url":"https:\/\/www.dimeco.com\/wp-content\/uploads\/2015\/10\/5.Grating.jpg","contentUrl":"https:\/\/www.dimeco.com\/wp-content\/uploads\/2015\/10\/5.Grating.jpg","width":960,"height":723},{"@type":"WebPage","@id":"https:\/\/www.dimeco.com\/fr\/applications\/batiments-et-construction\/grating\/","url":"https:\/\/www.dimeco.com\/fr\/applications\/batiments-et-construction\/grating\/","name":"Caillebotis - Dimeco","isPartOf":{"@id":"https:\/\/www.dimeco.com\/es\/#website"},"primaryImageOfPage":{"@id":"https:\/\/www.dimeco.com\/fr\/applications\/batiments-et-construction\/grating\/#primaryimage"},"datePublished":"2016-04-04T14:11:09+00:00","dateModified":"2019-10-10T16:52:18+00:00","breadcrumb":{"@id":"https:\/\/www.dimeco.com\/fr\/applications\/batiments-et-construction\/grating\/#breadcrumb"},"inLanguage":"fr-FR","potentialAction":[{"@type":"ReadAction","target":["https:\/\/www.dimeco.com\/fr\/applications\/batiments-et-construction\/grating\/"]}]},{"@type":"BreadcrumbList","@id":"https:\/\/www.dimeco.com\/fr\/applications\/batiments-et-construction\/grating\/#breadcrumb","itemListElement":[{"@type":"ListItem","position":1,"name":"Home","item":"https:\/\/www.dimeco.com\/fr\/"},{"@type":"ListItem","position":2,"name":"Applications","item":"https:\/\/www.dimeco.com\/fr\/applications\/"},{"@type":"ListItem","position":3,"name":"B\u00e2timents et construction","item":"https:\/\/www.dimeco.com\/fr\/applications\/batiments-et-construction\/"},{"@type":"ListItem","position":4,"name":"Caillebotis"}]}]}},"_links":{"self":[{"href":"https:\/\/www.dimeco.com\/fr\/wp-json\/wp\/v2\/pages\/2609\/"}],"collection":[{"href":"https:\/\/www.dimeco.com\/fr\/wp-json\/wp\/v2\/pages\/"}],"about":[{"href":"https:\/\/www.dimeco.com\/fr\/wp-json\/wp\/v2\/types\/page\/"}],"author":[{"embeddable":true,"href":"https:\/\/www.dimeco.com\/fr\/wp-json\/wp\/v2\/users\/1\/"}],"replies":[{"embeddable":true,"href":"https:\/\/www.dimeco.com\/fr\/wp-json\/wp\/v2\/comments\/?post=2609"}],"version-history":[{"count":2,"href":"https:\/\/www.dimeco.com\/fr\/wp-json\/wp\/v2\/pages\/2609\/revisions\/"}],"predecessor-version":[{"id":16166,"href":"https:\/\/www.dimeco.com\/fr\/wp-json\/wp\/v2\/pages\/2609\/revisions\/16166\/"}],"up":[{"embeddable":true,"href":"https:\/\/www.dimeco.com\/fr\/wp-json\/wp\/v2\/pages\/2559\/"}],"wp:featuredmedia":[{"embeddable":true,"href":"https:\/\/www.dimeco.com\/fr\/wp-json\/wp\/v2\/media\/696\/"}],"wp:attachment":[{"href":"https:\/\/www.dimeco.com\/fr\/wp-json\/wp\/v2\/media\/?parent=2609"}],"curies":[{"name":"wp","href":"https:\/\/api.w.org\/{rel}","templated":true}]}}