{"id":2586,"date":"2016-04-04T13:45:01","date_gmt":"2016-04-04T13:45:01","guid":{"rendered":"http:\/\/www.dimeco.com\/fr\/?page_id=2586"},"modified":"2016-09-22T09:57:32","modified_gmt":"2016-09-22T09:57:32","slug":"road-signs-supports","status":"publish","type":"page","link":"https:\/\/www.dimeco.com\/fr\/applications\/pieces-automobiles-et-securite-routiere\/road-signs-supports\/","title":{"rendered":"Supports de signalisation routi\u00e8re"},"content":{"rendered":"","protected":false},"excerpt":{"rendered":"","protected":false},"author":1,"featured_media":686,"parent":2562,"menu_order":4,"comment_status":"closed","ping_status":"closed","template":"","meta":{"extendify_custom_stylesheet":""},"acf":[],"yoast_head":"<!-- This site is optimized with the Yoast SEO plugin v19.3 - https:\/\/yoast.com\/wordpress\/plugins\/seo\/ -->\n<title>Supports de signalisation routi\u00e8re - Dimeco<\/title>\n<meta name=\"robots\" content=\"index, follow, max-snippet:-1, max-image-preview:large, max-video-preview:-1\" \/>\n<link rel=\"canonical\" href=\"https:\/\/www.dimeco.com\/fr\/applications\/pieces-automobiles-et-securite-routiere\/road-signs-supports\/\" \/>\n<meta property=\"og:locale\" content=\"fr_FR\" \/>\n<meta property=\"og:type\" content=\"article\" \/>\n<meta property=\"og:title\" content=\"Supports de signalisation routi\u00e8re - Dimeco\" \/>\n<meta property=\"og:url\" content=\"https:\/\/www.dimeco.com\/fr\/applications\/pieces-automobiles-et-securite-routiere\/road-signs-supports\/\" \/>\n<meta property=\"og:site_name\" content=\"Dimeco\" \/>\n<meta property=\"article:modified_time\" content=\"2016-09-22T09:57:32+00:00\" \/>\n<meta property=\"og:image\" content=\"https:\/\/www.dimeco.com\/wp-content\/uploads\/2015\/10\/4.Road-Signs-Supports.jpg\" \/>\n\t<meta property=\"og:image:width\" content=\"960\" \/>\n\t<meta property=\"og:image:height\" content=\"695\" \/>\n\t<meta property=\"og:image:type\" content=\"image\/jpeg\" \/>\n<meta name=\"twitter:card\" content=\"summary\" \/>\n<script type=\"application\/ld+json\" class=\"yoast-schema-graph\">{\"@context\":\"https:\/\/schema.org\",\"@graph\":[{\"@type\":\"WebSite\",\"@id\":\"https:\/\/www.dimeco.com\/es\/#website\",\"url\":\"https:\/\/www.dimeco.com\/es\/\",\"name\":\"Dimeco\",\"description\":\"FLEXIBLE SHEET METAL PUNCHING CUTTING &amp; FORMING PROCESSES\",\"potentialAction\":[{\"@type\":\"SearchAction\",\"target\":{\"@type\":\"EntryPoint\",\"urlTemplate\":\"https:\/\/www.dimeco.com\/es\/?s={search_term_string}\"},\"query-input\":\"required name=search_term_string\"}],\"inLanguage\":\"fr-FR\"},{\"@type\":\"ImageObject\",\"inLanguage\":\"fr-FR\",\"@id\":\"https:\/\/www.dimeco.com\/fr\/applications\/pieces-automobiles-et-securite-routiere\/road-signs-supports\/#primaryimage\",\"url\":\"https:\/\/www.dimeco.com\/wp-content\/uploads\/2015\/10\/4.Road-Signs-Supports.jpg\",\"contentUrl\":\"https:\/\/www.dimeco.com\/wp-content\/uploads\/2015\/10\/4.Road-Signs-Supports.jpg\",\"width\":960,\"height\":695},{\"@type\":\"WebPage\",\"@id\":\"https:\/\/www.dimeco.com\/fr\/applications\/pieces-automobiles-et-securite-routiere\/road-signs-supports\/\",\"url\":\"https:\/\/www.dimeco.com\/fr\/applications\/pieces-automobiles-et-securite-routiere\/road-signs-supports\/\",\"name\":\"Supports de signalisation routi\u00e8re - Dimeco\",\"isPartOf\":{\"@id\":\"https:\/\/www.dimeco.com\/es\/#website\"},\"primaryImageOfPage\":{\"@id\":\"https:\/\/www.dimeco.com\/fr\/applications\/pieces-automobiles-et-securite-routiere\/road-signs-supports\/#primaryimage\"},\"datePublished\":\"2016-04-04T13:45:01+00:00\",\"dateModified\":\"2016-09-22T09:57:32+00:00\",\"breadcrumb\":{\"@id\":\"https:\/\/www.dimeco.com\/fr\/applications\/pieces-automobiles-et-securite-routiere\/road-signs-supports\/#breadcrumb\"},\"inLanguage\":\"fr-FR\",\"potentialAction\":[{\"@type\":\"ReadAction\",\"target\":[\"https:\/\/www.dimeco.com\/fr\/applications\/pieces-automobiles-et-securite-routiere\/road-signs-supports\/\"]}]},{\"@type\":\"BreadcrumbList\",\"@id\":\"https:\/\/www.dimeco.com\/fr\/applications\/pieces-automobiles-et-securite-routiere\/road-signs-supports\/#breadcrumb\",\"itemListElement\":[{\"@type\":\"ListItem\",\"position\":1,\"name\":\"Home\",\"item\":\"https:\/\/www.dimeco.com\/fr\/\"},{\"@type\":\"ListItem\",\"position\":2,\"name\":\"Applications\",\"item\":\"https:\/\/www.dimeco.com\/fr\/applications\/\"},{\"@type\":\"ListItem\",\"position\":3,\"name\":\"Pi\u00e8ces automobiles et s\u00e9curit\u00e9 routi\u00e8re\",\"item\":\"https:\/\/www.dimeco.com\/fr\/applications\/pieces-automobiles-et-securite-routiere\/\"},{\"@type\":\"ListItem\",\"position\":4,\"name\":\"Supports de signalisation routi\u00e8re\"}]}]}<\/script>\n<!-- \/ Yoast SEO plugin. -->","yoast_head_json":{"title":"Supports de signalisation routi\u00e8re - Dimeco","robots":{"index":"index","follow":"follow","max-snippet":"max-snippet:-1","max-image-preview":"max-image-preview:large","max-video-preview":"max-video-preview:-1"},"canonical":"https:\/\/www.dimeco.com\/fr\/applications\/pieces-automobiles-et-securite-routiere\/road-signs-supports\/","og_locale":"fr_FR","og_type":"article","og_title":"Supports de signalisation routi\u00e8re - Dimeco","og_url":"https:\/\/www.dimeco.com\/fr\/applications\/pieces-automobiles-et-securite-routiere\/road-signs-supports\/","og_site_name":"Dimeco","article_modified_time":"2016-09-22T09:57:32+00:00","og_image":[{"width":960,"height":695,"url":"https:\/\/www.dimeco.com\/wp-content\/uploads\/2015\/10\/4.Road-Signs-Supports.jpg","type":"image\/jpeg"}],"twitter_card":"summary","schema":{"@context":"https:\/\/schema.org","@graph":[{"@type":"WebSite","@id":"https:\/\/www.dimeco.com\/es\/#website","url":"https:\/\/www.dimeco.com\/es\/","name":"Dimeco","description":"FLEXIBLE SHEET METAL PUNCHING CUTTING &amp; FORMING PROCESSES","potentialAction":[{"@type":"SearchAction","target":{"@type":"EntryPoint","urlTemplate":"https:\/\/www.dimeco.com\/es\/?s={search_term_string}"},"query-input":"required name=search_term_string"}],"inLanguage":"fr-FR"},{"@type":"ImageObject","inLanguage":"fr-FR","@id":"https:\/\/www.dimeco.com\/fr\/applications\/pieces-automobiles-et-securite-routiere\/road-signs-supports\/#primaryimage","url":"https:\/\/www.dimeco.com\/wp-content\/uploads\/2015\/10\/4.Road-Signs-Supports.jpg","contentUrl":"https:\/\/www.dimeco.com\/wp-content\/uploads\/2015\/10\/4.Road-Signs-Supports.jpg","width":960,"height":695},{"@type":"WebPage","@id":"https:\/\/www.dimeco.com\/fr\/applications\/pieces-automobiles-et-securite-routiere\/road-signs-supports\/","url":"https:\/\/www.dimeco.com\/fr\/applications\/pieces-automobiles-et-securite-routiere\/road-signs-supports\/","name":"Supports de signalisation routi\u00e8re - Dimeco","isPartOf":{"@id":"https:\/\/www.dimeco.com\/es\/#website"},"primaryImageOfPage":{"@id":"https:\/\/www.dimeco.com\/fr\/applications\/pieces-automobiles-et-securite-routiere\/road-signs-supports\/#primaryimage"},"datePublished":"2016-04-04T13:45:01+00:00","dateModified":"2016-09-22T09:57:32+00:00","breadcrumb":{"@id":"https:\/\/www.dimeco.com\/fr\/applications\/pieces-automobiles-et-securite-routiere\/road-signs-supports\/#breadcrumb"},"inLanguage":"fr-FR","potentialAction":[{"@type":"ReadAction","target":["https:\/\/www.dimeco.com\/fr\/applications\/pieces-automobiles-et-securite-routiere\/road-signs-supports\/"]}]},{"@type":"BreadcrumbList","@id":"https:\/\/www.dimeco.com\/fr\/applications\/pieces-automobiles-et-securite-routiere\/road-signs-supports\/#breadcrumb","itemListElement":[{"@type":"ListItem","position":1,"name":"Home","item":"https:\/\/www.dimeco.com\/fr\/"},{"@type":"ListItem","position":2,"name":"Applications","item":"https:\/\/www.dimeco.com\/fr\/applications\/"},{"@type":"ListItem","position":3,"name":"Pi\u00e8ces automobiles et s\u00e9curit\u00e9 routi\u00e8re","item":"https:\/\/www.dimeco.com\/fr\/applications\/pieces-automobiles-et-securite-routiere\/"},{"@type":"ListItem","position":4,"name":"Supports de signalisation routi\u00e8re"}]}]}},"_links":{"self":[{"href":"https:\/\/www.dimeco.com\/fr\/wp-json\/wp\/v2\/pages\/2586\/"}],"collection":[{"href":"https:\/\/www.dimeco.com\/fr\/wp-json\/wp\/v2\/pages\/"}],"about":[{"href":"https:\/\/www.dimeco.com\/fr\/wp-json\/wp\/v2\/types\/page\/"}],"author":[{"embeddable":true,"href":"https:\/\/www.dimeco.com\/fr\/wp-json\/wp\/v2\/users\/1\/"}],"replies":[{"embeddable":true,"href":"https:\/\/www.dimeco.com\/fr\/wp-json\/wp\/v2\/comments\/?post=2586"}],"version-history":[{"count":0,"href":"https:\/\/www.dimeco.com\/fr\/wp-json\/wp\/v2\/pages\/2586\/revisions\/"}],"up":[{"embeddable":true,"href":"https:\/\/www.dimeco.com\/fr\/wp-json\/wp\/v2\/pages\/2562\/"}],"wp:featuredmedia":[{"embeddable":true,"href":"https:\/\/www.dimeco.com\/fr\/wp-json\/wp\/v2\/media\/686\/"}],"wp:attachment":[{"href":"https:\/\/www.dimeco.com\/fr\/wp-json\/wp\/v2\/media\/?parent=2586"}],"curies":[{"name":"wp","href":"https:\/\/api.w.org\/{rel}","templated":true}]}}