{"id":2584,"date":"2016-04-04T13:44:27","date_gmt":"2016-04-04T13:44:27","guid":{"rendered":"http:\/\/www.dimeco.com\/fr\/?page_id=2584"},"modified":"2018-12-19T16:16:55","modified_gmt":"2018-12-19T16:16:55","slug":"cars-structure","status":"publish","type":"page","link":"https:\/\/www.dimeco.com\/fr\/applications\/pieces-automobiles-et-securite-routiere\/cars-structure\/","title":{"rendered":"Pi\u00e8ces de structure automobile"},"content":{"rendered":"<h2>Parts &#8211; Profiles<\/h2>\n<div class=\"row\">\n<div class=\"grid_4\">\n<\/div>\n<div class=\"grid_5\">\n<div id=\"metaslider-id-14386\" style=\"max-width: 938px;\" class=\"ml-slider-3-27-7 metaslider metaslider-flex metaslider-14386 ml-slider ml-slider-lightbox-1-12-0 responsive-lightbox-gallery-2-4-1\">\n    <div id=\"metaslider_container_14386\">\n        <div id=\"metaslider_14386\">\n            <ul aria-live=\"polite\" class=\"slides\">\n                <li style=\"display: block; width: 100%;\" class=\"slide-14442 ms-image\"><a href=\"https:\/\/www.dimeco.com\/wp-content\/uploads\/2018\/12\/car-structure-profiles-1.jpg\" target=\"_self\" rel=\"lightbox[14386]\" data-rel=\"lightbox-image-0\" data-magnific_type=\"image\" data-rl_title=\"\" data-rl_caption=\"\"><img src=\"https:\/\/www.dimeco.com\/wp-content\/uploads\/2018\/12\/car-structure-profiles-1-938x600.jpg\" height=\"600\" width=\"938\" alt=\"\" class=\"slider-14386 slide-14442\" title=\"\" \/><\/a><\/li>\n                <li style=\"display: none; width: 100%;\" class=\"slide-14443 ms-image\"><a href=\"https:\/\/www.dimeco.com\/wp-content\/uploads\/2018\/12\/car-structure-profiles-2.jpg\" target=\"_self\" rel=\"lightbox[14386]\" data-rel=\"lightbox-image-1\" data-magnific_type=\"image\" data-rl_title=\"\" data-rl_caption=\"\"><img src=\"https:\/\/www.dimeco.com\/wp-content\/uploads\/2018\/12\/car-structure-profiles-2-938x600.jpg\" height=\"600\" width=\"938\" alt=\"\" class=\"slider-14386 slide-14443\" title=\"\" \/><\/a><\/li>\n                <li style=\"display: none; width: 100%;\" class=\"slide-14444 ms-image\"><a href=\"https:\/\/www.dimeco.com\/wp-content\/uploads\/2018\/12\/car-structure-profiles-3.jpg\" target=\"_self\" rel=\"lightbox[14386]\" data-rel=\"lightbox-image-2\" data-magnific_type=\"image\" data-rl_title=\"\" data-rl_caption=\"\"><img src=\"https:\/\/www.dimeco.com\/wp-content\/uploads\/2018\/12\/car-structure-profiles-3-938x600.jpg\" height=\"600\" width=\"938\" alt=\"\" class=\"slider-14386 slide-14444\" title=\"\" \/><\/a><\/li>\n                <li style=\"display: none; width: 100%;\" class=\"slide-14445 ms-image\"><a href=\"https:\/\/www.dimeco.com\/wp-content\/uploads\/2018\/12\/car-structure-profiles-4.jpg\" target=\"_self\" rel=\"lightbox[14386]\" data-rel=\"lightbox-image-3\" data-magnific_type=\"image\" data-rl_title=\"\" data-rl_caption=\"\"><img src=\"https:\/\/www.dimeco.com\/wp-content\/uploads\/2018\/12\/car-structure-profiles-4-938x600.jpg\" height=\"600\" width=\"938\" alt=\"\" class=\"slider-14386 slide-14445\" title=\"\" \/><\/a><\/li>\n                <li style=\"display: none; width: 100%;\" class=\"slide-14446 ms-image\"><a href=\"https:\/\/www.dimeco.com\/wp-content\/uploads\/2018\/12\/car-structure-profiles-5.jpg\" target=\"_self\" rel=\"lightbox[14386]\" data-rel=\"lightbox-image-4\" data-magnific_type=\"image\" data-rl_title=\"\" data-rl_caption=\"\"><img src=\"https:\/\/www.dimeco.com\/wp-content\/uploads\/2018\/12\/car-structure-profiles-5-938x600.jpg\" height=\"600\" width=\"938\" alt=\"\" class=\"slider-14386 slide-14446\" title=\"\" \/><\/a><\/li>\n                <li style=\"display: none; width: 100%;\" class=\"slide-14447 ms-image\"><a href=\"https:\/\/www.dimeco.com\/wp-content\/uploads\/2018\/12\/car-structure-profiles-6.jpg\" target=\"_self\" rel=\"lightbox[14386]\" data-rel=\"lightbox-image-5\" data-magnific_type=\"image\" data-rl_title=\"\" data-rl_caption=\"\"><img src=\"https:\/\/www.dimeco.com\/wp-content\/uploads\/2018\/12\/car-structure-profiles-6-938x600.jpg\" height=\"600\" width=\"938\" alt=\"\" class=\"slider-14386 slide-14447\" title=\"\" \/><\/a><\/li>\n                <li style=\"display: none; width: 100%;\" class=\"slide-14448 ms-image\"><a href=\"https:\/\/www.dimeco.com\/wp-content\/uploads\/2018\/12\/car-structure-profiles-7.jpg\" target=\"_self\" rel=\"lightbox[14386]\" data-rel=\"lightbox-image-6\" data-magnific_type=\"image\" data-rl_title=\"\" data-rl_caption=\"\"><img src=\"https:\/\/www.dimeco.com\/wp-content\/uploads\/2018\/12\/car-structure-profiles-7-880x562.jpg\" height=\"600\" width=\"938\" alt=\"\" class=\"slider-14386 slide-14448\" title=\"\" \/><\/a><\/li>\n                <li style=\"display: none; width: 100%;\" class=\"slide-14449 ms-image\"><a href=\"https:\/\/www.dimeco.com\/wp-content\/uploads\/2018\/12\/car-structure-profiles-8.jpg\" target=\"_self\" rel=\"lightbox[14386]\" data-rel=\"lightbox-image-7\" data-magnific_type=\"image\" data-rl_title=\"\" data-rl_caption=\"\"><img src=\"https:\/\/www.dimeco.com\/wp-content\/uploads\/2018\/12\/car-structure-profiles-8-938x600.jpg\" height=\"600\" width=\"938\" alt=\"\" class=\"slider-14386 slide-14449\" title=\"\" \/><\/a><\/li>\n                <li style=\"display: none; width: 100%;\" class=\"slide-14450 ms-image\"><a href=\"https:\/\/www.dimeco.com\/wp-content\/uploads\/2018\/12\/car-structure-profiles-9.jpg\" target=\"_self\" rel=\"lightbox[14386]\" data-rel=\"lightbox-image-8\" data-magnific_type=\"image\" data-rl_title=\"\" data-rl_caption=\"\"><img src=\"https:\/\/www.dimeco.com\/wp-content\/uploads\/2018\/12\/car-structure-profiles-9-901x576.jpg\" height=\"600\" width=\"938\" alt=\"\" class=\"slider-14386 slide-14450\" title=\"\" \/><\/a><\/li>\n                <li style=\"display: none; width: 100%;\" class=\"slide-14451 ms-image\"><a href=\"https:\/\/www.dimeco.com\/wp-content\/uploads\/2018\/12\/car-structure-profiles-10.jpg\" target=\"_self\" rel=\"lightbox[14386]\" data-rel=\"lightbox-image-9\" data-magnific_type=\"image\" data-rl_title=\"\" data-rl_caption=\"\"><img src=\"https:\/\/www.dimeco.com\/wp-content\/uploads\/2018\/12\/car-structure-profiles-10-938x600.jpg\" height=\"600\" width=\"938\" alt=\"\" class=\"slider-14386 slide-14451\" title=\"\" \/><\/a><\/li>\n                <li style=\"display: none; width: 100%;\" class=\"slide-14452 ms-image\"><a href=\"https:\/\/www.dimeco.com\/wp-content\/uploads\/2018\/12\/car-structure-profiles-11.jpg\" target=\"_self\" rel=\"lightbox[14386]\" data-rel=\"lightbox-image-10\" data-magnific_type=\"image\" data-rl_title=\"\" data-rl_caption=\"\"><img src=\"https:\/\/www.dimeco.com\/wp-content\/uploads\/2018\/12\/car-structure-profiles-11-938x600.jpg\" height=\"600\" width=\"938\" alt=\"\" class=\"slider-14386 slide-14452\" title=\"\" \/><\/a><\/li>\n            <\/ul>\n        <\/div>\n        \n    <\/div>\n<\/div>\n<\/div>\n<\/div>\n<div class=\"row\"><\/div>\n","protected":false},"excerpt":{"rendered":"<p>Parts &#8211; Profiles<\/p>\n","protected":false},"author":1,"featured_media":685,"parent":2562,"menu_order":3,"comment_status":"closed","ping_status":"closed","template":"","meta":{"extendify_custom_stylesheet":""},"acf":[],"yoast_head":"<!-- This site is optimized with the Yoast SEO plugin v19.3 - https:\/\/yoast.com\/wordpress\/plugins\/seo\/ -->\n<title>Pi\u00e8ces de structure automobile - Dimeco<\/title>\n<meta name=\"robots\" content=\"index, follow, max-snippet:-1, max-image-preview:large, max-video-preview:-1\" \/>\n<link rel=\"canonical\" href=\"https:\/\/www.dimeco.com\/fr\/applications\/pieces-automobiles-et-securite-routiere\/cars-structure\/\" \/>\n<meta property=\"og:locale\" content=\"fr_FR\" \/>\n<meta property=\"og:type\" content=\"article\" \/>\n<meta property=\"og:title\" content=\"Pi\u00e8ces de structure automobile - Dimeco\" \/>\n<meta property=\"og:description\" content=\"Parts &#8211; Profiles\" \/>\n<meta property=\"og:url\" content=\"https:\/\/www.dimeco.com\/fr\/applications\/pieces-automobiles-et-securite-routiere\/cars-structure\/\" \/>\n<meta property=\"og:site_name\" content=\"Dimeco\" \/>\n<meta property=\"article:modified_time\" content=\"2018-12-19T16:16:55+00:00\" \/>\n<meta property=\"og:image\" content=\"https:\/\/www.dimeco.com\/wp-content\/uploads\/2015\/10\/3.Cars-structures.jpg\" \/>\n\t<meta property=\"og:image:width\" content=\"960\" \/>\n\t<meta property=\"og:image:height\" content=\"640\" \/>\n\t<meta property=\"og:image:type\" content=\"image\/jpeg\" \/>\n<meta name=\"twitter:card\" content=\"summary\" \/>\n<script type=\"application\/ld+json\" class=\"yoast-schema-graph\">{\"@context\":\"https:\/\/schema.org\",\"@graph\":[{\"@type\":\"WebSite\",\"@id\":\"https:\/\/www.dimeco.com\/es\/#website\",\"url\":\"https:\/\/www.dimeco.com\/es\/\",\"name\":\"Dimeco\",\"description\":\"FLEXIBLE SHEET METAL PUNCHING CUTTING &amp; FORMING PROCESSES\",\"potentialAction\":[{\"@type\":\"SearchAction\",\"target\":{\"@type\":\"EntryPoint\",\"urlTemplate\":\"https:\/\/www.dimeco.com\/es\/?s={search_term_string}\"},\"query-input\":\"required name=search_term_string\"}],\"inLanguage\":\"fr-FR\"},{\"@type\":\"ImageObject\",\"inLanguage\":\"fr-FR\",\"@id\":\"https:\/\/www.dimeco.com\/fr\/applications\/pieces-automobiles-et-securite-routiere\/cars-structure\/#primaryimage\",\"url\":\"https:\/\/www.dimeco.com\/wp-content\/uploads\/2015\/10\/3.Cars-structures.jpg\",\"contentUrl\":\"https:\/\/www.dimeco.com\/wp-content\/uploads\/2015\/10\/3.Cars-structures.jpg\",\"width\":960,\"height\":640},{\"@type\":\"WebPage\",\"@id\":\"https:\/\/www.dimeco.com\/fr\/applications\/pieces-automobiles-et-securite-routiere\/cars-structure\/\",\"url\":\"https:\/\/www.dimeco.com\/fr\/applications\/pieces-automobiles-et-securite-routiere\/cars-structure\/\",\"name\":\"Pi\u00e8ces de structure automobile - Dimeco\",\"isPartOf\":{\"@id\":\"https:\/\/www.dimeco.com\/es\/#website\"},\"primaryImageOfPage\":{\"@id\":\"https:\/\/www.dimeco.com\/fr\/applications\/pieces-automobiles-et-securite-routiere\/cars-structure\/#primaryimage\"},\"datePublished\":\"2016-04-04T13:44:27+00:00\",\"dateModified\":\"2018-12-19T16:16:55+00:00\",\"breadcrumb\":{\"@id\":\"https:\/\/www.dimeco.com\/fr\/applications\/pieces-automobiles-et-securite-routiere\/cars-structure\/#breadcrumb\"},\"inLanguage\":\"fr-FR\",\"potentialAction\":[{\"@type\":\"ReadAction\",\"target\":[\"https:\/\/www.dimeco.com\/fr\/applications\/pieces-automobiles-et-securite-routiere\/cars-structure\/\"]}]},{\"@type\":\"BreadcrumbList\",\"@id\":\"https:\/\/www.dimeco.com\/fr\/applications\/pieces-automobiles-et-securite-routiere\/cars-structure\/#breadcrumb\",\"itemListElement\":[{\"@type\":\"ListItem\",\"position\":1,\"name\":\"Home\",\"item\":\"https:\/\/www.dimeco.com\/fr\/\"},{\"@type\":\"ListItem\",\"position\":2,\"name\":\"Applications\",\"item\":\"https:\/\/www.dimeco.com\/fr\/applications\/\"},{\"@type\":\"ListItem\",\"position\":3,\"name\":\"Pi\u00e8ces automobiles et s\u00e9curit\u00e9 routi\u00e8re\",\"item\":\"https:\/\/www.dimeco.com\/fr\/applications\/pieces-automobiles-et-securite-routiere\/\"},{\"@type\":\"ListItem\",\"position\":4,\"name\":\"Pi\u00e8ces de structure automobile\"}]}]}<\/script>\n<!-- \/ Yoast SEO plugin. -->","yoast_head_json":{"title":"Pi\u00e8ces de structure automobile - Dimeco","robots":{"index":"index","follow":"follow","max-snippet":"max-snippet:-1","max-image-preview":"max-image-preview:large","max-video-preview":"max-video-preview:-1"},"canonical":"https:\/\/www.dimeco.com\/fr\/applications\/pieces-automobiles-et-securite-routiere\/cars-structure\/","og_locale":"fr_FR","og_type":"article","og_title":"Pi\u00e8ces de structure automobile - Dimeco","og_description":"Parts &#8211; Profiles","og_url":"https:\/\/www.dimeco.com\/fr\/applications\/pieces-automobiles-et-securite-routiere\/cars-structure\/","og_site_name":"Dimeco","article_modified_time":"2018-12-19T16:16:55+00:00","og_image":[{"width":960,"height":640,"url":"https:\/\/www.dimeco.com\/wp-content\/uploads\/2015\/10\/3.Cars-structures.jpg","type":"image\/jpeg"}],"twitter_card":"summary","schema":{"@context":"https:\/\/schema.org","@graph":[{"@type":"WebSite","@id":"https:\/\/www.dimeco.com\/es\/#website","url":"https:\/\/www.dimeco.com\/es\/","name":"Dimeco","description":"FLEXIBLE SHEET METAL PUNCHING CUTTING &amp; FORMING PROCESSES","potentialAction":[{"@type":"SearchAction","target":{"@type":"EntryPoint","urlTemplate":"https:\/\/www.dimeco.com\/es\/?s={search_term_string}"},"query-input":"required name=search_term_string"}],"inLanguage":"fr-FR"},{"@type":"ImageObject","inLanguage":"fr-FR","@id":"https:\/\/www.dimeco.com\/fr\/applications\/pieces-automobiles-et-securite-routiere\/cars-structure\/#primaryimage","url":"https:\/\/www.dimeco.com\/wp-content\/uploads\/2015\/10\/3.Cars-structures.jpg","contentUrl":"https:\/\/www.dimeco.com\/wp-content\/uploads\/2015\/10\/3.Cars-structures.jpg","width":960,"height":640},{"@type":"WebPage","@id":"https:\/\/www.dimeco.com\/fr\/applications\/pieces-automobiles-et-securite-routiere\/cars-structure\/","url":"https:\/\/www.dimeco.com\/fr\/applications\/pieces-automobiles-et-securite-routiere\/cars-structure\/","name":"Pi\u00e8ces de structure automobile - Dimeco","isPartOf":{"@id":"https:\/\/www.dimeco.com\/es\/#website"},"primaryImageOfPage":{"@id":"https:\/\/www.dimeco.com\/fr\/applications\/pieces-automobiles-et-securite-routiere\/cars-structure\/#primaryimage"},"datePublished":"2016-04-04T13:44:27+00:00","dateModified":"2018-12-19T16:16:55+00:00","breadcrumb":{"@id":"https:\/\/www.dimeco.com\/fr\/applications\/pieces-automobiles-et-securite-routiere\/cars-structure\/#breadcrumb"},"inLanguage":"fr-FR","potentialAction":[{"@type":"ReadAction","target":["https:\/\/www.dimeco.com\/fr\/applications\/pieces-automobiles-et-securite-routiere\/cars-structure\/"]}]},{"@type":"BreadcrumbList","@id":"https:\/\/www.dimeco.com\/fr\/applications\/pieces-automobiles-et-securite-routiere\/cars-structure\/#breadcrumb","itemListElement":[{"@type":"ListItem","position":1,"name":"Home","item":"https:\/\/www.dimeco.com\/fr\/"},{"@type":"ListItem","position":2,"name":"Applications","item":"https:\/\/www.dimeco.com\/fr\/applications\/"},{"@type":"ListItem","position":3,"name":"Pi\u00e8ces automobiles et s\u00e9curit\u00e9 routi\u00e8re","item":"https:\/\/www.dimeco.com\/fr\/applications\/pieces-automobiles-et-securite-routiere\/"},{"@type":"ListItem","position":4,"name":"Pi\u00e8ces de structure automobile"}]}]}},"_links":{"self":[{"href":"https:\/\/www.dimeco.com\/fr\/wp-json\/wp\/v2\/pages\/2584\/"}],"collection":[{"href":"https:\/\/www.dimeco.com\/fr\/wp-json\/wp\/v2\/pages\/"}],"about":[{"href":"https:\/\/www.dimeco.com\/fr\/wp-json\/wp\/v2\/types\/page\/"}],"author":[{"embeddable":true,"href":"https:\/\/www.dimeco.com\/fr\/wp-json\/wp\/v2\/users\/1\/"}],"replies":[{"embeddable":true,"href":"https:\/\/www.dimeco.com\/fr\/wp-json\/wp\/v2\/comments\/?post=2584"}],"version-history":[{"count":2,"href":"https:\/\/www.dimeco.com\/fr\/wp-json\/wp\/v2\/pages\/2584\/revisions\/"}],"predecessor-version":[{"id":14455,"href":"https:\/\/www.dimeco.com\/fr\/wp-json\/wp\/v2\/pages\/2584\/revisions\/14455\/"}],"up":[{"embeddable":true,"href":"https:\/\/www.dimeco.com\/fr\/wp-json\/wp\/v2\/pages\/2562\/"}],"wp:featuredmedia":[{"embeddable":true,"href":"https:\/\/www.dimeco.com\/fr\/wp-json\/wp\/v2\/media\/685\/"}],"wp:attachment":[{"href":"https:\/\/www.dimeco.com\/fr\/wp-json\/wp\/v2\/media\/?parent=2584"}],"curies":[{"name":"wp","href":"https:\/\/api.w.org\/{rel}","templated":true}]}}