{"id":2562,"date":"2016-04-04T13:05:10","date_gmt":"2016-04-04T13:05:10","guid":{"rendered":"http:\/\/www.dimeco.com\/fr\/?page_id=2562"},"modified":"2016-07-22T07:33:01","modified_gmt":"2016-07-22T07:33:01","slug":"pieces-automobiles-et-securite-routiere","status":"publish","type":"page","link":"https:\/\/www.dimeco.com\/fr\/applications\/pieces-automobiles-et-securite-routiere\/","title":{"rendered":"Pi\u00e8ces automobiles et s\u00e9curit\u00e9 routi\u00e8re"},"content":{"rendered":"","protected":false},"excerpt":{"rendered":"","protected":false},"author":1,"featured_media":786,"parent":69,"menu_order":5,"comment_status":"closed","ping_status":"closed","template":"page-hijos.php","meta":{"extendify_custom_stylesheet":""},"acf":[],"yoast_head":"<!-- This site is optimized with the Yoast SEO plugin v19.3 - https:\/\/yoast.com\/wordpress\/plugins\/seo\/ -->\n<title>Pi\u00e8ces automobiles et s\u00e9curit\u00e9 routi\u00e8re - Dimeco<\/title>\n<meta name=\"robots\" content=\"index, follow, max-snippet:-1, max-image-preview:large, max-video-preview:-1\" \/>\n<link rel=\"canonical\" href=\"https:\/\/www.dimeco.com\/fr\/applications\/pieces-automobiles-et-securite-routiere\/\" \/>\n<meta property=\"og:locale\" content=\"fr_FR\" \/>\n<meta property=\"og:type\" content=\"article\" \/>\n<meta property=\"og:title\" content=\"Pi\u00e8ces automobiles et s\u00e9curit\u00e9 routi\u00e8re - Dimeco\" \/>\n<meta property=\"og:url\" content=\"https:\/\/www.dimeco.com\/fr\/applications\/pieces-automobiles-et-securite-routiere\/\" \/>\n<meta property=\"og:site_name\" content=\"Dimeco\" \/>\n<meta property=\"article:modified_time\" content=\"2016-07-22T07:33:01+00:00\" \/>\n<meta property=\"og:image\" content=\"https:\/\/www.dimeco.com\/wp-content\/uploads\/2015\/09\/cab_automotive.jpg\" \/>\n\t<meta property=\"og:image:width\" content=\"1430\" \/>\n\t<meta property=\"og:image:height\" content=\"894\" \/>\n\t<meta property=\"og:image:type\" content=\"image\/jpeg\" \/>\n<meta name=\"twitter:card\" content=\"summary\" \/>\n<script type=\"application\/ld+json\" class=\"yoast-schema-graph\">{\"@context\":\"https:\/\/schema.org\",\"@graph\":[{\"@type\":\"WebSite\",\"@id\":\"https:\/\/www.dimeco.com\/es\/#website\",\"url\":\"https:\/\/www.dimeco.com\/es\/\",\"name\":\"Dimeco\",\"description\":\"FLEXIBLE SHEET METAL PUNCHING CUTTING &amp; FORMING PROCESSES\",\"potentialAction\":[{\"@type\":\"SearchAction\",\"target\":{\"@type\":\"EntryPoint\",\"urlTemplate\":\"https:\/\/www.dimeco.com\/es\/?s={search_term_string}\"},\"query-input\":\"required name=search_term_string\"}],\"inLanguage\":\"fr-FR\"},{\"@type\":\"ImageObject\",\"inLanguage\":\"fr-FR\",\"@id\":\"https:\/\/www.dimeco.com\/fr\/applications\/pieces-automobiles-et-securite-routiere\/#primaryimage\",\"url\":\"https:\/\/www.dimeco.com\/wp-content\/uploads\/2015\/09\/cab_automotive.jpg\",\"contentUrl\":\"https:\/\/www.dimeco.com\/wp-content\/uploads\/2015\/09\/cab_automotive.jpg\",\"width\":1430,\"height\":894},{\"@type\":\"WebPage\",\"@id\":\"https:\/\/www.dimeco.com\/fr\/applications\/pieces-automobiles-et-securite-routiere\/\",\"url\":\"https:\/\/www.dimeco.com\/fr\/applications\/pieces-automobiles-et-securite-routiere\/\",\"name\":\"Pi\u00e8ces automobiles et s\u00e9curit\u00e9 routi\u00e8re - Dimeco\",\"isPartOf\":{\"@id\":\"https:\/\/www.dimeco.com\/es\/#website\"},\"primaryImageOfPage\":{\"@id\":\"https:\/\/www.dimeco.com\/fr\/applications\/pieces-automobiles-et-securite-routiere\/#primaryimage\"},\"datePublished\":\"2016-04-04T13:05:10+00:00\",\"dateModified\":\"2016-07-22T07:33:01+00:00\",\"breadcrumb\":{\"@id\":\"https:\/\/www.dimeco.com\/fr\/applications\/pieces-automobiles-et-securite-routiere\/#breadcrumb\"},\"inLanguage\":\"fr-FR\",\"potentialAction\":[{\"@type\":\"ReadAction\",\"target\":[\"https:\/\/www.dimeco.com\/fr\/applications\/pieces-automobiles-et-securite-routiere\/\"]}]},{\"@type\":\"BreadcrumbList\",\"@id\":\"https:\/\/www.dimeco.com\/fr\/applications\/pieces-automobiles-et-securite-routiere\/#breadcrumb\",\"itemListElement\":[{\"@type\":\"ListItem\",\"position\":1,\"name\":\"Home\",\"item\":\"https:\/\/www.dimeco.com\/fr\/\"},{\"@type\":\"ListItem\",\"position\":2,\"name\":\"Applications\",\"item\":\"https:\/\/www.dimeco.com\/fr\/applications\/\"},{\"@type\":\"ListItem\",\"position\":3,\"name\":\"Pi\u00e8ces automobiles et s\u00e9curit\u00e9 routi\u00e8re\"}]}]}<\/script>\n<!-- \/ Yoast SEO plugin. -->","yoast_head_json":{"title":"Pi\u00e8ces automobiles et s\u00e9curit\u00e9 routi\u00e8re - Dimeco","robots":{"index":"index","follow":"follow","max-snippet":"max-snippet:-1","max-image-preview":"max-image-preview:large","max-video-preview":"max-video-preview:-1"},"canonical":"https:\/\/www.dimeco.com\/fr\/applications\/pieces-automobiles-et-securite-routiere\/","og_locale":"fr_FR","og_type":"article","og_title":"Pi\u00e8ces automobiles et s\u00e9curit\u00e9 routi\u00e8re - Dimeco","og_url":"https:\/\/www.dimeco.com\/fr\/applications\/pieces-automobiles-et-securite-routiere\/","og_site_name":"Dimeco","article_modified_time":"2016-07-22T07:33:01+00:00","og_image":[{"width":1430,"height":894,"url":"https:\/\/www.dimeco.com\/wp-content\/uploads\/2015\/09\/cab_automotive.jpg","type":"image\/jpeg"}],"twitter_card":"summary","schema":{"@context":"https:\/\/schema.org","@graph":[{"@type":"WebSite","@id":"https:\/\/www.dimeco.com\/es\/#website","url":"https:\/\/www.dimeco.com\/es\/","name":"Dimeco","description":"FLEXIBLE SHEET METAL PUNCHING CUTTING &amp; FORMING PROCESSES","potentialAction":[{"@type":"SearchAction","target":{"@type":"EntryPoint","urlTemplate":"https:\/\/www.dimeco.com\/es\/?s={search_term_string}"},"query-input":"required name=search_term_string"}],"inLanguage":"fr-FR"},{"@type":"ImageObject","inLanguage":"fr-FR","@id":"https:\/\/www.dimeco.com\/fr\/applications\/pieces-automobiles-et-securite-routiere\/#primaryimage","url":"https:\/\/www.dimeco.com\/wp-content\/uploads\/2015\/09\/cab_automotive.jpg","contentUrl":"https:\/\/www.dimeco.com\/wp-content\/uploads\/2015\/09\/cab_automotive.jpg","width":1430,"height":894},{"@type":"WebPage","@id":"https:\/\/www.dimeco.com\/fr\/applications\/pieces-automobiles-et-securite-routiere\/","url":"https:\/\/www.dimeco.com\/fr\/applications\/pieces-automobiles-et-securite-routiere\/","name":"Pi\u00e8ces automobiles et s\u00e9curit\u00e9 routi\u00e8re - Dimeco","isPartOf":{"@id":"https:\/\/www.dimeco.com\/es\/#website"},"primaryImageOfPage":{"@id":"https:\/\/www.dimeco.com\/fr\/applications\/pieces-automobiles-et-securite-routiere\/#primaryimage"},"datePublished":"2016-04-04T13:05:10+00:00","dateModified":"2016-07-22T07:33:01+00:00","breadcrumb":{"@id":"https:\/\/www.dimeco.com\/fr\/applications\/pieces-automobiles-et-securite-routiere\/#breadcrumb"},"inLanguage":"fr-FR","potentialAction":[{"@type":"ReadAction","target":["https:\/\/www.dimeco.com\/fr\/applications\/pieces-automobiles-et-securite-routiere\/"]}]},{"@type":"BreadcrumbList","@id":"https:\/\/www.dimeco.com\/fr\/applications\/pieces-automobiles-et-securite-routiere\/#breadcrumb","itemListElement":[{"@type":"ListItem","position":1,"name":"Home","item":"https:\/\/www.dimeco.com\/fr\/"},{"@type":"ListItem","position":2,"name":"Applications","item":"https:\/\/www.dimeco.com\/fr\/applications\/"},{"@type":"ListItem","position":3,"name":"Pi\u00e8ces automobiles et s\u00e9curit\u00e9 routi\u00e8re"}]}]}},"_links":{"self":[{"href":"https:\/\/www.dimeco.com\/fr\/wp-json\/wp\/v2\/pages\/2562\/"}],"collection":[{"href":"https:\/\/www.dimeco.com\/fr\/wp-json\/wp\/v2\/pages\/"}],"about":[{"href":"https:\/\/www.dimeco.com\/fr\/wp-json\/wp\/v2\/types\/page\/"}],"author":[{"embeddable":true,"href":"https:\/\/www.dimeco.com\/fr\/wp-json\/wp\/v2\/users\/1\/"}],"replies":[{"embeddable":true,"href":"https:\/\/www.dimeco.com\/fr\/wp-json\/wp\/v2\/comments\/?post=2562"}],"version-history":[{"count":0,"href":"https:\/\/www.dimeco.com\/fr\/wp-json\/wp\/v2\/pages\/2562\/revisions\/"}],"up":[{"embeddable":true,"href":"https:\/\/www.dimeco.com\/fr\/wp-json\/wp\/v2\/pages\/69\/"}],"wp:featuredmedia":[{"embeddable":true,"href":"https:\/\/www.dimeco.com\/fr\/wp-json\/wp\/v2\/media\/786\/"}],"wp:attachment":[{"href":"https:\/\/www.dimeco.com\/fr\/wp-json\/wp\/v2\/media\/?parent=2562"}],"curies":[{"name":"wp","href":"https:\/\/api.w.org\/{rel}","templated":true}]}}