{"id":2479,"date":"2016-04-04T10:31:03","date_gmt":"2016-04-04T10:31:03","guid":{"rendered":"http:\/\/www.dimeco.com\/fr\/?page_id=2479"},"modified":"2016-07-21T13:11:50","modified_gmt":"2016-07-21T13:11:50","slug":"flexipresse-servo","status":"publish","type":"page","link":"https:\/\/www.dimeco.com\/fr\/dimeco-solutions\/poinconnage-flexible-des-toles-en-bobines\/flexipresse-servo\/","title":{"rendered":"Flexipresse Servo"},"content":{"rendered":"<p>La Flexipress est un syst\u00e8me de poin\u00e7onnage flexible utilisant une presse m\u00e9canique qui combine une grande cadence de travail et une force de poin\u00e7onnage tr\u00e8s importante .<br \/>\nLa construction \u00e0 coulisseau tir\u00e9 (le vilebrequin est en dessous de la table de presse) permet d\u2019avoir une surface de table tr\u00e8s importante sans devoir utiliser une presse surdimensionn\u00e9e, et donc permet un design compact facile \u00e0 int\u00e9grer dans un atelier.<\/p>\n<p>Ce concept autorise des efforts d\u00e9centr\u00e9s, ce qui permet le positionnement de nombreux outils qui pourront \u00eatre actionn\u00e9s individuellement en fonction du programme.<br \/>\nUn seul jeu d\u2019outils associ\u00e9 au contr\u00f4le num\u00e9rique permet de r\u00e9aliser de nombreuses r\u00e9f\u00e9rences de produits sans arr\u00eat de production.<br \/>\nA partir d\u2019une m\u00eame bobine, il est possible de r\u00e9aliser des jeux de pi\u00e8ces et des petites s\u00e9ries de mod\u00e8les diff\u00e9rents, non-stop, \u00e9ventuellement programm\u00e9s depuis les donn\u00e9es de l\u2019ERP du client.<\/p>\n<p>Des versions de Flexipress avec moteur asynchrone et embrayage pneumatique restent bien entendu disponibles.<\/p>\n<h2>Points principaux<\/h2>\n<div class=\"row\">\n<div class=\"grid_4\">\n<ul>\n<li>Capacit\u00e9 de poin\u00e7onnage jusqu\u2019\u00e0 130 tonnes<\/li>\n<li>Surface de poin\u00e7onnage jusqu\u2019\u00e0 1050 x 3000 mm<\/li>\n<li>Poin\u00e7onnage continu de la bobine sans arr\u00eat pour le changement des outils ou pour la manutention des flans<\/li>\n<li>La Flexipress peut utiliser aussi bien des outils cartouches standards que des blocs outils sp\u00e9ciaux.<\/li>\n<li>La r\u00e9alisation de petits emboutis est possible<\/li>\n<li>Il est possible adapter des outils existant<\/li>\n<li>La construction \u00e0 coulisseau tir\u00e9 garanti de maintenir la bande \u00e0 l\u2019abri des pollutions li\u00e9es \u00e0 la lubrification de la presse<\/li>\n<\/ul>\n<\/div>\n<div class=\"grid_5\">\n<div id=\"metaslider-id-2362\" style=\"max-width: 938px;\" class=\"ml-slider-3-27-7 metaslider metaslider-flex metaslider-2362 ml-slider ml-slider-lightbox-1-12-0 responsive-lightbox-gallery-2-4-1 nav-hidden\">\n    <div id=\"metaslider_container_2362\">\n        <div id=\"metaslider_2362\">\n            <ul aria-live=\"polite\" class=\"slides\">\n                <li style=\"display: block; width: 100%;\" class=\"slide-2363 ms-image\"><a href=\"https:\/\/www.dimeco.com\/wp-content\/uploads\/2016\/03\/servo-flexipress-main-1.jpg\" target=\"_self\" rel=\"lightbox[2362]\" data-rel=\"lightbox-image-0\" data-magnific_type=\"image\" data-rl_title=\"\" data-rl_caption=\"\" title=\"\"><img src=\"https:\/\/www.dimeco.com\/wp-content\/uploads\/2016\/03\/servo-flexipress-main-1-938x600.jpg\" height=\"600\" width=\"938\" alt=\"\" class=\"slider-2362 slide-2363\" \/><\/a><\/li>\n                <li style=\"display: none; width: 100%;\" class=\"slide-2364 ms-image\"><a href=\"https:\/\/www.dimeco.com\/wp-content\/uploads\/2016\/03\/servo-flexipress-main-2.jpg\" target=\"_self\" rel=\"lightbox[2362]\" data-rel=\"lightbox-image-1\" data-magnific_type=\"image\" data-rl_title=\"\" data-rl_caption=\"\" title=\"\"><img src=\"https:\/\/www.dimeco.com\/wp-content\/uploads\/2016\/03\/servo-flexipress-main-2-938x600.jpg\" height=\"600\" width=\"938\" alt=\"\" class=\"slider-2362 slide-2364\" \/><\/a><\/li>\n                <li style=\"display: none; width: 100%;\" class=\"slide-2365 ms-image\"><a href=\"https:\/\/www.dimeco.com\/wp-content\/uploads\/2016\/03\/servo-flexipress-main-3.jpg\" target=\"_self\" rel=\"lightbox[2362]\" data-rel=\"lightbox-image-2\" data-magnific_type=\"image\" data-rl_title=\"\" data-rl_caption=\"\" title=\"\"><img src=\"https:\/\/www.dimeco.com\/wp-content\/uploads\/2016\/03\/servo-flexipress-main-3-938x600.jpg\" height=\"600\" width=\"938\" alt=\"\" class=\"slider-2362 slide-2365\" \/><\/a><\/li>\n                <li style=\"display: none; width: 100%;\" class=\"slide-2366 ms-image\"><a href=\"https:\/\/www.dimeco.com\/wp-content\/uploads\/2016\/03\/servo-flexipress-main-4.jpg\" target=\"_self\" rel=\"lightbox[2362]\" data-rel=\"lightbox-image-3\" data-magnific_type=\"image\" data-rl_title=\"\" data-rl_caption=\"\" title=\"\"><img src=\"https:\/\/www.dimeco.com\/wp-content\/uploads\/2016\/03\/servo-flexipress-main-4-938x600.jpg\" height=\"600\" width=\"938\" alt=\"\" class=\"slider-2362 slide-2366\" \/><\/a><\/li>\n                <li style=\"display: none; width: 100%;\" class=\"slide-2367 ms-image\"><a href=\"https:\/\/www.dimeco.com\/wp-content\/uploads\/2016\/03\/servo-flexipress-main-5.jpg\" target=\"_self\" rel=\"lightbox[2362]\" data-rel=\"lightbox-image-4\" data-magnific_type=\"image\" data-rl_title=\"\" data-rl_caption=\"\" title=\"\"><img src=\"https:\/\/www.dimeco.com\/wp-content\/uploads\/2016\/03\/servo-flexipress-main-5-938x600.jpg\" height=\"600\" width=\"938\" alt=\"\" class=\"slider-2362 slide-2367\" \/><\/a><\/li>\n                <li style=\"display: none; width: 100%;\" class=\"slide-2368 ms-image\"><a href=\"https:\/\/www.dimeco.com\/wp-content\/uploads\/2016\/03\/servo-flexipress-main-6.jpg\" target=\"_self\" rel=\"lightbox[2362]\" data-rel=\"lightbox-image-5\" data-magnific_type=\"image\" data-rl_title=\"\" data-rl_caption=\"\" title=\"\"><img src=\"https:\/\/www.dimeco.com\/wp-content\/uploads\/2016\/03\/servo-flexipress-main-6-938x600.jpg\" height=\"600\" width=\"938\" alt=\"\" class=\"slider-2362 slide-2368\" \/><\/a><\/li>\n                <li style=\"display: none; width: 100%;\" class=\"slide-2369 ms-image\"><a href=\"https:\/\/www.dimeco.com\/wp-content\/uploads\/2016\/03\/servo-flexipress-main-7.jpg\" target=\"_self\" rel=\"lightbox[2362]\" data-rel=\"lightbox-image-6\" data-magnific_type=\"image\" data-rl_title=\"\" data-rl_caption=\"\" title=\"\"><img src=\"https:\/\/www.dimeco.com\/wp-content\/uploads\/2016\/03\/servo-flexipress-main-7-808x516.jpg\" height=\"600\" width=\"938\" alt=\"\" class=\"slider-2362 slide-2369\" \/><\/a><\/li>\n            <\/ul>\n        <\/div>\n        \n    <\/div>\n<\/div>\n<\/div>\n<\/div>\n<div class=\"row\">\n<div class=\"grid_6\">\n<h2>Vid\u00e9o<\/h2>\n<p><a class=\"popup_video\" href=\"https:\/\/www.youtube.com\/watch?v=xdmP7-aeYPA\" data-rel=\"lightbox-video-0\" data-magnific_type=\"video\"><img loading=\"lazy\" class=\"max-img alignnone size-full wp-image-2361\" src=\"http:\/\/www.dimeco.com\/wp-content\/uploads\/2015\/09\/flexipress-vid.jpg\" alt=\"flexipress-vid\" width=\"641\" height=\"360\" srcset=\"https:\/\/www.dimeco.com\/wp-content\/uploads\/2015\/09\/flexipress-vid.jpg 641w, https:\/\/www.dimeco.com\/wp-content\/uploads\/2015\/09\/flexipress-vid-300x168.jpg 300w\" sizes=\"(max-width: 641px) 100vw, 641px\" \/><\/a><\/p>\n<p style=\"font-size: 11px;\">\u00a0Si vous ne pouvez pas lire la vid\u00e9o \u00a0\u00a0<a href=\"http:\/\/www.dimeco.com\/servo-flexipress-video\/\">cliquez ici<\/a>.<\/p>\n<\/div>\n<div class=\"grid_3\">\n<h2>T\u00e9l\u00e9charger le catalogue Pdf<\/h2>\n<p><a href=\"http:\/\/www.dimeco.com\/wp-content\/uploads\/2016\/01\/Flexipresse-EN.pdf\" target=\"_blank\"><img loading=\"lazy\" class=\"alignnone size-medium wp-image-1586\" src=\"http:\/\/www.dimeco.com\/wp-content\/uploads\/2015\/09\/Flexipresse-EN-226x300.jpg\" alt=\"Flexipresse EN\" width=\"226\" height=\"300\" \/><\/a><br \/>\n<\/div>\n<\/div>\n<div id=\"accordion-1\" class=\"accordion no-js\">\n\n\t\t\t\t\t<p role=\"button\" id=\"accordion-1-t1\" class=\"accordion-title js-accordion-controller\" aria-controls=\"accordion-1-c1\" aria-expanded=\"false\" tabindex=\"0\">\n\t\t\t\tOutils et porte-outils\t\t\t<\/p>\n\t\t\n\t\t<div id=\"accordion-1-c1\" class=\"accordion-content\" aria-hidden=\"true\">\n\t\t\t\n<div class=\"row\">\n<div class=\"grid_4\">\nOutils cartouche pour tourelle \u00e9paisse<br \/>\nLes dimensions A,B,C,D,E sont standardis\u00e9es, la dimension F est optionnelle, le formage hydraulique vers le haut et des configurations d\u2019outils sp\u00e9cifiques sont \u00e9galement possibles.<br \/>\nLe chariot porte-outil optionnel autorise une manutention rapide et s\u00e9curis\u00e9e des outils.<br \/>\n<\/div>\n<div class=\"grid_4\">\n<div id=\"metaslider-id-2370\" style=\"max-width: 938px;\" class=\"ml-slider-3-27-7 metaslider metaslider-flex metaslider-2370 ml-slider ml-slider-lightbox-1-12-0 responsive-lightbox-gallery-2-4-1 nav-hidden nav-hidden\">\n    <div id=\"metaslider_container_2370\">\n        <div id=\"metaslider_2370\">\n            <ul aria-live=\"polite\" class=\"slides\">\n                <li style=\"display: block; width: 100%;\" class=\"slide-2371 ms-image\"><a href=\"https:\/\/www.dimeco.com\/wp-content\/uploads\/2016\/03\/servo-flexipress-tools-1.jpg\" target=\"_self\" rel=\"lightbox[2370]\" data-rel=\"lightbox-image-7\" data-magnific_type=\"image\" data-rl_title=\"\" data-rl_caption=\"\" title=\"\"><img src=\"https:\/\/www.dimeco.com\/wp-content\/uploads\/2016\/03\/servo-flexipress-tools-1-793x507.jpg\" height=\"600\" width=\"938\" alt=\"\" class=\"slider-2370 slide-2371\" \/><\/a><\/li>\n                <li style=\"display: none; width: 100%;\" class=\"slide-2372 ms-image\"><a href=\"https:\/\/www.dimeco.com\/wp-content\/uploads\/2016\/03\/servo-flexipress-tools-2.jpg\" target=\"_self\" rel=\"lightbox[2370]\" data-rel=\"lightbox-image-8\" data-magnific_type=\"image\" data-rl_title=\"\" data-rl_caption=\"\" title=\"\"><img src=\"https:\/\/www.dimeco.com\/wp-content\/uploads\/2016\/03\/servo-flexipress-tools-2-938x600.jpg\" height=\"600\" width=\"938\" alt=\"\" class=\"slider-2370 slide-2372\" \/><\/a><\/li>\n                <li style=\"display: none; width: 100%;\" class=\"slide-2373 ms-image\"><a href=\"https:\/\/www.dimeco.com\/wp-content\/uploads\/2016\/03\/servo-flexipress-tools-3.jpg\" target=\"_self\" rel=\"lightbox[2370]\" data-rel=\"lightbox-image-9\" data-magnific_type=\"image\" data-rl_title=\"\" data-rl_caption=\"\" title=\"\"><img src=\"https:\/\/www.dimeco.com\/wp-content\/uploads\/2016\/03\/servo-flexipress-tools-3-938x600.jpg\" height=\"600\" width=\"938\" alt=\"\" class=\"slider-2370 slide-2373\" \/><\/a><\/li>\n                <li style=\"display: none; width: 100%;\" class=\"slide-2374 ms-image\"><a href=\"https:\/\/www.dimeco.com\/wp-content\/uploads\/2016\/03\/servo-flexipress-tools-4.jpg\" target=\"_self\" rel=\"lightbox[2370]\" data-rel=\"lightbox-image-10\" data-magnific_type=\"image\" data-rl_title=\"\" data-rl_caption=\"\" title=\"\"><img src=\"https:\/\/www.dimeco.com\/wp-content\/uploads\/2016\/03\/servo-flexipress-tools-4-938x600.jpg\" height=\"600\" width=\"938\" alt=\"\" class=\"slider-2370 slide-2374\" \/><\/a><\/li>\n                <li style=\"display: none; width: 100%;\" class=\"slide-2375 ms-image\"><a href=\"https:\/\/www.dimeco.com\/wp-content\/uploads\/2016\/03\/servo-flexipress-tools-5.jpg\" target=\"_self\" rel=\"lightbox[2370]\" data-rel=\"lightbox-image-11\" data-magnific_type=\"image\" data-rl_title=\"\" data-rl_caption=\"\" title=\"\"><img src=\"https:\/\/www.dimeco.com\/wp-content\/uploads\/2016\/03\/servo-flexipress-tools-5-938x600.jpg\" height=\"600\" width=\"938\" alt=\"\" class=\"slider-2370 slide-2375\" \/><\/a><\/li>\n            <\/ul>\n        <\/div>\n        \n    <\/div>\n<\/div>\n<\/div>\n<\/div>\n\t\t<\/div>\n\n\t\t\n\n\t\t\t\t\t<p role=\"button\" id=\"accordion-1-t2\" class=\"accordion-title js-accordion-controller\" aria-controls=\"accordion-1-c2\" aria-expanded=\"false\" tabindex=\"0\">\n\t\t\t\tVariante Flexipunch\t\t\t<\/p>\n\t\t\n\t\t<div id=\"accordion-1-c2\" class=\"accordion-content\" aria-hidden=\"true\">\n\t\t\t\n<div class=\"row\">\n<div class=\"grid_4\">\nDes chariots porte-outils d\u00e9pla\u00e7ables transversalement par servomoteurs apportent plus de flexibilit\u00e9 ou permettent la r\u00e9alisation de d\u00e9coupes en quinconce<br \/>\n<\/div>\n<div class=\"grid_4\">\n<div id=\"metaslider-id-2376\" style=\"max-width: 938px;\" class=\"ml-slider-3-27-7 metaslider metaslider-flex metaslider-2376 ml-slider ml-slider-lightbox-1-12-0 responsive-lightbox-gallery-2-4-1 nav-hidden nav-hidden nav-hidden\">\n    <div id=\"metaslider_container_2376\">\n        <div id=\"metaslider_2376\">\n            <ul aria-live=\"polite\" class=\"slides\">\n                <li style=\"display: block; width: 100%;\" class=\"slide-2377 ms-image\"><a href=\"https:\/\/www.dimeco.com\/wp-content\/uploads\/2016\/03\/servo-flexipress-alt-1.jpg\" target=\"_self\" rel=\"lightbox[2376]\" data-rel=\"lightbox-image-12\" data-magnific_type=\"image\" data-rl_title=\"\" data-rl_caption=\"\" title=\"\"><img src=\"https:\/\/www.dimeco.com\/wp-content\/uploads\/2016\/03\/servo-flexipress-alt-1-938x600.jpg\" height=\"600\" width=\"938\" alt=\"\" class=\"slider-2376 slide-2377\" \/><\/a><\/li>\n                <li style=\"display: none; width: 100%;\" class=\"slide-2378 ms-image\"><a href=\"https:\/\/www.dimeco.com\/wp-content\/uploads\/2016\/03\/servo-flexipress-alt-2.jpg\" target=\"_self\" rel=\"lightbox[2376]\" data-rel=\"lightbox-image-13\" data-magnific_type=\"image\" data-rl_title=\"\" data-rl_caption=\"\" title=\"\"><img src=\"https:\/\/www.dimeco.com\/wp-content\/uploads\/2016\/03\/servo-flexipress-alt-2-938x600.jpg\" height=\"600\" width=\"938\" alt=\"\" class=\"slider-2376 slide-2378\" \/><\/a><\/li>\n                <li style=\"display: none; width: 100%;\" class=\"slide-2379 ms-image\"><a href=\"https:\/\/www.dimeco.com\/wp-content\/uploads\/2016\/03\/servo-flexipress-alt-3.jpg\" target=\"_self\" rel=\"lightbox[2376]\" data-rel=\"lightbox-image-14\" data-magnific_type=\"image\" data-rl_title=\"\" data-rl_caption=\"\" title=\"\"><img src=\"https:\/\/www.dimeco.com\/wp-content\/uploads\/2016\/03\/servo-flexipress-alt-3-938x600.jpg\" height=\"600\" width=\"938\" alt=\"\" class=\"slider-2376 slide-2379\" \/><\/a><\/li>\n                <li style=\"display: none; width: 100%;\" class=\"slide-2380 ms-image\"><a href=\"https:\/\/www.dimeco.com\/wp-content\/uploads\/2016\/03\/servo-flexipress-alt-4.jpg\" target=\"_self\" rel=\"lightbox[2376]\" data-rel=\"lightbox-image-15\" data-magnific_type=\"image\" data-rl_title=\"\" data-rl_caption=\"\" title=\"\"><img src=\"https:\/\/www.dimeco.com\/wp-content\/uploads\/2016\/03\/servo-flexipress-alt-4-938x600.jpg\" height=\"600\" width=\"938\" alt=\"\" class=\"slider-2376 slide-2380\" \/><\/a><\/li>\n            <\/ul>\n        <\/div>\n        \n    <\/div>\n<\/div>\n<\/div>\n<\/div>\n\t\t<\/div>\n\n\t\t\n\n\t\t\t\t\t<p role=\"button\" id=\"accordion-1-t3\" class=\"accordion-title js-accordion-controller\" aria-controls=\"accordion-1-c3\" aria-expanded=\"false\" tabindex=\"0\">\n\t\t\t\tUnit\u00e9s compl\u00e9mentaires\t\t\t<\/p>\n\t\t\n\t\t<div id=\"accordion-1-c3\" class=\"accordion-content\" aria-hidden=\"true\">\n\t\t\t\n<div class=\"row\">\n<div class=\"grid_4\">\nLa Flexipress est la solution de poin\u00e7onnage flexible id\u00e9ale pour une ligne de profilage\u2026<br \/>\nLe marquage jet d\u2019encre ou d\u2019autres types de marquage peuvent \u00eatre int\u00e9gr\u00e9s.<br \/>\nDes unit\u00e9s de taraudage peuvent \u00eatre ajout\u00e9es.<br \/>\n<\/div>\n<div class=\"grid_4\">\n<div id=\"metaslider-id-2381\" style=\"max-width: 938px;\" class=\"ml-slider-3-27-7 metaslider metaslider-flex metaslider-2381 ml-slider ml-slider-lightbox-1-12-0 responsive-lightbox-gallery-2-4-1 nav-hidden nav-hidden nav-hidden nav-hidden\">\n    <div id=\"metaslider_container_2381\">\n        <div id=\"metaslider_2381\">\n            <ul aria-live=\"polite\" class=\"slides\">\n                <li style=\"display: block; width: 100%;\" class=\"slide-2382 ms-image\"><a href=\"https:\/\/www.dimeco.com\/wp-content\/uploads\/2016\/03\/servo-flexipress-comp-.jpg\" target=\"_self\" rel=\"lightbox[2381]\" data-rel=\"lightbox-image-16\" data-magnific_type=\"image\" data-rl_title=\"\" data-rl_caption=\"\" title=\"\"><img src=\"https:\/\/www.dimeco.com\/wp-content\/uploads\/2016\/03\/servo-flexipress-comp--938x600.jpg\" height=\"600\" width=\"938\" alt=\"\" class=\"slider-2381 slide-2382\" \/><\/a><\/li>\n            <\/ul>\n        <\/div>\n        \n    <\/div>\n<\/div>\n<\/div>\n<\/div>\n\t\t<\/div>\n\n\t\t\n<\/div>\n","protected":false},"excerpt":{"rendered":"<p>La Flexipress est un syst\u00e8me de poin\u00e7onnage flexible utilisant une presse m\u00e9canique qui combine une grande cadence de travail et une force de poin\u00e7onnage tr\u00e8s importante . La construction \u00e0 coulisseau tir\u00e9 (le vilebrequin est en dessous de la table de presse) permet d\u2019avoir une surface de table tr\u00e8s importante sans devoir utiliser une presse [&hellip;]<\/p>\n","protected":false},"author":1,"featured_media":0,"parent":2475,"menu_order":0,"comment_status":"closed","ping_status":"closed","template":"","meta":{"extendify_custom_stylesheet":""},"acf":[],"yoast_head":"<!-- This site is optimized with the Yoast SEO plugin v19.3 - https:\/\/yoast.com\/wordpress\/plugins\/seo\/ -->\n<title>Flexipresse Servo - Dimeco<\/title>\n<meta name=\"robots\" content=\"index, follow, max-snippet:-1, max-image-preview:large, max-video-preview:-1\" \/>\n<link rel=\"canonical\" href=\"https:\/\/www.dimeco.com\/fr\/dimeco-solutions\/poinconnage-flexible-des-toles-en-bobines\/flexipresse-servo\/\" \/>\n<meta property=\"og:locale\" content=\"fr_FR\" \/>\n<meta property=\"og:type\" content=\"article\" \/>\n<meta property=\"og:title\" content=\"Flexipresse Servo - Dimeco\" \/>\n<meta property=\"og:description\" content=\"La Flexipress est un syst\u00e8me de poin\u00e7onnage flexible utilisant une presse m\u00e9canique qui combine une grande cadence de travail et une force de poin\u00e7onnage tr\u00e8s importante . La construction \u00e0 coulisseau tir\u00e9 (le vilebrequin est en dessous de la table de presse) permet d\u2019avoir une surface de table tr\u00e8s importante sans devoir utiliser une presse [&hellip;]\" \/>\n<meta property=\"og:url\" content=\"https:\/\/www.dimeco.com\/fr\/dimeco-solutions\/poinconnage-flexible-des-toles-en-bobines\/flexipresse-servo\/\" \/>\n<meta property=\"og:site_name\" content=\"Dimeco\" \/>\n<meta property=\"article:modified_time\" content=\"2016-07-21T13:11:50+00:00\" \/>\n<meta property=\"og:image\" content=\"http:\/\/www.dimeco.com\/wp-content\/uploads\/2015\/09\/flexipress-vid.jpg\" \/>\n<meta name=\"twitter:card\" content=\"summary\" \/>\n<meta name=\"twitter:label1\" content=\"Dur\u00e9e de lecture estim\u00e9e\" \/>\n\t<meta name=\"twitter:data1\" content=\"2 minutes\" \/>\n<script type=\"application\/ld+json\" class=\"yoast-schema-graph\">{\"@context\":\"https:\/\/schema.org\",\"@graph\":[{\"@type\":\"WebSite\",\"@id\":\"https:\/\/www.dimeco.com\/es\/#website\",\"url\":\"https:\/\/www.dimeco.com\/es\/\",\"name\":\"Dimeco\",\"description\":\"FLEXIBLE SHEET METAL PUNCHING CUTTING &amp; FORMING PROCESSES\",\"potentialAction\":[{\"@type\":\"SearchAction\",\"target\":{\"@type\":\"EntryPoint\",\"urlTemplate\":\"https:\/\/www.dimeco.com\/es\/?s={search_term_string}\"},\"query-input\":\"required name=search_term_string\"}],\"inLanguage\":\"fr-FR\"},{\"@type\":\"ImageObject\",\"inLanguage\":\"fr-FR\",\"@id\":\"https:\/\/www.dimeco.com\/fr\/dimeco-solutions\/poinconnage-flexible-des-toles-en-bobines\/flexipresse-servo\/#primaryimage\",\"url\":\"http:\/\/www.dimeco.com\/wp-content\/uploads\/2015\/09\/flexipress-vid.jpg\",\"contentUrl\":\"http:\/\/www.dimeco.com\/wp-content\/uploads\/2015\/09\/flexipress-vid.jpg\"},{\"@type\":\"WebPage\",\"@id\":\"https:\/\/www.dimeco.com\/fr\/dimeco-solutions\/poinconnage-flexible-des-toles-en-bobines\/flexipresse-servo\/\",\"url\":\"https:\/\/www.dimeco.com\/fr\/dimeco-solutions\/poinconnage-flexible-des-toles-en-bobines\/flexipresse-servo\/\",\"name\":\"Flexipresse Servo - Dimeco\",\"isPartOf\":{\"@id\":\"https:\/\/www.dimeco.com\/es\/#website\"},\"primaryImageOfPage\":{\"@id\":\"https:\/\/www.dimeco.com\/fr\/dimeco-solutions\/poinconnage-flexible-des-toles-en-bobines\/flexipresse-servo\/#primaryimage\"},\"datePublished\":\"2016-04-04T10:31:03+00:00\",\"dateModified\":\"2016-07-21T13:11:50+00:00\",\"breadcrumb\":{\"@id\":\"https:\/\/www.dimeco.com\/fr\/dimeco-solutions\/poinconnage-flexible-des-toles-en-bobines\/flexipresse-servo\/#breadcrumb\"},\"inLanguage\":\"fr-FR\",\"potentialAction\":[{\"@type\":\"ReadAction\",\"target\":[\"https:\/\/www.dimeco.com\/fr\/dimeco-solutions\/poinconnage-flexible-des-toles-en-bobines\/flexipresse-servo\/\"]}]},{\"@type\":\"BreadcrumbList\",\"@id\":\"https:\/\/www.dimeco.com\/fr\/dimeco-solutions\/poinconnage-flexible-des-toles-en-bobines\/flexipresse-servo\/#breadcrumb\",\"itemListElement\":[{\"@type\":\"ListItem\",\"position\":1,\"name\":\"Home\",\"item\":\"https:\/\/www.dimeco.com\/fr\/\"},{\"@type\":\"ListItem\",\"position\":2,\"name\":\"Solutions\",\"item\":\"https:\/\/www.dimeco.com\/fr\/dimeco-solutions\/\"},{\"@type\":\"ListItem\",\"position\":3,\"name\":\"Poin\u00e7onnage flexible des t\u00f4les en bobines\",\"item\":\"https:\/\/www.dimeco.com\/fr\/dimeco-solutions\/poinconnage-flexible-des-toles-en-bobines\/\"},{\"@type\":\"ListItem\",\"position\":4,\"name\":\"Flexipresse Servo\"}]}]}<\/script>\n<!-- \/ Yoast SEO plugin. -->","yoast_head_json":{"title":"Flexipresse Servo - Dimeco","robots":{"index":"index","follow":"follow","max-snippet":"max-snippet:-1","max-image-preview":"max-image-preview:large","max-video-preview":"max-video-preview:-1"},"canonical":"https:\/\/www.dimeco.com\/fr\/dimeco-solutions\/poinconnage-flexible-des-toles-en-bobines\/flexipresse-servo\/","og_locale":"fr_FR","og_type":"article","og_title":"Flexipresse Servo - Dimeco","og_description":"La Flexipress est un syst\u00e8me de poin\u00e7onnage flexible utilisant une presse m\u00e9canique qui combine une grande cadence de travail et une force de poin\u00e7onnage tr\u00e8s importante . La construction \u00e0 coulisseau tir\u00e9 (le vilebrequin est en dessous de la table de presse) permet d\u2019avoir une surface de table tr\u00e8s importante sans devoir utiliser une presse [&hellip;]","og_url":"https:\/\/www.dimeco.com\/fr\/dimeco-solutions\/poinconnage-flexible-des-toles-en-bobines\/flexipresse-servo\/","og_site_name":"Dimeco","article_modified_time":"2016-07-21T13:11:50+00:00","og_image":[{"url":"http:\/\/www.dimeco.com\/wp-content\/uploads\/2015\/09\/flexipress-vid.jpg"}],"twitter_card":"summary","twitter_misc":{"Dur\u00e9e de lecture estim\u00e9e":"2 minutes"},"schema":{"@context":"https:\/\/schema.org","@graph":[{"@type":"WebSite","@id":"https:\/\/www.dimeco.com\/es\/#website","url":"https:\/\/www.dimeco.com\/es\/","name":"Dimeco","description":"FLEXIBLE SHEET METAL PUNCHING CUTTING &amp; FORMING PROCESSES","potentialAction":[{"@type":"SearchAction","target":{"@type":"EntryPoint","urlTemplate":"https:\/\/www.dimeco.com\/es\/?s={search_term_string}"},"query-input":"required name=search_term_string"}],"inLanguage":"fr-FR"},{"@type":"ImageObject","inLanguage":"fr-FR","@id":"https:\/\/www.dimeco.com\/fr\/dimeco-solutions\/poinconnage-flexible-des-toles-en-bobines\/flexipresse-servo\/#primaryimage","url":"http:\/\/www.dimeco.com\/wp-content\/uploads\/2015\/09\/flexipress-vid.jpg","contentUrl":"http:\/\/www.dimeco.com\/wp-content\/uploads\/2015\/09\/flexipress-vid.jpg"},{"@type":"WebPage","@id":"https:\/\/www.dimeco.com\/fr\/dimeco-solutions\/poinconnage-flexible-des-toles-en-bobines\/flexipresse-servo\/","url":"https:\/\/www.dimeco.com\/fr\/dimeco-solutions\/poinconnage-flexible-des-toles-en-bobines\/flexipresse-servo\/","name":"Flexipresse Servo - Dimeco","isPartOf":{"@id":"https:\/\/www.dimeco.com\/es\/#website"},"primaryImageOfPage":{"@id":"https:\/\/www.dimeco.com\/fr\/dimeco-solutions\/poinconnage-flexible-des-toles-en-bobines\/flexipresse-servo\/#primaryimage"},"datePublished":"2016-04-04T10:31:03+00:00","dateModified":"2016-07-21T13:11:50+00:00","breadcrumb":{"@id":"https:\/\/www.dimeco.com\/fr\/dimeco-solutions\/poinconnage-flexible-des-toles-en-bobines\/flexipresse-servo\/#breadcrumb"},"inLanguage":"fr-FR","potentialAction":[{"@type":"ReadAction","target":["https:\/\/www.dimeco.com\/fr\/dimeco-solutions\/poinconnage-flexible-des-toles-en-bobines\/flexipresse-servo\/"]}]},{"@type":"BreadcrumbList","@id":"https:\/\/www.dimeco.com\/fr\/dimeco-solutions\/poinconnage-flexible-des-toles-en-bobines\/flexipresse-servo\/#breadcrumb","itemListElement":[{"@type":"ListItem","position":1,"name":"Home","item":"https:\/\/www.dimeco.com\/fr\/"},{"@type":"ListItem","position":2,"name":"Solutions","item":"https:\/\/www.dimeco.com\/fr\/dimeco-solutions\/"},{"@type":"ListItem","position":3,"name":"Poin\u00e7onnage flexible des t\u00f4les en bobines","item":"https:\/\/www.dimeco.com\/fr\/dimeco-solutions\/poinconnage-flexible-des-toles-en-bobines\/"},{"@type":"ListItem","position":4,"name":"Flexipresse Servo"}]}]}},"_links":{"self":[{"href":"https:\/\/www.dimeco.com\/fr\/wp-json\/wp\/v2\/pages\/2479\/"}],"collection":[{"href":"https:\/\/www.dimeco.com\/fr\/wp-json\/wp\/v2\/pages\/"}],"about":[{"href":"https:\/\/www.dimeco.com\/fr\/wp-json\/wp\/v2\/types\/page\/"}],"author":[{"embeddable":true,"href":"https:\/\/www.dimeco.com\/fr\/wp-json\/wp\/v2\/users\/1\/"}],"replies":[{"embeddable":true,"href":"https:\/\/www.dimeco.com\/fr\/wp-json\/wp\/v2\/comments\/?post=2479"}],"version-history":[{"count":0,"href":"https:\/\/www.dimeco.com\/fr\/wp-json\/wp\/v2\/pages\/2479\/revisions\/"}],"up":[{"embeddable":true,"href":"https:\/\/www.dimeco.com\/fr\/wp-json\/wp\/v2\/pages\/2475\/"}],"wp:attachment":[{"href":"https:\/\/www.dimeco.com\/fr\/wp-json\/wp\/v2\/media\/?parent=2479"}],"curies":[{"name":"wp","href":"https:\/\/api.w.org\/{rel}","templated":true}]}}