{"id":2477,"date":"2016-04-04T10:30:43","date_gmt":"2016-04-04T10:30:43","guid":{"rendered":"http:\/\/www.dimeco.com\/fr\/?page_id=2477"},"modified":"2016-04-05T09:59:52","modified_gmt":"2016-04-05T09:59:52","slug":"poinconnage-hydraulique-specifique","status":"publish","type":"page","link":"https:\/\/www.dimeco.com\/fr\/dimeco-solutions\/poinconnage-flexible-des-toles-en-bobines\/poinconnage-hydraulique-specifique\/","title":{"rendered":"Poin\u00e7onnage hydraulique sp\u00e9cifique"},"content":{"rendered":"<p>Les solutions standards de poin\u00e7onnage  sont toujours les plus recherch\u00e9es, mais de nombreux projets \u00e9chouent car ces solutions ne r\u00e9pondent pas toujours  aux objectifs.<\/p>\n<p>Utilisant sa forte capacit\u00e9 de d\u00e9veloppement, Dimeco est capable de concevoir et de r\u00e9aliser des solutions d\u00e9di\u00e9es \u00e0 des probl\u00e9matiques particuli\u00e8res.<\/p>\n<p>En utilisant des unit\u00e9s hydrauliques col de cygne ou arcade, avec une large gamme de v\u00e9rins de toutes puissances, Dimeco peut offrir des solutions sur mesure en maintenant les co\u00fbts  \u00e0 des niveaux facilement amortissables.<\/p>\n<h2>Points principaux<\/h2>\n<div class=\"row\">\n<div class=\"grid_4\">\n<ul>\n<li>Force de poin\u00e7onnage jusqu\u2019\u00e0 100Tonnes<\/li>\n<li>Zone de poin\u00e7onnage jusqu\u2019\u00e0 1050 x 3000 mm<\/li>\n<li>Utilisation d\u2019outils cartouches standards et d\u2019outils sp\u00e9cifiques<\/li>\n<li>Des formes et emboutis sont tout \u00e0 fait r\u00e9alisables sur ces \u00e9quipements<\/li>\n<li>Il est possible d\u2019utiliser des outils existants<\/li>\n<li>L\u2019amenage CN autorise une grande flexibilit\u00e9  pour une gamme de produit<\/li>\n<\/ul>\n<\/div>\n<div class=\"grid_5\">\n<div id=\"metaslider-id-2392\" style=\"max-width: 938px;\" class=\"ml-slider-3-27-7 metaslider metaslider-flex metaslider-2392 ml-slider ml-slider-lightbox-1-12-0 responsive-lightbox-gallery-2-4-1 nav-hidden\">\n    <div id=\"metaslider_container_2392\">\n        <div id=\"metaslider_2392\">\n            <ul aria-live=\"polite\" class=\"slides\">\n                <li style=\"display: block; width: 100%;\" class=\"slide-2393 ms-image\"><a href=\"https:\/\/www.dimeco.com\/wp-content\/uploads\/2016\/03\/customized-hydraulic-punching-main-1.jpg\" target=\"_self\" rel=\"lightbox[2392]\" data-rel=\"lightbox-image-0\" data-magnific_type=\"image\" data-rl_title=\"\" data-rl_caption=\"\" title=\"\"><img src=\"https:\/\/www.dimeco.com\/wp-content\/uploads\/2016\/03\/customized-hydraulic-punching-main-1-938x600.jpg\" height=\"600\" width=\"938\" alt=\"\" class=\"slider-2392 slide-2393\" \/><\/a><\/li>\n                <li style=\"display: none; width: 100%;\" class=\"slide-2394 ms-image\"><a href=\"https:\/\/www.dimeco.com\/wp-content\/uploads\/2016\/03\/customized-hydraulic-punching-main-2.jpg\" target=\"_self\" rel=\"lightbox[2392]\" data-rel=\"lightbox-image-1\" data-magnific_type=\"image\" data-rl_title=\"\" data-rl_caption=\"\" title=\"\"><img src=\"https:\/\/www.dimeco.com\/wp-content\/uploads\/2016\/03\/customized-hydraulic-punching-main-2-938x600.jpg\" height=\"600\" width=\"938\" alt=\"\" class=\"slider-2392 slide-2394\" \/><\/a><\/li>\n                <li style=\"display: none; width: 100%;\" class=\"slide-2395 ms-image\"><a href=\"https:\/\/www.dimeco.com\/wp-content\/uploads\/2016\/03\/customized-hydraulic-punching-main-3.jpg\" target=\"_self\" rel=\"lightbox[2392]\" data-rel=\"lightbox-image-2\" data-magnific_type=\"image\" data-rl_title=\"\" data-rl_caption=\"\" title=\"\"><img src=\"https:\/\/www.dimeco.com\/wp-content\/uploads\/2016\/03\/customized-hydraulic-punching-main-3-938x600.jpg\" height=\"600\" width=\"938\" alt=\"\" class=\"slider-2392 slide-2395\" \/><\/a><\/li>\n                <li style=\"display: none; width: 100%;\" class=\"slide-2396 ms-image\"><a href=\"https:\/\/www.dimeco.com\/wp-content\/uploads\/2016\/03\/customized-hydraulic-punching-main-4.jpg\" target=\"_self\" rel=\"lightbox[2392]\" data-rel=\"lightbox-image-3\" data-magnific_type=\"image\" data-rl_title=\"\" data-rl_caption=\"\" title=\"\"><img src=\"https:\/\/www.dimeco.com\/wp-content\/uploads\/2016\/03\/customized-hydraulic-punching-main-4-788x504.jpg\" height=\"600\" width=\"938\" alt=\"\" class=\"slider-2392 slide-2396\" \/><\/a><\/li>\n            <\/ul>\n        <\/div>\n        \n    <\/div>\n<\/div>\n<\/div>\n<\/div>\n<div id=\"accordion-1\" class=\"accordion no-js\">\n\n\t\t\t\t\t<p role=\"button\" id=\"accordion-1-t1\" class=\"accordion-title js-accordion-controller\" aria-controls=\"accordion-1-c1\" aria-expanded=\"false\" tabindex=\"0\">\n\t\t\t\tOutils et porte-outils\t\t\t<\/p>\n\t\t\n\t\t<div id=\"accordion-1-c1\" class=\"accordion-content\" aria-hidden=\"true\">\n\t\t\t\n<div class=\"row\">\n<div class=\"grid_4\">\nLes outils standards tourelle \u00e9paisse de tailles A, B, C, D et E sont disponibles avec des porte-outils adapt\u00e9s, la taille F est optionnelle.<br \/>\nDes outils de formage vers le haut et des configurations d\u2019outils sp\u00e9ciaux sont aussi utilisables.<br \/>\nDes chariots porte-outils autorisent  des changements rapides et en toute s\u00e9curit\u00e9.<br \/>\n<\/div>\n<div class=\"grid_4\">\n<div id=\"metaslider-id-2370\" style=\"max-width: 938px;\" class=\"ml-slider-3-27-7 metaslider metaslider-flex metaslider-2370 ml-slider ml-slider-lightbox-1-12-0 responsive-lightbox-gallery-2-4-1 nav-hidden nav-hidden\">\n    <div id=\"metaslider_container_2370\">\n        <div id=\"metaslider_2370\">\n            <ul aria-live=\"polite\" class=\"slides\">\n                <li style=\"display: block; width: 100%;\" class=\"slide-2371 ms-image\"><a href=\"https:\/\/www.dimeco.com\/wp-content\/uploads\/2016\/03\/servo-flexipress-tools-1.jpg\" target=\"_self\" rel=\"lightbox[2370]\" data-rel=\"lightbox-image-4\" data-magnific_type=\"image\" data-rl_title=\"\" data-rl_caption=\"\" title=\"\"><img src=\"https:\/\/www.dimeco.com\/wp-content\/uploads\/2016\/03\/servo-flexipress-tools-1-793x507.jpg\" height=\"600\" width=\"938\" alt=\"\" class=\"slider-2370 slide-2371\" \/><\/a><\/li>\n                <li style=\"display: none; width: 100%;\" class=\"slide-2372 ms-image\"><a href=\"https:\/\/www.dimeco.com\/wp-content\/uploads\/2016\/03\/servo-flexipress-tools-2.jpg\" target=\"_self\" rel=\"lightbox[2370]\" data-rel=\"lightbox-image-5\" data-magnific_type=\"image\" data-rl_title=\"\" data-rl_caption=\"\" title=\"\"><img src=\"https:\/\/www.dimeco.com\/wp-content\/uploads\/2016\/03\/servo-flexipress-tools-2-938x600.jpg\" height=\"600\" width=\"938\" alt=\"\" class=\"slider-2370 slide-2372\" \/><\/a><\/li>\n                <li style=\"display: none; width: 100%;\" class=\"slide-2373 ms-image\"><a href=\"https:\/\/www.dimeco.com\/wp-content\/uploads\/2016\/03\/servo-flexipress-tools-3.jpg\" target=\"_self\" rel=\"lightbox[2370]\" data-rel=\"lightbox-image-6\" data-magnific_type=\"image\" data-rl_title=\"\" data-rl_caption=\"\" title=\"\"><img src=\"https:\/\/www.dimeco.com\/wp-content\/uploads\/2016\/03\/servo-flexipress-tools-3-938x600.jpg\" height=\"600\" width=\"938\" alt=\"\" class=\"slider-2370 slide-2373\" \/><\/a><\/li>\n                <li style=\"display: none; width: 100%;\" class=\"slide-2374 ms-image\"><a href=\"https:\/\/www.dimeco.com\/wp-content\/uploads\/2016\/03\/servo-flexipress-tools-4.jpg\" target=\"_self\" rel=\"lightbox[2370]\" data-rel=\"lightbox-image-7\" data-magnific_type=\"image\" data-rl_title=\"\" data-rl_caption=\"\" title=\"\"><img src=\"https:\/\/www.dimeco.com\/wp-content\/uploads\/2016\/03\/servo-flexipress-tools-4-938x600.jpg\" height=\"600\" width=\"938\" alt=\"\" class=\"slider-2370 slide-2374\" \/><\/a><\/li>\n                <li style=\"display: none; width: 100%;\" class=\"slide-2375 ms-image\"><a href=\"https:\/\/www.dimeco.com\/wp-content\/uploads\/2016\/03\/servo-flexipress-tools-5.jpg\" target=\"_self\" rel=\"lightbox[2370]\" data-rel=\"lightbox-image-8\" data-magnific_type=\"image\" data-rl_title=\"\" data-rl_caption=\"\" title=\"\"><img src=\"https:\/\/www.dimeco.com\/wp-content\/uploads\/2016\/03\/servo-flexipress-tools-5-938x600.jpg\" height=\"600\" width=\"938\" alt=\"\" class=\"slider-2370 slide-2375\" \/><\/a><\/li>\n            <\/ul>\n        <\/div>\n        \n    <\/div>\n<\/div>\n<\/div>\n<\/div>\n\t\t<\/div>\n\n\t\t\n<\/div>\n","protected":false},"excerpt":{"rendered":"<p>Les solutions standards de poin\u00e7onnage sont toujours les plus recherch\u00e9es, mais de nombreux projets \u00e9chouent car ces solutions ne r\u00e9pondent pas toujours aux objectifs. Utilisant sa forte capacit\u00e9 de d\u00e9veloppement, Dimeco est capable de concevoir et de r\u00e9aliser des solutions d\u00e9di\u00e9es \u00e0 des probl\u00e9matiques particuli\u00e8res. En utilisant des unit\u00e9s hydrauliques col de cygne ou arcade, [&hellip;]<\/p>\n","protected":false},"author":1,"featured_media":0,"parent":2475,"menu_order":0,"comment_status":"closed","ping_status":"closed","template":"","meta":{"extendify_custom_stylesheet":""},"acf":[],"yoast_head":"<!-- This site is optimized with the Yoast SEO plugin v19.3 - https:\/\/yoast.com\/wordpress\/plugins\/seo\/ -->\n<title>Poin\u00e7onnage hydraulique sp\u00e9cifique - Dimeco<\/title>\n<meta name=\"robots\" content=\"index, follow, max-snippet:-1, max-image-preview:large, max-video-preview:-1\" \/>\n<link rel=\"canonical\" href=\"https:\/\/www.dimeco.com\/fr\/dimeco-solutions\/poinconnage-flexible-des-toles-en-bobines\/poinconnage-hydraulique-specifique\/\" \/>\n<meta property=\"og:locale\" content=\"fr_FR\" \/>\n<meta property=\"og:type\" content=\"article\" \/>\n<meta property=\"og:title\" content=\"Poin\u00e7onnage hydraulique sp\u00e9cifique - Dimeco\" \/>\n<meta property=\"og:description\" content=\"Les solutions standards de poin\u00e7onnage sont toujours les plus recherch\u00e9es, mais de nombreux projets \u00e9chouent car ces solutions ne r\u00e9pondent pas toujours aux objectifs. Utilisant sa forte capacit\u00e9 de d\u00e9veloppement, Dimeco est capable de concevoir et de r\u00e9aliser des solutions d\u00e9di\u00e9es \u00e0 des probl\u00e9matiques particuli\u00e8res. En utilisant des unit\u00e9s hydrauliques col de cygne ou arcade, [&hellip;]\" \/>\n<meta property=\"og:url\" content=\"https:\/\/www.dimeco.com\/fr\/dimeco-solutions\/poinconnage-flexible-des-toles-en-bobines\/poinconnage-hydraulique-specifique\/\" \/>\n<meta property=\"og:site_name\" content=\"Dimeco\" \/>\n<meta property=\"article:modified_time\" content=\"2016-04-05T09:59:52+00:00\" \/>\n<meta name=\"twitter:card\" content=\"summary\" \/>\n<meta name=\"twitter:label1\" content=\"Dur\u00e9e de lecture estim\u00e9e\" \/>\n\t<meta name=\"twitter:data1\" content=\"1 minute\" \/>\n<script type=\"application\/ld+json\" class=\"yoast-schema-graph\">{\"@context\":\"https:\/\/schema.org\",\"@graph\":[{\"@type\":\"WebSite\",\"@id\":\"https:\/\/www.dimeco.com\/es\/#website\",\"url\":\"https:\/\/www.dimeco.com\/es\/\",\"name\":\"Dimeco\",\"description\":\"FLEXIBLE SHEET METAL PUNCHING CUTTING &amp; FORMING PROCESSES\",\"potentialAction\":[{\"@type\":\"SearchAction\",\"target\":{\"@type\":\"EntryPoint\",\"urlTemplate\":\"https:\/\/www.dimeco.com\/es\/?s={search_term_string}\"},\"query-input\":\"required name=search_term_string\"}],\"inLanguage\":\"fr-FR\"},{\"@type\":\"WebPage\",\"@id\":\"https:\/\/www.dimeco.com\/fr\/dimeco-solutions\/poinconnage-flexible-des-toles-en-bobines\/poinconnage-hydraulique-specifique\/\",\"url\":\"https:\/\/www.dimeco.com\/fr\/dimeco-solutions\/poinconnage-flexible-des-toles-en-bobines\/poinconnage-hydraulique-specifique\/\",\"name\":\"Poin\u00e7onnage hydraulique sp\u00e9cifique - Dimeco\",\"isPartOf\":{\"@id\":\"https:\/\/www.dimeco.com\/es\/#website\"},\"datePublished\":\"2016-04-04T10:30:43+00:00\",\"dateModified\":\"2016-04-05T09:59:52+00:00\",\"breadcrumb\":{\"@id\":\"https:\/\/www.dimeco.com\/fr\/dimeco-solutions\/poinconnage-flexible-des-toles-en-bobines\/poinconnage-hydraulique-specifique\/#breadcrumb\"},\"inLanguage\":\"fr-FR\",\"potentialAction\":[{\"@type\":\"ReadAction\",\"target\":[\"https:\/\/www.dimeco.com\/fr\/dimeco-solutions\/poinconnage-flexible-des-toles-en-bobines\/poinconnage-hydraulique-specifique\/\"]}]},{\"@type\":\"BreadcrumbList\",\"@id\":\"https:\/\/www.dimeco.com\/fr\/dimeco-solutions\/poinconnage-flexible-des-toles-en-bobines\/poinconnage-hydraulique-specifique\/#breadcrumb\",\"itemListElement\":[{\"@type\":\"ListItem\",\"position\":1,\"name\":\"Home\",\"item\":\"https:\/\/www.dimeco.com\/fr\/\"},{\"@type\":\"ListItem\",\"position\":2,\"name\":\"Solutions\",\"item\":\"https:\/\/www.dimeco.com\/fr\/dimeco-solutions\/\"},{\"@type\":\"ListItem\",\"position\":3,\"name\":\"Poin\u00e7onnage flexible des t\u00f4les en bobines\",\"item\":\"https:\/\/www.dimeco.com\/fr\/dimeco-solutions\/poinconnage-flexible-des-toles-en-bobines\/\"},{\"@type\":\"ListItem\",\"position\":4,\"name\":\"Poin\u00e7onnage hydraulique sp\u00e9cifique\"}]}]}<\/script>\n<!-- \/ Yoast SEO plugin. -->","yoast_head_json":{"title":"Poin\u00e7onnage hydraulique sp\u00e9cifique - Dimeco","robots":{"index":"index","follow":"follow","max-snippet":"max-snippet:-1","max-image-preview":"max-image-preview:large","max-video-preview":"max-video-preview:-1"},"canonical":"https:\/\/www.dimeco.com\/fr\/dimeco-solutions\/poinconnage-flexible-des-toles-en-bobines\/poinconnage-hydraulique-specifique\/","og_locale":"fr_FR","og_type":"article","og_title":"Poin\u00e7onnage hydraulique sp\u00e9cifique - Dimeco","og_description":"Les solutions standards de poin\u00e7onnage sont toujours les plus recherch\u00e9es, mais de nombreux projets \u00e9chouent car ces solutions ne r\u00e9pondent pas toujours aux objectifs. Utilisant sa forte capacit\u00e9 de d\u00e9veloppement, Dimeco est capable de concevoir et de r\u00e9aliser des solutions d\u00e9di\u00e9es \u00e0 des probl\u00e9matiques particuli\u00e8res. En utilisant des unit\u00e9s hydrauliques col de cygne ou arcade, [&hellip;]","og_url":"https:\/\/www.dimeco.com\/fr\/dimeco-solutions\/poinconnage-flexible-des-toles-en-bobines\/poinconnage-hydraulique-specifique\/","og_site_name":"Dimeco","article_modified_time":"2016-04-05T09:59:52+00:00","twitter_card":"summary","twitter_misc":{"Dur\u00e9e de lecture estim\u00e9e":"1 minute"},"schema":{"@context":"https:\/\/schema.org","@graph":[{"@type":"WebSite","@id":"https:\/\/www.dimeco.com\/es\/#website","url":"https:\/\/www.dimeco.com\/es\/","name":"Dimeco","description":"FLEXIBLE SHEET METAL PUNCHING CUTTING &amp; FORMING PROCESSES","potentialAction":[{"@type":"SearchAction","target":{"@type":"EntryPoint","urlTemplate":"https:\/\/www.dimeco.com\/es\/?s={search_term_string}"},"query-input":"required name=search_term_string"}],"inLanguage":"fr-FR"},{"@type":"WebPage","@id":"https:\/\/www.dimeco.com\/fr\/dimeco-solutions\/poinconnage-flexible-des-toles-en-bobines\/poinconnage-hydraulique-specifique\/","url":"https:\/\/www.dimeco.com\/fr\/dimeco-solutions\/poinconnage-flexible-des-toles-en-bobines\/poinconnage-hydraulique-specifique\/","name":"Poin\u00e7onnage hydraulique sp\u00e9cifique - Dimeco","isPartOf":{"@id":"https:\/\/www.dimeco.com\/es\/#website"},"datePublished":"2016-04-04T10:30:43+00:00","dateModified":"2016-04-05T09:59:52+00:00","breadcrumb":{"@id":"https:\/\/www.dimeco.com\/fr\/dimeco-solutions\/poinconnage-flexible-des-toles-en-bobines\/poinconnage-hydraulique-specifique\/#breadcrumb"},"inLanguage":"fr-FR","potentialAction":[{"@type":"ReadAction","target":["https:\/\/www.dimeco.com\/fr\/dimeco-solutions\/poinconnage-flexible-des-toles-en-bobines\/poinconnage-hydraulique-specifique\/"]}]},{"@type":"BreadcrumbList","@id":"https:\/\/www.dimeco.com\/fr\/dimeco-solutions\/poinconnage-flexible-des-toles-en-bobines\/poinconnage-hydraulique-specifique\/#breadcrumb","itemListElement":[{"@type":"ListItem","position":1,"name":"Home","item":"https:\/\/www.dimeco.com\/fr\/"},{"@type":"ListItem","position":2,"name":"Solutions","item":"https:\/\/www.dimeco.com\/fr\/dimeco-solutions\/"},{"@type":"ListItem","position":3,"name":"Poin\u00e7onnage flexible des t\u00f4les en bobines","item":"https:\/\/www.dimeco.com\/fr\/dimeco-solutions\/poinconnage-flexible-des-toles-en-bobines\/"},{"@type":"ListItem","position":4,"name":"Poin\u00e7onnage hydraulique sp\u00e9cifique"}]}]}},"_links":{"self":[{"href":"https:\/\/www.dimeco.com\/fr\/wp-json\/wp\/v2\/pages\/2477\/"}],"collection":[{"href":"https:\/\/www.dimeco.com\/fr\/wp-json\/wp\/v2\/pages\/"}],"about":[{"href":"https:\/\/www.dimeco.com\/fr\/wp-json\/wp\/v2\/types\/page\/"}],"author":[{"embeddable":true,"href":"https:\/\/www.dimeco.com\/fr\/wp-json\/wp\/v2\/users\/1\/"}],"replies":[{"embeddable":true,"href":"https:\/\/www.dimeco.com\/fr\/wp-json\/wp\/v2\/comments\/?post=2477"}],"version-history":[{"count":0,"href":"https:\/\/www.dimeco.com\/fr\/wp-json\/wp\/v2\/pages\/2477\/revisions\/"}],"up":[{"embeddable":true,"href":"https:\/\/www.dimeco.com\/fr\/wp-json\/wp\/v2\/pages\/2475\/"}],"wp:attachment":[{"href":"https:\/\/www.dimeco.com\/fr\/wp-json\/wp\/v2\/media\/?parent=2477"}],"curies":[{"name":"wp","href":"https:\/\/api.w.org\/{rel}","templated":true}]}}