{"id":17116,"date":"2020-02-20T13:08:51","date_gmt":"2020-02-20T13:08:51","guid":{"rendered":"http:\/\/www.dimeco.com\/?page_id=17116"},"modified":"2025-03-12T12:52:02","modified_gmt":"2025-03-12T12:52:02","slug":"recrute","status":"publish","type":"page","link":"https:\/\/www.dimeco.com\/fr\/recrute\/","title":{"rendered":"Dimeco recrute"},"content":{"rendered":"<h1><span style=\"vertical-align: inherit;\"><span style=\"vertical-align: inherit;\"><span style=\"vertical-align: inherit;\"><span style=\"vertical-align: inherit;\">Dimeco recrute<\/span><\/span><\/span><\/span><\/h1>\n<ul>\n<li><em><strong><span style=\"vertical-align: inherit;\"><span style=\"vertical-align: inherit;\">poste1<\/span><\/span><\/strong><\/em><\/li>\n<\/ul>\n<p><span style=\"vertical-align: inherit;\"><span style=\"vertical-align: inherit;\">informations \u00e0 venir<\/span><\/span><\/p>\n<ul>\n<li><em><strong><span style=\"vertical-align: inherit;\"><span style=\"vertical-align: inherit;\">poste2<\/span><\/span><\/strong><\/em><\/li>\n<\/ul>\n<p><span style=\"vertical-align: inherit;\"><span style=\"vertical-align: inherit;\">informations \u00e0 venir<\/span><\/span><\/p>\n<p>&nbsp;<\/p>\n<p>&nbsp;<\/p>\n<p><span style=\"vertical-align: inherit;\"><span style=\"vertical-align: inherit;\"><span style=\"vertical-align: inherit;\"><span style=\"vertical-align: inherit;\"><div role=\"form\" class=\"wpcf7\" id=\"wpcf7-f17118-o1\" lang=\"en-US\" dir=\"ltr\">\n<div class=\"screen-reader-response\"><p role=\"status\" aria-live=\"polite\" aria-atomic=\"true\"><\/p> <ul><\/ul><\/div>\n<form action=\"\/fr\/wp-json\/wp\/v2\/pages\/17116\/#wpcf7-f17118-o1\" method=\"post\" class=\"wpcf7-form init\" novalidate=\"novalidate\" data-status=\"init\">\n<div style=\"display: none;\">\n<input type=\"hidden\" name=\"_wpcf7\" value=\"17118\" \/>\n<input type=\"hidden\" name=\"_wpcf7_version\" value=\"5.6\" \/>\n<input type=\"hidden\" name=\"_wpcf7_locale\" value=\"en_US\" \/>\n<input type=\"hidden\" name=\"_wpcf7_unit_tag\" value=\"wpcf7-f17118-o1\" \/>\n<input type=\"hidden\" name=\"_wpcf7_container_post\" value=\"0\" \/>\n<input type=\"hidden\" name=\"_wpcf7_posted_data_hash\" value=\"\" \/>\n<\/div>\n<p><label> Votre nom (required)<br \/>\n    <span class=\"wpcf7-form-control-wrap\" data-name=\"your-name\"><input type=\"text\" name=\"your-name\" value=\"\" size=\"40\" class=\"wpcf7-form-control wpcf7-text wpcf7-validates-as-required\" aria-required=\"true\" aria-invalid=\"false\" \/><\/span> <\/label><\/p>\n<p><label> Votre Email (required)<br \/>\n    <span class=\"wpcf7-form-control-wrap\" data-name=\"your-email\"><input type=\"email\" name=\"your-email\" value=\"\" size=\"40\" class=\"wpcf7-form-control wpcf7-text wpcf7-email wpcf7-validates-as-required wpcf7-validates-as-email\" aria-required=\"true\" aria-invalid=\"false\" \/><\/span> <\/label><\/p>\n<p><label> Sujet<br \/>\n    <span class=\"wpcf7-form-control-wrap\" data-name=\"your-subject\"><input type=\"text\" name=\"your-subject\" value=\"\" size=\"40\" class=\"wpcf7-form-control wpcf7-text\" aria-invalid=\"false\" \/><\/span> <\/label><\/p>\n<p><label> Votre message<br \/>\n    <span class=\"wpcf7-form-control-wrap\" data-name=\"your-message\"><textarea name=\"your-message\" cols=\"40\" rows=\"10\" class=\"wpcf7-form-control wpcf7-textarea\" aria-invalid=\"false\"><\/textarea><\/span> <\/label><\/p>\n<p><div id=\"cf7sr-69e3633454f8c\" class=\"cf7sr-g-recaptcha\" data-sitekey=\"6Lep3MoZAAAAAGIQOuPQrL9giWfwsFtKyOEkuYqD\"><\/div><span class=\"wpcf7-form-control-wrap cf7sr-recaptcha\" data-name=\"cf7sr-recaptcha\"><input type=\"hidden\" name=\"cf7sr-recaptcha\" value=\"\" class=\"wpcf7-form-control\"><\/span><\/p>\n<p><input type=\"submit\" value=\"Send\" class=\"wpcf7-form-control has-spinner wpcf7-submit\" \/><\/p>\n<div class=\"wpcf7-response-output\" aria-hidden=\"true\"><\/div><\/form><\/div><\/span><\/span><\/span><\/span><\/p>\n<p><span style=\"vertical-align: inherit;\"><span style=\"vertical-align: inherit;\"><span style=\"vertical-align: inherit;\"><span style=\"vertical-align: inherit;\">Mentions l\u00e9gales :<\/span><\/span><\/span><\/span><\/p>\n<p><b><u>Index \u00e9galit\u00e9 professionnelle entre les femmes et les hommes 2024<\/u><\/b><\/p>\n<ul>\n<li>indicateur \u00e9cart de r\u00e9mun\u00e9ration : non calculable<\/li>\n<li>indicateur \u00e9cart de taux d&rsquo;augmentations : 35<\/li>\n<li>indicateur retour de cong\u00e9s maternit\u00e9 : non calculable<\/li>\n<li>indicateur hautes r\u00e9mun\u00e9rations: 5<\/li>\n<\/ul>\n<p>Index non calculable<\/p>\n","protected":false},"excerpt":{"rendered":"<p>Dimeco recrute poste1 informations \u00e0 venir poste2 informations \u00e0 venir &nbsp; &nbsp; Mentions l\u00e9gales : Index \u00e9galit\u00e9 professionnelle entre les femmes et les hommes 2024 indicateur \u00e9cart de r\u00e9mun\u00e9ration : non calculable indicateur \u00e9cart de taux d&rsquo;augmentations : 35 indicateur retour de cong\u00e9s maternit\u00e9 : non calculable indicateur hautes r\u00e9mun\u00e9rations: 5 Index non calculable<\/p>\n","protected":false},"author":2,"featured_media":0,"parent":0,"menu_order":0,"comment_status":"closed","ping_status":"closed","template":"","meta":{"extendify_custom_stylesheet":""},"acf":[],"yoast_head":"<!-- This site is optimized with the Yoast SEO plugin v19.3 - https:\/\/yoast.com\/wordpress\/plugins\/seo\/ -->\n<title>Dimeco recrute - Dimeco<\/title>\n<meta name=\"robots\" content=\"index, follow, max-snippet:-1, max-image-preview:large, max-video-preview:-1\" \/>\n<link rel=\"canonical\" href=\"https:\/\/www.dimeco.com\/fr\/recrute\/\" \/>\n<meta property=\"og:locale\" content=\"fr_FR\" \/>\n<meta property=\"og:type\" content=\"article\" \/>\n<meta property=\"og:title\" content=\"Dimeco recrute - Dimeco\" \/>\n<meta property=\"og:description\" content=\"Dimeco recrute poste1 informations \u00e0 venir poste2 informations \u00e0 venir &nbsp; &nbsp; Mentions l\u00e9gales : Index \u00e9galit\u00e9 professionnelle entre les femmes et les hommes 2024 indicateur \u00e9cart de r\u00e9mun\u00e9ration : non calculable indicateur \u00e9cart de taux d&rsquo;augmentations : 35 indicateur retour de cong\u00e9s maternit\u00e9 : non calculable indicateur hautes r\u00e9mun\u00e9rations: 5 Index non calculable\" \/>\n<meta property=\"og:url\" content=\"https:\/\/www.dimeco.com\/fr\/recrute\/\" \/>\n<meta property=\"og:site_name\" content=\"Dimeco\" \/>\n<meta property=\"article:modified_time\" content=\"2025-03-12T12:52:02+00:00\" \/>\n<meta name=\"twitter:card\" content=\"summary\" \/>\n<meta name=\"twitter:label1\" content=\"Dur\u00e9e de lecture estim\u00e9e\" \/>\n\t<meta name=\"twitter:data1\" content=\"1 minute\" \/>\n<script type=\"application\/ld+json\" class=\"yoast-schema-graph\">{\"@context\":\"https:\/\/schema.org\",\"@graph\":[{\"@type\":\"WebSite\",\"@id\":\"https:\/\/www.dimeco.com\/es\/#website\",\"url\":\"https:\/\/www.dimeco.com\/es\/\",\"name\":\"Dimeco\",\"description\":\"FLEXIBLE SHEET METAL PUNCHING CUTTING &amp; FORMING PROCESSES\",\"potentialAction\":[{\"@type\":\"SearchAction\",\"target\":{\"@type\":\"EntryPoint\",\"urlTemplate\":\"https:\/\/www.dimeco.com\/es\/?s={search_term_string}\"},\"query-input\":\"required name=search_term_string\"}],\"inLanguage\":\"fr-FR\"},{\"@type\":\"WebPage\",\"@id\":\"https:\/\/www.dimeco.com\/fr\/recrute\/\",\"url\":\"https:\/\/www.dimeco.com\/fr\/recrute\/\",\"name\":\"Dimeco recrute - Dimeco\",\"isPartOf\":{\"@id\":\"https:\/\/www.dimeco.com\/es\/#website\"},\"datePublished\":\"2020-02-20T13:08:51+00:00\",\"dateModified\":\"2025-03-12T12:52:02+00:00\",\"breadcrumb\":{\"@id\":\"https:\/\/www.dimeco.com\/fr\/recrute\/#breadcrumb\"},\"inLanguage\":\"fr-FR\",\"potentialAction\":[{\"@type\":\"ReadAction\",\"target\":[\"https:\/\/www.dimeco.com\/fr\/recrute\/\"]}]},{\"@type\":\"BreadcrumbList\",\"@id\":\"https:\/\/www.dimeco.com\/fr\/recrute\/#breadcrumb\",\"itemListElement\":[{\"@type\":\"ListItem\",\"position\":1,\"name\":\"Home\",\"item\":\"https:\/\/www.dimeco.com\/fr\/\"},{\"@type\":\"ListItem\",\"position\":2,\"name\":\"Dimeco recrute\"}]}]}<\/script>\n<!-- \/ Yoast SEO plugin. -->","yoast_head_json":{"title":"Dimeco recrute - Dimeco","robots":{"index":"index","follow":"follow","max-snippet":"max-snippet:-1","max-image-preview":"max-image-preview:large","max-video-preview":"max-video-preview:-1"},"canonical":"https:\/\/www.dimeco.com\/fr\/recrute\/","og_locale":"fr_FR","og_type":"article","og_title":"Dimeco recrute - Dimeco","og_description":"Dimeco recrute poste1 informations \u00e0 venir poste2 informations \u00e0 venir &nbsp; &nbsp; Mentions l\u00e9gales : Index \u00e9galit\u00e9 professionnelle entre les femmes et les hommes 2024 indicateur \u00e9cart de r\u00e9mun\u00e9ration : non calculable indicateur \u00e9cart de taux d&rsquo;augmentations : 35 indicateur retour de cong\u00e9s maternit\u00e9 : non calculable indicateur hautes r\u00e9mun\u00e9rations: 5 Index non calculable","og_url":"https:\/\/www.dimeco.com\/fr\/recrute\/","og_site_name":"Dimeco","article_modified_time":"2025-03-12T12:52:02+00:00","twitter_card":"summary","twitter_misc":{"Dur\u00e9e de lecture estim\u00e9e":"1 minute"},"schema":{"@context":"https:\/\/schema.org","@graph":[{"@type":"WebSite","@id":"https:\/\/www.dimeco.com\/es\/#website","url":"https:\/\/www.dimeco.com\/es\/","name":"Dimeco","description":"FLEXIBLE SHEET METAL PUNCHING CUTTING &amp; FORMING PROCESSES","potentialAction":[{"@type":"SearchAction","target":{"@type":"EntryPoint","urlTemplate":"https:\/\/www.dimeco.com\/es\/?s={search_term_string}"},"query-input":"required name=search_term_string"}],"inLanguage":"fr-FR"},{"@type":"WebPage","@id":"https:\/\/www.dimeco.com\/fr\/recrute\/","url":"https:\/\/www.dimeco.com\/fr\/recrute\/","name":"Dimeco recrute - Dimeco","isPartOf":{"@id":"https:\/\/www.dimeco.com\/es\/#website"},"datePublished":"2020-02-20T13:08:51+00:00","dateModified":"2025-03-12T12:52:02+00:00","breadcrumb":{"@id":"https:\/\/www.dimeco.com\/fr\/recrute\/#breadcrumb"},"inLanguage":"fr-FR","potentialAction":[{"@type":"ReadAction","target":["https:\/\/www.dimeco.com\/fr\/recrute\/"]}]},{"@type":"BreadcrumbList","@id":"https:\/\/www.dimeco.com\/fr\/recrute\/#breadcrumb","itemListElement":[{"@type":"ListItem","position":1,"name":"Home","item":"https:\/\/www.dimeco.com\/fr\/"},{"@type":"ListItem","position":2,"name":"Dimeco recrute"}]}]}},"_links":{"self":[{"href":"https:\/\/www.dimeco.com\/fr\/wp-json\/wp\/v2\/pages\/17116\/"}],"collection":[{"href":"https:\/\/www.dimeco.com\/fr\/wp-json\/wp\/v2\/pages\/"}],"about":[{"href":"https:\/\/www.dimeco.com\/fr\/wp-json\/wp\/v2\/types\/page\/"}],"author":[{"embeddable":true,"href":"https:\/\/www.dimeco.com\/fr\/wp-json\/wp\/v2\/users\/2\/"}],"replies":[{"embeddable":true,"href":"https:\/\/www.dimeco.com\/fr\/wp-json\/wp\/v2\/comments\/?post=17116"}],"version-history":[{"count":4,"href":"https:\/\/www.dimeco.com\/fr\/wp-json\/wp\/v2\/pages\/17116\/revisions\/"}],"predecessor-version":[{"id":23883,"href":"https:\/\/www.dimeco.com\/fr\/wp-json\/wp\/v2\/pages\/17116\/revisions\/23883\/"}],"wp:attachment":[{"href":"https:\/\/www.dimeco.com\/fr\/wp-json\/wp\/v2\/media\/?parent=17116"}],"curies":[{"name":"wp","href":"https:\/\/api.w.org\/{rel}","templated":true}]}}