{"id":15206,"date":"2019-03-21T12:16:49","date_gmt":"2019-03-21T12:16:49","guid":{"rendered":"http:\/\/www.dimeco.com\/?page_id=15206"},"modified":"2025-04-16T09:14:17","modified_gmt":"2025-04-16T09:14:17","slug":"services","status":"publish","type":"page","link":"https:\/\/www.dimeco.com\/fr\/services\/","title":{"rendered":"HOTLINE &#8211; SERVICE APR\u00c8S-VENTE"},"content":{"rendered":"<p><strong>Votre support technique personnalis\u00e9\u00a0 <\/strong><\/p>\n<ul>\n<li>Hotline DIMECO &#8211; Service GRATUIT &#8211; Assistance en ligne et contact par t\u00e9l\u00e9phone.<\/li>\n<li>Des experts \u00e0 votre \u00e9coute<\/li>\n<\/ul>\n<table border=\"1\" width=\"1000\">\n<tbody>\n<tr>\n<td width=\"25%\"><strong>DIMECO<\/strong><br \/>\n<strong>Besan\u00e7on plant<\/strong><br \/>\n2, rue du Ch\u00eane \u2013 ZI la Louvi\u00e8re<br \/>\n25480 PIREY \u2013 FRANCE<br \/>\n<strong>+33 3 81 48 38 18<\/strong><br \/>\n<a href=\"mailto:service@dimeco.com\"><span style=\"color: #0000ff;\">service@dimeco.com<\/span><\/a><\/p>\n<p style=\"background-color: #e20000; border: 1px solid transparent; color: white; padding: 6px 12px; text-decoration: none; display: inline-block; font-size: 16px; text-align: center; cursor: pointer; border-radius: 4px;\"><span style=\"color: #ffffff;\"><a style=\"color: #ffffff;\" href=\"https:\/\/www.dimeco.com\/aftersales-dimeco-contact-form\/\">Formulaire de contact<\/a><\/span><\/p>\n<\/td>\n<td width=\"25%\"><strong>DIMECO<\/strong><br \/>\n<strong>Oiartzun plant<\/strong><br \/>\nAra\u00f1aburu 4- D1B<br \/>\nPol.Ind. Lanbarren<br \/>\n20180 Oiartzun \u2013 ESPAGNE<br \/>\n<strong>+34 943 639 004<\/strong><br \/>\n<a href=\"mailto:service@dimeco.es\"><span style=\"color: #0000ff;\">service@dimeco.es<\/span><\/a><\/td>\n<td width=\"25%\"><strong>DIMECO Coil Technologies, Inc.<\/strong><br \/>\n<strong>US Branch<\/strong><br \/>\n35 East Wacker Drive, Suite 670<br \/>\nChicago, Illinois 60659 \u2013 USA<br \/>\n<strong>+33 3 81 48 38 18<\/strong><br \/>\n<a href=\"mailto:service@dimeco.com\"><span style=\"color: #0000ff;\">service@dimeco.com<\/span><\/a><\/td>\n<td width=\"25%\"><\/td>\n<\/tr>\n<\/tbody>\n<\/table>\n<p>&nbsp;<\/p>\n<h1><span style=\"color: #e20000;\">UNE PR\u00c9<\/span><span style=\"color: #e20000;\">SENCE MONDIALE <\/span><\/h1>\n<p><strong>Nos 35 techniciens sp\u00e9cialis\u00e9s DIMECO se tiennent pr\u00eats \u00e0 vous assister chez vous, dans vos ateliers de production.\u00a0<\/strong><\/p>\n<ul>\n<li>D\u00e9pannage DIMECO sur site client<\/li>\n<li>Intervention de techniciens sp\u00e9cialis\u00e9s<\/li>\n<li>Intervention de nos techniciens partout dans le monde<\/li>\n<li>Intervention possible 7j\/7j, dimanches et jours f\u00e9ri\u00e9s<\/li>\n<li>Planification collaborative des interventions<\/li>\n<li>D\u00e9finition des moyens humains et techniques pour un service intervention de qualit\u00e9<\/li>\n<\/ul>\n<p>&nbsp;<\/p>\n<h1><span style=\"color: #e20000;\">PI\u00c8CES D\u00c9TACH\u00c9ES D&rsquo;ORIGINE<\/span><\/h1>\n<p><a href=\"http:\/\/www.dimeco.com\/wp-content\/uploads\/2019\/03\/945x210-bandeau-Service-MAGASIN-2.jpg\" data-rel=\"lightbox-image-0\" data-magnific_type=\"image\" data-rl_title=\"\" data-rl_caption=\"\" title=\"\"><img loading=\"lazy\" class=\"max-img alignnone wp-image-15228 size-full\" src=\"http:\/\/www.dimeco.com\/wp-content\/uploads\/2019\/03\/945x210-bandeau-Service-MAGASIN-2.jpg\" alt=\"\" width=\"945\" height=\"210\" srcset=\"https:\/\/www.dimeco.com\/wp-content\/uploads\/2019\/03\/945x210-bandeau-Service-MAGASIN-2.jpg 945w, https:\/\/www.dimeco.com\/wp-content\/uploads\/2019\/03\/945x210-bandeau-Service-MAGASIN-2-300x67.jpg 300w, https:\/\/www.dimeco.com\/wp-content\/uploads\/2019\/03\/945x210-bandeau-Service-MAGASIN-2-768x171.jpg 768w, https:\/\/www.dimeco.com\/wp-content\/uploads\/2019\/03\/945x210-bandeau-Service-MAGASIN-2-928x206.jpg 928w\" sizes=\"(max-width: 945px) 100vw, 945px\" \/><\/a><\/p>\n<p><strong>DIMECO, c\u2019est aussi 15 000 r\u00e9f\u00e9rences de pi\u00e8ces d\u00e9tach\u00e9es d\u2019origine en stock. <\/strong><strong>Des pi\u00e8ces d\u2019origine de qualit\u00e9 o\u00f9 que vous soyez, le plus rapidement possible.<\/strong><\/p>\n<ul>\n<li class=\"s8\">Pi\u00e8ces d\u2019origine<\/li>\n<li class=\"s8\">Kit de pi\u00e8ces de premi\u00e8re urgence<\/li>\n<li class=\"s8\">Livraisons sous 24H<\/li>\n<li class=\"s8\">Livraisons rapides partout dans le monde<\/li>\n<li class=\"s8\">Experts-conseils en maintenance pr\u00e9ventive<\/li>\n<li><a href=\"mailto:service@dimeco.com\"><span style=\"color: #0000ff;\">Contactez-Nous !<\/span><\/a><\/li>\n<\/ul>\n<p>&nbsp;<\/p>\n<h1><span style=\"color: #e20000;\">SOLUTION R\u00c9TROFIT<\/span><\/h1>\n<p><a href=\"http:\/\/www.dimeco.com\/wp-content\/uploads\/2019\/03\/945x210-bandeau-Service-Solution-retrofit-3.jpg\" data-rel=\"lightbox-image-1\" data-magnific_type=\"image\" data-rl_title=\"\" data-rl_caption=\"\" title=\"\"><img loading=\"lazy\" class=\"max-img alignnone wp-image-15238 size-full\" src=\"http:\/\/www.dimeco.com\/wp-content\/uploads\/2019\/03\/945x210-bandeau-Service-Solution-retrofit-3.jpg\" alt=\"\" width=\"945\" height=\"210\" srcset=\"https:\/\/www.dimeco.com\/wp-content\/uploads\/2019\/03\/945x210-bandeau-Service-Solution-retrofit-3.jpg 945w, https:\/\/www.dimeco.com\/wp-content\/uploads\/2019\/03\/945x210-bandeau-Service-Solution-retrofit-3-300x67.jpg 300w, https:\/\/www.dimeco.com\/wp-content\/uploads\/2019\/03\/945x210-bandeau-Service-Solution-retrofit-3-768x171.jpg 768w, https:\/\/www.dimeco.com\/wp-content\/uploads\/2019\/03\/945x210-bandeau-Service-Solution-retrofit-3-928x206.jpg 928w\" sizes=\"(max-width: 945px) 100vw, 945px\" \/><\/a><\/p>\n<p><strong>\u00ab\u00a0La solution R\u00c9TROFIT : la solution de modernisation\u00a0\u00bb, de r\u00e9novation de vos machines pour p\u00e9renniser votre outil de production.<\/strong><\/p>\n<ul>\n<li class=\"s36\">Modernisation de vos syst\u00e8mes m\u00e9caniques<\/li>\n<li class=\"s36\">Modernisation de vos syst\u00e8mes \u00e9lectriques<\/li>\n<li class=\"s36\">Modernisation de vos syst\u00e8mes de commandes<\/li>\n<li class=\"s36\">Mise \u00e0 jour de votre logiciel de programmation et adaptation de votre interface selon vos besoins de production<\/li>\n<li class=\"s36\">Mise aux normes en vigueur<\/li>\n<\/ul>\n<p>La solution R\u00c9TROFIT vous permet de conserver une partie de l\u2019existant et contribue \u00e0 la durabilit\u00e9 des produits industriels.<\/p>\n<p>&nbsp;<\/p>\n<h1><span style=\"color: #e20000;\">DIAGNOSTIC-EXPERTISE <\/span><\/h1>\n<p>&nbsp;<\/p>\n<p><strong><a href=\"http:\/\/www.dimeco.com\/wp-content\/uploads\/2020\/07\/Bandeau-DIAGNOSTIC-945x210-1.jpg\" data-rel=\"lightbox-image-2\" data-magnific_type=\"image\" data-rl_title=\"\" data-rl_caption=\"\" title=\"\"><img loading=\"lazy\" class=\"max-img alignnone wp-image-17310 size-full\" src=\"http:\/\/www.dimeco.com\/wp-content\/uploads\/2020\/07\/Bandeau-DIAGNOSTIC-945x210-1.jpg\" alt=\"\" width=\"945\" height=\"210\" srcset=\"https:\/\/www.dimeco.com\/wp-content\/uploads\/2020\/07\/Bandeau-DIAGNOSTIC-945x210-1.jpg 945w, https:\/\/www.dimeco.com\/wp-content\/uploads\/2020\/07\/Bandeau-DIAGNOSTIC-945x210-1-300x67.jpg 300w, https:\/\/www.dimeco.com\/wp-content\/uploads\/2020\/07\/Bandeau-DIAGNOSTIC-945x210-1-768x171.jpg 768w, https:\/\/www.dimeco.com\/wp-content\/uploads\/2020\/07\/Bandeau-DIAGNOSTIC-945x210-1-928x206.jpg 928w\" sizes=\"(max-width: 945px) 100vw, 945px\" \/><\/a><\/strong><\/p>\n<p><strong>Dans le contexte international d&rsquo;aujourd&rsquo;hui, vous souhaitez garantir la p\u00e9rennit\u00e9 de vos moyens de production ? Pensez \u00e0 diagnostiquer vos installations DIMECO !<\/strong><\/p>\n<p><strong>Les \u00e9quipes DIMECO interviennent pour expertiser vos installations. Nos rapports d&rsquo;expertises d\u00e9taill\u00e9s proposent des modifications et\/ou am\u00e9liorations n\u00e9cessaires dans le but de p\u00e9renniser vos machines DIMECO. <\/strong><\/p>\n<ul>\n<li>Visite d&rsquo;inspection<\/li>\n<li>Contr\u00f4le de la machine et de ses dispositifs de protection pour son bon \u00e9tat de fonctionnement<\/li>\n<li>Test de bon fonctionnement<\/li>\n<li>Contr\u00f4le des pi\u00e8ces d&rsquo;usure et pr\u00e9conisation des pi\u00e8ces \u00e0 remplacer<\/li>\n<li>Contr\u00f4le des composants \u00e9lectriques\/\u00e9lectrom\u00e9caniques<\/li>\n<li>R\u00e9daction d&rsquo;un rapport d&rsquo;inspection<\/li>\n<li>\u00c9laboration d&rsquo;un devis pr\u00e9cis<\/li>\n<li>Planification d&rsquo;une intervention<\/li>\n<li>Besoin d&rsquo;un diagnostic-expertise : <span style=\"color: #0000ff;\"><a style=\"color: #0000ff;\" href=\"mailto:contact@dimeco.com\">Contactez-Nous !<\/a><\/span><\/li>\n<\/ul>\n<p>&nbsp;<\/p>\n<h1><span style=\"color: #e20000;\">T\u00c9L\u00c9MAINTENANCE<\/span><\/h1>\n<p><a href=\"http:\/\/www.dimeco.com\/wp-content\/uploads\/2019\/03\/945x210-bandeau-Service-MAINYTENANCE-4.jpg\" data-rel=\"lightbox-image-3\" data-magnific_type=\"image\" data-rl_title=\"\" data-rl_caption=\"\" title=\"\"><img loading=\"lazy\" class=\"max-img alignnone wp-image-15233 size-full\" src=\"http:\/\/www.dimeco.com\/wp-content\/uploads\/2019\/03\/945x210-bandeau-Service-MAINYTENANCE-4.jpg\" alt=\"\" width=\"945\" height=\"210\" srcset=\"https:\/\/www.dimeco.com\/wp-content\/uploads\/2019\/03\/945x210-bandeau-Service-MAINYTENANCE-4.jpg 945w, https:\/\/www.dimeco.com\/wp-content\/uploads\/2019\/03\/945x210-bandeau-Service-MAINYTENANCE-4-300x67.jpg 300w, https:\/\/www.dimeco.com\/wp-content\/uploads\/2019\/03\/945x210-bandeau-Service-MAINYTENANCE-4-768x171.jpg 768w, https:\/\/www.dimeco.com\/wp-content\/uploads\/2019\/03\/945x210-bandeau-Service-MAINYTENANCE-4-928x206.jpg 928w\" sizes=\"(max-width: 945px) 100vw, 945px\" \/><\/a><\/p>\n<p><strong>Une solution qui permet un diagnostic \u00e0 distance afin de vous faire gagner du temps.<\/strong><\/p>\n<ul>\n<li class=\"s44\">Pilotage du terminal \u00e0 distance via une connexion VPN<\/li>\n<li class=\"s44\">R\u00e9solution rapide des probl\u00e8mes techniques<\/li>\n<\/ul>\n<p>&nbsp;<\/p>\n<h1><span style=\"color: #e20000;\">FORMATION<\/span><\/h1>\n<p><a href=\"http:\/\/www.dimeco.com\/wp-content\/uploads\/2019\/03\/945x210-bandeau-Service-FORMATION-5.jpg\" data-rel=\"lightbox-image-4\" data-magnific_type=\"image\" data-rl_title=\"\" data-rl_caption=\"\" title=\"\"><img loading=\"lazy\" class=\"max-img alignnone wp-image-15223 size-full\" src=\"http:\/\/www.dimeco.com\/wp-content\/uploads\/2019\/03\/945x210-bandeau-Service-FORMATION-5.jpg\" alt=\"\" width=\"945\" height=\"210\" srcset=\"https:\/\/www.dimeco.com\/wp-content\/uploads\/2019\/03\/945x210-bandeau-Service-FORMATION-5.jpg 945w, https:\/\/www.dimeco.com\/wp-content\/uploads\/2019\/03\/945x210-bandeau-Service-FORMATION-5-300x67.jpg 300w, https:\/\/www.dimeco.com\/wp-content\/uploads\/2019\/03\/945x210-bandeau-Service-FORMATION-5-768x171.jpg 768w, https:\/\/www.dimeco.com\/wp-content\/uploads\/2019\/03\/945x210-bandeau-Service-FORMATION-5-928x206.jpg 928w\" sizes=\"(max-width: 945px) 100vw, 945px\" \/><\/a><\/p>\n<p><strong>Le Centre de Formation DIMECO vous transmet ses comp\u00e9tences afin d\u2019enrichir vos comp\u00e9tences techniques et optimiser ainsi votre production.<\/strong><\/p>\n<ul>\n<li>Formations th\u00e9matiques, sp\u00e9cialis\u00e9es et sur mesure (Pratique Redressage, Ing\u00e9nierie Redressage, Programmation CN, Conduite de ligne, Maintenance\u2026)<\/li>\n<li>Formations en salle, sur les machines et sur les lignes de fabrication<\/li>\n<li>Formations chez DIMECO, \u00a0sur site client ou \u00e0 distance<\/li>\n<li>Formations individuelles ou en groupe<\/li>\n<li>Formations conventionn\u00e9es<\/li>\n<li>Formateurs exp\u00e9riment\u00e9s<\/li>\n<li>Programmes de formation sur simple demande : <span style=\"color: #0000ff;\"><a style=\"color: #0000ff;\" href=\"mailto:contact@dimeco.com\">Contactez-Nous !<\/a><\/span><\/li>\n<\/ul>\n","protected":false},"excerpt":{"rendered":"<p>Votre support technique personnalis\u00e9\u00a0 Hotline DIMECO &#8211; Service GRATUIT &#8211; Assistance en ligne et contact par t\u00e9l\u00e9phone. Des experts \u00e0 votre \u00e9coute DIMECO Besan\u00e7on plant 2, rue du Ch\u00eane \u2013 ZI la Louvi\u00e8re 25480 PIREY \u2013 FRANCE +33 3 81 48 38 18 service@dimeco.com Formulaire de contact DIMECO Oiartzun plant Ara\u00f1aburu 4- D1B Pol.Ind. Lanbarren [&hellip;]<\/p>\n","protected":false},"author":5,"featured_media":0,"parent":0,"menu_order":0,"comment_status":"closed","ping_status":"closed","template":"page-normal.php","meta":{"extendify_custom_stylesheet":""},"acf":[],"yoast_head":"<!-- This site is optimized with the Yoast SEO plugin v19.3 - https:\/\/yoast.com\/wordpress\/plugins\/seo\/ -->\n<title>HOTLINE - SERVICE APR\u00c8S-VENTE - Dimeco<\/title>\n<meta name=\"robots\" content=\"index, follow, max-snippet:-1, max-image-preview:large, max-video-preview:-1\" \/>\n<link rel=\"canonical\" href=\"https:\/\/www.dimeco.com\/fr\/services\/\" \/>\n<meta property=\"og:locale\" content=\"fr_FR\" \/>\n<meta property=\"og:type\" content=\"article\" \/>\n<meta property=\"og:title\" content=\"HOTLINE - SERVICE APR\u00c8S-VENTE - Dimeco\" \/>\n<meta property=\"og:description\" content=\"Votre support technique personnalis\u00e9\u00a0 Hotline DIMECO &#8211; Service GRATUIT &#8211; Assistance en ligne et contact par t\u00e9l\u00e9phone. Des experts \u00e0 votre \u00e9coute DIMECO Besan\u00e7on plant 2, rue du Ch\u00eane \u2013 ZI la Louvi\u00e8re 25480 PIREY \u2013 FRANCE +33 3 81 48 38 18 service@dimeco.com Formulaire de contact DIMECO Oiartzun plant Ara\u00f1aburu 4- D1B Pol.Ind. Lanbarren [&hellip;]\" \/>\n<meta property=\"og:url\" content=\"https:\/\/www.dimeco.com\/fr\/services\/\" \/>\n<meta property=\"og:site_name\" content=\"Dimeco\" \/>\n<meta property=\"article:modified_time\" content=\"2025-04-16T09:14:17+00:00\" \/>\n<meta property=\"og:image\" content=\"http:\/\/www.dimeco.com\/wp-content\/uploads\/2019\/03\/945x210-bandeau-Service-MAGASIN-2.jpg\" \/>\n<meta name=\"twitter:card\" content=\"summary\" \/>\n<meta name=\"twitter:label1\" content=\"Dur\u00e9e de lecture estim\u00e9e\" \/>\n\t<meta name=\"twitter:data1\" content=\"4 minutes\" \/>\n<script type=\"application\/ld+json\" class=\"yoast-schema-graph\">{\"@context\":\"https:\/\/schema.org\",\"@graph\":[{\"@type\":\"WebSite\",\"@id\":\"https:\/\/www.dimeco.com\/es\/#website\",\"url\":\"https:\/\/www.dimeco.com\/es\/\",\"name\":\"Dimeco\",\"description\":\"FLEXIBLE SHEET METAL PUNCHING CUTTING &amp; FORMING PROCESSES\",\"potentialAction\":[{\"@type\":\"SearchAction\",\"target\":{\"@type\":\"EntryPoint\",\"urlTemplate\":\"https:\/\/www.dimeco.com\/es\/?s={search_term_string}\"},\"query-input\":\"required name=search_term_string\"}],\"inLanguage\":\"fr-FR\"},{\"@type\":\"ImageObject\",\"inLanguage\":\"fr-FR\",\"@id\":\"https:\/\/www.dimeco.com\/fr\/services\/#primaryimage\",\"url\":\"http:\/\/www.dimeco.com\/wp-content\/uploads\/2019\/03\/945x210-bandeau-Service-MAGASIN-2.jpg\",\"contentUrl\":\"http:\/\/www.dimeco.com\/wp-content\/uploads\/2019\/03\/945x210-bandeau-Service-MAGASIN-2.jpg\"},{\"@type\":\"WebPage\",\"@id\":\"https:\/\/www.dimeco.com\/fr\/services\/\",\"url\":\"https:\/\/www.dimeco.com\/fr\/services\/\",\"name\":\"HOTLINE - SERVICE APR\u00c8S-VENTE - Dimeco\",\"isPartOf\":{\"@id\":\"https:\/\/www.dimeco.com\/es\/#website\"},\"primaryImageOfPage\":{\"@id\":\"https:\/\/www.dimeco.com\/fr\/services\/#primaryimage\"},\"datePublished\":\"2019-03-21T12:16:49+00:00\",\"dateModified\":\"2025-04-16T09:14:17+00:00\",\"breadcrumb\":{\"@id\":\"https:\/\/www.dimeco.com\/fr\/services\/#breadcrumb\"},\"inLanguage\":\"fr-FR\",\"potentialAction\":[{\"@type\":\"ReadAction\",\"target\":[\"https:\/\/www.dimeco.com\/fr\/services\/\"]}]},{\"@type\":\"BreadcrumbList\",\"@id\":\"https:\/\/www.dimeco.com\/fr\/services\/#breadcrumb\",\"itemListElement\":[{\"@type\":\"ListItem\",\"position\":1,\"name\":\"Home\",\"item\":\"https:\/\/www.dimeco.com\/fr\/\"},{\"@type\":\"ListItem\",\"position\":2,\"name\":\"HOTLINE &#8211; SERVICE APR\u00c8S-VENTE\"}]}]}<\/script>\n<!-- \/ Yoast SEO plugin. -->","yoast_head_json":{"title":"HOTLINE - SERVICE APR\u00c8S-VENTE - Dimeco","robots":{"index":"index","follow":"follow","max-snippet":"max-snippet:-1","max-image-preview":"max-image-preview:large","max-video-preview":"max-video-preview:-1"},"canonical":"https:\/\/www.dimeco.com\/fr\/services\/","og_locale":"fr_FR","og_type":"article","og_title":"HOTLINE - SERVICE APR\u00c8S-VENTE - Dimeco","og_description":"Votre support technique personnalis\u00e9\u00a0 Hotline DIMECO &#8211; Service GRATUIT &#8211; Assistance en ligne et contact par t\u00e9l\u00e9phone. Des experts \u00e0 votre \u00e9coute DIMECO Besan\u00e7on plant 2, rue du Ch\u00eane \u2013 ZI la Louvi\u00e8re 25480 PIREY \u2013 FRANCE +33 3 81 48 38 18 service@dimeco.com Formulaire de contact DIMECO Oiartzun plant Ara\u00f1aburu 4- D1B Pol.Ind. Lanbarren [&hellip;]","og_url":"https:\/\/www.dimeco.com\/fr\/services\/","og_site_name":"Dimeco","article_modified_time":"2025-04-16T09:14:17+00:00","og_image":[{"url":"http:\/\/www.dimeco.com\/wp-content\/uploads\/2019\/03\/945x210-bandeau-Service-MAGASIN-2.jpg"}],"twitter_card":"summary","twitter_misc":{"Dur\u00e9e de lecture estim\u00e9e":"4 minutes"},"schema":{"@context":"https:\/\/schema.org","@graph":[{"@type":"WebSite","@id":"https:\/\/www.dimeco.com\/es\/#website","url":"https:\/\/www.dimeco.com\/es\/","name":"Dimeco","description":"FLEXIBLE SHEET METAL PUNCHING CUTTING &amp; FORMING PROCESSES","potentialAction":[{"@type":"SearchAction","target":{"@type":"EntryPoint","urlTemplate":"https:\/\/www.dimeco.com\/es\/?s={search_term_string}"},"query-input":"required name=search_term_string"}],"inLanguage":"fr-FR"},{"@type":"ImageObject","inLanguage":"fr-FR","@id":"https:\/\/www.dimeco.com\/fr\/services\/#primaryimage","url":"http:\/\/www.dimeco.com\/wp-content\/uploads\/2019\/03\/945x210-bandeau-Service-MAGASIN-2.jpg","contentUrl":"http:\/\/www.dimeco.com\/wp-content\/uploads\/2019\/03\/945x210-bandeau-Service-MAGASIN-2.jpg"},{"@type":"WebPage","@id":"https:\/\/www.dimeco.com\/fr\/services\/","url":"https:\/\/www.dimeco.com\/fr\/services\/","name":"HOTLINE - SERVICE APR\u00c8S-VENTE - Dimeco","isPartOf":{"@id":"https:\/\/www.dimeco.com\/es\/#website"},"primaryImageOfPage":{"@id":"https:\/\/www.dimeco.com\/fr\/services\/#primaryimage"},"datePublished":"2019-03-21T12:16:49+00:00","dateModified":"2025-04-16T09:14:17+00:00","breadcrumb":{"@id":"https:\/\/www.dimeco.com\/fr\/services\/#breadcrumb"},"inLanguage":"fr-FR","potentialAction":[{"@type":"ReadAction","target":["https:\/\/www.dimeco.com\/fr\/services\/"]}]},{"@type":"BreadcrumbList","@id":"https:\/\/www.dimeco.com\/fr\/services\/#breadcrumb","itemListElement":[{"@type":"ListItem","position":1,"name":"Home","item":"https:\/\/www.dimeco.com\/fr\/"},{"@type":"ListItem","position":2,"name":"HOTLINE &#8211; SERVICE APR\u00c8S-VENTE"}]}]}},"_links":{"self":[{"href":"https:\/\/www.dimeco.com\/fr\/wp-json\/wp\/v2\/pages\/15206\/"}],"collection":[{"href":"https:\/\/www.dimeco.com\/fr\/wp-json\/wp\/v2\/pages\/"}],"about":[{"href":"https:\/\/www.dimeco.com\/fr\/wp-json\/wp\/v2\/types\/page\/"}],"author":[{"embeddable":true,"href":"https:\/\/www.dimeco.com\/fr\/wp-json\/wp\/v2\/users\/5\/"}],"replies":[{"embeddable":true,"href":"https:\/\/www.dimeco.com\/fr\/wp-json\/wp\/v2\/comments\/?post=15206"}],"version-history":[{"count":6,"href":"https:\/\/www.dimeco.com\/fr\/wp-json\/wp\/v2\/pages\/15206\/revisions\/"}],"predecessor-version":[{"id":23895,"href":"https:\/\/www.dimeco.com\/fr\/wp-json\/wp\/v2\/pages\/15206\/revisions\/23895\/"}],"wp:attachment":[{"href":"https:\/\/www.dimeco.com\/fr\/wp-json\/wp\/v2\/media\/?parent=15206"}],"curies":[{"name":"wp","href":"https:\/\/api.w.org\/{rel}","templated":true}]}}