{"id":4743,"date":"2017-02-10T11:23:16","date_gmt":"2017-02-10T11:23:16","guid":{"rendered":"http:\/\/www.dimeco.com\/?page_id=4743\/"},"modified":"2026-03-30T16:38:38","modified_gmt":"2026-03-30T16:38:38","slug":"exhibitions","status":"publish","type":"page","link":"https:\/\/www.dimeco.com\/es\/exhibitions\/","title":{"rendered":"Exhibitions"},"content":{"rendered":"<h2>FABTECH 2026 (M\u00c9XICO)<\/h2>\n<div class=\"row\">\n<div class=\"grid_4\">\n<p><a href=\"https:\/\/mexico.fabtechexpo.com\/es\" target=\"_blank\" rel=\"noopener\"><img class=\"alignnone wp-image-23660 size-medium\" src=\"https:\/\/www.dimeco.com\/wp-content\/uploads\/2026\/03\/fabtech-2026.png\" alt=\"invitation \" width=\"300\" \/><\/a><\/p>\n<\/div>\n<div class=\"grid_5\">\nDIMECO estar\u00e1 presente en <strong>FABTECH M\u00e9xico 2026<\/strong>, del <strong>12 al 14 de mayo<\/strong>, en el <strong>Stand 3419<\/strong> (Forming &#038; Fabricating).<\/p>\n<p>Presentaremos nuestras soluciones de roll forming enfocadas a eficiencia, precisi\u00f3n y automatizaci\u00f3n de l\u00edneas de fabricaci\u00f3n.<\/p>\n<p>Nuestros expertos estar\u00e1n atentos a sus consultas y proyectos, ofreciendo asesoramiento y soluciones adaptadas a cada necesidad.<\/p>\n<p><a href=\"https:\/\/www.xpressreg.net\/register\/fabm0526\/attendee\/reginfo.asp?hkey=&#038;aban=&#038;sc=31880&#038;iq=&#038;path=\" target=\"_blank\" style=\"text-decoration:underline;\" rel=\"noopener\">Obtenga aqui su invitaci\u00f3n<\/a><\/p>\n<\/div>\n<\/div>\n<h2>33\u00aa BIEMH<\/h2>\n<div class=\"row\">\n<div class=\"grid_4\">\n<p><a href=\"https:\/\/www.blechexpo-messe.de\/en\/\" target=\"_blank\" rel=\"noopener\"><img class=\"alignnone wp-image-23660 size-medium\" src=\"https:\/\/www.dimeco.com\/wp-content\/uploads\/2026\/02\/33BIEMH-es.png\" alt=\"invitation \" width=\"300\" \/><\/a><\/p>\n<\/div>\n<div class=\"grid_5\">\n DIMECO estar\u00e1 presente en la 33\u00aa BIEMH \u2013 Bienal Internacional de M\u00e1quina-Herramienta<\/p>\n<p> 2\u20136 marzo 2026<br \/>\n Bilbao Exhibition Centre<\/p>\n<p>Nuestro equipo comercial les presentar\u00e1 las \u00faltimas producciones en las que hemos aportado flexibilidad, eficiencia y alta productividad a los proyectos de nuestros clientes.<br \/>\nSer\u00e1 una excelente oportunidad para analizar nuevos retos productivos. <\/p>\n<p>      <a href=\"https:\/\/formularios.bec.eu\/ords\/r\/xxapex\/formularios\/formulario?p200_pf=256&#038;p200_pc=447&#038;p200_pi=E&#038;p200_p7=02288401_DIMECO_Roll-forming\" target=\"_blank\" style=\"text-decoration:underline;\" rel=\"noopener\">Obtenga aqui su invitaci\u00f3n profesional<\/a><\/p>\n<\/div>\n<\/div>\n<h2>BLECHEXPO STUTTGART<\/h2>\n<div class=\"row\">\n<div class=\"grid_4\">\n<p><a href=\"https:\/\/www.blechexpo-messe.de\/en\/\" target=\"_blank\" rel=\"noopener\"><img class=\"alignnone wp-image-23660 size-medium\" src=\"https:\/\/www.dimeco.com\/wp-content\/uploads\/2025\/09\/Blechexpo-2025.jpg\" alt=\"invitation \" width=\"300\" \/><\/a><\/p>\n<\/div>\n<div class=\"grid_5\">\nBLECHEXPO STUTTGART 2025<\/p>\n<p>Discover DIMECO\u2019s latest roll forming and punching technologies at BLECHEXPO Stuttgart.<br \/>\nFind us at our two stands:<br \/>\n    -Punching and roll forming -> Stand 3601, Hall 3<br \/>\n    -Press feeding, press accessories, tool and coil handling solutions -> Stand 6316, Hall 6<br \/>\nGet your free ticket here and meet our experts to discuss your projects!<\/p>\n<p><a href=\"https:\/\/www.schall-registrierung.de\/login.php?code=HDSKU-Q1DT4\" style=\"text-decoration:underline;\">Direct-Link for ticket registration<\/a><\/p>\n<p>QR-Code for ticket registration:<\/p>\n<p><img class=\"alignnone wp-image-23660 size-medium\" src=\"https:\/\/www.dimeco.com\/wp-content\/uploads\/2025\/09\/QR-Blechexpo.jpg\" alt=\"invitation \" width=\"95\" \/><\/p>\n<\/div>\n<\/div>\n<h2>FABTECH CHICAGO 2025<\/h2>\n<div class=\"row\">\n<div class=\"grid_4\">\n<p><a href=\"https:\/\/www.fabtechexpo.com\/\" target=\"_blank\" rel=\"noopener\"><img class=\"alignnone wp-image-23660 size-medium\" src=\"https:\/\/www.dimeco.com\/wp-content\/uploads\/2025\/06\/chicago-2025.jpg\" alt=\"invitation \" width=\"300\" \/><\/a><\/p>\n<\/div>\n<div class=\"grid_5\">\nDimeco estar\u00e1 presente de nuevo en la Fabtech de Chicago.<\/p>\n<p>Vis\u00edtanos en el stand : D37128<\/p>\n<p>Consigue tu entrada con nuestro c\u00f3digo: 17188322<\/p>\n<\/div>\n<\/div>\n<h2>FABTECH 2025 (M\u00c9XICO)<\/h2>\n<div class=\"row\">\n<div class=\"grid_4\">\n<p><a href=\"https:\/\/mexico.fabtechexpo.com\/es\" target=\"_blank\" rel=\"noopener\"><img class=\"alignnone wp-image-23660 size-medium\" src=\"https:\/\/www.dimeco.com\/wp-content\/uploads\/2025\/04\/FABTECH-2025.png\" alt=\"invitation \" width=\"300\" \/><\/a><\/p>\n<\/div>\n<div class=\"grid_5\">\nLa exposici\u00f3n m\u00e1s grande y completa en metalmec\u00e1nica de M\u00e9xico.<\/p>\n<p>No dudes en contactarnos si quieres cerrar una reuni\u00f3n <a href=\"mailto:dimeco@dimeco.es\">dimeco@dimeco.es<\/a><\/p>\n<p> 6 al 8 de mayo<\/p>\n<p>Cintermex, Monterrey (M\u00e9xico)<\/p>\n<p>Stand: 208<\/p>\n<\/div>\n<\/div>\n<h2>EUROBLECH 2024<\/h2>\n<div class=\"row\">\n<div class=\"grid_4\">\n<p><a href=\"https:\/\/www.euroblech.com\/\" target=\"_blank\" rel=\"noopener\"><img loading=\"lazy\" class=\"alignnone wp-image-23660 size-medium\" src=\"https:\/\/www.dimeco.com\/wp-content\/uploads\/2024\/09\/euroblech-2024.jpg\" alt=\"invitation \" width=\"300\" height=\"300\" \/><\/a><\/p>\n<\/div>\n<div class=\"grid_5\">\nEuroBLECH 2024, la mayor selecci\u00f3n mundial de tecnolog\u00edas de transformaci\u00f3n de la chapa en un solo lugar.<\/p>\n<p>No dudes en contactarnos si quieres cerrar una reuni\u00f3n <a href=\"mailto:dimeco@dimeco.es\">dimeco@dimeco.es<\/a><\/p>\n<p> 22 al 25 de octubre<\/p>\n<p> Hanover Fairground (Alemania)<\/p>\n<p>HALL: 27 Stand: K156<\/p>\n<\/div>\n<\/div>\n<h2>BIEMH Bilbao<\/h2>\n<div class=\"row\">\n<div class=\"grid_4\">\n<p><a href=\"https:\/\/biemh.bilbaoexhibitioncentre.com\/\" target=\"_blank\" rel=\"noopener\"><img loading=\"lazy\" class=\"alignnone wp-image-23660 size-medium\" src=\"https:\/\/www.dimeco.com\/wp-content\/uploads\/2024\/05\/biemh-2024.jpg\" alt=\"invitation \" width=\"300\" height=\"136\" \/><\/a><\/p>\n<\/div>\n<div class=\"grid_5\">\nDIMECO estar\u00e1 presente en la BIEMH 24. En esta ocasi\u00f3n, mostraremos en nuestro stand una perfiladora para la fabricaci\u00f3n de perfiles C y Z, espec\u00edficamente dise\u00f1ados para el sector solar. Todo nuestro equipo comercial est\u00e1 preparado para atender sus consultas y discutir nuevos proyectos.<br \/>\nLe invitamos a visitar el stand de DIMECO en el pabell\u00f3n 5 &#8211; D08.<\/p>\n<p>Nos vemos en la BIEMH!<br \/>\n<a style=\"text-decoration: underline;\" href=\"https:\/\/formularios.bec.eu\/ords\/r\/xxapex\/formularios\/formulario?p200_pf=256&amp;p200_pc=447&amp;p200_pi=E&amp;p200_p7=02288401_DIMECO_Rollforming\" target=\"_blank\" rel=\"noopener\">Acceso gratuito aqu\u00ed.<\/a><br \/>\n<\/div>\n<\/div>\n<h2>FABTECH Mexico<\/h2>\n<div class=\"row\">\n<div class=\"grid_4\">\n<p><a href=\"https:\/\/mexico.fabtechexpo.com\/\" target=\"_blank\" rel=\"noopener\"><img loading=\"lazy\" class=\"alignnone wp-image-23660 size-medium\" src=\"https:\/\/www.dimeco.com\/wp-content\/uploads\/2024\/04\/FABTECH-Mexico.png\" alt=\"invitation \" width=\"300\" height=\"136\" \/><\/a><\/p>\n<\/div>\n<div class=\"grid_5\">\n<p>FABTECH M\u00e9xico se celebrar\u00e1 del 7 al 9 de mayo en Monterrey, donde podr\u00e1s encontrar todo en un \u00fanico lugar: fabricantes de primera l\u00ednea, los \u00faltimos productos y avances de la industria, as\u00ed como herramientas para mejorar la productividad y aumentar tus beneficios.<\/p>\n<p><a style=\"text-decoration: underline;\" href=\"https:\/\/www.xpressreg.net\/register\/FABM0524\/start.asp?sc=1860\" target=\"_blank\" rel=\"noopener\">Registro para entrada gratuita aqu\u00ed.<\/a><\/p>\n<\/div>\n<\/div>\n<h2>MACH IN BIRMINGHAM<\/h2>\n<div class=\"row\">\n<div class=\"grid_4\">\n<p><a href=\"https:\/\/www.machexhibition.com\/\" target=\"_blank\" rel=\"noopener\"><img loading=\"lazy\" class=\"alignnone wp-image-23660 size-medium\" src=\"https:\/\/www.dimeco.com\/wp-content\/uploads\/2024\/04\/MACH-Birmingham-2024.png\" alt=\"invitation \" width=\"300\" height=\"136\" \/><\/a><\/p>\n<\/div>\n<div class=\"grid_5\">\n<p>We&#8217;ll be exhibiting at this major trade fair focusing on manufacturing technologies, organized by the <a style=\"text-decoration: underline;\" href=\"https:\/\/www.linkedin.com\/company\/manufacturing-technologies-association-mta-\/\" target=\"_blank\" rel=\"noopener\">Manufacturing Technologies Association (MTA)<\/a>.<\/p>\n<p>At our booth, shared with our partner <a style=\"text-decoration: underline;\" href=\"https:\/\/www.linkedin.com\/company\/press-form-machinery-ltd\/\" target=\"_blank\" rel=\"noopener\">Press-Form Machinery Ltd<\/a>, we&#8217;ll showcase the advantages of our manufacturing lines for achieving greater flexibility and agility in metal parts production.<\/p>\n<\/div>\n<\/div>\n<h2>FRANCE &#8211; GLOBAL INDUSTRIE 2024<\/h2>\n<div class=\"row\">\n<div class=\"grid_4\">\n<p><a href=\"https:\/\/globalindustrie2024.site.calypso-event.net\/en\/visitorat.htm\"><img loading=\"lazy\" class=\"alignnone wp-image-23660 size-medium\" src=\"https:\/\/www.dimeco.com\/wp-content\/uploads\/2024\/03\/Capture-GLOBAL-IND-300x136.jpg\" alt=\"invitation \" width=\"300\" height=\"136\" srcset=\"https:\/\/www.dimeco.com\/wp-content\/uploads\/2024\/03\/Capture-GLOBAL-IND-300x136.jpg 300w, https:\/\/www.dimeco.com\/wp-content\/uploads\/2024\/03\/Capture-GLOBAL-IND-768x349.jpg 768w, https:\/\/www.dimeco.com\/wp-content\/uploads\/2024\/03\/Capture-GLOBAL-IND-928x422.jpg 928w, https:\/\/www.dimeco.com\/wp-content\/uploads\/2024\/03\/Capture-GLOBAL-IND-266x120.jpg 266w, https:\/\/www.dimeco.com\/wp-content\/uploads\/2024\/03\/Capture-GLOBAL-IND.jpg 981w\" sizes=\"(max-width: 300px) 100vw, 300px\" \/><\/a><\/p>\n<\/div>\n<div class=\"grid_5\">\n<p> Paris Nord Villepinte<\/p>\n<p> From Monday March 25 to Thursday March 28, 2024<\/p>\n<p> Hall 6 \u2013 stand J77<\/p>\n<p>Address :\u00a0 GLOBAL INDUSTRIE, Paris, France<\/p>\n<p><a href=\"http:\/\/www.global-industrie.com\">www.global-industrie.com<\/a><\/p>\n<p><!-- x-tinymce\/html --><\/p>\n<\/div>\n<\/div>\n<p>&nbsp;<\/p>\n","protected":false},"excerpt":{"rendered":"<p>FABTECH 2026 (M\u00c9XICO) 33\u00aa BIEMH BLECHEXPO STUTTGART FABTECH CHICAGO 2025 FABTECH 2025 (M\u00c9XICO) EUROBLECH 2024 BIEMH Bilbao FABTECH Mexico MACH IN BIRMINGHAM FRANCE &#8211; GLOBAL INDUSTRIE 2024 &nbsp;<\/p>\n","protected":false},"author":1,"featured_media":0,"parent":0,"menu_order":0,"comment_status":"closed","ping_status":"closed","template":"page-normal.php","meta":{"extendify_custom_stylesheet":""},"acf":[],"yoast_head":"<!-- This site is optimized with the Yoast SEO plugin v19.3 - https:\/\/yoast.com\/wordpress\/plugins\/seo\/ -->\n<title>Exhibitions - Dimeco<\/title>\n<meta name=\"robots\" content=\"index, follow, max-snippet:-1, max-image-preview:large, max-video-preview:-1\" \/>\n<link rel=\"canonical\" href=\"https:\/\/www.dimeco.com\/es\/exhibitions\/\" \/>\n<meta property=\"og:locale\" content=\"es_ES\" \/>\n<meta property=\"og:type\" content=\"article\" \/>\n<meta property=\"og:title\" content=\"Exhibitions - Dimeco\" \/>\n<meta property=\"og:description\" content=\"FABTECH 2026 (M\u00c9XICO) 33\u00aa BIEMH BLECHEXPO STUTTGART FABTECH CHICAGO 2025 FABTECH 2025 (M\u00c9XICO) EUROBLECH 2024 BIEMH Bilbao FABTECH Mexico MACH IN BIRMINGHAM FRANCE &#8211; GLOBAL INDUSTRIE 2024 &nbsp;\" \/>\n<meta property=\"og:url\" content=\"https:\/\/www.dimeco.com\/es\/exhibitions\/\" \/>\n<meta property=\"og:site_name\" content=\"Dimeco\" \/>\n<meta property=\"article:modified_time\" content=\"2026-03-30T16:38:38+00:00\" \/>\n<meta property=\"og:image\" content=\"https:\/\/www.dimeco.com\/wp-content\/uploads\/2026\/03\/fabtech-2026.png\" \/>\n<meta name=\"twitter:card\" content=\"summary\" \/>\n<meta name=\"twitter:label1\" content=\"Tiempo de lectura\" \/>\n\t<meta name=\"twitter:data1\" content=\"5 minutos\" \/>\n<script type=\"application\/ld+json\" class=\"yoast-schema-graph\">{\"@context\":\"https:\/\/schema.org\",\"@graph\":[{\"@type\":\"WebSite\",\"@id\":\"https:\/\/www.dimeco.com\/es\/#website\",\"url\":\"https:\/\/www.dimeco.com\/es\/\",\"name\":\"Dimeco\",\"description\":\"FLEXIBLE SHEET METAL PUNCHING CUTTING &amp; FORMING PROCESSES\",\"potentialAction\":[{\"@type\":\"SearchAction\",\"target\":{\"@type\":\"EntryPoint\",\"urlTemplate\":\"https:\/\/www.dimeco.com\/es\/?s={search_term_string}\"},\"query-input\":\"required name=search_term_string\"}],\"inLanguage\":\"es\"},{\"@type\":\"ImageObject\",\"inLanguage\":\"es\",\"@id\":\"https:\/\/www.dimeco.com\/es\/exhibitions\/#primaryimage\",\"url\":\"https:\/\/www.dimeco.com\/wp-content\/uploads\/2026\/03\/fabtech-2026.png\",\"contentUrl\":\"https:\/\/www.dimeco.com\/wp-content\/uploads\/2026\/03\/fabtech-2026.png\",\"width\":959,\"height\":229},{\"@type\":\"WebPage\",\"@id\":\"https:\/\/www.dimeco.com\/es\/exhibitions\/\",\"url\":\"https:\/\/www.dimeco.com\/es\/exhibitions\/\",\"name\":\"Exhibitions - Dimeco\",\"isPartOf\":{\"@id\":\"https:\/\/www.dimeco.com\/es\/#website\"},\"primaryImageOfPage\":{\"@id\":\"https:\/\/www.dimeco.com\/es\/exhibitions\/#primaryimage\"},\"datePublished\":\"2017-02-10T11:23:16+00:00\",\"dateModified\":\"2026-03-30T16:38:38+00:00\",\"breadcrumb\":{\"@id\":\"https:\/\/www.dimeco.com\/es\/exhibitions\/#breadcrumb\"},\"inLanguage\":\"es\",\"potentialAction\":[{\"@type\":\"ReadAction\",\"target\":[\"https:\/\/www.dimeco.com\/es\/exhibitions\/\"]}]},{\"@type\":\"BreadcrumbList\",\"@id\":\"https:\/\/www.dimeco.com\/es\/exhibitions\/#breadcrumb\",\"itemListElement\":[{\"@type\":\"ListItem\",\"position\":1,\"name\":\"Home\",\"item\":\"https:\/\/www.dimeco.com\/es\/\"},{\"@type\":\"ListItem\",\"position\":2,\"name\":\"Exhibitions\"}]}]}<\/script>\n<!-- \/ Yoast SEO plugin. -->","yoast_head_json":{"title":"Exhibitions - Dimeco","robots":{"index":"index","follow":"follow","max-snippet":"max-snippet:-1","max-image-preview":"max-image-preview:large","max-video-preview":"max-video-preview:-1"},"canonical":"https:\/\/www.dimeco.com\/es\/exhibitions\/","og_locale":"es_ES","og_type":"article","og_title":"Exhibitions - Dimeco","og_description":"FABTECH 2026 (M\u00c9XICO) 33\u00aa BIEMH BLECHEXPO STUTTGART FABTECH CHICAGO 2025 FABTECH 2025 (M\u00c9XICO) EUROBLECH 2024 BIEMH Bilbao FABTECH Mexico MACH IN BIRMINGHAM FRANCE &#8211; GLOBAL INDUSTRIE 2024 &nbsp;","og_url":"https:\/\/www.dimeco.com\/es\/exhibitions\/","og_site_name":"Dimeco","article_modified_time":"2026-03-30T16:38:38+00:00","og_image":[{"url":"https:\/\/www.dimeco.com\/wp-content\/uploads\/2026\/03\/fabtech-2026.png"}],"twitter_card":"summary","twitter_misc":{"Tiempo de lectura":"5 minutos"},"schema":{"@context":"https:\/\/schema.org","@graph":[{"@type":"WebSite","@id":"https:\/\/www.dimeco.com\/es\/#website","url":"https:\/\/www.dimeco.com\/es\/","name":"Dimeco","description":"FLEXIBLE SHEET METAL PUNCHING CUTTING &amp; FORMING PROCESSES","potentialAction":[{"@type":"SearchAction","target":{"@type":"EntryPoint","urlTemplate":"https:\/\/www.dimeco.com\/es\/?s={search_term_string}"},"query-input":"required name=search_term_string"}],"inLanguage":"es"},{"@type":"ImageObject","inLanguage":"es","@id":"https:\/\/www.dimeco.com\/es\/exhibitions\/#primaryimage","url":"https:\/\/www.dimeco.com\/wp-content\/uploads\/2026\/03\/fabtech-2026.png","contentUrl":"https:\/\/www.dimeco.com\/wp-content\/uploads\/2026\/03\/fabtech-2026.png","width":959,"height":229},{"@type":"WebPage","@id":"https:\/\/www.dimeco.com\/es\/exhibitions\/","url":"https:\/\/www.dimeco.com\/es\/exhibitions\/","name":"Exhibitions - Dimeco","isPartOf":{"@id":"https:\/\/www.dimeco.com\/es\/#website"},"primaryImageOfPage":{"@id":"https:\/\/www.dimeco.com\/es\/exhibitions\/#primaryimage"},"datePublished":"2017-02-10T11:23:16+00:00","dateModified":"2026-03-30T16:38:38+00:00","breadcrumb":{"@id":"https:\/\/www.dimeco.com\/es\/exhibitions\/#breadcrumb"},"inLanguage":"es","potentialAction":[{"@type":"ReadAction","target":["https:\/\/www.dimeco.com\/es\/exhibitions\/"]}]},{"@type":"BreadcrumbList","@id":"https:\/\/www.dimeco.com\/es\/exhibitions\/#breadcrumb","itemListElement":[{"@type":"ListItem","position":1,"name":"Home","item":"https:\/\/www.dimeco.com\/es\/"},{"@type":"ListItem","position":2,"name":"Exhibitions"}]}]}},"_links":{"self":[{"href":"https:\/\/www.dimeco.com\/es\/wp-json\/wp\/v2\/pages\/4743\/"}],"collection":[{"href":"https:\/\/www.dimeco.com\/es\/wp-json\/wp\/v2\/pages\/"}],"about":[{"href":"https:\/\/www.dimeco.com\/es\/wp-json\/wp\/v2\/types\/page\/"}],"author":[{"embeddable":true,"href":"https:\/\/www.dimeco.com\/es\/wp-json\/wp\/v2\/users\/1\/"}],"replies":[{"embeddable":true,"href":"https:\/\/www.dimeco.com\/es\/wp-json\/wp\/v2\/comments\/?post=4743"}],"version-history":[{"count":5,"href":"https:\/\/www.dimeco.com\/es\/wp-json\/wp\/v2\/pages\/4743\/revisions\/"}],"predecessor-version":[{"id":24056,"href":"https:\/\/www.dimeco.com\/es\/wp-json\/wp\/v2\/pages\/4743\/revisions\/24056\/"}],"wp:attachment":[{"href":"https:\/\/www.dimeco.com\/es\/wp-json\/wp\/v2\/media\/?parent=4743"}],"curies":[{"name":"wp","href":"https:\/\/api.w.org\/{rel}","templated":true}]}}