{"id":43,"date":"2015-02-05T16:03:07","date_gmt":"2015-02-05T16:03:07","guid":{"rendered":"http:\/\/www.dimeco.com\/?page_id=43"},"modified":"2016-09-28T11:03:18","modified_gmt":"2016-09-28T11:03:18","slug":"aviso-legal","status":"publish","type":"page","link":"https:\/\/www.dimeco.com\/es\/aviso-legal\/","title":{"rendered":"Aviso legal"},"content":{"rendered":"<p>Dimeco &#8211; Dise\u00f1o, Mec\u00e1nica y Construcci\u00f3n S.A., registrada en el Registro Mercantil de Guip\u00fazcoa el 11 de Mayo de 1987, con el n\u00famero 962 y entrada 1031 y con CIF: A-20152336.<\/p>\n<p>La Web de Dimeco &#8211; Dise\u00f1o, Mec\u00e1nica y Construcci\u00f3n S.A. tiene como finalidad dar a conocer sus productos y servicios, y poner a disposici\u00f3n de los usuarios de Internet informaci\u00f3n de contacto para establecer una relaci\u00f3n informativa con Dimeco &#8211; Dise\u00f1o, Mec\u00e1nica y Construcci\u00f3n S.A.<\/p>\n<p>Dimeco &#8211; Dise\u00f1o, Mec\u00e1nica y Construcci\u00f3n S.A. es el titular de los derechos de propiedad intelectual sobre las im\u00e1genes, logotipos, textos y dise\u00f1os o de cualquier otro contenido o elemento de esta Web. En caso de no ser el titular, Dimeco &#8211; Dise\u00f1o, Mec\u00e1nica y Construcci\u00f3n S.A. dispone de los permisos necesarios para la utilizaci\u00f3n de los mismos. Queda prohibida su reproducci\u00f3n, distribuci\u00f3n, comercializaci\u00f3n, transformaci\u00f3n de cualquier tipo sin consentimiento por escrito por parte de los responsables de Dimeco &#8211; Dise\u00f1o, Mec\u00e1nica y Construcci\u00f3n S.A.<\/p>\n<p>Dimeco &#8211; Dise\u00f1o, Mec\u00e1nica y Construcci\u00f3n S.A. rechaza la responsabilidad que se derive de la mala utilizaci\u00f3n de los contenidos y se reserva el derecho a realizar las modificaciones (eliminaci\u00f3n o restricci\u00f3n total o parcial) de contenidos que crea oportunas sin previo aviso.<\/p>\n<p>Dimeco &#8211; Dise\u00f1o, Mec\u00e1nica y Construcci\u00f3n S.A. no se responsabiliza de los contenidos que se ofrecen mediante enlaces a p\u00e1ginas de terceros o cualquier referencia externa a otro sitio de informaci\u00f3n. Son referencias meramente informativas.<\/p>\n<p>Dimeco &#8211; Dise\u00f1o, Mec\u00e1nica y Construcci\u00f3n S.A. no se responsabiliza de cualquier consecuencia directa o indirecta que pueda ocasionar la exactitud de los contenidos publicados en la Web.<\/p>\n<p>Dimeco &#8211; Dise\u00f1o, Mec\u00e1nica y Construcci\u00f3n S.A. garantiza que todos los datos contenidos en el cuestionario ser\u00e1n utilizados de la forma y con las limitaciones y derechos que concede la Ley Org\u00e1nica 15\/99, del 13 de Diciembre, de Protecci\u00f3n de Datos de Car\u00e1cter Personal (LOPD).<\/p>\n<p>El usuario podr\u00e1 ejercer los derechos de acceso, cancelaci\u00f3n, rectificaci\u00f3n y oposici\u00f3n que expresamente reconoce la L.O.P.D.<\/p>\n<p>Para el ejercicio de estos derechos, el usuario deber\u00e1 dirigir una comunicaci\u00f3n escrita a Dimeco &#8211; Dise\u00f1o, Mec\u00e1nica y Construcci\u00f3n S.A., Ara\u00f1aburu 4, Pol\u00edgono Lanbarren, 20180 Oiartzun (Guip\u00fazcoa) (Espa\u00f1a), con los siguientes datos: nombre y apellidos, domicilio a efectos de notificaciones, petici\u00f3n en que se concreta la solicitud, fecha y firma del interesado.<\/p>\n<h2>Cookies<\/h2>\n<p>Una cookie (o galleta inform\u00e1tica) es una peque\u00f1a informaci\u00f3n enviada por un sitio web y almacenada en el navegador del usuario, de manera que el sitio web puede consultar la actividad previa del usuario.<\/p>\n<p>El sitio dimeco.es utiliza las siguientes cookies:<\/p>\n<p>__utmba__utmb, __utmc, __utmz: cookies generadas por el servicio de estad\u00edsticas de Google Analytics. Recaban informaci\u00f3n an\u00f3nima del visitante, para el an\u00e1lisis estad\u00edstico de visitas del sitio.<\/p>\n<p>PREF, VISITOR_INFO1_LIVE, YSC: cookies generadas por le reproductor incrustado de Youtube, para la visualizaci\u00f3n de v\u00eddeos. Son cookies gestionadas por youtube.<\/p>\n<p>En caso de que usted no desee que usen estas cookies, puede configurar su navegador para rechazarlas:<\/p>\n<p>Internet Explorer: Herramientas -&gt; Opciones de Internet -&gt; Privacidad -&gt; Configuraci\u00f3n.<br \/>\nFirefox: Herramientas -&gt; Opciones -&gt; Privacidad -&gt; Historial -&gt; Configuraci\u00f3n Personalizada.<br \/>\nChrome: Configuraci\u00f3n -&gt; Mostrar opciones avanzadas -&gt; Privacidad -&gt; Configuraci\u00f3n de contenido.<br \/>\nSafari: Preferencias -&gt; Seguridad.<\/p>\n","protected":false},"excerpt":{"rendered":"<p>Dimeco &#8211; Dise\u00f1o, Mec\u00e1nica y Construcci\u00f3n S.A., registrada en el Registro Mercantil de Guip\u00fazcoa el 11 de Mayo de 1987, con el n\u00famero 962 y entrada 1031 y con CIF: A-20152336. La Web de Dimeco &#8211; Dise\u00f1o, Mec\u00e1nica y Construcci\u00f3n S.A. tiene como finalidad dar a conocer sus productos y servicios, y poner a disposici\u00f3n [&hellip;]<\/p>\n","protected":false},"author":1,"featured_media":0,"parent":0,"menu_order":0,"comment_status":"closed","ping_status":"open","template":"page-normal.php","meta":{"extendify_custom_stylesheet":""},"acf":[],"yoast_head":"<!-- This site is optimized with the Yoast SEO plugin v19.3 - https:\/\/yoast.com\/wordpress\/plugins\/seo\/ -->\n<title>Aviso legal - Dimeco<\/title>\n<meta name=\"robots\" content=\"index, follow, max-snippet:-1, max-image-preview:large, max-video-preview:-1\" \/>\n<link rel=\"canonical\" href=\"https:\/\/www.dimeco.com\/es\/aviso-legal\/\" \/>\n<meta property=\"og:locale\" content=\"es_ES\" \/>\n<meta property=\"og:type\" content=\"article\" \/>\n<meta property=\"og:title\" content=\"Aviso legal - Dimeco\" \/>\n<meta property=\"og:description\" content=\"Dimeco &#8211; Dise\u00f1o, Mec\u00e1nica y Construcci\u00f3n S.A., registrada en el Registro Mercantil de Guip\u00fazcoa el 11 de Mayo de 1987, con el n\u00famero 962 y entrada 1031 y con CIF: A-20152336. La Web de Dimeco &#8211; Dise\u00f1o, Mec\u00e1nica y Construcci\u00f3n S.A. tiene como finalidad dar a conocer sus productos y servicios, y poner a disposici\u00f3n [&hellip;]\" \/>\n<meta property=\"og:url\" content=\"https:\/\/www.dimeco.com\/es\/aviso-legal\/\" \/>\n<meta property=\"og:site_name\" content=\"Dimeco\" \/>\n<meta property=\"article:modified_time\" content=\"2016-09-28T11:03:18+00:00\" \/>\n<meta name=\"twitter:card\" content=\"summary\" \/>\n<meta name=\"twitter:label1\" content=\"Tiempo de lectura\" \/>\n\t<meta name=\"twitter:data1\" content=\"3 minutos\" \/>\n<script type=\"application\/ld+json\" class=\"yoast-schema-graph\">{\"@context\":\"https:\/\/schema.org\",\"@graph\":[{\"@type\":\"WebSite\",\"@id\":\"https:\/\/www.dimeco.com\/es\/#website\",\"url\":\"https:\/\/www.dimeco.com\/es\/\",\"name\":\"Dimeco\",\"description\":\"FLEXIBLE SHEET METAL PUNCHING CUTTING &amp; FORMING PROCESSES\",\"potentialAction\":[{\"@type\":\"SearchAction\",\"target\":{\"@type\":\"EntryPoint\",\"urlTemplate\":\"https:\/\/www.dimeco.com\/es\/?s={search_term_string}\"},\"query-input\":\"required name=search_term_string\"}],\"inLanguage\":\"es\"},{\"@type\":\"WebPage\",\"@id\":\"https:\/\/www.dimeco.com\/es\/aviso-legal\/\",\"url\":\"https:\/\/www.dimeco.com\/es\/aviso-legal\/\",\"name\":\"Aviso legal - Dimeco\",\"isPartOf\":{\"@id\":\"https:\/\/www.dimeco.com\/es\/#website\"},\"datePublished\":\"2015-02-05T16:03:07+00:00\",\"dateModified\":\"2016-09-28T11:03:18+00:00\",\"breadcrumb\":{\"@id\":\"https:\/\/www.dimeco.com\/es\/aviso-legal\/#breadcrumb\"},\"inLanguage\":\"es\",\"potentialAction\":[{\"@type\":\"ReadAction\",\"target\":[\"https:\/\/www.dimeco.com\/es\/aviso-legal\/\"]}]},{\"@type\":\"BreadcrumbList\",\"@id\":\"https:\/\/www.dimeco.com\/es\/aviso-legal\/#breadcrumb\",\"itemListElement\":[{\"@type\":\"ListItem\",\"position\":1,\"name\":\"Home\",\"item\":\"https:\/\/www.dimeco.com\/es\/\"},{\"@type\":\"ListItem\",\"position\":2,\"name\":\"Aviso legal\"}]}]}<\/script>\n<!-- \/ Yoast SEO plugin. -->","yoast_head_json":{"title":"Aviso legal - Dimeco","robots":{"index":"index","follow":"follow","max-snippet":"max-snippet:-1","max-image-preview":"max-image-preview:large","max-video-preview":"max-video-preview:-1"},"canonical":"https:\/\/www.dimeco.com\/es\/aviso-legal\/","og_locale":"es_ES","og_type":"article","og_title":"Aviso legal - Dimeco","og_description":"Dimeco &#8211; Dise\u00f1o, Mec\u00e1nica y Construcci\u00f3n S.A., registrada en el Registro Mercantil de Guip\u00fazcoa el 11 de Mayo de 1987, con el n\u00famero 962 y entrada 1031 y con CIF: A-20152336. La Web de Dimeco &#8211; Dise\u00f1o, Mec\u00e1nica y Construcci\u00f3n S.A. tiene como finalidad dar a conocer sus productos y servicios, y poner a disposici\u00f3n [&hellip;]","og_url":"https:\/\/www.dimeco.com\/es\/aviso-legal\/","og_site_name":"Dimeco","article_modified_time":"2016-09-28T11:03:18+00:00","twitter_card":"summary","twitter_misc":{"Tiempo de lectura":"3 minutos"},"schema":{"@context":"https:\/\/schema.org","@graph":[{"@type":"WebSite","@id":"https:\/\/www.dimeco.com\/es\/#website","url":"https:\/\/www.dimeco.com\/es\/","name":"Dimeco","description":"FLEXIBLE SHEET METAL PUNCHING CUTTING &amp; FORMING PROCESSES","potentialAction":[{"@type":"SearchAction","target":{"@type":"EntryPoint","urlTemplate":"https:\/\/www.dimeco.com\/es\/?s={search_term_string}"},"query-input":"required name=search_term_string"}],"inLanguage":"es"},{"@type":"WebPage","@id":"https:\/\/www.dimeco.com\/es\/aviso-legal\/","url":"https:\/\/www.dimeco.com\/es\/aviso-legal\/","name":"Aviso legal - Dimeco","isPartOf":{"@id":"https:\/\/www.dimeco.com\/es\/#website"},"datePublished":"2015-02-05T16:03:07+00:00","dateModified":"2016-09-28T11:03:18+00:00","breadcrumb":{"@id":"https:\/\/www.dimeco.com\/es\/aviso-legal\/#breadcrumb"},"inLanguage":"es","potentialAction":[{"@type":"ReadAction","target":["https:\/\/www.dimeco.com\/es\/aviso-legal\/"]}]},{"@type":"BreadcrumbList","@id":"https:\/\/www.dimeco.com\/es\/aviso-legal\/#breadcrumb","itemListElement":[{"@type":"ListItem","position":1,"name":"Home","item":"https:\/\/www.dimeco.com\/es\/"},{"@type":"ListItem","position":2,"name":"Aviso legal"}]}]}},"_links":{"self":[{"href":"https:\/\/www.dimeco.com\/es\/wp-json\/wp\/v2\/pages\/43\/"}],"collection":[{"href":"https:\/\/www.dimeco.com\/es\/wp-json\/wp\/v2\/pages\/"}],"about":[{"href":"https:\/\/www.dimeco.com\/es\/wp-json\/wp\/v2\/types\/page\/"}],"author":[{"embeddable":true,"href":"https:\/\/www.dimeco.com\/es\/wp-json\/wp\/v2\/users\/1\/"}],"replies":[{"embeddable":true,"href":"https:\/\/www.dimeco.com\/es\/wp-json\/wp\/v2\/comments\/?post=43"}],"version-history":[{"count":0,"href":"https:\/\/www.dimeco.com\/es\/wp-json\/wp\/v2\/pages\/43\/revisions\/"}],"wp:attachment":[{"href":"https:\/\/www.dimeco.com\/es\/wp-json\/wp\/v2\/media\/?parent=43"}],"curies":[{"name":"wp","href":"https:\/\/api.w.org\/{rel}","templated":true}]}}