{"id":33,"date":"2015-02-05T16:01:33","date_gmt":"2015-02-05T16:01:33","guid":{"rendered":"http:\/\/www.dimeco.com\/?page_id=33"},"modified":"2017-03-21T15:05:39","modified_gmt":"2017-03-21T15:05:39","slug":"la-empresa","status":"publish","type":"page","link":"https:\/\/www.dimeco.com\/es\/la-empresa\/","title":{"rendered":"La empresa"},"content":{"rendered":"<p>Empresa familiar, fundada en 1957, DIMECO ha llegado a ser uno de los l\u00edderes mundiales para el suministro de sistemas de producci\u00f3n, a partir de chapa en bobinas.<br \/>\nDesde sus comienzos, su fundador, Georges Jeanney, pronto comprendi\u00f3 que el mercado era global, lo que llev\u00f3 a nuestra actual 75% de exportaci\u00f3n.<br \/>\nEl r\u00e1pido crecimiento de los trabajos partiendo de bobina justific\u00f3 en 1962 la construcci\u00f3n de una f\u00e1brica en los alrededores de Besan\u00e7on, capital francesa del corte de chapa.<br \/>\nHoy d\u00eda, se ha convertido en una f\u00e1brica moderna, con una superficie de 8000 m2, organizada seg\u00fan los principios del \u201clean engineering\u201d, con el objeto de que cada uno de sus integrantes altamente cualificados pueda dar lo mejor de s\u00ed.<br \/>\nAportamos nuestro granito de arena al desarrollo sostenible y hemos cubierto el tejado de la f\u00e1brica con paneles fotovoltaicos, produciendo m\u00e1s 110.000 kW cada a\u00f1o.<br \/>\nTras la desaparici\u00f3n de Georges Jeanney, su hija Christinne tom\u00f3 las riendas del grupo, dando un nuevo impulso para continuar con el desarrollo internacional.<\/p>\n<h2>\u00a0M\u00e1s de 150 personas en 3 localizaciones<\/h2>\n<div class=\"row\">\n<div class=\"grid_4\">\n<ul>\n<li>Besan\u00e7on, Francia: 100 personas; 8000 m2<\/li>\n<li>Oiartzun, Espa\u00f1a: 40 personas; 5000 m2<\/li>\n<li>Pune, India: 8 personas; 1000 m2<\/li>\n<\/ul>\n<\/div>\n<div class=\"grid_4\">\n<div id=\"metaslider-id-1289\" style=\"width: 100%; margin: 0 auto;\" class=\"ml-slider-3-27-7 metaslider metaslider-flex metaslider-1289 ml-slider ml-slider-lightbox-1-12-0 responsive-lightbox-gallery-2-4-1 nav-hidden\">\n    <div id=\"metaslider_container_1289\">\n        <div id=\"metaslider_1289\">\n            <ul aria-live=\"polite\" class=\"slides\">\n                <li style=\"display: block; width: 100%;\" class=\"slide-1299 ms-image\"><a href=\"https:\/\/www.dimeco.com\/wp-content\/uploads\/2015\/10\/Dimeco-LANBARREN.jpg\" target=\"_self\" rel=\"lightbox[1289]\" data-rel=\"lightbox-image-0\" data-magnific_type=\"image\" data-rl_title=\"\" data-rl_caption=\"\"><img width=\"960\" height=\"740\" src=\"https:\/\/www.dimeco.com\/wp-content\/uploads\/2015\/10\/Dimeco-LANBARREN.jpg\" class=\"slider-1289 slide-1299\" alt=\"\" loading=\"lazy\" rel=\"\" title=\"\" style=\"margin: 0 auto; width: 82.982769549934%\" srcset=\"https:\/\/www.dimeco.com\/wp-content\/uploads\/2015\/10\/Dimeco-LANBARREN.jpg 960w, https:\/\/www.dimeco.com\/wp-content\/uploads\/2015\/10\/Dimeco-LANBARREN-300x231.jpg 300w, https:\/\/www.dimeco.com\/wp-content\/uploads\/2015\/10\/Dimeco-LANBARREN-928x715.jpg 928w\" sizes=\"(max-width: 960px) 100vw, 960px\" \/><\/a><\/li>\n                <li style=\"display: none; width: 100%;\" class=\"slide-1297 ms-image\"><a href=\"https:\/\/www.dimeco.com\/wp-content\/uploads\/2015\/10\/Batiment-Dimeco-Pirey.jpg\" target=\"_self\" rel=\"lightbox[1289]\" data-rel=\"lightbox-image-1\" data-magnific_type=\"image\" data-rl_title=\"\" data-rl_caption=\"\"><img width=\"960\" height=\"545\" src=\"https:\/\/www.dimeco.com\/wp-content\/uploads\/2015\/10\/Batiment-Dimeco-Pirey.jpg\" class=\"slider-1289 slide-1297\" alt=\"\" loading=\"lazy\" rel=\"\" title=\"\" style=\"margin-top: 3.597525764037%\" srcset=\"https:\/\/www.dimeco.com\/wp-content\/uploads\/2015\/10\/Batiment-Dimeco-Pirey.jpg 960w, https:\/\/www.dimeco.com\/wp-content\/uploads\/2015\/10\/Batiment-Dimeco-Pirey-300x170.jpg 300w, https:\/\/www.dimeco.com\/wp-content\/uploads\/2015\/10\/Batiment-Dimeco-Pirey-928x527.jpg 928w\" sizes=\"(max-width: 960px) 100vw, 960px\" \/><\/a><\/li>\n                <li style=\"display: none; width: 100%;\" class=\"slide-1300 ms-image\"><a href=\"https:\/\/www.dimeco.com\/wp-content\/uploads\/2015\/10\/Locaux-Kirpekar.jpg\" target=\"_self\" rel=\"lightbox[1289]\" data-rel=\"lightbox-image-2\" data-magnific_type=\"image\" data-rl_title=\"\" data-rl_caption=\"\"><img width=\"960\" height=\"699\" src=\"https:\/\/www.dimeco.com\/wp-content\/uploads\/2015\/10\/Locaux-Kirpekar.jpg\" class=\"slider-1289 slide-1300\" alt=\"\" loading=\"lazy\" rel=\"\" title=\"\" style=\"margin: 0 auto; width: 87.850142298928%\" srcset=\"https:\/\/www.dimeco.com\/wp-content\/uploads\/2015\/10\/Locaux-Kirpekar.jpg 960w, https:\/\/www.dimeco.com\/wp-content\/uploads\/2015\/10\/Locaux-Kirpekar-300x218.jpg 300w, https:\/\/www.dimeco.com\/wp-content\/uploads\/2015\/10\/Locaux-Kirpekar-928x676.jpg 928w\" sizes=\"(max-width: 960px) 100vw, 960px\" \/><\/a><\/li>\n                <li style=\"display: none; width: 100%;\" class=\"slide-6586 ms-image\"><a href=\"https:\/\/www.dimeco.com\/wp-content\/uploads\/2018\/01\/20180104_091005.jpg\" target=\"_self\" rel=\"lightbox[1289]\" data-rel=\"lightbox-image-3\" data-magnific_type=\"image\" data-rl_title=\"\" data-rl_caption=\"\"><img width=\"1600\" height=\"960\" src=\"https:\/\/www.dimeco.com\/wp-content\/uploads\/2018\/01\/20180104_091005.jpg\" class=\"slider-1289 slide-6586\" alt=\"\" loading=\"lazy\" rel=\"\" title=\"\" style=\"margin-top: 1.9829424307036%\" srcset=\"https:\/\/www.dimeco.com\/wp-content\/uploads\/2018\/01\/20180104_091005.jpg 1600w, https:\/\/www.dimeco.com\/wp-content\/uploads\/2018\/01\/20180104_091005-300x180.jpg 300w, https:\/\/www.dimeco.com\/wp-content\/uploads\/2018\/01\/20180104_091005-768x461.jpg 768w, https:\/\/www.dimeco.com\/wp-content\/uploads\/2018\/01\/20180104_091005-1024x614.jpg 1024w, https:\/\/www.dimeco.com\/wp-content\/uploads\/2018\/01\/20180104_091005-928x557.jpg 928w\" sizes=\"(max-width: 1600px) 100vw, 1600px\" \/><\/a><\/li>\n            <\/ul>\n        <\/div>\n        \n    <\/div>\n<\/div>\n<\/div>\n<\/div>\n<div class=\"row\">\n<div class=\"grid_4\">\n<p><a href=\"http:\/\/www.dimeco.com\/wp-content\/uploads\/2015\/11\/41.jpg\" data-rel=\"lightbox-image-4\" data-magnific_type=\"image\" data-rl_title=\"\" data-rl_caption=\"\" title=\"\"><img loading=\"lazy\" class=\"alignnone size-medium wp-image-1339\" src=\"http:\/\/www.dimeco.com\/wp-content\/uploads\/2015\/11\/41-300x188.jpg\" alt=\"Dimeco Pirey photovoltaic roof\" width=\"300\" height=\"188\" srcset=\"https:\/\/www.dimeco.com\/wp-content\/uploads\/2015\/11\/41-300x188.jpg 300w, https:\/\/www.dimeco.com\/wp-content\/uploads\/2015\/11\/41-928x582.jpg 928w, https:\/\/www.dimeco.com\/wp-content\/uploads\/2015\/11\/41.jpg 960w\" sizes=\"(max-width: 300px) 100vw, 300px\" \/><\/a><\/p>\n<p>&nbsp;<\/p>\n<\/div>\n<div class=\"grid_4\">\n<p><a href=\"http:\/\/www.dimeco.com\/wp-content\/uploads\/2015\/10\/Routine2.jpg\" data-rel=\"lightbox-image-5\" data-magnific_type=\"image\" data-rl_title=\"\" data-rl_caption=\"\" title=\"\"><img loading=\"lazy\" class=\"alignnone size-medium wp-image-1295\" src=\"http:\/\/www.dimeco.com\/wp-content\/uploads\/2015\/10\/Routine2-300x188.jpg\" alt=\"Lean engineering\" width=\"300\" height=\"188\" srcset=\"https:\/\/www.dimeco.com\/wp-content\/uploads\/2015\/10\/Routine2-300x188.jpg 300w, https:\/\/www.dimeco.com\/wp-content\/uploads\/2015\/10\/Routine2-928x583.jpg 928w, https:\/\/www.dimeco.com\/wp-content\/uploads\/2015\/10\/Routine2.jpg 960w\" sizes=\"(max-width: 300px) 100vw, 300px\" \/><\/a><\/p>\n<p>&nbsp;<\/p>\n<\/div>\n<\/div>\n<h2>Unas palabras de nuestra Presidenta<\/h2>\n<p>Mi objetivo es un aumento significativo de nuestra cifra de facturaci\u00f3n y de nuestra presencia en el mercado.<br \/>\nPara ello, revitalizamos la red existente, dando con nuevos colaboradores y finalizando la creaci\u00f3n de nuestra filial estadounidense DIMECO Technologies Inc. Esta progresi\u00f3n incluye, por supuesto, la puesta en marcha de soluciones de servicio en el mundo entero.<\/p>\n<p>Esta estrategia no puede estar basada m\u00e1s que en la satisfacci\u00f3n del cliente. Por esta raz\u00f3n, nuestros esfuerzos van dirigidos a una mejora constante de la calidad de nuestros equipos y del servicio al cliente.<\/p>\n<p>La ventaja de una empresa familiar como DIMECO es la posibilidad de poner en marcha toda una estrategia a largo plazo, sin interrupciones debidas a las fluctuaciones de los mercados y de las finanzas mundiales.<\/p>\n<p><strong>Christine Jeanney<\/strong><\/p>\n","protected":false},"excerpt":{"rendered":"<p>Empresa familiar, fundada en 1957, DIMECO ha llegado a ser uno de los l\u00edderes mundiales para el suministro de sistemas de producci\u00f3n, a partir de chapa en bobinas. Desde sus comienzos, su fundador, Georges Jeanney, pronto comprendi\u00f3 que el mercado era global, lo que llev\u00f3 a nuestra actual 75% de exportaci\u00f3n. El r\u00e1pido crecimiento de [&hellip;]<\/p>\n","protected":false},"author":1,"featured_media":0,"parent":0,"menu_order":0,"comment_status":"closed","ping_status":"open","template":"page-normal.php","meta":{"extendify_custom_stylesheet":""},"acf":[],"yoast_head":"<!-- This site is optimized with the Yoast SEO plugin v19.3 - https:\/\/yoast.com\/wordpress\/plugins\/seo\/ -->\n<title>La empresa - Dimeco<\/title>\n<meta name=\"robots\" content=\"index, follow, max-snippet:-1, max-image-preview:large, max-video-preview:-1\" \/>\n<link rel=\"canonical\" href=\"https:\/\/www.dimeco.com\/es\/la-empresa\/\" \/>\n<meta property=\"og:locale\" content=\"es_ES\" \/>\n<meta property=\"og:type\" content=\"article\" \/>\n<meta property=\"og:title\" content=\"La empresa - Dimeco\" \/>\n<meta property=\"og:description\" content=\"Empresa familiar, fundada en 1957, DIMECO ha llegado a ser uno de los l\u00edderes mundiales para el suministro de sistemas de producci\u00f3n, a partir de chapa en bobinas. Desde sus comienzos, su fundador, Georges Jeanney, pronto comprendi\u00f3 que el mercado era global, lo que llev\u00f3 a nuestra actual 75% de exportaci\u00f3n. El r\u00e1pido crecimiento de [&hellip;]\" \/>\n<meta property=\"og:url\" content=\"https:\/\/www.dimeco.com\/es\/la-empresa\/\" \/>\n<meta property=\"og:site_name\" content=\"Dimeco\" \/>\n<meta property=\"article:modified_time\" content=\"2017-03-21T15:05:39+00:00\" \/>\n<meta property=\"og:image\" content=\"http:\/\/www.dimeco.com\/wp-content\/uploads\/2015\/11\/41-300x188.jpg\" \/>\n<meta name=\"twitter:card\" content=\"summary\" \/>\n<meta name=\"twitter:label1\" content=\"Tiempo de lectura\" \/>\n\t<meta name=\"twitter:data1\" content=\"2 minutos\" \/>\n<script type=\"application\/ld+json\" class=\"yoast-schema-graph\">{\"@context\":\"https:\/\/schema.org\",\"@graph\":[{\"@type\":\"WebSite\",\"@id\":\"https:\/\/www.dimeco.com\/es\/#website\",\"url\":\"https:\/\/www.dimeco.com\/es\/\",\"name\":\"Dimeco\",\"description\":\"FLEXIBLE SHEET METAL PUNCHING CUTTING &amp; FORMING PROCESSES\",\"potentialAction\":[{\"@type\":\"SearchAction\",\"target\":{\"@type\":\"EntryPoint\",\"urlTemplate\":\"https:\/\/www.dimeco.com\/es\/?s={search_term_string}\"},\"query-input\":\"required name=search_term_string\"}],\"inLanguage\":\"es\"},{\"@type\":\"ImageObject\",\"inLanguage\":\"es\",\"@id\":\"https:\/\/www.dimeco.com\/es\/la-empresa\/#primaryimage\",\"url\":\"http:\/\/www.dimeco.com\/wp-content\/uploads\/2015\/11\/41-300x188.jpg\",\"contentUrl\":\"http:\/\/www.dimeco.com\/wp-content\/uploads\/2015\/11\/41-300x188.jpg\"},{\"@type\":\"WebPage\",\"@id\":\"https:\/\/www.dimeco.com\/es\/la-empresa\/\",\"url\":\"https:\/\/www.dimeco.com\/es\/la-empresa\/\",\"name\":\"La empresa - Dimeco\",\"isPartOf\":{\"@id\":\"https:\/\/www.dimeco.com\/es\/#website\"},\"primaryImageOfPage\":{\"@id\":\"https:\/\/www.dimeco.com\/es\/la-empresa\/#primaryimage\"},\"datePublished\":\"2015-02-05T16:01:33+00:00\",\"dateModified\":\"2017-03-21T15:05:39+00:00\",\"breadcrumb\":{\"@id\":\"https:\/\/www.dimeco.com\/es\/la-empresa\/#breadcrumb\"},\"inLanguage\":\"es\",\"potentialAction\":[{\"@type\":\"ReadAction\",\"target\":[\"https:\/\/www.dimeco.com\/es\/la-empresa\/\"]}]},{\"@type\":\"BreadcrumbList\",\"@id\":\"https:\/\/www.dimeco.com\/es\/la-empresa\/#breadcrumb\",\"itemListElement\":[{\"@type\":\"ListItem\",\"position\":1,\"name\":\"Home\",\"item\":\"https:\/\/www.dimeco.com\/es\/\"},{\"@type\":\"ListItem\",\"position\":2,\"name\":\"La empresa\"}]}]}<\/script>\n<!-- \/ Yoast SEO plugin. -->","yoast_head_json":{"title":"La empresa - Dimeco","robots":{"index":"index","follow":"follow","max-snippet":"max-snippet:-1","max-image-preview":"max-image-preview:large","max-video-preview":"max-video-preview:-1"},"canonical":"https:\/\/www.dimeco.com\/es\/la-empresa\/","og_locale":"es_ES","og_type":"article","og_title":"La empresa - Dimeco","og_description":"Empresa familiar, fundada en 1957, DIMECO ha llegado a ser uno de los l\u00edderes mundiales para el suministro de sistemas de producci\u00f3n, a partir de chapa en bobinas. Desde sus comienzos, su fundador, Georges Jeanney, pronto comprendi\u00f3 que el mercado era global, lo que llev\u00f3 a nuestra actual 75% de exportaci\u00f3n. El r\u00e1pido crecimiento de [&hellip;]","og_url":"https:\/\/www.dimeco.com\/es\/la-empresa\/","og_site_name":"Dimeco","article_modified_time":"2017-03-21T15:05:39+00:00","og_image":[{"url":"http:\/\/www.dimeco.com\/wp-content\/uploads\/2015\/11\/41-300x188.jpg"}],"twitter_card":"summary","twitter_misc":{"Tiempo de lectura":"2 minutos"},"schema":{"@context":"https:\/\/schema.org","@graph":[{"@type":"WebSite","@id":"https:\/\/www.dimeco.com\/es\/#website","url":"https:\/\/www.dimeco.com\/es\/","name":"Dimeco","description":"FLEXIBLE SHEET METAL PUNCHING CUTTING &amp; FORMING PROCESSES","potentialAction":[{"@type":"SearchAction","target":{"@type":"EntryPoint","urlTemplate":"https:\/\/www.dimeco.com\/es\/?s={search_term_string}"},"query-input":"required name=search_term_string"}],"inLanguage":"es"},{"@type":"ImageObject","inLanguage":"es","@id":"https:\/\/www.dimeco.com\/es\/la-empresa\/#primaryimage","url":"http:\/\/www.dimeco.com\/wp-content\/uploads\/2015\/11\/41-300x188.jpg","contentUrl":"http:\/\/www.dimeco.com\/wp-content\/uploads\/2015\/11\/41-300x188.jpg"},{"@type":"WebPage","@id":"https:\/\/www.dimeco.com\/es\/la-empresa\/","url":"https:\/\/www.dimeco.com\/es\/la-empresa\/","name":"La empresa - Dimeco","isPartOf":{"@id":"https:\/\/www.dimeco.com\/es\/#website"},"primaryImageOfPage":{"@id":"https:\/\/www.dimeco.com\/es\/la-empresa\/#primaryimage"},"datePublished":"2015-02-05T16:01:33+00:00","dateModified":"2017-03-21T15:05:39+00:00","breadcrumb":{"@id":"https:\/\/www.dimeco.com\/es\/la-empresa\/#breadcrumb"},"inLanguage":"es","potentialAction":[{"@type":"ReadAction","target":["https:\/\/www.dimeco.com\/es\/la-empresa\/"]}]},{"@type":"BreadcrumbList","@id":"https:\/\/www.dimeco.com\/es\/la-empresa\/#breadcrumb","itemListElement":[{"@type":"ListItem","position":1,"name":"Home","item":"https:\/\/www.dimeco.com\/es\/"},{"@type":"ListItem","position":2,"name":"La empresa"}]}]}},"_links":{"self":[{"href":"https:\/\/www.dimeco.com\/es\/wp-json\/wp\/v2\/pages\/33\/"}],"collection":[{"href":"https:\/\/www.dimeco.com\/es\/wp-json\/wp\/v2\/pages\/"}],"about":[{"href":"https:\/\/www.dimeco.com\/es\/wp-json\/wp\/v2\/types\/page\/"}],"author":[{"embeddable":true,"href":"https:\/\/www.dimeco.com\/es\/wp-json\/wp\/v2\/users\/1\/"}],"replies":[{"embeddable":true,"href":"https:\/\/www.dimeco.com\/es\/wp-json\/wp\/v2\/comments\/?post=33"}],"version-history":[{"count":3,"href":"https:\/\/www.dimeco.com\/es\/wp-json\/wp\/v2\/pages\/33\/revisions\/"}],"predecessor-version":[{"id":4982,"href":"https:\/\/www.dimeco.com\/es\/wp-json\/wp\/v2\/pages\/33\/revisions\/4982\/"}],"wp:attachment":[{"href":"https:\/\/www.dimeco.com\/es\/wp-json\/wp\/v2\/media\/?parent=33"}],"curies":[{"name":"wp","href":"https:\/\/api.w.org\/{rel}","templated":true}]}}