{"id":2,"date":"2015-01-30T09:32:03","date_gmt":"2015-01-30T09:32:03","guid":{"rendered":"http:\/\/www.dimeco.com\/?page_id=2"},"modified":"2026-03-16T10:18:01","modified_gmt":"2026-03-16T10:18:01","slug":"inicio","status":"publish","type":"page","link":"https:\/\/www.dimeco.com\/es\/","title":{"rendered":"Inicio"},"content":{"rendered":"<p><!-- Global site tag (gtag.js) - Google Analytics --><\/p>\n<div class=\"row\">\n<div class=\"grid_4\">\n<p>Desde DIMECO ofrecemos soluciones a las empresas fabricantes de piezas met\u00e1licas.<\/p>\n<p>Unimos procesos de punzonado, conformado, estampado y plegado para garantizar altas producciones de piezas con acabados de alta calidad.<\/p>\n<p>Desde 1957 DIMECO suministra soluciones y equipos adaptados a las necesidades de nuestros clientes en t\u00e9rminos de productividad, flexibilidad y retorno de la inversi\u00f3n.<\/p>\n<\/div>\n<div class=\"grid_5\">\n<div id=\"metaslider-id-304\" style=\"width: 100%; margin: 0 auto;\" class=\"ml-slider-3-27-7 metaslider metaslider-flex metaslider-304 ml-slider ml-slider-lightbox-1-12-0 lightbox-disabled nav-hidden\">\n    <div id=\"metaslider_container_304\">\n        <div id=\"metaslider_304\">\n            <ul aria-live=\"polite\" class=\"slides\">\n                <li style=\"display: block; width: 100%;\" class=\"slide-245 ms-image\"><img width=\"739\" height=\"592\" src=\"https:\/\/www.dimeco.com\/wp-content\/uploads\/2015\/02\/portacables2.jpg\" class=\"slider-304 slide-245\" alt=\"Lorem ipsum dolor sit amet, consectetur 1\" loading=\"lazy\" rel=\"\" title=\"Lorem ipsum dolor sit amet, consectetur 1\" style=\"margin: 0 auto; width: 88.874302291422%\" srcset=\"https:\/\/www.dimeco.com\/wp-content\/uploads\/2015\/02\/portacables2.jpg 739w, https:\/\/www.dimeco.com\/wp-content\/uploads\/2015\/02\/portacables2-300x240.jpg 300w\" sizes=\"(max-width: 739px) 100vw, 739px\" \/><\/li>\n                <li style=\"display: none; width: 100%;\" class=\"slide-702 ms-image\"><img width=\"960\" height=\"653\" src=\"https:\/\/www.dimeco.com\/wp-content\/uploads\/2015\/10\/1-Upright-beams.jpg\" class=\"slider-304 slide-702\" alt=\"\" loading=\"lazy\" rel=\"\" title=\"\" style=\"margin-top: 1.5874094202899%\" srcset=\"https:\/\/www.dimeco.com\/wp-content\/uploads\/2015\/10\/1-Upright-beams.jpg 960w, https:\/\/www.dimeco.com\/wp-content\/uploads\/2015\/10\/1-Upright-beams-300x204.jpg 300w, https:\/\/www.dimeco.com\/wp-content\/uploads\/2015\/10\/1-Upright-beams-928x631.jpg 928w\" sizes=\"(max-width: 960px) 100vw, 960px\" \/><\/li>\n                <li style=\"display: none; width: 100%;\" class=\"slide-696 ms-image\"><img width=\"960\" height=\"723\" src=\"https:\/\/www.dimeco.com\/wp-content\/uploads\/2015\/10\/5.Grating.jpg\" class=\"slider-304 slide-696\" alt=\"\" loading=\"lazy\" rel=\"\" title=\"\" style=\"margin: 0 auto; width: 94.53364604005%\" srcset=\"https:\/\/www.dimeco.com\/wp-content\/uploads\/2015\/10\/5.Grating.jpg 960w, https:\/\/www.dimeco.com\/wp-content\/uploads\/2015\/10\/5.Grating-300x226.jpg 300w, https:\/\/www.dimeco.com\/wp-content\/uploads\/2015\/10\/5.Grating-928x699.jpg 928w, https:\/\/www.dimeco.com\/wp-content\/uploads\/2015\/10\/5.Grating-400x300.jpg 400w\" sizes=\"(max-width: 960px) 100vw, 960px\" \/><\/li>\n                <li style=\"display: none; width: 100%;\" class=\"slide-1166 ms-image\"><img width=\"1100\" height=\"653\" src=\"https:\/\/www.dimeco.com\/wp-content\/uploads\/2015\/10\/2_1.jpg\" class=\"slider-304 slide-1166\" alt=\"\" loading=\"lazy\" rel=\"\" title=\"\" style=\"margin-top: 5.9160079051383%\" srcset=\"https:\/\/www.dimeco.com\/wp-content\/uploads\/2015\/10\/2_1.jpg 1100w, https:\/\/www.dimeco.com\/wp-content\/uploads\/2015\/10\/2_1-300x178.jpg 300w, https:\/\/www.dimeco.com\/wp-content\/uploads\/2015\/10\/2_1-1024x608.jpg 1024w, https:\/\/www.dimeco.com\/wp-content\/uploads\/2015\/10\/2_1-928x551.jpg 928w\" sizes=\"(max-width: 1100px) 100vw, 1100px\" \/><\/li>\n                <li style=\"display: none; width: 100%;\" class=\"slide-3135 ms-image\"><img width=\"1648\" height=\"1114\" src=\"https:\/\/www.dimeco.com\/wp-content\/uploads\/2016\/05\/home_app.jpg\" class=\"slider-304 slide-3135\" alt=\"\" loading=\"lazy\" rel=\"\" title=\"\" style=\"margin-top: 1.7992823976361%\" srcset=\"https:\/\/www.dimeco.com\/wp-content\/uploads\/2016\/05\/home_app.jpg 1648w, https:\/\/www.dimeco.com\/wp-content\/uploads\/2016\/05\/home_app-300x203.jpg 300w, https:\/\/www.dimeco.com\/wp-content\/uploads\/2016\/05\/home_app-768x519.jpg 768w, https:\/\/www.dimeco.com\/wp-content\/uploads\/2016\/05\/home_app-1024x692.jpg 1024w, https:\/\/www.dimeco.com\/wp-content\/uploads\/2016\/05\/home_app-928x627.jpg 928w\" sizes=\"(max-width: 1648px) 100vw, 1648px\" \/><\/li>\n            <\/ul>\n        <\/div>\n        \n    <\/div>\n<\/div>\n<\/div>\n<\/div>\n<p>&nbsp;<\/p>\n<div class=\"row\">\n<div class=\"grid_4\">\n<p>DIMECO es uno de los l\u00edderes del mercado en l\u00edneas de alimentaci\u00f3n a prensa y l\u00edneas de corte transversal. Disponemos de la gama m\u00e1s amplia de desenrolladores, enderezadoras y alimentadores, en todo tipo de configuraciones: 3 en 1, l\u00ednea compacta, bucle posterior o l\u00ednea larga.<\/p>\n<p>Facilitamos soluciones para acero est\u00e1ndar, inoxidable o prelacado, aluminio y para cualquier otro tipo de chapa met\u00e1lica, combinando punzonado, conformado, estampado y plegado, integrando otras operaciones como soldadura en l\u00ednea, clinchado, marcado u operaciones robotizadas.<\/p>\n<\/div>\n<div class=\"grid_5\">\n<div id=\"metaslider-id-301\" style=\"width: 100%; margin: 0 auto;\" class=\"ml-slider-3-27-7 metaslider metaslider-flex metaslider-301 ml-slider ml-slider-lightbox-1-12-0 lightbox-disabled nav-hidden nav-hidden\">\n    <div id=\"metaslider_container_301\">\n        <div id=\"metaslider_301\">\n            <ul aria-live=\"polite\" class=\"slides\">\n                <li style=\"display: block; width: 100%;\" class=\"slide-1346 ms-image\"><a href=\"http:\/\/www.dimeco.com\/dimeco-solutions\/coil-handling-pressfeed-lines\/\" target=\"_self\"><img width=\"960\" height=\"604\" src=\"https:\/\/www.dimeco.com\/wp-content\/uploads\/2015\/11\/Dimeco2_b.jpg\" class=\"slider-301 slide-1346\" alt=\"\" loading=\"lazy\" rel=\"\" title=\"\" style=\"margin-top: 6.5851449275362%\" srcset=\"https:\/\/www.dimeco.com\/wp-content\/uploads\/2015\/11\/Dimeco2_b.jpg 960w, https:\/\/www.dimeco.com\/wp-content\/uploads\/2015\/11\/Dimeco2_b-300x189.jpg 300w, https:\/\/www.dimeco.com\/wp-content\/uploads\/2015\/11\/Dimeco2_b-928x584.jpg 928w\" sizes=\"(max-width: 960px) 100vw, 960px\" \/><\/a><\/li>\n                <li style=\"display: none; width: 100%;\" class=\"slide-1344 ms-image\"><a href=\"http:\/\/www.dimeco.com\/dimeco-solutions\/flexible-punching-from-coil\/\" target=\"_self\"><img width=\"960\" height=\"669\" src=\"https:\/\/www.dimeco.com\/wp-content\/uploads\/2015\/11\/Dimeco-flexible-coil-punching_b.jpg\" class=\"slider-301 slide-1344\" alt=\"\" loading=\"lazy\" rel=\"\" title=\"\" style=\"margin-top: 3.1997282608696%\" srcset=\"https:\/\/www.dimeco.com\/wp-content\/uploads\/2015\/11\/Dimeco-flexible-coil-punching_b.jpg 960w, https:\/\/www.dimeco.com\/wp-content\/uploads\/2015\/11\/Dimeco-flexible-coil-punching_b-300x209.jpg 300w, https:\/\/www.dimeco.com\/wp-content\/uploads\/2015\/11\/Dimeco-flexible-coil-punching_b-928x647.jpg 928w\" sizes=\"(max-width: 960px) 100vw, 960px\" \/><\/a><\/li>\n                <li style=\"display: none; width: 100%;\" class=\"slide-1128 ms-image\"><img width=\"960\" height=\"400\" src=\"https:\/\/www.dimeco.com\/wp-content\/uploads\/2015\/10\/slide-fr-2.jpg\" class=\"slider-301 slide-1128\" alt=\"\" loading=\"lazy\" rel=\"\" title=\"\" style=\"margin-top: 17.210144927536%\" srcset=\"https:\/\/www.dimeco.com\/wp-content\/uploads\/2015\/10\/slide-fr-2.jpg 960w, https:\/\/www.dimeco.com\/wp-content\/uploads\/2015\/10\/slide-fr-2-300x125.jpg 300w, https:\/\/www.dimeco.com\/wp-content\/uploads\/2015\/10\/slide-fr-2-928x387.jpg 928w\" sizes=\"(max-width: 960px) 100vw, 960px\" \/><\/li>\n                <li style=\"display: none; width: 100%;\" class=\"slide-1349 ms-image\"><img width=\"4203\" height=\"2294\" src=\"https:\/\/www.dimeco.com\/wp-content\/uploads\/2015\/11\/Grief-LDC1.jpg\" class=\"slider-301 slide-1349\" alt=\"\" loading=\"lazy\" rel=\"\" title=\"\" style=\"margin-top: 10.753447330582%\" srcset=\"https:\/\/www.dimeco.com\/wp-content\/uploads\/2015\/11\/Grief-LDC1.jpg 4203w, https:\/\/www.dimeco.com\/wp-content\/uploads\/2015\/11\/Grief-LDC1-300x164.jpg 300w, https:\/\/www.dimeco.com\/wp-content\/uploads\/2015\/11\/Grief-LDC1-1024x559.jpg 1024w, https:\/\/www.dimeco.com\/wp-content\/uploads\/2015\/11\/Grief-LDC1-928x507.jpg 928w\" sizes=\"(max-width: 4203px) 100vw, 4203px\" \/><\/li>\n                <li style=\"display: none; width: 100%;\" class=\"slide-912 ms-image\"><img width=\"960\" height=\"579\" src=\"https:\/\/www.dimeco.com\/wp-content\/uploads\/2015\/09\/1.Portada.jpg\" class=\"slider-301 slide-912\" alt=\"\" loading=\"lazy\" rel=\"\" title=\"\" style=\"margin-top: 7.8872282608696%\" srcset=\"https:\/\/www.dimeco.com\/wp-content\/uploads\/2015\/09\/1.Portada.jpg 960w, https:\/\/www.dimeco.com\/wp-content\/uploads\/2015\/09\/1.Portada-300x181.jpg 300w, https:\/\/www.dimeco.com\/wp-content\/uploads\/2015\/09\/1.Portada-928x560.jpg 928w\" sizes=\"(max-width: 960px) 100vw, 960px\" \/><div class=\"caption-wrap\"><div class=\"caption\">Rollforming line<\/div><\/div><\/li>\n                <li style=\"display: none; width: 100%;\" class=\"slide-1092 ms-image\"><a href=\"http:\/\/www.dimeco.com\/dimeco-solutions\/coil-loading-coil-storage\/\" target=\"_self\"><img width=\"960\" height=\"828\" src=\"https:\/\/www.dimeco.com\/wp-content\/uploads\/2015\/10\/17.jpg\" class=\"slider-301 slide-1092\" alt=\"\" loading=\"lazy\" rel=\"\" title=\"\" style=\"margin: 0 auto; width: 88.216761184625%\" srcset=\"https:\/\/www.dimeco.com\/wp-content\/uploads\/2015\/10\/17.jpg 960w, https:\/\/www.dimeco.com\/wp-content\/uploads\/2015\/10\/17-300x259.jpg 300w, https:\/\/www.dimeco.com\/wp-content\/uploads\/2015\/10\/17-928x800.jpg 928w\" sizes=\"(max-width: 960px) 100vw, 960px\" \/><\/a><\/li>\n                <li style=\"display: none; width: 100%;\" class=\"slide-793 ms-image\"><a href=\"http:\/\/www.dimeco.com\/dimeco-solutions\/tools-and-moulds-loading-storage\/\" target=\"_self\"><img width=\"960\" height=\"665\" src=\"https:\/\/www.dimeco.com\/wp-content\/uploads\/2015\/09\/Stackmatic2.jpg\" class=\"slider-301 slide-793\" alt=\"\" loading=\"lazy\" rel=\"\" title=\"\" style=\"margin-top: 3.4080615942029%\" srcset=\"https:\/\/www.dimeco.com\/wp-content\/uploads\/2015\/09\/Stackmatic2.jpg 960w, https:\/\/www.dimeco.com\/wp-content\/uploads\/2015\/09\/Stackmatic2-300x208.jpg 300w, https:\/\/www.dimeco.com\/wp-content\/uploads\/2015\/09\/Stackmatic2-928x643.jpg 928w\" sizes=\"(max-width: 960px) 100vw, 960px\" \/><\/a><\/li>\n                <li style=\"display: none; width: 100%;\" class=\"slide-1024 ms-image\"><a href=\"http:\/\/www.dimeco.com\/dimeco-solutions\/quick-die-change-rotobloc\/\" target=\"_self\"><img width=\"960\" height=\"1136\" src=\"https:\/\/www.dimeco.com\/wp-content\/uploads\/2015\/09\/Rotobloc.jpg\" class=\"slider-301 slide-1024\" alt=\"\" loading=\"lazy\" rel=\"\" title=\"\" style=\"margin: 0 auto; width: 64.298836497244%\" srcset=\"https:\/\/www.dimeco.com\/wp-content\/uploads\/2015\/09\/Rotobloc.jpg 960w, https:\/\/www.dimeco.com\/wp-content\/uploads\/2015\/09\/Rotobloc-254x300.jpg 254w, https:\/\/www.dimeco.com\/wp-content\/uploads\/2015\/09\/Rotobloc-865x1024.jpg 865w, https:\/\/www.dimeco.com\/wp-content\/uploads\/2015\/09\/Rotobloc-928x1098.jpg 928w\" sizes=\"(max-width: 960px) 100vw, 960px\" \/><\/a><\/li>\n            <\/ul>\n        <\/div>\n        \n    <\/div>\n<\/div>\n<\/div>\n<\/div>\n<div class=\"row\">\n<div class=\"grid_3\">\n<h2 class=\"titulos_secundarios_home\">Dimeco en el mundo<\/h2>\n<p class=\"text_center\"><a href=\"http:\/\/www.dimeco.com\/sales-network\/\"><img class=\"max-img\" src=\"http:\/\/www.dimeco.com\/wp-content\/uploads\/2015\/10\/world-map-12374031.jpg\" alt=\"mapa\" \/><\/a><\/p>\n<p>La presencia de DIMECO en los diferentes mercados est\u00e1 asegurada por empresas del propio Grupo o bien por colaboradores locales conocedores del sector.<\/p>\n<p>De este modo, nuestros clientes reciben la atenci\u00f3n que se merecen en su propio idioma.<\/p>\n<p class=\"text_center centrar\"><a class=\"boton\" style=\"color: #fff;\" href=\"http:\/\/www.dimeco.com\/sales-network\/\">Red de Ventas<\/a><\/p>\n<\/div>\n<div class=\"grid_3\">\n<h2 class=\"titulos_secundarios_home\">Cat\u00e1logo del grupo<\/h2>\n<p class=\"text_center centrar\"><img loading=\"lazy\" class=\"size-medium wp-image-7180 aligncenter\" src=\"http:\/\/www.dimeco.com\/wp-content\/uploads\/2018\/05\/Catalog-Group-DIMECO-212x300.jpg\" alt=\"\" width=\"212\" height=\"300\" \/><\/p>\n<p class=\"text_center centrar\"><a class=\"boton\" style=\"color: #fff;\" href=\"http:\/\/www.dimeco.com\/catalogues\/Catalog-Group-DIMECO-ES.pdf\">Descargar<\/a><\/p>\n<\/div>\n<div class=\"grid_3\">\n<h2 class=\"titulos_secundarios_home\">Eficiencia energ\u00e9tica<\/h2>\n<p>DIMECO ha apostado por la MEJORA DE LA EFICIENCIA ENERG\u00c9TICA POR CAMBIO A LUMINARIAS LED<\/p>\n<p><a id=\"saber_mas_btn4\" class=\"boton\" style=\"color: #fff;\" href=\"#\">Leer m\u00e1s<\/a><\/p>\n<div id=\"mas4\" style=\"font-size: 13px; line-height: 20px; text-align: justify;\">Que se acoge a un proyecto acogido a la l\u00ednea de ayudas de ahorro y eficiencia en gran empresa del sector industrial, cofinanciada por el FONDO EUROPEO de Desarrollo Regional (FEDER), y gestionada por el IDEA con cargo al fondo Nacional de Eficiencia Energ\u00e9tica, con el objetivo de conseguir una econom\u00eda m\u00e1s limpia y sostenible.<\/div>\n<p class=\"text_center centrar\"><img loading=\"lazy\" class=\"alignnone size-full wp-image-5313\" style=\"margin-top: 10px;\" src=\"https:\/\/www.dimeco.com\/wp-content\/uploads\/2024\/02\/cartel-eficiencia-energetica.jpg\" alt=\"\" width=\"260\" height=\"auto\" \/><\/p>\n<\/div>\n<\/div>\n<div style=\"margin-top: 40px;\"><\/div>\n<div class=\"row\">\n<div class=\"grid_5\">\n<h2 class=\"titulos_secundarios_home\" style=\"line-height: 20px;\">HAZITEK &#8211; Proyecto I+D TWINPRESS n\u00ba ZL 2025\/00476<\/h2>\n<div style=\"text-align: justify;\">Actuaci\u00f3n cofinanciada por el Gobierno Vasco y la Uni\u00f3n Europea a trav\u00e9s del fondo europeo de desarrollo regional 2021-2027 (FEDER). El proyecto TWINPRESS tiene como objetivo incrementar la capacidad de punzonado  y embutici\u00f3n en los procesos de fabricaci\u00f3n de bandejas porta cables sin necesidad de recurrir a grandes prensas comerciales. Mediante el desarrollo de un sistema modular de prensas en t\u00e1ndem, el proyecto busca proporcionar a los fabricantes una soluci\u00f3n m\u00e1s flexible, eficiente y escalable, adaptada a las necesidades actuales del mercado.\n<\/div>\n<\/div>\n<div class=\"grid_4\">\n<img loading=\"lazy\" class=\"alignnone size-full wp-image-5313\" style=\"margin-top: 10px;\" src=\"http:\/\/www.dimeco.com\/wp-content\/uploads\/2019\/03\/europa.png\" alt=\"\" width=\"260\" height=\"auto\" \/><br \/>\n<img loading=\"lazy\" class=\"aligncenter size-full wp-image-5313\" style=\"margin-top: 10px;\" src=\"http:\/\/www.dimeco.com\/wp-content\/uploads\/2019\/03\/gv.png\" alt=\"\" width=\"130\" height=\"auto\" \/><br \/>\n<\/div>\n<\/div>\n<div class=\"row\">\n<div class=\"grid_5\">\n<h2 class=\"titulos_secundarios_home\" style=\"line-height: 20px;\">Proyecto n\u00ba ZL 2025\/00256 \u2013 HELIOS proiektua<\/h2>\n<div style=\"text-align: justify;\">Actuaci\u00f3n cofinanciada por el Gobierno Vasco y la Uni\u00f3n Europea a trav\u00e9s del fondo europeo de desarrollo regional 2021-2027 (FEDER).<br \/>\nEl prop\u00f3sito del proyecto HELIOS por lo tanto es impulsar el crecimiento y posicionamiento de DIMECO en el sector solar, a trav\u00e9s del desarrollo de una nueva l\u00ednea de fabricaci\u00f3n de alta productividad, bajo consumo y gran fiabilidad para la fabricaci\u00f3n de perfiles para grandes instalaciones solares. <\/p>\n<\/div>\n<p><a id=\"saber_mas_btn\" class=\"boton\" style=\"color: #fff;\" href=\"#\">Leer m\u00e1s<\/a><\/p>\n<div id=\"mas1\" style=\"font-size: 13px; line-height: 20px; text-align: justify;\">DIMECO ha apostado por generar herramientas y metodolog\u00edas avanzadas para dimensionar los componentes de sus l\u00ednea solar. A su vez, tambi\u00e9n generar funcionalidades de inteligencia para optimizar la l\u00ednea en fase de uso desde el punto de vista del bajo consumo y la fiabilidad.<br \/>\nEl desarrollo del presente proyecto parte de la necesidad de DIMECO de lanzar al mercado un nuevo modelo de negocio para l\u00edneas de fabricaci\u00f3n de perfiles para grandes instalaciones solares, como palanca importante en la estrategia de crecimiento de DIMECO. En un contexto en el que las energ\u00edas renovables y en especial la energ\u00eda solar est\u00e1n en auge y en el que el mercado necesita empresas dispuestas a abordar de manera espec\u00edfica los retos que propone, DIMECO se ha propuesto superar la oferta actual y pasar a ser el referente mundial en la fabricaci\u00f3n de l\u00edneas de fabricaci\u00f3n para perfiles de instalaciones solares no dom\u00e9sticas<\/div>\n<\/div>\n<div class=\"grid_4\">\n<img loading=\"lazy\" class=\"alignnone size-full wp-image-5313\" style=\"margin-top: 10px;\" src=\"http:\/\/www.dimeco.com\/wp-content\/uploads\/2019\/03\/europa.png\" alt=\"\" width=\"260\" height=\"auto\" \/><br \/>\n<img loading=\"lazy\" class=\"aligncenter size-full wp-image-5313\" style=\"margin-top: 10px;\" src=\"http:\/\/www.dimeco.com\/wp-content\/uploads\/2019\/03\/gv.png\" alt=\"\" width=\"130\" height=\"auto\" \/><br \/>\n<\/div>\n<\/div>\n<div class=\"row\">\n<div class=\"grid_5\">\n<h2 class=\"titulos_secundarios_home\" style=\"line-height: 20px;\">P-20221030 \u2013 MAK21 &#8211; 2022 \u2013 Misiones CDTI<\/h2>\n<p>M\u00c1QUINA EFICIENTE Y SEGURA, CON CAPACIDAD DE APRENDIZAJE Y TOMA DE DECISIONES PARA EL AHORRO DE MATERIA PRIMA Y ENERG\u00cdA. HACIA LA M\u00c1QUINA DEL SIGLO XXI<\/p>\n<p><a id=\"saber_mas_btn3\" class=\"boton\" style=\"color: #fff;\" href=\"#\">Leer m\u00e1s<\/a><\/p>\n<div id=\"mas3\" style=\"font-size: 13px; line-height: 20px; text-align: justify;\">Desde 1957 DIMECO dise\u00f1a y suministra l\u00edneas de producci\u00f3n llave en mano, que incluyen procesos de perfilado, punzonado entre otros para fabricar piezas met\u00e1licas partiendo de bobina. DIMECO aporta soluciones para una amplia variedad sectores como el solar, el\u00e9ctrico, log\u00edstica y construcci\u00f3n. Las cuatro grandes l\u00edneas de actuaci\u00f3n en I+D de Dimeco dentro de su estrategia como la principal herramienta de desarrollo son: Productividad, Flexibilidad, Innovaci\u00f3n e Internacionalizaci\u00f3n.<\/div>\n<\/div>\n<div class=\"grid_4\">\n<img loading=\"lazy\" class=\"alignnone size-full wp-image-5313\" style=\"margin-top: 10px;\" src=\"https:\/\/www.dimeco.com\/wp-content\/uploads\/2023\/04\/Ministerio-CDTI.jpg\" alt=\"\" width=\"260\" height=\"auto\" \/><br \/>\n<img loading=\"lazy\" class=\"alignnone size-full wp-image-5313\" style=\"margin-top: 10px;\" src=\"https:\/\/www.dimeco.com\/wp-content\/uploads\/2023\/04\/UE-Resiliencia.jpg\" alt=\"\" width=\"260\" height=\"auto\" \/><br \/>\n<\/div>\n<\/div>\n","protected":false},"excerpt":{"rendered":"<p>&nbsp;<\/p>\n","protected":false},"author":1,"featured_media":0,"parent":0,"menu_order":0,"comment_status":"closed","ping_status":"closed","template":"pagina-de-inicio.php","meta":{"extendify_custom_stylesheet":""},"acf":[],"yoast_head":"<!-- This site is optimized with the Yoast SEO plugin v19.3 - https:\/\/yoast.com\/wordpress\/plugins\/seo\/ -->\n<title>Inicio - Dimeco<\/title>\n<meta name=\"robots\" content=\"index, follow, max-snippet:-1, max-image-preview:large, max-video-preview:-1\" \/>\n<link rel=\"canonical\" href=\"https:\/\/www.dimeco.com\/es\/\" \/>\n<meta property=\"og:locale\" content=\"es_ES\" \/>\n<meta property=\"og:type\" content=\"article\" \/>\n<meta property=\"og:title\" content=\"Inicio - Dimeco\" \/>\n<meta property=\"og:description\" content=\"&nbsp;\" \/>\n<meta property=\"og:url\" content=\"https:\/\/www.dimeco.com\/es\/\" \/>\n<meta property=\"og:site_name\" content=\"Dimeco\" \/>\n<meta property=\"article:modified_time\" content=\"2026-03-16T10:18:01+00:00\" \/>\n<meta property=\"og:image\" content=\"http:\/\/www.dimeco.com\/wp-content\/uploads\/2015\/10\/world-map-12374031.jpg\" \/>\n<meta name=\"twitter:card\" content=\"summary\" \/>\n<meta name=\"twitter:label1\" content=\"Tiempo de lectura\" \/>\n\t<meta name=\"twitter:data1\" content=\"5 minutos\" \/>\n<script type=\"application\/ld+json\" class=\"yoast-schema-graph\">{\"@context\":\"https:\/\/schema.org\",\"@graph\":[{\"@type\":\"WebSite\",\"@id\":\"https:\/\/www.dimeco.com\/es\/#website\",\"url\":\"https:\/\/www.dimeco.com\/es\/\",\"name\":\"Dimeco\",\"description\":\"FLEXIBLE SHEET METAL PUNCHING CUTTING &amp; FORMING PROCESSES\",\"potentialAction\":[{\"@type\":\"SearchAction\",\"target\":{\"@type\":\"EntryPoint\",\"urlTemplate\":\"https:\/\/www.dimeco.com\/es\/?s={search_term_string}\"},\"query-input\":\"required name=search_term_string\"}],\"inLanguage\":\"es\"},{\"@type\":\"ImageObject\",\"inLanguage\":\"es\",\"@id\":\"https:\/\/www.dimeco.com\/es\/#primaryimage\",\"url\":\"http:\/\/www.dimeco.com\/wp-content\/uploads\/2015\/10\/world-map-12374031.jpg\",\"contentUrl\":\"http:\/\/www.dimeco.com\/wp-content\/uploads\/2015\/10\/world-map-12374031.jpg\"},{\"@type\":\"WebPage\",\"@id\":\"https:\/\/www.dimeco.com\/es\/\",\"url\":\"https:\/\/www.dimeco.com\/es\/\",\"name\":\"Inicio - Dimeco\",\"isPartOf\":{\"@id\":\"https:\/\/www.dimeco.com\/es\/#website\"},\"primaryImageOfPage\":{\"@id\":\"https:\/\/www.dimeco.com\/es\/#primaryimage\"},\"datePublished\":\"2015-01-30T09:32:03+00:00\",\"dateModified\":\"2026-03-16T10:18:01+00:00\",\"breadcrumb\":{\"@id\":\"https:\/\/www.dimeco.com\/es\/#breadcrumb\"},\"inLanguage\":\"es\",\"potentialAction\":[{\"@type\":\"ReadAction\",\"target\":[\"https:\/\/www.dimeco.com\/es\/\"]}]},{\"@type\":\"BreadcrumbList\",\"@id\":\"https:\/\/www.dimeco.com\/es\/#breadcrumb\",\"itemListElement\":[{\"@type\":\"ListItem\",\"position\":1,\"name\":\"Home\",\"item\":\"https:\/\/www.dimeco.com\/es\/\"},{\"@type\":\"ListItem\",\"position\":2,\"name\":\"Inicio\"}]}]}<\/script>\n<!-- \/ Yoast SEO plugin. -->","yoast_head_json":{"title":"Inicio - Dimeco","robots":{"index":"index","follow":"follow","max-snippet":"max-snippet:-1","max-image-preview":"max-image-preview:large","max-video-preview":"max-video-preview:-1"},"canonical":"https:\/\/www.dimeco.com\/es\/","og_locale":"es_ES","og_type":"article","og_title":"Inicio - Dimeco","og_description":"&nbsp;","og_url":"https:\/\/www.dimeco.com\/es\/","og_site_name":"Dimeco","article_modified_time":"2026-03-16T10:18:01+00:00","og_image":[{"url":"http:\/\/www.dimeco.com\/wp-content\/uploads\/2015\/10\/world-map-12374031.jpg"}],"twitter_card":"summary","twitter_misc":{"Tiempo de lectura":"5 minutos"},"schema":{"@context":"https:\/\/schema.org","@graph":[{"@type":"WebSite","@id":"https:\/\/www.dimeco.com\/es\/#website","url":"https:\/\/www.dimeco.com\/es\/","name":"Dimeco","description":"FLEXIBLE SHEET METAL PUNCHING CUTTING &amp; FORMING PROCESSES","potentialAction":[{"@type":"SearchAction","target":{"@type":"EntryPoint","urlTemplate":"https:\/\/www.dimeco.com\/es\/?s={search_term_string}"},"query-input":"required name=search_term_string"}],"inLanguage":"es"},{"@type":"ImageObject","inLanguage":"es","@id":"https:\/\/www.dimeco.com\/es\/#primaryimage","url":"http:\/\/www.dimeco.com\/wp-content\/uploads\/2015\/10\/world-map-12374031.jpg","contentUrl":"http:\/\/www.dimeco.com\/wp-content\/uploads\/2015\/10\/world-map-12374031.jpg"},{"@type":"WebPage","@id":"https:\/\/www.dimeco.com\/es\/","url":"https:\/\/www.dimeco.com\/es\/","name":"Inicio - Dimeco","isPartOf":{"@id":"https:\/\/www.dimeco.com\/es\/#website"},"primaryImageOfPage":{"@id":"https:\/\/www.dimeco.com\/es\/#primaryimage"},"datePublished":"2015-01-30T09:32:03+00:00","dateModified":"2026-03-16T10:18:01+00:00","breadcrumb":{"@id":"https:\/\/www.dimeco.com\/es\/#breadcrumb"},"inLanguage":"es","potentialAction":[{"@type":"ReadAction","target":["https:\/\/www.dimeco.com\/es\/"]}]},{"@type":"BreadcrumbList","@id":"https:\/\/www.dimeco.com\/es\/#breadcrumb","itemListElement":[{"@type":"ListItem","position":1,"name":"Home","item":"https:\/\/www.dimeco.com\/es\/"},{"@type":"ListItem","position":2,"name":"Inicio"}]}]}},"_links":{"self":[{"href":"https:\/\/www.dimeco.com\/es\/wp-json\/wp\/v2\/pages\/2\/"}],"collection":[{"href":"https:\/\/www.dimeco.com\/es\/wp-json\/wp\/v2\/pages\/"}],"about":[{"href":"https:\/\/www.dimeco.com\/es\/wp-json\/wp\/v2\/types\/page\/"}],"author":[{"embeddable":true,"href":"https:\/\/www.dimeco.com\/es\/wp-json\/wp\/v2\/users\/1\/"}],"replies":[{"embeddable":true,"href":"https:\/\/www.dimeco.com\/es\/wp-json\/wp\/v2\/comments\/?post=2"}],"version-history":[{"count":6,"href":"https:\/\/www.dimeco.com\/es\/wp-json\/wp\/v2\/pages\/2\/revisions\/"}],"predecessor-version":[{"id":24028,"href":"https:\/\/www.dimeco.com\/es\/wp-json\/wp\/v2\/pages\/2\/revisions\/24028\/"}],"wp:attachment":[{"href":"https:\/\/www.dimeco.com\/es\/wp-json\/wp\/v2\/media\/?parent=2"}],"curies":[{"name":"wp","href":"https:\/\/api.w.org\/{rel}","templated":true}]}}