{"id":15527,"date":"2019-03-21T12:16:49","date_gmt":"2019-03-21T12:16:49","guid":{"rendered":"http:\/\/www.dimeco.com\/services\/"},"modified":"2025-04-16T09:17:12","modified_gmt":"2025-04-16T09:17:12","slug":"services","status":"publish","type":"page","link":"https:\/\/www.dimeco.com\/es\/services\/","title":{"rendered":"L\u00cdNEA ATENCI\u00d3N AL CLIENTE \u2013 SERVICIO POST-VENTA"},"content":{"rendered":"<p><strong>Su servicio t\u00e9cnico personalizado<\/strong><\/p>\n<ul>\n<li><strong>L\u00ednea de atenci\u00f3n al cliente<\/strong> <strong>DIMECO <\/strong>\u2013 Asistencia en l\u00ednea y contacto telef\u00f3nico.<\/li>\n<li>Un grupo de expertos a su disposici\u00f3n<\/li>\n<\/ul>\n<table border=\"1\" width=\"1000\">\n<tbody>\n<tr>\n<td width=\"25%\"><strong>DIMECO<\/strong><br \/>\n<strong>Planta de Besan\u00e7on<\/strong><br \/>\n2, rue du Ch\u00eane \u2013 ZI la Louvi\u00e8re<br \/>\n25480 PIREY \u2013 FRANCIA<br \/>\n<strong>+33 3 81 48 38 18<\/strong><br \/>\n<a href=\"mailto:service@dimeco.com\"><span style=\"color: #0000ff;\">service@dimeco.com<\/span><\/a><\/td>\n<td width=\"25%\"><strong>DIMECO<\/strong><br \/>\n<strong>Planta de Oiartzun<\/strong><br \/>\nAra\u00f1aburu 4- D1B<br \/>\nPol.Ind. Lanbarren<br \/>\n20180 Oiartzun \u2013 ESPA\u00d1A<br \/>\n<strong>+34 943 639 004<\/strong><br \/>\n<a href=\"mailto:service@dimeco.es\"><span style=\"color: #0000ff;\">service@dimeco.es<\/span><\/a><\/td>\n<td width=\"25%\"><strong>DIMECO Coil Technologies, Inc.<\/strong><br \/>\n<strong>US Branch<\/strong><br \/>\n35 East Wacker Drive, Suite 670<br \/>\nChicago, Illinois 60659 \u2013 USA<br \/>\n<strong>+33 3 81 48 38 18<\/strong><br \/>\n<a href=\"mailto:service@dimeco.com\"><span style=\"color: #0000ff;\">service@dimeco.com<\/span><\/a><\/td>\n<td width=\"25%\"><\/td>\n<\/tr>\n<\/tbody>\n<\/table>\n<p>&nbsp;<\/p>\n<h1><span style=\"color: #e20000;\">PRESENCIA MUNDIAL<\/span><\/h1>\n<p><strong>Ponemos a su servicio nuestros 35 t\u00e9cnicos especialistas.<\/strong><\/p>\n<ul>\n<li>Reparaci\u00f3n en las instalaciones del cliente<\/li>\n<li>Intervenci\u00f3n de t\u00e9cnicos especializados<\/li>\n<li>Desplazamiento de nuestros t\u00e9cnicos por todo el mundo<\/li>\n<li>Intervenci\u00f3n posible 7 d\u00edas de la semana, incluidos festivos<\/li>\n<li>Planificaci\u00f3n colaborativa de las intervenciones<\/li>\n<li>Definici\u00f3n de medios humanos y t\u00e9cnicos para un servicio de calidad<\/li>\n<\/ul>\n<p>&nbsp;<\/p>\n<h1><span style=\"color: #e20000;\"><strong><span style=\"color: #e20000;\">PIEZAS DE REPUESTO ORIGINALES<\/span> <\/strong><\/span><\/h1>\n<p><a href=\"http:\/\/www.dimeco.com\/wp-content\/uploads\/2019\/03\/945x210-bandeau-Service-MAGASIN-2.jpg\" data-rel=\"lightbox-image-0\" data-magnific_type=\"image\" data-rl_title=\"\" data-rl_caption=\"\" title=\"\"><img loading=\"lazy\" class=\"max-img alignnone wp-image-15228 size-full\" src=\"http:\/\/www.dimeco.com\/wp-content\/uploads\/2019\/03\/945x210-bandeau-Service-MAGASIN-2.jpg\" alt=\"\" width=\"945\" height=\"210\" srcset=\"https:\/\/www.dimeco.com\/wp-content\/uploads\/2019\/03\/945x210-bandeau-Service-MAGASIN-2.jpg 945w, https:\/\/www.dimeco.com\/wp-content\/uploads\/2019\/03\/945x210-bandeau-Service-MAGASIN-2-300x67.jpg 300w, https:\/\/www.dimeco.com\/wp-content\/uploads\/2019\/03\/945x210-bandeau-Service-MAGASIN-2-768x171.jpg 768w, https:\/\/www.dimeco.com\/wp-content\/uploads\/2019\/03\/945x210-bandeau-Service-MAGASIN-2-928x206.jpg 928w\" sizes=\"(max-width: 945px) 100vw, 945px\" \/><\/a><\/p>\n<p><strong>DIMECO es tambi\u00e9n 15 000 referencias de piezas originales en stock . <\/strong><strong>Piezas originales y de calidad, a cualquier lugar de destino lo m\u00e1s r\u00e1pidamente posible. <\/strong><\/p>\n<ul>\n<li>Piezas originales<\/li>\n<li>Kit de piezas de urgencia<\/li>\n<li>Entregas r\u00e1pidas en todo el mundo<\/li>\n<li>Consejos expertos en mantenimiento preventivo<\/li>\n<li class=\"s8\"><a href=\"mailto:service@dimeco.com\"><span style=\"color: #0000ff;\">iCont\u00e1ctenos !<\/span><\/a><\/li>\n<\/ul>\n<p>&nbsp;<\/p>\n<h1><span style=\"color: #e20000;\">SOLUCI\u00d3N RETROFIT &#8211; ACTUALIZACI\u00d3N<\/span><\/h1>\n<p><a href=\"http:\/\/www.dimeco.com\/wp-content\/uploads\/2019\/03\/945x210-bandeau-Service-Solution-retrofit-3.jpg\" data-rel=\"lightbox-image-1\" data-magnific_type=\"image\" data-rl_title=\"\" data-rl_caption=\"\" title=\"\"><img loading=\"lazy\" class=\"max-img alignnone wp-image-15238 size-full\" src=\"http:\/\/www.dimeco.com\/wp-content\/uploads\/2019\/03\/945x210-bandeau-Service-Solution-retrofit-3.jpg\" alt=\"\" width=\"945\" height=\"210\" srcset=\"https:\/\/www.dimeco.com\/wp-content\/uploads\/2019\/03\/945x210-bandeau-Service-Solution-retrofit-3.jpg 945w, https:\/\/www.dimeco.com\/wp-content\/uploads\/2019\/03\/945x210-bandeau-Service-Solution-retrofit-3-300x67.jpg 300w, https:\/\/www.dimeco.com\/wp-content\/uploads\/2019\/03\/945x210-bandeau-Service-Solution-retrofit-3-768x171.jpg 768w, https:\/\/www.dimeco.com\/wp-content\/uploads\/2019\/03\/945x210-bandeau-Service-Solution-retrofit-3-928x206.jpg 928w\" sizes=\"(max-width: 945px) 100vw, 945px\" \/><\/a><\/p>\n<p><strong>\u00abLa soluci\u00f3n RETROFIT : la herramienta de modernizaci\u00f3n\u00bb y renovaci\u00f3n que le permite alargar la vida de sus m\u00e1quinas. <\/strong><\/p>\n<ul>\n<li>Modernizaci\u00f3n de sus sistemas mec\u00e1nicos<\/li>\n<li>Modernizaci\u00f3n de sus sistemas el\u00e9ctricos<\/li>\n<li>Modernizaci\u00f3n de sus sistemas de control<\/li>\n<li>Actualizaci\u00f3n de sus ordenadores de programaci\u00f3n y adaptaci\u00f3n de su interface, seg\u00fan sus necesidades de producci\u00f3n<\/li>\n<li>Puesta al d\u00eda seg\u00fan normativa vigente<\/li>\n<\/ul>\n<p><strong>La soluci\u00f3n RETROFIT le permite conservar parte de su maquinaria y contribuir a la durabilidad de los productos industriales.<\/strong><\/p>\n<h1><span style=\"color: #e20000;\">AUDITORIA MAQUINARIA<\/span><\/h1>\n<p><img loading=\"lazy\" class=\"alignnone size-full wp-image-17392\" src=\"http:\/\/www.dimeco.com\/wp-content\/uploads\/2020\/09\/Bandeau-DIAGNOSTIC-945x210-1.jpg\" alt=\"\" width=\"945\" height=\"210\" srcset=\"https:\/\/www.dimeco.com\/wp-content\/uploads\/2020\/09\/Bandeau-DIAGNOSTIC-945x210-1.jpg 945w, https:\/\/www.dimeco.com\/wp-content\/uploads\/2020\/09\/Bandeau-DIAGNOSTIC-945x210-1-300x67.jpg 300w, https:\/\/www.dimeco.com\/wp-content\/uploads\/2020\/09\/Bandeau-DIAGNOSTIC-945x210-1-768x171.jpg 768w, https:\/\/www.dimeco.com\/wp-content\/uploads\/2020\/09\/Bandeau-DIAGNOSTIC-945x210-1-928x206.jpg 928w\" sizes=\"(max-width: 945px) 100vw, 945px\" \/><\/p>\n<p><strong>En el contexto internacional actual, le interesa garantizar la sostenibilidad de sus medios de producci\u00f3n.<\/strong><\/p>\n<p><strong> Le proponemos un diagn\u00f3stico de su maquinaria DIMECO.<\/strong><\/p>\n<p><strong>Los equipos de DIMECO intervienen para evaluar sus instalaciones. Nuestros informes de diagn\u00f3stico proponen las modificaciones y \/ o mejoras necesarias para mantener sus m\u00e1quinas DIMECO en perfectas condiciones.<\/strong><\/p>\n<ul>\n<li>Visita de inspecci\u00f3n<\/li>\n<li>Revisi\u00f3n de la m\u00e1quina y sus dispositivos de seguridad para asegurarse de que est\u00e9 en buen estado de funcionamiento.<\/li>\n<li>Prueba de funcionamiento<\/li>\n<li>Control de piezas de desgaste y recomendaci\u00f3n de piezas a sustituir<\/li>\n<li>Control de componentes el\u00e9ctricos \/ electromec\u00e1nicos<\/li>\n<li>Redacci\u00f3n de un informe de inspecci\u00f3n<\/li>\n<li>Elaboraci\u00f3n de una cotizaci\u00f3n precisa.<\/li>\n<li>Planificaci\u00f3n de una intervenci\u00f3n<\/li>\n<li>\u00bfNecesita un diagn\u00f3stico experto?: \u00a1<a href=\"mailto:contact@dimeco.com\">Cont\u00e1ctenos<\/a>!<\/li>\n<\/ul>\n<p>&nbsp;<\/p>\n<h1><span style=\"color: #e20000;\">MAINTENIMIENTO REMOTO<\/span><\/h1>\n<p><a href=\"http:\/\/www.dimeco.com\/wp-content\/uploads\/2019\/03\/945x210-bandeau-Service-MAINYTENANCE-4.jpg\" data-rel=\"lightbox-image-2\" data-magnific_type=\"image\" data-rl_title=\"\" data-rl_caption=\"\" title=\"\"><img loading=\"lazy\" class=\"max-img alignnone wp-image-15233 size-full\" src=\"http:\/\/www.dimeco.com\/wp-content\/uploads\/2019\/03\/945x210-bandeau-Service-MAINYTENANCE-4.jpg\" alt=\"\" width=\"945\" height=\"210\" srcset=\"https:\/\/www.dimeco.com\/wp-content\/uploads\/2019\/03\/945x210-bandeau-Service-MAINYTENANCE-4.jpg 945w, https:\/\/www.dimeco.com\/wp-content\/uploads\/2019\/03\/945x210-bandeau-Service-MAINYTENANCE-4-300x67.jpg 300w, https:\/\/www.dimeco.com\/wp-content\/uploads\/2019\/03\/945x210-bandeau-Service-MAINYTENANCE-4-768x171.jpg 768w, https:\/\/www.dimeco.com\/wp-content\/uploads\/2019\/03\/945x210-bandeau-Service-MAINYTENANCE-4-928x206.jpg 928w\" sizes=\"(max-width: 945px) 100vw, 945px\" \/><\/a><\/p>\n<p><strong>Una soluci\u00f3n que permite un diagn\u00f3stico a distancia para ahorrar tiempo.<\/strong><\/p>\n<ul>\n<li>Control de su ordenador en remoto con conexi\u00f3n v\u00eda VPN<\/li>\n<li>Resoluci\u00f3n r\u00e1pida de problemas t\u00e9cnicos<\/li>\n<\/ul>\n<p>&nbsp;<\/p>\n<h1><span style=\"color: #e20000;\">FORMACI\u00d3N<\/span><\/h1>\n<p><a href=\"http:\/\/www.dimeco.com\/wp-content\/uploads\/2019\/03\/945x210-bandeau-Service-FORMATION-5.jpg\" data-rel=\"lightbox-image-3\" data-magnific_type=\"image\" data-rl_title=\"\" data-rl_caption=\"\" title=\"\"><img loading=\"lazy\" class=\"max-img alignnone wp-image-15223 size-full\" src=\"http:\/\/www.dimeco.com\/wp-content\/uploads\/2019\/03\/945x210-bandeau-Service-FORMATION-5.jpg\" alt=\"\" width=\"945\" height=\"210\" srcset=\"https:\/\/www.dimeco.com\/wp-content\/uploads\/2019\/03\/945x210-bandeau-Service-FORMATION-5.jpg 945w, https:\/\/www.dimeco.com\/wp-content\/uploads\/2019\/03\/945x210-bandeau-Service-FORMATION-5-300x67.jpg 300w, https:\/\/www.dimeco.com\/wp-content\/uploads\/2019\/03\/945x210-bandeau-Service-FORMATION-5-768x171.jpg 768w, https:\/\/www.dimeco.com\/wp-content\/uploads\/2019\/03\/945x210-bandeau-Service-FORMATION-5-928x206.jpg 928w\" sizes=\"(max-width: 945px) 100vw, 945px\" \/><\/a><\/p>\n<p><strong>El centro de Formaci\u00f3n DIMECO le transmite sus competencias t\u00e9cnicas para ayudarle a enriquecer y optimizar su producci\u00f3n. <\/strong><\/p>\n<ul>\n<li>Formaci\u00f3n tem\u00e1tica, especializada y a medida (enderezado, ingenier\u00eda de enderezado, Programaci\u00f3n CN, gesti\u00f3n l\u00ednea.)<\/li>\n<li>Formaci\u00f3n en planta, sobre las m\u00e1quinas y en las l\u00edneas de fabricaci\u00f3n<\/li>\n<li>Formaci\u00f3n en DIMECO o en las instalaciones del cliente<\/li>\n<li>Formaci\u00f3n individual o en grupo<\/li>\n<li>Formaci\u00f3n concertada<\/li>\n<li>Formadores con experiencia<\/li>\n<li>Programas de formaci\u00f3n a demanda\u00a0:\u00a0<span style=\"color: #0000ff;\"><a style=\"color: #0000ff;\" href=\"mailto:contact@dimeco.com\">iCont\u00e1ctenos !<\/a><\/span><\/li>\n<\/ul>\n<p>&nbsp;<\/p>\n","protected":false},"excerpt":{"rendered":"<p>Su servicio t\u00e9cnico personalizado L\u00ednea de atenci\u00f3n al cliente DIMECO \u2013 Asistencia en l\u00ednea y contacto telef\u00f3nico. Un grupo de expertos a su disposici\u00f3n DIMECO Planta de Besan\u00e7on 2, rue du Ch\u00eane \u2013 ZI la Louvi\u00e8re 25480 PIREY \u2013 FRANCIA +33 3 81 48 38 18 service@dimeco.com DIMECO Planta de Oiartzun Ara\u00f1aburu 4- D1B Pol.Ind. [&hellip;]<\/p>\n","protected":false},"author":5,"featured_media":0,"parent":0,"menu_order":0,"comment_status":"closed","ping_status":"closed","template":"page-normal.php","meta":{"extendify_custom_stylesheet":""},"acf":[],"yoast_head":"<!-- This site is optimized with the Yoast SEO plugin v19.3 - https:\/\/yoast.com\/wordpress\/plugins\/seo\/ -->\n<title>L\u00cdNEA ATENCI\u00d3N AL CLIENTE \u2013 SERVICIO POST-VENTA - Dimeco<\/title>\n<meta name=\"robots\" content=\"index, follow, max-snippet:-1, max-image-preview:large, max-video-preview:-1\" \/>\n<link rel=\"canonical\" href=\"https:\/\/www.dimeco.com\/es\/services\/\" \/>\n<meta property=\"og:locale\" content=\"es_ES\" \/>\n<meta property=\"og:type\" content=\"article\" \/>\n<meta property=\"og:title\" content=\"L\u00cdNEA ATENCI\u00d3N AL CLIENTE \u2013 SERVICIO POST-VENTA - Dimeco\" \/>\n<meta property=\"og:description\" content=\"Su servicio t\u00e9cnico personalizado L\u00ednea de atenci\u00f3n al cliente DIMECO \u2013 Asistencia en l\u00ednea y contacto telef\u00f3nico. Un grupo de expertos a su disposici\u00f3n DIMECO Planta de Besan\u00e7on 2, rue du Ch\u00eane \u2013 ZI la Louvi\u00e8re 25480 PIREY \u2013 FRANCIA +33 3 81 48 38 18 service@dimeco.com DIMECO Planta de Oiartzun Ara\u00f1aburu 4- D1B Pol.Ind. [&hellip;]\" \/>\n<meta property=\"og:url\" content=\"https:\/\/www.dimeco.com\/es\/services\/\" \/>\n<meta property=\"og:site_name\" content=\"Dimeco\" \/>\n<meta property=\"article:modified_time\" content=\"2025-04-16T09:17:12+00:00\" \/>\n<meta property=\"og:image\" content=\"http:\/\/www.dimeco.com\/wp-content\/uploads\/2019\/03\/945x210-bandeau-Service-MAGASIN-2.jpg\" \/>\n<meta name=\"twitter:card\" content=\"summary\" \/>\n<meta name=\"twitter:label1\" content=\"Tiempo de lectura\" \/>\n\t<meta name=\"twitter:data1\" content=\"4 minutos\" \/>\n<script type=\"application\/ld+json\" class=\"yoast-schema-graph\">{\"@context\":\"https:\/\/schema.org\",\"@graph\":[{\"@type\":\"WebSite\",\"@id\":\"https:\/\/www.dimeco.com\/es\/#website\",\"url\":\"https:\/\/www.dimeco.com\/es\/\",\"name\":\"Dimeco\",\"description\":\"FLEXIBLE SHEET METAL PUNCHING CUTTING &amp; FORMING PROCESSES\",\"potentialAction\":[{\"@type\":\"SearchAction\",\"target\":{\"@type\":\"EntryPoint\",\"urlTemplate\":\"https:\/\/www.dimeco.com\/es\/?s={search_term_string}\"},\"query-input\":\"required name=search_term_string\"}],\"inLanguage\":\"es\"},{\"@type\":\"ImageObject\",\"inLanguage\":\"es\",\"@id\":\"https:\/\/www.dimeco.com\/es\/services\/#primaryimage\",\"url\":\"http:\/\/www.dimeco.com\/wp-content\/uploads\/2019\/03\/945x210-bandeau-Service-MAGASIN-2.jpg\",\"contentUrl\":\"http:\/\/www.dimeco.com\/wp-content\/uploads\/2019\/03\/945x210-bandeau-Service-MAGASIN-2.jpg\"},{\"@type\":\"WebPage\",\"@id\":\"https:\/\/www.dimeco.com\/es\/services\/\",\"url\":\"https:\/\/www.dimeco.com\/es\/services\/\",\"name\":\"L\u00cdNEA ATENCI\u00d3N AL CLIENTE \u2013 SERVICIO POST-VENTA - Dimeco\",\"isPartOf\":{\"@id\":\"https:\/\/www.dimeco.com\/es\/#website\"},\"primaryImageOfPage\":{\"@id\":\"https:\/\/www.dimeco.com\/es\/services\/#primaryimage\"},\"datePublished\":\"2019-03-21T12:16:49+00:00\",\"dateModified\":\"2025-04-16T09:17:12+00:00\",\"breadcrumb\":{\"@id\":\"https:\/\/www.dimeco.com\/es\/services\/#breadcrumb\"},\"inLanguage\":\"es\",\"potentialAction\":[{\"@type\":\"ReadAction\",\"target\":[\"https:\/\/www.dimeco.com\/es\/services\/\"]}]},{\"@type\":\"BreadcrumbList\",\"@id\":\"https:\/\/www.dimeco.com\/es\/services\/#breadcrumb\",\"itemListElement\":[{\"@type\":\"ListItem\",\"position\":1,\"name\":\"Home\",\"item\":\"https:\/\/www.dimeco.com\/es\/\"},{\"@type\":\"ListItem\",\"position\":2,\"name\":\"L\u00cdNEA ATENCI\u00d3N AL CLIENTE \u2013 SERVICIO POST-VENTA\"}]}]}<\/script>\n<!-- \/ Yoast SEO plugin. -->","yoast_head_json":{"title":"L\u00cdNEA ATENCI\u00d3N AL CLIENTE \u2013 SERVICIO POST-VENTA - Dimeco","robots":{"index":"index","follow":"follow","max-snippet":"max-snippet:-1","max-image-preview":"max-image-preview:large","max-video-preview":"max-video-preview:-1"},"canonical":"https:\/\/www.dimeco.com\/es\/services\/","og_locale":"es_ES","og_type":"article","og_title":"L\u00cdNEA ATENCI\u00d3N AL CLIENTE \u2013 SERVICIO POST-VENTA - Dimeco","og_description":"Su servicio t\u00e9cnico personalizado L\u00ednea de atenci\u00f3n al cliente DIMECO \u2013 Asistencia en l\u00ednea y contacto telef\u00f3nico. Un grupo de expertos a su disposici\u00f3n DIMECO Planta de Besan\u00e7on 2, rue du Ch\u00eane \u2013 ZI la Louvi\u00e8re 25480 PIREY \u2013 FRANCIA +33 3 81 48 38 18 service@dimeco.com DIMECO Planta de Oiartzun Ara\u00f1aburu 4- D1B Pol.Ind. [&hellip;]","og_url":"https:\/\/www.dimeco.com\/es\/services\/","og_site_name":"Dimeco","article_modified_time":"2025-04-16T09:17:12+00:00","og_image":[{"url":"http:\/\/www.dimeco.com\/wp-content\/uploads\/2019\/03\/945x210-bandeau-Service-MAGASIN-2.jpg"}],"twitter_card":"summary","twitter_misc":{"Tiempo de lectura":"4 minutos"},"schema":{"@context":"https:\/\/schema.org","@graph":[{"@type":"WebSite","@id":"https:\/\/www.dimeco.com\/es\/#website","url":"https:\/\/www.dimeco.com\/es\/","name":"Dimeco","description":"FLEXIBLE SHEET METAL PUNCHING CUTTING &amp; FORMING PROCESSES","potentialAction":[{"@type":"SearchAction","target":{"@type":"EntryPoint","urlTemplate":"https:\/\/www.dimeco.com\/es\/?s={search_term_string}"},"query-input":"required name=search_term_string"}],"inLanguage":"es"},{"@type":"ImageObject","inLanguage":"es","@id":"https:\/\/www.dimeco.com\/es\/services\/#primaryimage","url":"http:\/\/www.dimeco.com\/wp-content\/uploads\/2019\/03\/945x210-bandeau-Service-MAGASIN-2.jpg","contentUrl":"http:\/\/www.dimeco.com\/wp-content\/uploads\/2019\/03\/945x210-bandeau-Service-MAGASIN-2.jpg"},{"@type":"WebPage","@id":"https:\/\/www.dimeco.com\/es\/services\/","url":"https:\/\/www.dimeco.com\/es\/services\/","name":"L\u00cdNEA ATENCI\u00d3N AL CLIENTE \u2013 SERVICIO POST-VENTA - Dimeco","isPartOf":{"@id":"https:\/\/www.dimeco.com\/es\/#website"},"primaryImageOfPage":{"@id":"https:\/\/www.dimeco.com\/es\/services\/#primaryimage"},"datePublished":"2019-03-21T12:16:49+00:00","dateModified":"2025-04-16T09:17:12+00:00","breadcrumb":{"@id":"https:\/\/www.dimeco.com\/es\/services\/#breadcrumb"},"inLanguage":"es","potentialAction":[{"@type":"ReadAction","target":["https:\/\/www.dimeco.com\/es\/services\/"]}]},{"@type":"BreadcrumbList","@id":"https:\/\/www.dimeco.com\/es\/services\/#breadcrumb","itemListElement":[{"@type":"ListItem","position":1,"name":"Home","item":"https:\/\/www.dimeco.com\/es\/"},{"@type":"ListItem","position":2,"name":"L\u00cdNEA ATENCI\u00d3N AL CLIENTE \u2013 SERVICIO POST-VENTA"}]}]}},"_links":{"self":[{"href":"https:\/\/www.dimeco.com\/es\/wp-json\/wp\/v2\/pages\/15527\/"}],"collection":[{"href":"https:\/\/www.dimeco.com\/es\/wp-json\/wp\/v2\/pages\/"}],"about":[{"href":"https:\/\/www.dimeco.com\/es\/wp-json\/wp\/v2\/types\/page\/"}],"author":[{"embeddable":true,"href":"https:\/\/www.dimeco.com\/es\/wp-json\/wp\/v2\/users\/5\/"}],"replies":[{"embeddable":true,"href":"https:\/\/www.dimeco.com\/es\/wp-json\/wp\/v2\/comments\/?post=15527"}],"version-history":[{"count":5,"href":"https:\/\/www.dimeco.com\/es\/wp-json\/wp\/v2\/pages\/15527\/revisions\/"}],"predecessor-version":[{"id":23898,"href":"https:\/\/www.dimeco.com\/es\/wp-json\/wp\/v2\/pages\/15527\/revisions\/23898\/"}],"wp:attachment":[{"href":"https:\/\/www.dimeco.com\/es\/wp-json\/wp\/v2\/media\/?parent=15527"}],"curies":[{"name":"wp","href":"https:\/\/api.w.org\/{rel}","templated":true}]}}