{"id":3863,"date":"2016-09-07T12:32:09","date_gmt":"2016-09-07T12:32:09","guid":{"rendered":"http:\/\/www.dimeco.com\/de\/?page_id=3863"},"modified":"2016-09-08T12:25:24","modified_gmt":"2016-09-08T12:25:24","slug":"data-privacy","status":"publish","type":"page","link":"https:\/\/www.dimeco.com\/de\/data-privacy\/","title":{"rendered":"Personenbezogene Daten"},"content":{"rendered":"<p style=\"line-height: 18.0pt;\"><span style=\"font-family: 'Georgia',serif; color: #333333;\">Die Betreiber dieser Seiten nehmen den Schutz Ihrer pers\u00f6nlichen Daten sehr ernst. Dimeco behandelt Ihre personenbezogenen Daten vertraulich und entsprechend der gesetzlichen Datenschutzvorschriften sowie dieser Datenschutzerkl\u00e4rung.<\/span><\/p>\n<p style=\"line-height: 18.0pt;\"><span style=\"font-family: 'Georgia',serif; color: #333333;\">Die Nutzung unserer Webseite ist in der Regel ohne Angabe personenbezogener Daten m\u00f6glich. Soweit auf unseren Seiten personenbezogene Daten (beispielsweise Name, Anschrift oder E-Mail-Adressen) erhoben werden, erfolgt dies, soweit m\u00f6glich, stets auf freiwilliger Basis. Diese Daten werden ohne Ihre ausdr\u00fcckliche Zustimmung nicht an Dritte weitergegeben.<\/span><\/p>\n<p style=\"line-height: 18.0pt;\"><span style=\"font-family: 'Georgia',serif; color: #333333;\">Wir weisen darauf hin, dass die Daten\u00fcbertragung im Internet (z.B. bei der Kommunikation per E-Mail) Sicherheitsl\u00fccken aufweisen kann. Ein l\u00fcckenloser Schutz der Daten vor dem Zugriff durch Dritte ist nicht m\u00f6glich.<\/span><\/p>\n<p style=\"line-height: 18.0pt;\"><span style=\"font-family: 'Georgia',serif; color: #333333;\">Der Dateninhaber kann seine Rechte auf Zugang, \u00c4nderung, L\u00f6schung und Widerspruch in den durch das Gesetz mit etablierten Bedingungen geltend machen :<\/span><\/p>\n<p style=\"line-height: 18.0pt;\"><span style=\"font-family: 'Georgia',serif; color: #333333;\">Dimeco<br \/>\nUsine de Besan\u00e7on-Pirey (25)<br \/>\n2, rue du Ch\u00eane \u2013 ZI la Louvi\u00e8re<br \/>\n25480 PIREY \u2013 France<\/span><\/p>\n<p style=\"line-height: 18.0pt;\"><span style=\"font-family: 'Georgia',serif; color: #333333;\">\u00a0<\/span><\/p>\n","protected":false},"excerpt":{"rendered":"<p>Die Betreiber dieser Seiten nehmen den Schutz Ihrer pers\u00f6nlichen Daten sehr ernst. Dimeco behandelt Ihre personenbezogenen Daten vertraulich und entsprechend der gesetzlichen Datenschutzvorschriften sowie dieser Datenschutzerkl\u00e4rung. Die Nutzung unserer Webseite ist in der Regel ohne Angabe personenbezogener Daten m\u00f6glich. Soweit auf unseren Seiten personenbezogene Daten (beispielsweise Name, Anschrift oder E-Mail-Adressen) erhoben werden, erfolgt dies, soweit [&hellip;]<\/p>\n","protected":false},"author":3,"featured_media":0,"parent":0,"menu_order":0,"comment_status":"closed","ping_status":"open","template":"page-normal.php","meta":{"extendify_custom_stylesheet":""},"acf":[],"yoast_head":"<!-- This site is optimized with the Yoast SEO plugin v19.3 - https:\/\/yoast.com\/wordpress\/plugins\/seo\/ -->\n<title>Personenbezogene Daten - Dimeco<\/title>\n<meta name=\"robots\" content=\"index, follow, max-snippet:-1, max-image-preview:large, max-video-preview:-1\" \/>\n<link rel=\"canonical\" href=\"https:\/\/www.dimeco.com\/de\/data-privacy\/\" \/>\n<meta property=\"og:locale\" content=\"de_DE\" \/>\n<meta property=\"og:type\" content=\"article\" \/>\n<meta property=\"og:title\" content=\"Personenbezogene Daten - Dimeco\" \/>\n<meta property=\"og:description\" content=\"Die Betreiber dieser Seiten nehmen den Schutz Ihrer pers\u00f6nlichen Daten sehr ernst. Dimeco behandelt Ihre personenbezogenen Daten vertraulich und entsprechend der gesetzlichen Datenschutzvorschriften sowie dieser Datenschutzerkl\u00e4rung. Die Nutzung unserer Webseite ist in der Regel ohne Angabe personenbezogener Daten m\u00f6glich. Soweit auf unseren Seiten personenbezogene Daten (beispielsweise Name, Anschrift oder E-Mail-Adressen) erhoben werden, erfolgt dies, soweit [&hellip;]\" \/>\n<meta property=\"og:url\" content=\"https:\/\/www.dimeco.com\/de\/data-privacy\/\" \/>\n<meta property=\"og:site_name\" content=\"Dimeco\" \/>\n<meta property=\"article:modified_time\" content=\"2016-09-08T12:25:24+00:00\" \/>\n<meta name=\"twitter:card\" content=\"summary\" \/>\n<meta name=\"twitter:label1\" content=\"Gesch\u00e4tzte Lesezeit\" \/>\n\t<meta name=\"twitter:data1\" content=\"1 Minute\" \/>\n<script type=\"application\/ld+json\" class=\"yoast-schema-graph\">{\"@context\":\"https:\/\/schema.org\",\"@graph\":[{\"@type\":\"WebSite\",\"@id\":\"https:\/\/www.dimeco.com\/es\/#website\",\"url\":\"https:\/\/www.dimeco.com\/es\/\",\"name\":\"Dimeco\",\"description\":\"FLEXIBLE SHEET METAL PUNCHING CUTTING &amp; FORMING PROCESSES\",\"potentialAction\":[{\"@type\":\"SearchAction\",\"target\":{\"@type\":\"EntryPoint\",\"urlTemplate\":\"https:\/\/www.dimeco.com\/es\/?s={search_term_string}\"},\"query-input\":\"required name=search_term_string\"}],\"inLanguage\":\"de-DE\"},{\"@type\":\"WebPage\",\"@id\":\"https:\/\/www.dimeco.com\/de\/data-privacy\/\",\"url\":\"https:\/\/www.dimeco.com\/de\/data-privacy\/\",\"name\":\"Personenbezogene Daten - Dimeco\",\"isPartOf\":{\"@id\":\"https:\/\/www.dimeco.com\/es\/#website\"},\"datePublished\":\"2016-09-07T12:32:09+00:00\",\"dateModified\":\"2016-09-08T12:25:24+00:00\",\"breadcrumb\":{\"@id\":\"https:\/\/www.dimeco.com\/de\/data-privacy\/#breadcrumb\"},\"inLanguage\":\"de-DE\",\"potentialAction\":[{\"@type\":\"ReadAction\",\"target\":[\"https:\/\/www.dimeco.com\/de\/data-privacy\/\"]}]},{\"@type\":\"BreadcrumbList\",\"@id\":\"https:\/\/www.dimeco.com\/de\/data-privacy\/#breadcrumb\",\"itemListElement\":[{\"@type\":\"ListItem\",\"position\":1,\"name\":\"Home\",\"item\":\"https:\/\/www.dimeco.com\/de\/\"},{\"@type\":\"ListItem\",\"position\":2,\"name\":\"Personenbezogene Daten\"}]}]}<\/script>\n<!-- \/ Yoast SEO plugin. -->","yoast_head_json":{"title":"Personenbezogene Daten - Dimeco","robots":{"index":"index","follow":"follow","max-snippet":"max-snippet:-1","max-image-preview":"max-image-preview:large","max-video-preview":"max-video-preview:-1"},"canonical":"https:\/\/www.dimeco.com\/de\/data-privacy\/","og_locale":"de_DE","og_type":"article","og_title":"Personenbezogene Daten - Dimeco","og_description":"Die Betreiber dieser Seiten nehmen den Schutz Ihrer pers\u00f6nlichen Daten sehr ernst. Dimeco behandelt Ihre personenbezogenen Daten vertraulich und entsprechend der gesetzlichen Datenschutzvorschriften sowie dieser Datenschutzerkl\u00e4rung. Die Nutzung unserer Webseite ist in der Regel ohne Angabe personenbezogener Daten m\u00f6glich. Soweit auf unseren Seiten personenbezogene Daten (beispielsweise Name, Anschrift oder E-Mail-Adressen) erhoben werden, erfolgt dies, soweit [&hellip;]","og_url":"https:\/\/www.dimeco.com\/de\/data-privacy\/","og_site_name":"Dimeco","article_modified_time":"2016-09-08T12:25:24+00:00","twitter_card":"summary","twitter_misc":{"Gesch\u00e4tzte Lesezeit":"1 Minute"},"schema":{"@context":"https:\/\/schema.org","@graph":[{"@type":"WebSite","@id":"https:\/\/www.dimeco.com\/es\/#website","url":"https:\/\/www.dimeco.com\/es\/","name":"Dimeco","description":"FLEXIBLE SHEET METAL PUNCHING CUTTING &amp; FORMING PROCESSES","potentialAction":[{"@type":"SearchAction","target":{"@type":"EntryPoint","urlTemplate":"https:\/\/www.dimeco.com\/es\/?s={search_term_string}"},"query-input":"required name=search_term_string"}],"inLanguage":"de-DE"},{"@type":"WebPage","@id":"https:\/\/www.dimeco.com\/de\/data-privacy\/","url":"https:\/\/www.dimeco.com\/de\/data-privacy\/","name":"Personenbezogene Daten - Dimeco","isPartOf":{"@id":"https:\/\/www.dimeco.com\/es\/#website"},"datePublished":"2016-09-07T12:32:09+00:00","dateModified":"2016-09-08T12:25:24+00:00","breadcrumb":{"@id":"https:\/\/www.dimeco.com\/de\/data-privacy\/#breadcrumb"},"inLanguage":"de-DE","potentialAction":[{"@type":"ReadAction","target":["https:\/\/www.dimeco.com\/de\/data-privacy\/"]}]},{"@type":"BreadcrumbList","@id":"https:\/\/www.dimeco.com\/de\/data-privacy\/#breadcrumb","itemListElement":[{"@type":"ListItem","position":1,"name":"Home","item":"https:\/\/www.dimeco.com\/de\/"},{"@type":"ListItem","position":2,"name":"Personenbezogene Daten"}]}]}},"_links":{"self":[{"href":"https:\/\/www.dimeco.com\/de\/wp-json\/wp\/v2\/pages\/3863\/"}],"collection":[{"href":"https:\/\/www.dimeco.com\/de\/wp-json\/wp\/v2\/pages\/"}],"about":[{"href":"https:\/\/www.dimeco.com\/de\/wp-json\/wp\/v2\/types\/page\/"}],"author":[{"embeddable":true,"href":"https:\/\/www.dimeco.com\/de\/wp-json\/wp\/v2\/users\/3\/"}],"replies":[{"embeddable":true,"href":"https:\/\/www.dimeco.com\/de\/wp-json\/wp\/v2\/comments\/?post=3863"}],"version-history":[{"count":0,"href":"https:\/\/www.dimeco.com\/de\/wp-json\/wp\/v2\/pages\/3863\/revisions\/"}],"wp:attachment":[{"href":"https:\/\/www.dimeco.com\/de\/wp-json\/wp\/v2\/media\/?parent=3863"}],"curies":[{"name":"wp","href":"https:\/\/api.w.org\/{rel}","templated":true}]}}