{"id":3281,"date":"2016-07-22T08:39:35","date_gmt":"2016-07-22T08:39:35","guid":{"rendered":"http:\/\/www.dimeco.com\/de\/?page_id=3281"},"modified":"2020-07-15T09:36:06","modified_gmt":"2020-07-15T09:36:06","slug":"startseite","status":"publish","type":"page","link":"https:\/\/www.dimeco.com\/de\/","title":{"rendered":"Startseite"},"content":{"rendered":"<p><head><!-- Global site tag (gtag.js) - Google Analytics --><br \/>\n<script async src=\"https:\/\/www.googletagmanager.com\/gtag\/js?id=UA-114503852-1\"><\/script><br \/>\n<script>\n  window.dataLayer = window.dataLayer || [];\n  function gtag(){dataLayer.push(arguments);}\n  gtag('js', new Date());<\/p>\n<p>  gtag('config', 'UA-114503852-1');\n<\/script><br \/>\n<\/head><\/p>\n<div class=\"row\">\n<div class=\"grid_4\">\n<p>Dimeco bietet Komplettl\u00f6sungen im Bereich der Blechbearbeitung ab Coil.<\/p>\n<p>Diese L\u00f6sungen umfassen folgende Aufgaben: Stanzen, Nibbeln, Scheren, Profilieren und Biegen und kommen f\u00fcr fertige oder halbfertige Blecherzeugnisse zum Einsatz.<br \/>\nSeit 50 Jahren bietet DIMECO ein breites Spektrum an Bandanlagen f\u00fcr jeden Anwendung : Haspeln, Richtmaschinen und CNC-gesteuerte Vorsch\u00fcbe. Diese Bandanlagen sind f\u00fcr alle Coil Anwendungen in der Stanzindustrie einsetzbar.<\/p>\n<p>Zudem bieten wir komplette kundenspezifische flexible Stanzlinien basierend auf der Coil-Technik: die FLEXILINES. Diese Blechbearbeitungsanlagen integrieren unterschiedliche Operationen wie : Stanzen, Nibbeln, Profilieren oder Biegen.<\/p>\n<\/div>\n<div class=\"grid_5\">\n<div id=\"metaslider-id-304\" style=\"width: 100%; margin: 0 auto;\" class=\"ml-slider-3-27-7 metaslider metaslider-flex metaslider-304 ml-slider ml-slider-lightbox-1-12-0 lightbox-disabled nav-hidden\">\n    <div id=\"metaslider_container_304\">\n        <div id=\"metaslider_304\">\n            <ul aria-live=\"polite\" class=\"slides\">\n                <li style=\"display: block; width: 100%;\" class=\"slide-245 ms-image\"><img width=\"739\" height=\"592\" src=\"https:\/\/www.dimeco.com\/wp-content\/uploads\/2015\/02\/portacables2.jpg\" class=\"slider-304 slide-245\" alt=\"Lorem ipsum dolor sit amet, consectetur 1\" loading=\"lazy\" rel=\"\" title=\"Lorem ipsum dolor sit amet, consectetur 1\" style=\"margin: 0 auto; width: 88.874302291422%\" srcset=\"https:\/\/www.dimeco.com\/wp-content\/uploads\/2015\/02\/portacables2.jpg 739w, https:\/\/www.dimeco.com\/wp-content\/uploads\/2015\/02\/portacables2-300x240.jpg 300w\" sizes=\"(max-width: 739px) 100vw, 739px\" \/><\/li>\n                <li style=\"display: none; width: 100%;\" class=\"slide-702 ms-image\"><img width=\"960\" height=\"653\" src=\"https:\/\/www.dimeco.com\/wp-content\/uploads\/2015\/10\/1-Upright-beams.jpg\" class=\"slider-304 slide-702\" alt=\"\" loading=\"lazy\" rel=\"\" title=\"\" style=\"margin-top: 1.5874094202899%\" srcset=\"https:\/\/www.dimeco.com\/wp-content\/uploads\/2015\/10\/1-Upright-beams.jpg 960w, https:\/\/www.dimeco.com\/wp-content\/uploads\/2015\/10\/1-Upright-beams-300x204.jpg 300w, https:\/\/www.dimeco.com\/wp-content\/uploads\/2015\/10\/1-Upright-beams-928x631.jpg 928w\" sizes=\"(max-width: 960px) 100vw, 960px\" \/><\/li>\n                <li style=\"display: none; width: 100%;\" class=\"slide-696 ms-image\"><img width=\"960\" height=\"723\" src=\"https:\/\/www.dimeco.com\/wp-content\/uploads\/2015\/10\/5.Grating.jpg\" class=\"slider-304 slide-696\" alt=\"\" loading=\"lazy\" rel=\"\" title=\"\" style=\"margin: 0 auto; width: 94.53364604005%\" srcset=\"https:\/\/www.dimeco.com\/wp-content\/uploads\/2015\/10\/5.Grating.jpg 960w, https:\/\/www.dimeco.com\/wp-content\/uploads\/2015\/10\/5.Grating-300x226.jpg 300w, https:\/\/www.dimeco.com\/wp-content\/uploads\/2015\/10\/5.Grating-928x699.jpg 928w, https:\/\/www.dimeco.com\/wp-content\/uploads\/2015\/10\/5.Grating-400x300.jpg 400w\" sizes=\"(max-width: 960px) 100vw, 960px\" \/><\/li>\n                <li style=\"display: none; width: 100%;\" class=\"slide-1166 ms-image\"><img width=\"1100\" height=\"653\" src=\"https:\/\/www.dimeco.com\/wp-content\/uploads\/2015\/10\/2_1.jpg\" class=\"slider-304 slide-1166\" alt=\"\" loading=\"lazy\" rel=\"\" title=\"\" style=\"margin-top: 5.9160079051383%\" srcset=\"https:\/\/www.dimeco.com\/wp-content\/uploads\/2015\/10\/2_1.jpg 1100w, https:\/\/www.dimeco.com\/wp-content\/uploads\/2015\/10\/2_1-300x178.jpg 300w, https:\/\/www.dimeco.com\/wp-content\/uploads\/2015\/10\/2_1-1024x608.jpg 1024w, https:\/\/www.dimeco.com\/wp-content\/uploads\/2015\/10\/2_1-928x551.jpg 928w\" sizes=\"(max-width: 1100px) 100vw, 1100px\" \/><\/li>\n                <li style=\"display: none; width: 100%;\" class=\"slide-3135 ms-image\"><img width=\"1648\" height=\"1114\" src=\"https:\/\/www.dimeco.com\/wp-content\/uploads\/2016\/05\/home_app.jpg\" class=\"slider-304 slide-3135\" alt=\"\" loading=\"lazy\" rel=\"\" title=\"\" style=\"margin-top: 1.7992823976361%\" srcset=\"https:\/\/www.dimeco.com\/wp-content\/uploads\/2016\/05\/home_app.jpg 1648w, https:\/\/www.dimeco.com\/wp-content\/uploads\/2016\/05\/home_app-300x203.jpg 300w, https:\/\/www.dimeco.com\/wp-content\/uploads\/2016\/05\/home_app-768x519.jpg 768w, https:\/\/www.dimeco.com\/wp-content\/uploads\/2016\/05\/home_app-1024x692.jpg 1024w, https:\/\/www.dimeco.com\/wp-content\/uploads\/2016\/05\/home_app-928x627.jpg 928w\" sizes=\"(max-width: 1648px) 100vw, 1648px\" \/><\/li>\n            <\/ul>\n        <\/div>\n        \n    <\/div>\n<\/div>\n<\/div>\n<\/div>\n<p>&nbsp;<\/p>\n<div class=\"row\">\n<div class=\"grid_4\">\n<p>Das Abrollen der Bleche vom Coil ist das historische Gesch\u00e4ft von DIMECO. Als einer der europ\u00e4ischen Marktf\u00fchrer verf\u00fcgen wir mit mehr als 500 Standardmaschinen \u00fcber die breiteste Produktpalette f\u00fcr Bandanlagen. Haspeln, Richtmaschinen und Vorsch\u00fcbe. Diese lassen sich in Lang- oder Kurzbauform in allen m\u00f6glichen Konfigurationen gestalten f\u00fcr Aufgaben wie Stanzen, Rollformen oder Biegen.<\/p>\n<p>Die meisten Linien bearbeiten Coil-Bleche mit einer Dicke von 0,4 bis 4 mm in allen Materialien. DIMECO hat auch ein eigenes Know-how entwickelt f\u00fcr besonders empfindliches Material: Edelstahl, Kupfer oder poliertes Aluminium.<\/p>\n<\/div>\n<div class=\"grid_5\">\n<div id=\"metaslider-id-301\" style=\"width: 100%; margin: 0 auto;\" class=\"ml-slider-3-27-7 metaslider metaslider-flex metaslider-301 ml-slider ml-slider-lightbox-1-12-0 lightbox-disabled nav-hidden nav-hidden\">\n    <div id=\"metaslider_container_301\">\n        <div id=\"metaslider_301\">\n            <ul aria-live=\"polite\" class=\"slides\">\n                <li style=\"display: block; width: 100%;\" class=\"slide-1346 ms-image\"><a href=\"http:\/\/www.dimeco.com\/dimeco-solutions\/coil-handling-pressfeed-lines\/\" target=\"_self\"><img width=\"960\" height=\"604\" src=\"https:\/\/www.dimeco.com\/wp-content\/uploads\/2015\/11\/Dimeco2_b.jpg\" class=\"slider-301 slide-1346\" alt=\"\" loading=\"lazy\" rel=\"\" title=\"\" style=\"margin-top: 6.5851449275362%\" srcset=\"https:\/\/www.dimeco.com\/wp-content\/uploads\/2015\/11\/Dimeco2_b.jpg 960w, https:\/\/www.dimeco.com\/wp-content\/uploads\/2015\/11\/Dimeco2_b-300x189.jpg 300w, https:\/\/www.dimeco.com\/wp-content\/uploads\/2015\/11\/Dimeco2_b-928x584.jpg 928w\" sizes=\"(max-width: 960px) 100vw, 960px\" \/><\/a><\/li>\n                <li style=\"display: none; width: 100%;\" class=\"slide-1344 ms-image\"><a href=\"http:\/\/www.dimeco.com\/dimeco-solutions\/flexible-punching-from-coil\/\" target=\"_self\"><img width=\"960\" height=\"669\" src=\"https:\/\/www.dimeco.com\/wp-content\/uploads\/2015\/11\/Dimeco-flexible-coil-punching_b.jpg\" class=\"slider-301 slide-1344\" alt=\"\" loading=\"lazy\" rel=\"\" title=\"\" style=\"margin-top: 3.1997282608696%\" srcset=\"https:\/\/www.dimeco.com\/wp-content\/uploads\/2015\/11\/Dimeco-flexible-coil-punching_b.jpg 960w, https:\/\/www.dimeco.com\/wp-content\/uploads\/2015\/11\/Dimeco-flexible-coil-punching_b-300x209.jpg 300w, https:\/\/www.dimeco.com\/wp-content\/uploads\/2015\/11\/Dimeco-flexible-coil-punching_b-928x647.jpg 928w\" sizes=\"(max-width: 960px) 100vw, 960px\" \/><\/a><\/li>\n                <li style=\"display: none; width: 100%;\" class=\"slide-1349 ms-image\"><img width=\"4203\" height=\"2294\" src=\"https:\/\/www.dimeco.com\/wp-content\/uploads\/2015\/11\/Grief-LDC1.jpg\" class=\"slider-301 slide-1349\" alt=\"\" loading=\"lazy\" rel=\"\" title=\"\" style=\"margin-top: 10.753447330582%\" srcset=\"https:\/\/www.dimeco.com\/wp-content\/uploads\/2015\/11\/Grief-LDC1.jpg 4203w, https:\/\/www.dimeco.com\/wp-content\/uploads\/2015\/11\/Grief-LDC1-300x164.jpg 300w, https:\/\/www.dimeco.com\/wp-content\/uploads\/2015\/11\/Grief-LDC1-1024x559.jpg 1024w, https:\/\/www.dimeco.com\/wp-content\/uploads\/2015\/11\/Grief-LDC1-928x507.jpg 928w\" sizes=\"(max-width: 4203px) 100vw, 4203px\" \/><\/li>\n                <li style=\"display: none; width: 100%;\" class=\"slide-912 ms-image\"><img width=\"960\" height=\"579\" src=\"https:\/\/www.dimeco.com\/wp-content\/uploads\/2015\/09\/1.Portada.jpg\" class=\"slider-301 slide-912\" alt=\"\" loading=\"lazy\" rel=\"\" title=\"\" style=\"margin-top: 7.8872282608696%\" srcset=\"https:\/\/www.dimeco.com\/wp-content\/uploads\/2015\/09\/1.Portada.jpg 960w, https:\/\/www.dimeco.com\/wp-content\/uploads\/2015\/09\/1.Portada-300x181.jpg 300w, https:\/\/www.dimeco.com\/wp-content\/uploads\/2015\/09\/1.Portada-928x560.jpg 928w\" sizes=\"(max-width: 960px) 100vw, 960px\" \/><div class=\"caption-wrap\"><div class=\"caption\">Rollforming line<\/div><\/div><\/li>\n                <li style=\"display: none; width: 100%;\" class=\"slide-1128 ms-image\"><img width=\"960\" height=\"400\" src=\"https:\/\/www.dimeco.com\/wp-content\/uploads\/2015\/10\/slide-fr-2.jpg\" class=\"slider-301 slide-1128\" alt=\"\" loading=\"lazy\" rel=\"\" title=\"\" style=\"margin-top: 17.210144927536%\" srcset=\"https:\/\/www.dimeco.com\/wp-content\/uploads\/2015\/10\/slide-fr-2.jpg 960w, https:\/\/www.dimeco.com\/wp-content\/uploads\/2015\/10\/slide-fr-2-300x125.jpg 300w, https:\/\/www.dimeco.com\/wp-content\/uploads\/2015\/10\/slide-fr-2-928x387.jpg 928w\" sizes=\"(max-width: 960px) 100vw, 960px\" \/><\/li>\n                <li style=\"display: none; width: 100%;\" class=\"slide-1092 ms-image\"><a href=\"http:\/\/www.dimeco.com\/dimeco-solutions\/coil-loading-coil-storage\/\" target=\"_self\"><img width=\"960\" height=\"828\" src=\"https:\/\/www.dimeco.com\/wp-content\/uploads\/2015\/10\/17.jpg\" class=\"slider-301 slide-1092\" alt=\"\" loading=\"lazy\" rel=\"\" title=\"\" style=\"margin: 0 auto; width: 88.216761184625%\" srcset=\"https:\/\/www.dimeco.com\/wp-content\/uploads\/2015\/10\/17.jpg 960w, https:\/\/www.dimeco.com\/wp-content\/uploads\/2015\/10\/17-300x259.jpg 300w, https:\/\/www.dimeco.com\/wp-content\/uploads\/2015\/10\/17-928x800.jpg 928w\" sizes=\"(max-width: 960px) 100vw, 960px\" \/><\/a><\/li>\n                <li style=\"display: none; width: 100%;\" class=\"slide-793 ms-image\"><a href=\"http:\/\/www.dimeco.com\/dimeco-solutions\/tools-and-moulds-loading-storage\/\" target=\"_self\"><img width=\"960\" height=\"665\" src=\"https:\/\/www.dimeco.com\/wp-content\/uploads\/2015\/09\/Stackmatic2.jpg\" class=\"slider-301 slide-793\" alt=\"\" loading=\"lazy\" rel=\"\" title=\"\" style=\"margin-top: 3.4080615942029%\" srcset=\"https:\/\/www.dimeco.com\/wp-content\/uploads\/2015\/09\/Stackmatic2.jpg 960w, https:\/\/www.dimeco.com\/wp-content\/uploads\/2015\/09\/Stackmatic2-300x208.jpg 300w, https:\/\/www.dimeco.com\/wp-content\/uploads\/2015\/09\/Stackmatic2-928x643.jpg 928w\" sizes=\"(max-width: 960px) 100vw, 960px\" \/><\/a><\/li>\n                <li style=\"display: none; width: 100%;\" class=\"slide-1024 ms-image\"><a href=\"http:\/\/www.dimeco.com\/dimeco-solutions\/quick-die-change-rotobloc\/\" target=\"_self\"><img width=\"960\" height=\"1136\" src=\"https:\/\/www.dimeco.com\/wp-content\/uploads\/2015\/09\/Rotobloc.jpg\" class=\"slider-301 slide-1024\" alt=\"\" loading=\"lazy\" rel=\"\" title=\"\" style=\"margin: 0 auto; width: 64.298836497244%\" srcset=\"https:\/\/www.dimeco.com\/wp-content\/uploads\/2015\/09\/Rotobloc.jpg 960w, https:\/\/www.dimeco.com\/wp-content\/uploads\/2015\/09\/Rotobloc-254x300.jpg 254w, https:\/\/www.dimeco.com\/wp-content\/uploads\/2015\/09\/Rotobloc-865x1024.jpg 865w, https:\/\/www.dimeco.com\/wp-content\/uploads\/2015\/09\/Rotobloc-928x1098.jpg 928w\" sizes=\"(max-width: 960px) 100vw, 960px\" \/><\/a><\/li>\n            <\/ul>\n        <\/div>\n        \n    <\/div>\n<\/div>\n<\/div>\n<\/div>\n<div class=\"row\">\n<div class=\"grid_4\">\n<h2 class=\"titulos_secundarios_home\">Dimeco weltweit<\/h2>\n<p class=\"text_center\"><a href=\"http:\/\/www.dimeco.com\/sales-network\/\"><img class=\"max-img\" src=\"http:\/\/www.dimeco.com\/wp-content\/uploads\/2015\/10\/world-map-12374031.jpg\" alt=\"mapa\" \/><\/a><\/p>\n<p>Dimeco ist weltweit vertreten entweder durch eigene Dimeco-Tochtergesellschaften oder durch unabh\u00e4ngige Firmen. Unsere Vertretungen stehen Ihnen jederzeit f\u00fcr eine individuelle Betreuung zur Verf\u00fcgung.<\/p>\n<p class=\"text_center centrar\"><a class=\"boton\" style=\"color: #fff;\" href=\"http:\/\/www.dimeco.com\/de\/dimeco-weltweit\/\">Dimeco weltweit<\/a><\/p>\n<\/div>\n<div class=\"grid_5\">\n<h2 class=\"titulos_secundarios_home\">Katalog<\/h2>\n<p class=\"text-center centrar\"><a href=\"http:\/\/www.dimeco.com\/catalogues\/Catalog-Group-DIMECO-DE.pdf\"><img loading=\"lazy\" class=\"wp-image-6878 size-medium aligncenter\" src=\"http:\/\/www.dimeco.com\/wp-content\/uploads\/2018\/02\/Katalog-Group-DIMECO-DE-283x300.png\" alt=\"\" width=\"283\" height=\"300\" srcset=\"https:\/\/www.dimeco.com\/wp-content\/uploads\/2018\/02\/Katalog-Group-DIMECO-DE-283x300.png 283w, https:\/\/www.dimeco.com\/wp-content\/uploads\/2018\/02\/Katalog-Group-DIMECO-DE-768x814.png 768w, https:\/\/www.dimeco.com\/wp-content\/uploads\/2018\/02\/Katalog-Group-DIMECO-DE-966x1024.png 966w, https:\/\/www.dimeco.com\/wp-content\/uploads\/2018\/02\/Katalog-Group-DIMECO-DE-928x983.png 928w, https:\/\/www.dimeco.com\/wp-content\/uploads\/2018\/02\/Katalog-Group-DIMECO-DE.png 1204w\" sizes=\"(max-width: 283px) 100vw, 283px\" \/><\/a><\/p>\n<p class=\"text_center centrar\"><a class=\"boton\" style=\"color: #fff;\" href=\"http:\/\/www.dimeco.com\/catalogues\/Catalog-Group-DIMECO-DE.pdf\">Katalog<\/a><\/p>\n<\/div>\n<\/div>\n","protected":false},"excerpt":{"rendered":"<p>&nbsp;<\/p>\n","protected":false},"author":1,"featured_media":0,"parent":0,"menu_order":0,"comment_status":"closed","ping_status":"closed","template":"pagina-de-inicio.php","meta":{"extendify_custom_stylesheet":""},"acf":[],"yoast_head":"<!-- This site is optimized with the Yoast SEO plugin v19.3 - https:\/\/yoast.com\/wordpress\/plugins\/seo\/ -->\n<title>Startseite - Dimeco<\/title>\n<meta name=\"robots\" content=\"index, follow, max-snippet:-1, max-image-preview:large, max-video-preview:-1\" \/>\n<link rel=\"canonical\" href=\"https:\/\/www.dimeco.com\/de\/\" \/>\n<meta property=\"og:locale\" content=\"de_DE\" \/>\n<meta property=\"og:type\" content=\"article\" \/>\n<meta property=\"og:title\" content=\"Startseite - Dimeco\" \/>\n<meta property=\"og:description\" content=\"&nbsp;\" \/>\n<meta property=\"og:url\" content=\"https:\/\/www.dimeco.com\/de\/\" \/>\n<meta property=\"og:site_name\" content=\"Dimeco\" \/>\n<meta property=\"article:modified_time\" content=\"2020-07-15T09:36:06+00:00\" \/>\n<meta property=\"og:image\" content=\"http:\/\/www.dimeco.com\/wp-content\/uploads\/2015\/10\/world-map-12374031.jpg\" \/>\n<meta name=\"twitter:card\" content=\"summary\" \/>\n<meta name=\"twitter:label1\" content=\"Gesch\u00e4tzte Lesezeit\" \/>\n\t<meta name=\"twitter:data1\" content=\"1 Minute\" \/>\n<script type=\"application\/ld+json\" class=\"yoast-schema-graph\">{\"@context\":\"https:\/\/schema.org\",\"@graph\":[{\"@type\":\"WebSite\",\"@id\":\"https:\/\/www.dimeco.com\/es\/#website\",\"url\":\"https:\/\/www.dimeco.com\/es\/\",\"name\":\"Dimeco\",\"description\":\"FLEXIBLE SHEET METAL PUNCHING CUTTING &amp; FORMING PROCESSES\",\"potentialAction\":[{\"@type\":\"SearchAction\",\"target\":{\"@type\":\"EntryPoint\",\"urlTemplate\":\"https:\/\/www.dimeco.com\/es\/?s={search_term_string}\"},\"query-input\":\"required name=search_term_string\"}],\"inLanguage\":\"de-DE\"},{\"@type\":\"ImageObject\",\"inLanguage\":\"de-DE\",\"@id\":\"https:\/\/www.dimeco.com\/de\/#primaryimage\",\"url\":\"http:\/\/www.dimeco.com\/wp-content\/uploads\/2015\/10\/world-map-12374031.jpg\",\"contentUrl\":\"http:\/\/www.dimeco.com\/wp-content\/uploads\/2015\/10\/world-map-12374031.jpg\"},{\"@type\":\"WebPage\",\"@id\":\"https:\/\/www.dimeco.com\/de\/\",\"url\":\"https:\/\/www.dimeco.com\/de\/\",\"name\":\"Startseite - Dimeco\",\"isPartOf\":{\"@id\":\"https:\/\/www.dimeco.com\/es\/#website\"},\"primaryImageOfPage\":{\"@id\":\"https:\/\/www.dimeco.com\/de\/#primaryimage\"},\"datePublished\":\"2016-07-22T08:39:35+00:00\",\"dateModified\":\"2020-07-15T09:36:06+00:00\",\"breadcrumb\":{\"@id\":\"https:\/\/www.dimeco.com\/de\/#breadcrumb\"},\"inLanguage\":\"de-DE\",\"potentialAction\":[{\"@type\":\"ReadAction\",\"target\":[\"https:\/\/www.dimeco.com\/de\/\"]}]},{\"@type\":\"BreadcrumbList\",\"@id\":\"https:\/\/www.dimeco.com\/de\/#breadcrumb\",\"itemListElement\":[{\"@type\":\"ListItem\",\"position\":1,\"name\":\"Home\",\"item\":\"https:\/\/www.dimeco.com\/de\/\"},{\"@type\":\"ListItem\",\"position\":2,\"name\":\"Startseite\"}]}]}<\/script>\n<!-- \/ Yoast SEO plugin. -->","yoast_head_json":{"title":"Startseite - Dimeco","robots":{"index":"index","follow":"follow","max-snippet":"max-snippet:-1","max-image-preview":"max-image-preview:large","max-video-preview":"max-video-preview:-1"},"canonical":"https:\/\/www.dimeco.com\/de\/","og_locale":"de_DE","og_type":"article","og_title":"Startseite - Dimeco","og_description":"&nbsp;","og_url":"https:\/\/www.dimeco.com\/de\/","og_site_name":"Dimeco","article_modified_time":"2020-07-15T09:36:06+00:00","og_image":[{"url":"http:\/\/www.dimeco.com\/wp-content\/uploads\/2015\/10\/world-map-12374031.jpg"}],"twitter_card":"summary","twitter_misc":{"Gesch\u00e4tzte Lesezeit":"1 Minute"},"schema":{"@context":"https:\/\/schema.org","@graph":[{"@type":"WebSite","@id":"https:\/\/www.dimeco.com\/es\/#website","url":"https:\/\/www.dimeco.com\/es\/","name":"Dimeco","description":"FLEXIBLE SHEET METAL PUNCHING CUTTING &amp; FORMING PROCESSES","potentialAction":[{"@type":"SearchAction","target":{"@type":"EntryPoint","urlTemplate":"https:\/\/www.dimeco.com\/es\/?s={search_term_string}"},"query-input":"required name=search_term_string"}],"inLanguage":"de-DE"},{"@type":"ImageObject","inLanguage":"de-DE","@id":"https:\/\/www.dimeco.com\/de\/#primaryimage","url":"http:\/\/www.dimeco.com\/wp-content\/uploads\/2015\/10\/world-map-12374031.jpg","contentUrl":"http:\/\/www.dimeco.com\/wp-content\/uploads\/2015\/10\/world-map-12374031.jpg"},{"@type":"WebPage","@id":"https:\/\/www.dimeco.com\/de\/","url":"https:\/\/www.dimeco.com\/de\/","name":"Startseite - Dimeco","isPartOf":{"@id":"https:\/\/www.dimeco.com\/es\/#website"},"primaryImageOfPage":{"@id":"https:\/\/www.dimeco.com\/de\/#primaryimage"},"datePublished":"2016-07-22T08:39:35+00:00","dateModified":"2020-07-15T09:36:06+00:00","breadcrumb":{"@id":"https:\/\/www.dimeco.com\/de\/#breadcrumb"},"inLanguage":"de-DE","potentialAction":[{"@type":"ReadAction","target":["https:\/\/www.dimeco.com\/de\/"]}]},{"@type":"BreadcrumbList","@id":"https:\/\/www.dimeco.com\/de\/#breadcrumb","itemListElement":[{"@type":"ListItem","position":1,"name":"Home","item":"https:\/\/www.dimeco.com\/de\/"},{"@type":"ListItem","position":2,"name":"Startseite"}]}]}},"_links":{"self":[{"href":"https:\/\/www.dimeco.com\/de\/wp-json\/wp\/v2\/pages\/3281\/"}],"collection":[{"href":"https:\/\/www.dimeco.com\/de\/wp-json\/wp\/v2\/pages\/"}],"about":[{"href":"https:\/\/www.dimeco.com\/de\/wp-json\/wp\/v2\/types\/page\/"}],"author":[{"embeddable":true,"href":"https:\/\/www.dimeco.com\/de\/wp-json\/wp\/v2\/users\/1\/"}],"replies":[{"embeddable":true,"href":"https:\/\/www.dimeco.com\/de\/wp-json\/wp\/v2\/comments\/?post=3281"}],"version-history":[{"count":5,"href":"https:\/\/www.dimeco.com\/de\/wp-json\/wp\/v2\/pages\/3281\/revisions\/"}],"predecessor-version":[{"id":17290,"href":"https:\/\/www.dimeco.com\/de\/wp-json\/wp\/v2\/pages\/3281\/revisions\/17290\/"}],"wp:attachment":[{"href":"https:\/\/www.dimeco.com\/de\/wp-json\/wp\/v2\/media\/?parent=3281"}],"curies":[{"name":"wp","href":"https:\/\/api.w.org\/{rel}","templated":true}]}}