{"id":3209,"date":"2016-07-21T13:20:16","date_gmt":"2016-07-21T13:20:16","guid":{"rendered":"http:\/\/www.dimeco.com\/de\/?page_id=3209"},"modified":"2017-03-21T15:34:25","modified_gmt":"2017-03-21T15:34:25","slug":"unternehmen","status":"publish","type":"page","link":"https:\/\/www.dimeco.com\/de\/unternehmen\/","title":{"rendered":"Unternehmen"},"content":{"rendered":"<p>Dimeco ist ein 1957 gegr\u00fcndetes franz\u00f6sisches Unternehmen im Bereich der Maschinen f\u00fcr die Blechbearbeitung ab Coil mit Hauptsitz in Besan\u00e7on \/ Frankreich.<br \/>\nGeorges Jeanney, Gr\u00fcnder der Firma, hat fr\u00fchzeitig die Vorteile des Coils erkannt.<br \/>\nDie Entwicklung der Blechbearbeitung ab Coilmaterial ab den 60-iger Jahre hat zum Bau eines Fertigungsgeb\u00e4udes in Besan\u00e7on, der Hauptstadt der franz\u00f6sischen Feinwerktechnik, beigetragen.<\/p>\n<p>Mit 8000 qm-Fl\u00e4che bieten unsere Fertigungsgeb\u00e4ude modernste Ausstattungen.<br \/>\nUm den aktuellsten Umweltanspr\u00fcchen entgegenzukommen, wurde unser Dach 2009 mit Fotovoltaikmodulen ausgestattet. Der Solarz\u00e4hler zeigt j\u00e4hrlich 110 000kW an.<\/p>\n<p>Christine Jeanney, als gesch\u00e4ftsf\u00fchrende Gesellschafterin und Tochter des Unternehmensgr\u00fcnders, ist komplett von der Weiterentwicklung Dimecos auf internationaler Ebene \u00fcberzeugt. &#8222;In Besan\u00e7on zuhause &#8211; in der Welt unterwegs&#8220; lautet die Devise ihrer Mitarbeiter. Das bedeutet 70% des Umsatzes als Exportanteil mit folgender Firmenstruktur im Bereich der Blechbearbeitung:<\/p>\n<ul>\n<li>Hauptquartier ist Besan\u00e7on, wo sich die Entwicklung und Konstruktion der Gruppe befinden. Da werden die Bandanlagen, die Querteilanlagen und die &#8222;Flexilines&#8220; (flexible Stanzlinien LINAPUNCH, flexible Stanzvorrichtungen und LINACUT, endlos Laserschneiden vom Coil) sowie die Vorrichtungen f\u00fcr Coil-Handling und Schnellwerkzeugwechselsyteme gefertigt.<\/li>\n<li>Die spanische Niederlassung in Oyartzun (nahe San Sebastian) verf\u00fcgt \u00fcber ein hochmodernes Industriegeb\u00e4ude wo flexible Fertigungslinien und Rollformanlagen gefertigt werden.<\/li>\n<li>K\u00fcrzlich wurde ein Joint-Venture mit DKMFS in Pune (Indien) im Bereich der Bandanlagen und Querteilanlagen f\u00fcr den indischen Markt abgeschlossen.<\/li>\n<\/ul>\n<p>Alle Maschinen und deren Ausstattungen sowie die kompletten Fertigungslinien werden von Dimeco von A bis Z konstruiert und aufgebaut &#8211; von der Mechanik bis zur komplexen Prozessintegration.<br \/>\nLe groupe Dimeco emploie 100 personnes \u00e0 Pirey (France), 35 \u00e0 Oyartzun (Espagne), 26 chez Mib Hydro \u00e0 St Etienne (France) et 8 \u00e0 Pune (Inde).<\/p>\n<p>Dimeco besch\u00e4ftigt 100 Personen im Werk Besan\u00e7on \/ Pirey, 35 in Oyartzun (Spanien), 26 bei MIB-HYDR (hydraulische Systeme) und 8 in Pune (Indien).<\/p>\n<h2>Das Wort der Gesch\u00e4ftsleitung<\/h2>\n<p>Mein Ziel f\u00fcr Dimeco ist ein deutliches Wachstum in Hinsicht auf Innovation, Erweiterung des Vertreternetzwerks, unter anderem auch durch die Gr\u00fcndung unserer Niederlassung in Nordamerika.<br \/>\nDiese Strategie st\u00fctzt sich auf der Erh\u00f6hung der Kundenzufriedenheit. Darum steigern wir stetig die Qualit\u00e4t unserer Maschinen und Anlagen und verst\u00e4rken unseren Kundendienst.<\/p>\n<p><strong>Christine Jeanney<\/strong><\/p>\n<h2>\u00a0150 Mitarbeiter, 3 Standorte\u00a0:<\/h2>\n<div class=\"row\">\n<div class=\"grid_4\">\n<ul>\n<li>Besan\u00e7on \u2013 Frankreich 8000\u00a0m\u00b2<\/li>\n<li>Oiartzun \u2013 Spanien 5000 m\u00b2<\/li>\n<li>Pune \u2013 Indien 1000 m\u00b2<\/li>\n<\/ul>\n<\/div>\n<div class=\"grid_4\">\n<div id=\"metaslider-id-1289\" style=\"width: 100%; margin: 0 auto;\" class=\"ml-slider-3-27-7 metaslider metaslider-flex metaslider-1289 ml-slider ml-slider-lightbox-1-12-0 responsive-lightbox-gallery-2-4-1 nav-hidden\">\n    <div id=\"metaslider_container_1289\">\n        <div id=\"metaslider_1289\">\n            <ul aria-live=\"polite\" class=\"slides\">\n                <li style=\"display: block; width: 100%;\" class=\"slide-1299 ms-image\"><a href=\"https:\/\/www.dimeco.com\/wp-content\/uploads\/2015\/10\/Dimeco-LANBARREN.jpg\" target=\"_self\" rel=\"lightbox[1289]\" data-rel=\"lightbox-image-0\" data-magnific_type=\"image\" data-rl_title=\"\" data-rl_caption=\"\"><img width=\"960\" height=\"740\" src=\"https:\/\/www.dimeco.com\/wp-content\/uploads\/2015\/10\/Dimeco-LANBARREN.jpg\" class=\"slider-1289 slide-1299\" alt=\"\" loading=\"lazy\" rel=\"\" title=\"\" style=\"margin: 0 auto; width: 82.982769549934%\" srcset=\"https:\/\/www.dimeco.com\/wp-content\/uploads\/2015\/10\/Dimeco-LANBARREN.jpg 960w, https:\/\/www.dimeco.com\/wp-content\/uploads\/2015\/10\/Dimeco-LANBARREN-300x231.jpg 300w, https:\/\/www.dimeco.com\/wp-content\/uploads\/2015\/10\/Dimeco-LANBARREN-928x715.jpg 928w\" sizes=\"(max-width: 960px) 100vw, 960px\" \/><\/a><\/li>\n                <li style=\"display: none; width: 100%;\" class=\"slide-1297 ms-image\"><a href=\"https:\/\/www.dimeco.com\/wp-content\/uploads\/2015\/10\/Batiment-Dimeco-Pirey.jpg\" target=\"_self\" rel=\"lightbox[1289]\" data-rel=\"lightbox-image-1\" data-magnific_type=\"image\" data-rl_title=\"\" data-rl_caption=\"\"><img width=\"960\" height=\"545\" src=\"https:\/\/www.dimeco.com\/wp-content\/uploads\/2015\/10\/Batiment-Dimeco-Pirey.jpg\" class=\"slider-1289 slide-1297\" alt=\"\" loading=\"lazy\" rel=\"\" title=\"\" style=\"margin-top: 3.597525764037%\" srcset=\"https:\/\/www.dimeco.com\/wp-content\/uploads\/2015\/10\/Batiment-Dimeco-Pirey.jpg 960w, https:\/\/www.dimeco.com\/wp-content\/uploads\/2015\/10\/Batiment-Dimeco-Pirey-300x170.jpg 300w, https:\/\/www.dimeco.com\/wp-content\/uploads\/2015\/10\/Batiment-Dimeco-Pirey-928x527.jpg 928w\" sizes=\"(max-width: 960px) 100vw, 960px\" \/><\/a><\/li>\n                <li style=\"display: none; width: 100%;\" class=\"slide-1300 ms-image\"><a href=\"https:\/\/www.dimeco.com\/wp-content\/uploads\/2015\/10\/Locaux-Kirpekar.jpg\" target=\"_self\" rel=\"lightbox[1289]\" data-rel=\"lightbox-image-2\" data-magnific_type=\"image\" data-rl_title=\"\" data-rl_caption=\"\"><img width=\"960\" height=\"699\" src=\"https:\/\/www.dimeco.com\/wp-content\/uploads\/2015\/10\/Locaux-Kirpekar.jpg\" class=\"slider-1289 slide-1300\" alt=\"\" loading=\"lazy\" rel=\"\" title=\"\" style=\"margin: 0 auto; width: 87.850142298928%\" srcset=\"https:\/\/www.dimeco.com\/wp-content\/uploads\/2015\/10\/Locaux-Kirpekar.jpg 960w, https:\/\/www.dimeco.com\/wp-content\/uploads\/2015\/10\/Locaux-Kirpekar-300x218.jpg 300w, https:\/\/www.dimeco.com\/wp-content\/uploads\/2015\/10\/Locaux-Kirpekar-928x676.jpg 928w\" sizes=\"(max-width: 960px) 100vw, 960px\" \/><\/a><\/li>\n                <li style=\"display: none; width: 100%;\" class=\"slide-6586 ms-image\"><a href=\"https:\/\/www.dimeco.com\/wp-content\/uploads\/2018\/01\/20180104_091005.jpg\" target=\"_self\" rel=\"lightbox[1289]\" data-rel=\"lightbox-image-3\" data-magnific_type=\"image\" data-rl_title=\"\" data-rl_caption=\"\"><img width=\"1600\" height=\"960\" src=\"https:\/\/www.dimeco.com\/wp-content\/uploads\/2018\/01\/20180104_091005.jpg\" class=\"slider-1289 slide-6586\" alt=\"\" loading=\"lazy\" rel=\"\" title=\"\" style=\"margin-top: 1.9829424307036%\" srcset=\"https:\/\/www.dimeco.com\/wp-content\/uploads\/2018\/01\/20180104_091005.jpg 1600w, https:\/\/www.dimeco.com\/wp-content\/uploads\/2018\/01\/20180104_091005-300x180.jpg 300w, https:\/\/www.dimeco.com\/wp-content\/uploads\/2018\/01\/20180104_091005-768x461.jpg 768w, https:\/\/www.dimeco.com\/wp-content\/uploads\/2018\/01\/20180104_091005-1024x614.jpg 1024w, https:\/\/www.dimeco.com\/wp-content\/uploads\/2018\/01\/20180104_091005-928x557.jpg 928w\" sizes=\"(max-width: 1600px) 100vw, 1600px\" \/><\/a><\/li>\n            <\/ul>\n        <\/div>\n        \n    <\/div>\n<\/div>\n<\/div>\n<\/div>\n<div class=\"row\">\n<div class=\"grid_4\">\n<p><a href=\"http:\/\/www.dimeco.com\/wp-content\/uploads\/2015\/11\/41.jpg\" data-rel=\"lightbox-image-4\" data-magnific_type=\"image\" data-rl_title=\"\" data-rl_caption=\"\" title=\"\"><img loading=\"lazy\" class=\"alignnone size-medium wp-image-1339\" src=\"http:\/\/www.dimeco.com\/wp-content\/uploads\/2015\/11\/41-300x188.jpg\" alt=\"Dimeco Pirey photovoltaic roof\" width=\"300\" height=\"188\" srcset=\"https:\/\/www.dimeco.com\/wp-content\/uploads\/2015\/11\/41-300x188.jpg 300w, https:\/\/www.dimeco.com\/wp-content\/uploads\/2015\/11\/41-928x582.jpg 928w, https:\/\/www.dimeco.com\/wp-content\/uploads\/2015\/11\/41.jpg 960w\" sizes=\"(max-width: 300px) 100vw, 300px\" \/><\/a><\/p>\n<p>&nbsp;<\/p>\n<p>Dach-Fotovoltaik erzeugt j\u00e4hrlich 110\u00a0000 KW<\/p>\n<\/div>\n<div class=\"grid_4\">\n<p><a href=\"http:\/\/www.dimeco.com\/wp-content\/uploads\/2015\/10\/Routine2.jpg\" data-rel=\"lightbox-image-5\" data-magnific_type=\"image\" data-rl_title=\"\" data-rl_caption=\"\" title=\"\"><img loading=\"lazy\" class=\"alignnone size-medium wp-image-1295\" src=\"http:\/\/www.dimeco.com\/wp-content\/uploads\/2015\/10\/Routine2-300x188.jpg\" alt=\"Lean engineering\" width=\"300\" height=\"188\" srcset=\"https:\/\/www.dimeco.com\/wp-content\/uploads\/2015\/10\/Routine2-300x188.jpg 300w, https:\/\/www.dimeco.com\/wp-content\/uploads\/2015\/10\/Routine2-928x583.jpg 928w, https:\/\/www.dimeco.com\/wp-content\/uploads\/2015\/10\/Routine2.jpg 960w\" sizes=\"(max-width: 300px) 100vw, 300px\" \/><\/a><\/p>\n<p>&nbsp;<\/p>\n<p>Um die Qualit\u00e4t und die Effizienz zu steigern, wurde in allen Abteilungen das \u201cLean Manufacturing and Engineering\u201d Prozess eingef\u00fchrt.<br \/>\n<\/div>\n<\/div>\n<h2>Geschichte des Unternehmens<\/h2>\n<ul>\n<li>1957 \u2013 Gr\u00fcndung in Besan\u00e7on der Fa. CHANARD ET C\u00b0 mit Hauptt\u00e4tigkeit die Fertigung von Werkzeugmaschinen<\/li>\n<li>1965 \u2013 Gr\u00fcndung der Fa. DIMECO SA, Abk\u00fcrzung f\u00fcr &#8222;La DIffusion MEcanique Comtoise&#8220;.<\/li>\n<li>1967 \u2013 Gr\u00fcndung der Fa. Dimeco Alipresse : Fertigung von Bandanlagen.<\/li>\n<li>1973 &#8211; Bau des heutigen Werksgeb\u00e4udes mit einer Fl\u00e4che von 8000qm.<\/li>\n<li>1975 \u2013 Erste Beteiligung an einer internationalen Fachmesse, die EMO in Paris.<\/li>\n<li>1988 \u2013 Gr\u00fcndung von Dimeco Spanien : Diseno Mecanica Y Construccion.<\/li>\n<li>1998 \u2013 Acquisition der Fa. MIB HYDRO (Fertigung von hydraulischen Pressen).<\/li>\n<li>2004 \u2013 Gr\u00fcndung eines Vertriebsb\u00fcros in Moskau \/ Russland.<\/li>\n<li>2009 &#8211; Christine Jeanney, Tochter des Gr\u00fcnders, wird gesch\u00e4ftsf\u00fchrende Gesellschafterin.<\/li>\n<li>2011 &#8211; Joint-Venture mit DKMFS in Pune \/ Indien<\/li>\n<li>2016 \u2013 Ouverture de notre filiale US, DIMECO COIL TECHNOLOGIES Inc.<\/li>\n<\/ul>\n","protected":false},"excerpt":{"rendered":"<p>Dimeco ist ein 1957 gegr\u00fcndetes franz\u00f6sisches Unternehmen im Bereich der Maschinen f\u00fcr die Blechbearbeitung ab Coil mit Hauptsitz in Besan\u00e7on \/ Frankreich. Georges Jeanney, Gr\u00fcnder der Firma, hat fr\u00fchzeitig die Vorteile des Coils erkannt. Die Entwicklung der Blechbearbeitung ab Coilmaterial ab den 60-iger Jahre hat zum Bau eines Fertigungsgeb\u00e4udes in Besan\u00e7on, der Hauptstadt der franz\u00f6sischen [&hellip;]<\/p>\n","protected":false},"author":3,"featured_media":0,"parent":0,"menu_order":0,"comment_status":"closed","ping_status":"open","template":"page-normal.php","meta":{"extendify_custom_stylesheet":""},"acf":[],"yoast_head":"<!-- This site is optimized with the Yoast SEO plugin v19.3 - https:\/\/yoast.com\/wordpress\/plugins\/seo\/ -->\n<title>Unternehmen - Dimeco<\/title>\n<meta name=\"robots\" content=\"index, follow, max-snippet:-1, max-image-preview:large, max-video-preview:-1\" \/>\n<link rel=\"canonical\" href=\"https:\/\/www.dimeco.com\/de\/unternehmen\/\" \/>\n<meta property=\"og:locale\" content=\"de_DE\" \/>\n<meta property=\"og:type\" content=\"article\" \/>\n<meta property=\"og:title\" content=\"Unternehmen - Dimeco\" \/>\n<meta property=\"og:description\" content=\"Dimeco ist ein 1957 gegr\u00fcndetes franz\u00f6sisches Unternehmen im Bereich der Maschinen f\u00fcr die Blechbearbeitung ab Coil mit Hauptsitz in Besan\u00e7on \/ Frankreich. Georges Jeanney, Gr\u00fcnder der Firma, hat fr\u00fchzeitig die Vorteile des Coils erkannt. Die Entwicklung der Blechbearbeitung ab Coilmaterial ab den 60-iger Jahre hat zum Bau eines Fertigungsgeb\u00e4udes in Besan\u00e7on, der Hauptstadt der franz\u00f6sischen [&hellip;]\" \/>\n<meta property=\"og:url\" content=\"https:\/\/www.dimeco.com\/de\/unternehmen\/\" \/>\n<meta property=\"og:site_name\" content=\"Dimeco\" \/>\n<meta property=\"article:modified_time\" content=\"2017-03-21T15:34:25+00:00\" \/>\n<meta property=\"og:image\" content=\"http:\/\/www.dimeco.com\/wp-content\/uploads\/2015\/11\/41-300x188.jpg\" \/>\n<meta name=\"twitter:card\" content=\"summary\" \/>\n<meta name=\"twitter:label1\" content=\"Gesch\u00e4tzte Lesezeit\" \/>\n\t<meta name=\"twitter:data1\" content=\"3 Minuten\" \/>\n<script type=\"application\/ld+json\" class=\"yoast-schema-graph\">{\"@context\":\"https:\/\/schema.org\",\"@graph\":[{\"@type\":\"WebSite\",\"@id\":\"https:\/\/www.dimeco.com\/es\/#website\",\"url\":\"https:\/\/www.dimeco.com\/es\/\",\"name\":\"Dimeco\",\"description\":\"FLEXIBLE SHEET METAL PUNCHING CUTTING &amp; FORMING PROCESSES\",\"potentialAction\":[{\"@type\":\"SearchAction\",\"target\":{\"@type\":\"EntryPoint\",\"urlTemplate\":\"https:\/\/www.dimeco.com\/es\/?s={search_term_string}\"},\"query-input\":\"required name=search_term_string\"}],\"inLanguage\":\"de-DE\"},{\"@type\":\"ImageObject\",\"inLanguage\":\"de-DE\",\"@id\":\"https:\/\/www.dimeco.com\/de\/unternehmen\/#primaryimage\",\"url\":\"http:\/\/www.dimeco.com\/wp-content\/uploads\/2015\/11\/41-300x188.jpg\",\"contentUrl\":\"http:\/\/www.dimeco.com\/wp-content\/uploads\/2015\/11\/41-300x188.jpg\"},{\"@type\":\"WebPage\",\"@id\":\"https:\/\/www.dimeco.com\/de\/unternehmen\/\",\"url\":\"https:\/\/www.dimeco.com\/de\/unternehmen\/\",\"name\":\"Unternehmen - Dimeco\",\"isPartOf\":{\"@id\":\"https:\/\/www.dimeco.com\/es\/#website\"},\"primaryImageOfPage\":{\"@id\":\"https:\/\/www.dimeco.com\/de\/unternehmen\/#primaryimage\"},\"datePublished\":\"2016-07-21T13:20:16+00:00\",\"dateModified\":\"2017-03-21T15:34:25+00:00\",\"breadcrumb\":{\"@id\":\"https:\/\/www.dimeco.com\/de\/unternehmen\/#breadcrumb\"},\"inLanguage\":\"de-DE\",\"potentialAction\":[{\"@type\":\"ReadAction\",\"target\":[\"https:\/\/www.dimeco.com\/de\/unternehmen\/\"]}]},{\"@type\":\"BreadcrumbList\",\"@id\":\"https:\/\/www.dimeco.com\/de\/unternehmen\/#breadcrumb\",\"itemListElement\":[{\"@type\":\"ListItem\",\"position\":1,\"name\":\"Home\",\"item\":\"https:\/\/www.dimeco.com\/de\/\"},{\"@type\":\"ListItem\",\"position\":2,\"name\":\"Unternehmen\"}]}]}<\/script>\n<!-- \/ Yoast SEO plugin. -->","yoast_head_json":{"title":"Unternehmen - Dimeco","robots":{"index":"index","follow":"follow","max-snippet":"max-snippet:-1","max-image-preview":"max-image-preview:large","max-video-preview":"max-video-preview:-1"},"canonical":"https:\/\/www.dimeco.com\/de\/unternehmen\/","og_locale":"de_DE","og_type":"article","og_title":"Unternehmen - Dimeco","og_description":"Dimeco ist ein 1957 gegr\u00fcndetes franz\u00f6sisches Unternehmen im Bereich der Maschinen f\u00fcr die Blechbearbeitung ab Coil mit Hauptsitz in Besan\u00e7on \/ Frankreich. Georges Jeanney, Gr\u00fcnder der Firma, hat fr\u00fchzeitig die Vorteile des Coils erkannt. Die Entwicklung der Blechbearbeitung ab Coilmaterial ab den 60-iger Jahre hat zum Bau eines Fertigungsgeb\u00e4udes in Besan\u00e7on, der Hauptstadt der franz\u00f6sischen [&hellip;]","og_url":"https:\/\/www.dimeco.com\/de\/unternehmen\/","og_site_name":"Dimeco","article_modified_time":"2017-03-21T15:34:25+00:00","og_image":[{"url":"http:\/\/www.dimeco.com\/wp-content\/uploads\/2015\/11\/41-300x188.jpg"}],"twitter_card":"summary","twitter_misc":{"Gesch\u00e4tzte Lesezeit":"3 Minuten"},"schema":{"@context":"https:\/\/schema.org","@graph":[{"@type":"WebSite","@id":"https:\/\/www.dimeco.com\/es\/#website","url":"https:\/\/www.dimeco.com\/es\/","name":"Dimeco","description":"FLEXIBLE SHEET METAL PUNCHING CUTTING &amp; FORMING PROCESSES","potentialAction":[{"@type":"SearchAction","target":{"@type":"EntryPoint","urlTemplate":"https:\/\/www.dimeco.com\/es\/?s={search_term_string}"},"query-input":"required name=search_term_string"}],"inLanguage":"de-DE"},{"@type":"ImageObject","inLanguage":"de-DE","@id":"https:\/\/www.dimeco.com\/de\/unternehmen\/#primaryimage","url":"http:\/\/www.dimeco.com\/wp-content\/uploads\/2015\/11\/41-300x188.jpg","contentUrl":"http:\/\/www.dimeco.com\/wp-content\/uploads\/2015\/11\/41-300x188.jpg"},{"@type":"WebPage","@id":"https:\/\/www.dimeco.com\/de\/unternehmen\/","url":"https:\/\/www.dimeco.com\/de\/unternehmen\/","name":"Unternehmen - Dimeco","isPartOf":{"@id":"https:\/\/www.dimeco.com\/es\/#website"},"primaryImageOfPage":{"@id":"https:\/\/www.dimeco.com\/de\/unternehmen\/#primaryimage"},"datePublished":"2016-07-21T13:20:16+00:00","dateModified":"2017-03-21T15:34:25+00:00","breadcrumb":{"@id":"https:\/\/www.dimeco.com\/de\/unternehmen\/#breadcrumb"},"inLanguage":"de-DE","potentialAction":[{"@type":"ReadAction","target":["https:\/\/www.dimeco.com\/de\/unternehmen\/"]}]},{"@type":"BreadcrumbList","@id":"https:\/\/www.dimeco.com\/de\/unternehmen\/#breadcrumb","itemListElement":[{"@type":"ListItem","position":1,"name":"Home","item":"https:\/\/www.dimeco.com\/de\/"},{"@type":"ListItem","position":2,"name":"Unternehmen"}]}]}},"_links":{"self":[{"href":"https:\/\/www.dimeco.com\/de\/wp-json\/wp\/v2\/pages\/3209\/"}],"collection":[{"href":"https:\/\/www.dimeco.com\/de\/wp-json\/wp\/v2\/pages\/"}],"about":[{"href":"https:\/\/www.dimeco.com\/de\/wp-json\/wp\/v2\/types\/page\/"}],"author":[{"embeddable":true,"href":"https:\/\/www.dimeco.com\/de\/wp-json\/wp\/v2\/users\/3\/"}],"replies":[{"embeddable":true,"href":"https:\/\/www.dimeco.com\/de\/wp-json\/wp\/v2\/comments\/?post=3209"}],"version-history":[{"count":3,"href":"https:\/\/www.dimeco.com\/de\/wp-json\/wp\/v2\/pages\/3209\/revisions\/"}],"predecessor-version":[{"id":4983,"href":"https:\/\/www.dimeco.com\/de\/wp-json\/wp\/v2\/pages\/3209\/revisions\/4983\/"}],"wp:attachment":[{"href":"https:\/\/www.dimeco.com\/de\/wp-json\/wp\/v2\/media\/?parent=3209"}],"curies":[{"name":"wp","href":"https:\/\/api.w.org\/{rel}","templated":true}]}}