{"id":15525,"date":"2019-03-21T12:16:49","date_gmt":"2019-03-21T12:16:49","guid":{"rendered":"http:\/\/www.dimeco.com\/services\/"},"modified":"2025-04-16T09:15:00","modified_gmt":"2025-04-16T09:15:00","slug":"services","status":"publish","type":"page","link":"https:\/\/www.dimeco.com\/de\/services\/","title":{"rendered":"HOTLINE &#8211; KUNDENDIENST"},"content":{"rendered":"<p><strong>Ihre kundenspezifische technische Unterst\u00fctzung <\/strong><\/p>\n<ul>\n<li>KOSTENLOSE Hotline &#8211; Industrie-Support per Telefon un Email<\/li>\n<li>Unsere Experten stehen Ihnen zur Verf\u00fcgung<\/li>\n<\/ul>\n<table border=\"1\" width=\"1000\">\n<tbody>\n<tr>\n<td width=\"25%\"><strong>DIMECO<\/strong><br \/>\n<strong>Besan\u00e7on Standort<\/strong><br \/>\n2, rue du Ch\u00eane \u2013 ZI la Louvi\u00e8re<br \/>\n25480 PIREY \u2013 FRANKREICH<br \/>\n<strong>+33 3 81 48 38 18<\/strong><br \/>\n<a href=\"mailto:service@dimeco.com\"><span style=\"color: #0000ff;\">service@dimeco.com<\/span><\/a><\/p>\n<p style=\"background-color: #e20000; border: 1px solid transparent; color: white; padding: 6px 12px; text-decoration: none; display: inline-block; font-size: 16px; text-align: center; cursor: pointer; border-radius: 4px;\"><span style=\"color: #ffffff;\"><a style=\"color: #ffffff;\" href=\"https:\/\/www.dimeco.com\/aftersales-dimeco-contact-form\/\">Contact Form<\/a><\/span><\/p>\n<\/td>\n<td width=\"25%\"><strong>DIMECO<\/strong><br \/>\n<strong>Oiartzun Standort<\/strong><br \/>\nAra\u00f1aburu 4- D1B<br \/>\nPol.Ind. Lanbarren<br \/>\n20180 Oiartzun \u2013 SPANIEN<br \/>\n<strong>+34 943 639 004<\/strong><br \/>\n<a href=\"mailto:service@dimeco.es\"><span style=\"color: #0000ff;\">service@dimeco.es<\/span><\/a><\/td>\n<td width=\"25%\"><strong>DIMECO Coil Technologies, Inc.<\/strong><br \/>\n<strong>US-Filiale<\/strong><br \/>\n35 East Wacker Drive, Suite 670<br \/>\nChicago, Illinois 60659 \u2013 USA<br \/>\n<strong>+33 3 81 48 38 18<\/strong><br \/>\n<a href=\"mailto:service@dimeco.com\"><span style=\"color: #0000ff;\">service@dimeco.com<\/span><\/a><\/td>\n<td width=\"25%\"><\/td>\n<\/tr>\n<\/tbody>\n<\/table>\n<p>&nbsp;<\/p>\n<h1><span style=\"color: #e20000;\">WELTWEITE PR\u00c4SENZ<\/span><\/h1>\n<p><strong>Unsere 35 erfahrenen Techniker helfen Ihnen gerne weiter direkt auf Ihren Produktionsanlagen. <\/strong><\/p>\n<ul>\n<li>Schnelle Diagnose und Fehlerbehebung am Kundenstandort<\/li>\n<li>Techniker Einsatz unsre Fachkr\u00e4fte<\/li>\n<li>Weltweiter technischer Einsatz<\/li>\n<li>Technischer Einsatz 7 Tage in der Woche, auch an Sonn-und Feiertagen<\/li>\n<li>Teamorientierte Plannung der Eins\u00e4tze<\/li>\n<li>Bestimmung der Humanressourcen und technischen Mittel um eine Qualit\u00e4tsdiensleistungen zu erbringen<\/li>\n<\/ul>\n<p>&nbsp;<\/p>\n<h1><span style=\"color: #e20000;\">ORIGINAL-ERSATZTEILE <\/span><\/h1>\n<p><a href=\"http:\/\/www.dimeco.com\/wp-content\/uploads\/2019\/03\/945x210-bandeau-Service-MAGASIN-2.jpg\" data-rel=\"lightbox-image-0\" data-magnific_type=\"image\" data-rl_title=\"\" data-rl_caption=\"\" title=\"\"><img loading=\"lazy\" class=\"max-img alignnone wp-image-15228 size-full\" src=\"http:\/\/www.dimeco.com\/wp-content\/uploads\/2019\/03\/945x210-bandeau-Service-MAGASIN-2.jpg\" alt=\"\" width=\"945\" height=\"210\" srcset=\"https:\/\/www.dimeco.com\/wp-content\/uploads\/2019\/03\/945x210-bandeau-Service-MAGASIN-2.jpg 945w, https:\/\/www.dimeco.com\/wp-content\/uploads\/2019\/03\/945x210-bandeau-Service-MAGASIN-2-300x67.jpg 300w, https:\/\/www.dimeco.com\/wp-content\/uploads\/2019\/03\/945x210-bandeau-Service-MAGASIN-2-768x171.jpg 768w, https:\/\/www.dimeco.com\/wp-content\/uploads\/2019\/03\/945x210-bandeau-Service-MAGASIN-2-928x206.jpg 928w\" sizes=\"(max-width: 945px) 100vw, 945px\" \/><\/a><\/p>\n<p><strong>DIMECO bietet Ihnen 15000 Original-Ersatzteilreferenzen auf Lager. <\/strong><strong>Hochwertige Original-Ersatzteile verf\u00fcgbar, schnellstm\u00f6glich, wo immer Sie sind.<\/strong><\/p>\n<p>&nbsp;<\/p>\n<ul>\n<li class=\"s8\">Original-Teile<\/li>\n<li class=\"s8\">Set von Ersatzteilen f\u00fcr Notfall-Reparatur<\/li>\n<li class=\"s8\">Expresslieferung innerhalb von 24 Stunden<\/li>\n<li class=\"s8\">Internationale Expresslieferungen<\/li>\n<li class=\"s8\">Expertenberatung im Rahmen der vorbeugenden Wartung<\/li>\n<li><a href=\"mailto:service@dimeco.com\"><span style=\"color: #0000ff;\">Kontaktieren Sie uns direkt !<\/span><\/a><\/li>\n<\/ul>\n<p>&nbsp;<\/p>\n<h1><span style=\"color: #e20000;\">RETROFIT L\u00d6SUNG<\/span><\/h1>\n<p><a href=\"http:\/\/www.dimeco.com\/wp-content\/uploads\/2019\/03\/945x210-bandeau-Service-Solution-retrofit-3.jpg\" data-rel=\"lightbox-image-1\" data-magnific_type=\"image\" data-rl_title=\"\" data-rl_caption=\"\" title=\"\"><img loading=\"lazy\" class=\"max-img alignnone wp-image-15238 size-full\" src=\"http:\/\/www.dimeco.com\/wp-content\/uploads\/2019\/03\/945x210-bandeau-Service-Solution-retrofit-3.jpg\" alt=\"\" width=\"945\" height=\"210\" srcset=\"https:\/\/www.dimeco.com\/wp-content\/uploads\/2019\/03\/945x210-bandeau-Service-Solution-retrofit-3.jpg 945w, https:\/\/www.dimeco.com\/wp-content\/uploads\/2019\/03\/945x210-bandeau-Service-Solution-retrofit-3-300x67.jpg 300w, https:\/\/www.dimeco.com\/wp-content\/uploads\/2019\/03\/945x210-bandeau-Service-Solution-retrofit-3-768x171.jpg 768w, https:\/\/www.dimeco.com\/wp-content\/uploads\/2019\/03\/945x210-bandeau-Service-Solution-retrofit-3-928x206.jpg 928w\" sizes=\"(max-width: 945px) 100vw, 945px\" \/><\/a><\/p>\n<p><strong>&#8222;Die RETROFIT L\u00f6sung : die Modernisierungsl\u00f6sung&#8220; Ihrer Maschinen, um nachhaltigen Produktionsanlagen zu erzielen. <\/strong><\/p>\n<ul>\n<li class=\"s36\">Modernisierung Ihrer mechanischen Anlagen<\/li>\n<li class=\"s36\">Modernisierung Ihrer elektrischen Systeme<\/li>\n<li class=\"s36\">Modernisierung Ihrer Steueurungsysteme<\/li>\n<li class=\"s36\">Update Ihrer Programmierungs-Software und Personalisierung Ihrer Bedienerschnittstelle auf Ihre Produktionsbed\u00fcrfnisse<\/li>\n<li class=\"s36\">Anpassung an die Standards<\/li>\n<\/ul>\n<p>Die RETROFIT L\u00f6sung erm\u00f6glicht Ihnen, bestehenden Ausr\u00fcstungen und Komponenten zu behalten und tr\u00e4gt zur Nachhaltigkeit der Industrieprodukte bei.<\/p>\n<p>&nbsp;<\/p>\n<h1><span style=\"color: #e20000;\"> EXPERTISE-DIAGNOSE <\/span><\/h1>\n<p><strong><a href=\"http:\/\/www.dimeco.com\/wp-content\/uploads\/2020\/07\/Bandeau-DIAGNOSTIC-945x210-1.jpg\" data-rel=\"lightbox-image-2\" data-magnific_type=\"image\" data-rl_title=\"\" data-rl_caption=\"\" title=\"\"><img loading=\"lazy\" class=\"max-img alignnone wp-image-17312 size-full\" src=\"http:\/\/www.dimeco.com\/wp-content\/uploads\/2020\/07\/Bandeau-DIAGNOSTIC-945x210-1.jpg\" alt=\"\" width=\"945\" height=\"210\" srcset=\"https:\/\/www.dimeco.com\/wp-content\/uploads\/2020\/07\/Bandeau-DIAGNOSTIC-945x210-1.jpg 945w, https:\/\/www.dimeco.com\/wp-content\/uploads\/2020\/07\/Bandeau-DIAGNOSTIC-945x210-1-300x67.jpg 300w, https:\/\/www.dimeco.com\/wp-content\/uploads\/2020\/07\/Bandeau-DIAGNOSTIC-945x210-1-768x171.jpg 768w, https:\/\/www.dimeco.com\/wp-content\/uploads\/2020\/07\/Bandeau-DIAGNOSTIC-945x210-1-928x206.jpg 928w\" sizes=\"(max-width: 945px) 100vw, 945px\" \/><\/a><\/strong><\/p>\n<p><strong>Im heutigen internationalen Umfeld m\u00f6chten Sie die Nachhaltigkeit Ihren Produktionsmitteln gew\u00e4hrleisten? Denken Sie daran Ihrer DIMECO-Anlagen verifizieren zu lassen!<\/strong><\/p>\n<p><strong>Das DIMECO Team bewertet Ihre Anlagen. Unsere Expertenberichte schlagen notwendige Ver\u00e4nderungen und\/oder Verbesserungen vor, um Ihre DIMECO-Maschinen zu nachhaltigen. <\/strong><\/p>\n<ul>\n<li class=\"s44\">Inspektionsbesuch<\/li>\n<li>Kontrolle der Maschine und ihren Schutzvorrichtungen, damit sie immer in guten und sicheren Betriebszustand bleibt<\/li>\n<li>Funktionstest<\/li>\n<li>Pr\u00fcfung der Verschleissteilen und Empfehlungen der m\u00f6glichen auszutauschenden Teile<\/li>\n<li>Pr\u00fcfung der elektrischen\/elektromechanischen Komponenten<\/li>\n<li>Erstellung eines Inspektionsberichts<\/li>\n<li>Erstellung eines genauen Angebotes<\/li>\n<li>Planung eines Eingriffs<\/li>\n<li>Sie ben\u00f6tigen eine Diagnose von experten : <a style=\"color: #0000ff;\" href=\"mailto:contact@dimeco.com\">Kontaktieren Sie uns direkt !<\/a><\/li>\n<\/ul>\n<p>&nbsp;<\/p>\n<h1><span style=\"color: #e20000;\">TELESERVICE<\/span><\/h1>\n<p><a href=\"http:\/\/www.dimeco.com\/wp-content\/uploads\/2019\/03\/945x210-bandeau-Service-MAINYTENANCE-4.jpg\" data-rel=\"lightbox-image-3\" data-magnific_type=\"image\" data-rl_title=\"\" data-rl_caption=\"\" title=\"\"><img loading=\"lazy\" class=\"max-img alignnone wp-image-15233 size-full\" src=\"http:\/\/www.dimeco.com\/wp-content\/uploads\/2019\/03\/945x210-bandeau-Service-MAINYTENANCE-4.jpg\" alt=\"\" width=\"945\" height=\"210\" srcset=\"https:\/\/www.dimeco.com\/wp-content\/uploads\/2019\/03\/945x210-bandeau-Service-MAINYTENANCE-4.jpg 945w, https:\/\/www.dimeco.com\/wp-content\/uploads\/2019\/03\/945x210-bandeau-Service-MAINYTENANCE-4-300x67.jpg 300w, https:\/\/www.dimeco.com\/wp-content\/uploads\/2019\/03\/945x210-bandeau-Service-MAINYTENANCE-4-768x171.jpg 768w, https:\/\/www.dimeco.com\/wp-content\/uploads\/2019\/03\/945x210-bandeau-Service-MAINYTENANCE-4-928x206.jpg 928w\" sizes=\"(max-width: 945px) 100vw, 945px\" \/><\/a><\/p>\n<p><strong>Die TELESERVICE L\u00f6sung erlaubt eine zeitsparende Ferndiagnose. <\/strong><\/p>\n<ul>\n<li class=\"s44\">Fernsteuerung des Terminals \u00fcber eine VPN-Verbindung<\/li>\n<li class=\"s44\">Schnelle Probleml\u00f6sung<\/li>\n<\/ul>\n<p>&nbsp;<\/p>\n<h1><span style=\"color: #e20000;\">AUSBILDUNG<\/span><\/h1>\n<p><a href=\"http:\/\/www.dimeco.com\/wp-content\/uploads\/2019\/03\/945x210-bandeau-Service-FORMATION-5.jpg\" data-rel=\"lightbox-image-4\" data-magnific_type=\"image\" data-rl_title=\"\" data-rl_caption=\"\" title=\"\"><img loading=\"lazy\" class=\"max-img alignnone wp-image-15223 size-full\" src=\"http:\/\/www.dimeco.com\/wp-content\/uploads\/2019\/03\/945x210-bandeau-Service-FORMATION-5.jpg\" alt=\"\" width=\"945\" height=\"210\" srcset=\"https:\/\/www.dimeco.com\/wp-content\/uploads\/2019\/03\/945x210-bandeau-Service-FORMATION-5.jpg 945w, https:\/\/www.dimeco.com\/wp-content\/uploads\/2019\/03\/945x210-bandeau-Service-FORMATION-5-300x67.jpg 300w, https:\/\/www.dimeco.com\/wp-content\/uploads\/2019\/03\/945x210-bandeau-Service-FORMATION-5-768x171.jpg 768w, https:\/\/www.dimeco.com\/wp-content\/uploads\/2019\/03\/945x210-bandeau-Service-FORMATION-5-928x206.jpg 928w\" sizes=\"(max-width: 945px) 100vw, 945px\" \/><\/a><\/p>\n<p><strong>Das DIMECO Ausbildungszentrum bietet Ihnen technischen Kompetenzen, um die Ihre zu erweitern und somit Ihre Produktion zu optimieren. <\/strong><\/p>\n<ul>\n<li>Thematisches und ma\u00dfschneidertest Training ( Richten-Praxis, Richten-Engineering, CNC-Programmierung, Anlagerfahrer der Fertigungslinie, Wartung\u2026)<\/li>\n<li>Pr\u00e4senzschulung, auf der Maschinen und auf der Produktionslinien<\/li>\n<li>Ausbildung bei DIMECO , am Kundenstandort oder Fernunterricht<\/li>\n<li>Kollektive oder individuelle Ausbildungen<\/li>\n<li>Zertifizierte Ausbildung<\/li>\n<li>Erfahrene Ausbildungstrainers<\/li>\n<li>Ausbildungspl\u00e4ne auf Anfrage\u00a0: <span style=\"color: #0000ff;\"><a style=\"color: #0000ff;\" href=\"mailto:contact@dimeco.com\">Kontaktieren Sie uns direkt\u00a0!<\/a><\/span><\/li>\n<\/ul>\n<p>&nbsp;<\/p>\n","protected":false},"excerpt":{"rendered":"<p>Ihre kundenspezifische technische Unterst\u00fctzung KOSTENLOSE Hotline &#8211; Industrie-Support per Telefon un Email Unsere Experten stehen Ihnen zur Verf\u00fcgung DIMECO Besan\u00e7on Standort 2, rue du Ch\u00eane \u2013 ZI la Louvi\u00e8re 25480 PIREY \u2013 FRANKREICH +33 3 81 48 38 18 service@dimeco.com Contact Form DIMECO Oiartzun Standort Ara\u00f1aburu 4- D1B Pol.Ind. Lanbarren 20180 Oiartzun \u2013 SPANIEN +34 [&hellip;]<\/p>\n","protected":false},"author":5,"featured_media":0,"parent":0,"menu_order":0,"comment_status":"closed","ping_status":"closed","template":"page-normal.php","meta":{"extendify_custom_stylesheet":""},"acf":[],"yoast_head":"<!-- This site is optimized with the Yoast SEO plugin v19.3 - https:\/\/yoast.com\/wordpress\/plugins\/seo\/ -->\n<title>HOTLINE - KUNDENDIENST - Dimeco<\/title>\n<meta name=\"robots\" content=\"index, follow, max-snippet:-1, max-image-preview:large, max-video-preview:-1\" \/>\n<link rel=\"canonical\" href=\"https:\/\/www.dimeco.com\/de\/services\/\" \/>\n<meta property=\"og:locale\" content=\"de_DE\" \/>\n<meta property=\"og:type\" content=\"article\" \/>\n<meta property=\"og:title\" content=\"HOTLINE - KUNDENDIENST - Dimeco\" \/>\n<meta property=\"og:description\" content=\"Ihre kundenspezifische technische Unterst\u00fctzung KOSTENLOSE Hotline &#8211; Industrie-Support per Telefon un Email Unsere Experten stehen Ihnen zur Verf\u00fcgung DIMECO Besan\u00e7on Standort 2, rue du Ch\u00eane \u2013 ZI la Louvi\u00e8re 25480 PIREY \u2013 FRANKREICH +33 3 81 48 38 18 service@dimeco.com Contact Form DIMECO Oiartzun Standort Ara\u00f1aburu 4- D1B Pol.Ind. Lanbarren 20180 Oiartzun \u2013 SPANIEN +34 [&hellip;]\" \/>\n<meta property=\"og:url\" content=\"https:\/\/www.dimeco.com\/de\/services\/\" \/>\n<meta property=\"og:site_name\" content=\"Dimeco\" \/>\n<meta property=\"article:modified_time\" content=\"2025-04-16T09:15:00+00:00\" \/>\n<meta property=\"og:image\" content=\"http:\/\/www.dimeco.com\/wp-content\/uploads\/2019\/03\/945x210-bandeau-Service-MAGASIN-2.jpg\" \/>\n<meta name=\"twitter:card\" content=\"summary\" \/>\n<meta name=\"twitter:label1\" content=\"Gesch\u00e4tzte Lesezeit\" \/>\n\t<meta name=\"twitter:data1\" content=\"3 Minuten\" \/>\n<script type=\"application\/ld+json\" class=\"yoast-schema-graph\">{\"@context\":\"https:\/\/schema.org\",\"@graph\":[{\"@type\":\"WebSite\",\"@id\":\"https:\/\/www.dimeco.com\/es\/#website\",\"url\":\"https:\/\/www.dimeco.com\/es\/\",\"name\":\"Dimeco\",\"description\":\"FLEXIBLE SHEET METAL PUNCHING CUTTING &amp; FORMING PROCESSES\",\"potentialAction\":[{\"@type\":\"SearchAction\",\"target\":{\"@type\":\"EntryPoint\",\"urlTemplate\":\"https:\/\/www.dimeco.com\/es\/?s={search_term_string}\"},\"query-input\":\"required name=search_term_string\"}],\"inLanguage\":\"de-DE\"},{\"@type\":\"ImageObject\",\"inLanguage\":\"de-DE\",\"@id\":\"https:\/\/www.dimeco.com\/de\/services\/#primaryimage\",\"url\":\"http:\/\/www.dimeco.com\/wp-content\/uploads\/2019\/03\/945x210-bandeau-Service-MAGASIN-2.jpg\",\"contentUrl\":\"http:\/\/www.dimeco.com\/wp-content\/uploads\/2019\/03\/945x210-bandeau-Service-MAGASIN-2.jpg\"},{\"@type\":\"WebPage\",\"@id\":\"https:\/\/www.dimeco.com\/de\/services\/\",\"url\":\"https:\/\/www.dimeco.com\/de\/services\/\",\"name\":\"HOTLINE - KUNDENDIENST - Dimeco\",\"isPartOf\":{\"@id\":\"https:\/\/www.dimeco.com\/es\/#website\"},\"primaryImageOfPage\":{\"@id\":\"https:\/\/www.dimeco.com\/de\/services\/#primaryimage\"},\"datePublished\":\"2019-03-21T12:16:49+00:00\",\"dateModified\":\"2025-04-16T09:15:00+00:00\",\"breadcrumb\":{\"@id\":\"https:\/\/www.dimeco.com\/de\/services\/#breadcrumb\"},\"inLanguage\":\"de-DE\",\"potentialAction\":[{\"@type\":\"ReadAction\",\"target\":[\"https:\/\/www.dimeco.com\/de\/services\/\"]}]},{\"@type\":\"BreadcrumbList\",\"@id\":\"https:\/\/www.dimeco.com\/de\/services\/#breadcrumb\",\"itemListElement\":[{\"@type\":\"ListItem\",\"position\":1,\"name\":\"Home\",\"item\":\"https:\/\/www.dimeco.com\/de\/\"},{\"@type\":\"ListItem\",\"position\":2,\"name\":\"HOTLINE &#8211; KUNDENDIENST\"}]}]}<\/script>\n<!-- \/ Yoast SEO plugin. -->","yoast_head_json":{"title":"HOTLINE - KUNDENDIENST - Dimeco","robots":{"index":"index","follow":"follow","max-snippet":"max-snippet:-1","max-image-preview":"max-image-preview:large","max-video-preview":"max-video-preview:-1"},"canonical":"https:\/\/www.dimeco.com\/de\/services\/","og_locale":"de_DE","og_type":"article","og_title":"HOTLINE - KUNDENDIENST - Dimeco","og_description":"Ihre kundenspezifische technische Unterst\u00fctzung KOSTENLOSE Hotline &#8211; Industrie-Support per Telefon un Email Unsere Experten stehen Ihnen zur Verf\u00fcgung DIMECO Besan\u00e7on Standort 2, rue du Ch\u00eane \u2013 ZI la Louvi\u00e8re 25480 PIREY \u2013 FRANKREICH +33 3 81 48 38 18 service@dimeco.com Contact Form DIMECO Oiartzun Standort Ara\u00f1aburu 4- D1B Pol.Ind. Lanbarren 20180 Oiartzun \u2013 SPANIEN +34 [&hellip;]","og_url":"https:\/\/www.dimeco.com\/de\/services\/","og_site_name":"Dimeco","article_modified_time":"2025-04-16T09:15:00+00:00","og_image":[{"url":"http:\/\/www.dimeco.com\/wp-content\/uploads\/2019\/03\/945x210-bandeau-Service-MAGASIN-2.jpg"}],"twitter_card":"summary","twitter_misc":{"Gesch\u00e4tzte Lesezeit":"3 Minuten"},"schema":{"@context":"https:\/\/schema.org","@graph":[{"@type":"WebSite","@id":"https:\/\/www.dimeco.com\/es\/#website","url":"https:\/\/www.dimeco.com\/es\/","name":"Dimeco","description":"FLEXIBLE SHEET METAL PUNCHING CUTTING &amp; FORMING PROCESSES","potentialAction":[{"@type":"SearchAction","target":{"@type":"EntryPoint","urlTemplate":"https:\/\/www.dimeco.com\/es\/?s={search_term_string}"},"query-input":"required name=search_term_string"}],"inLanguage":"de-DE"},{"@type":"ImageObject","inLanguage":"de-DE","@id":"https:\/\/www.dimeco.com\/de\/services\/#primaryimage","url":"http:\/\/www.dimeco.com\/wp-content\/uploads\/2019\/03\/945x210-bandeau-Service-MAGASIN-2.jpg","contentUrl":"http:\/\/www.dimeco.com\/wp-content\/uploads\/2019\/03\/945x210-bandeau-Service-MAGASIN-2.jpg"},{"@type":"WebPage","@id":"https:\/\/www.dimeco.com\/de\/services\/","url":"https:\/\/www.dimeco.com\/de\/services\/","name":"HOTLINE - KUNDENDIENST - Dimeco","isPartOf":{"@id":"https:\/\/www.dimeco.com\/es\/#website"},"primaryImageOfPage":{"@id":"https:\/\/www.dimeco.com\/de\/services\/#primaryimage"},"datePublished":"2019-03-21T12:16:49+00:00","dateModified":"2025-04-16T09:15:00+00:00","breadcrumb":{"@id":"https:\/\/www.dimeco.com\/de\/services\/#breadcrumb"},"inLanguage":"de-DE","potentialAction":[{"@type":"ReadAction","target":["https:\/\/www.dimeco.com\/de\/services\/"]}]},{"@type":"BreadcrumbList","@id":"https:\/\/www.dimeco.com\/de\/services\/#breadcrumb","itemListElement":[{"@type":"ListItem","position":1,"name":"Home","item":"https:\/\/www.dimeco.com\/de\/"},{"@type":"ListItem","position":2,"name":"HOTLINE &#8211; KUNDENDIENST"}]}]}},"_links":{"self":[{"href":"https:\/\/www.dimeco.com\/de\/wp-json\/wp\/v2\/pages\/15525\/"}],"collection":[{"href":"https:\/\/www.dimeco.com\/de\/wp-json\/wp\/v2\/pages\/"}],"about":[{"href":"https:\/\/www.dimeco.com\/de\/wp-json\/wp\/v2\/types\/page\/"}],"author":[{"embeddable":true,"href":"https:\/\/www.dimeco.com\/de\/wp-json\/wp\/v2\/users\/5\/"}],"replies":[{"embeddable":true,"href":"https:\/\/www.dimeco.com\/de\/wp-json\/wp\/v2\/comments\/?post=15525"}],"version-history":[{"count":4,"href":"https:\/\/www.dimeco.com\/de\/wp-json\/wp\/v2\/pages\/15525\/revisions\/"}],"predecessor-version":[{"id":23896,"href":"https:\/\/www.dimeco.com\/de\/wp-json\/wp\/v2\/pages\/15525\/revisions\/23896\/"}],"wp:attachment":[{"href":"https:\/\/www.dimeco.com\/de\/wp-json\/wp\/v2\/media\/?parent=15525"}],"curies":[{"name":"wp","href":"https:\/\/api.w.org\/{rel}","templated":true}]}}